{"id":1540,"date":"2023-06-20T09:58:58","date_gmt":"2023-06-20T07:58:58","guid":{"rendered":"https:\/\/agora.xtec.cat\/ceipjoaquimruyra\/?page_id=1540"},"modified":"2023-06-20T09:58:58","modified_gmt":"2023-06-20T07:58:58","slug":"programa-tecnics-dintegracio-social-i-educadors-socials","status":"publish","type":"page","link":"https:\/\/agora.xtec.cat\/ceipjoaquimruyra\/programa-tecnics-dintegracio-social-i-educadors-socials\/","title":{"rendered":"Programa T\u00e8cnics d\u2019integraci\u00f3 social i educadors socials"},"content":{"rendered":"<p>El nostre centre \u00a0disposa de professionals d\u2019atenci\u00f3 educativa amb la finalitat de garantir l\u2019equitat en l\u2019acc\u00e9s a l\u2019educaci\u00f3: T\u00e8cnic d\u2019integraci\u00f3 social<em>\/(i Educador Social si s\u2019escau<\/em>).<\/p>\n<p>La contractaci\u00f3 d\u2019aquests professionals est\u00e0 cofinan\u00e7at en un 40% per la Uni\u00f3 Europea i la resta pel Departament d\u2019Educaci\u00f3 aix\u00f2 comporta el compliment d\u2019unes mesures de publicitat i comunicaci\u00f3.<\/p>\n<p>La incorporaci\u00f3 de t\u00e8cnics d\u2019integraci\u00f3 social i educador socials<strong>\u00a0t\u00e9 com a objecte<\/strong>\u00a0suplementar amb professionals d&#8217;atenci\u00f3 educativa l&#8217;activitat que es presta en els centres docents<span style=\"text-decoration: line-through;\">,<\/span>\u00a0amb la finalitat de garantir l&#8217;equitat en l&#8217;acc\u00e9s a l\u2019educaci\u00f3.<\/p>\n<p>Els objectius del <strong>Programa de t\u00e8cnics d\u2019integraci\u00f3 social i els educadors socials<\/strong>\u00a0<strong>cofinan\u00e7at per la Uni\u00f3 Europea<\/strong>\u00a0s\u00f3n:<\/p>\n<p>&#8211;\u00a0\u00a0\u00a0\u00a0\u00a0\u00a0\u00a0\u00a0\u00a0\u00a0Prevenir l\u2019abandonament prematur i el frac\u00e0s escolar Procurar el benestar emocional dels alumnes<\/p>\n<p>&#8211;\u00a0\u00a0\u00a0\u00a0\u00a0\u00a0\u00a0\u00a0\u00a0\u00a0Facilitar una bona conviv\u00e8ncia en els centres educatius.<\/p>\n<p>&#8211;\u00a0\u00a0\u00a0\u00a0\u00a0\u00a0\u00a0\u00a0\u00a0\u00a0Contribuir a l\u2019orientaci\u00f3 dels alumnes<\/p>\n<p>&#8211;\u00a0\u00a0\u00a0\u00a0\u00a0\u00a0\u00a0\u00a0\u00a0\u00a0Fomentar la implicaci\u00f3 de les fam\u00edlies<\/p>\n<p>&#8211;\u00a0\u00a0\u00a0\u00a0\u00a0\u00a0\u00a0\u00a0\u00a0\u00a0Fomentar el vincle entre l\u2019escola i el seu entorn.<\/p>\n<p>&#8211;\u00a0\u00a0\u00a0\u00a0\u00a0\u00a0\u00a0\u00a0\u00a0\u00a0Contribuir al desenvolupament de plans d\u2019\u00e0mbit comunitari.<\/p>\n<p>&nbsp;<\/p>\n","protected":false},"excerpt":{"rendered":"<p>El nostre centre \u00a0disposa de professionals d\u2019atenci\u00f3 educativa amb la finalitat de garantir l\u2019equitat en l\u2019acc\u00e9s a l\u2019educaci\u00f3: T\u00e8cnic d\u2019integraci\u00f3 social\/(i Educador Social si s\u2019escau). La contractaci\u00f3 d\u2019aquests professionals est\u00e0 cofinan\u00e7at en un 40% per la Uni\u00f3 Europea i la resta pel Departament d\u2019Educaci\u00f3 aix\u00f2 comporta el compliment d\u2019unes mesures de publicitat i comunicaci\u00f3. La [&hellip;]<\/p>\n","protected":false},"author":1,"featured_media":0,"parent":0,"menu_order":0,"comment_status":"closed","ping_status":"closed","template":"","meta":{"_bbp_topic_count":0,"_bbp_reply_count":0,"_bbp_total_topic_count":0,"_bbp_total_reply_count":0,"_bbp_voice_count":0,"_bbp_anonymous_reply_count":0,"_bbp_topic_count_hidden":0,"_bbp_reply_count_hidden":0,"_bbp_forum_subforum_count":0,"site-sidebar-layout":"default","site-content-layout":"","ast-site-content-layout":"","site-content-style":"default","site-sidebar-style":"default","ast-global-header-display":"","ast-banner-title-visibility":"","ast-main-header-display":"","ast-hfb-above-header-display":"","ast-hfb-below-header-display":"","ast-hfb-mobile-header-display":"","site-post-title":"","ast-breadcrumbs-content":"","ast-featured-img":"","footer-sml-layout":"","theme-transparent-header-meta":"","adv-header-id-meta":"","stick-header-meta":"","header-above-stick-meta":"","header-main-stick-meta":"","header-below-stick-meta":"","astra-migrate-meta-layouts":"default","ast-page-background-enabled":"default","ast-page-background-meta":{"desktop":{"background-color":"var(--ast-global-color-4)","background-image":"","background-repeat":"repeat","background-position":"center center","background-size":"auto","background-attachment":"scroll","background-type":"","background-media":"","overlay-type":"","overlay-color":"","overlay-opacity":"","overlay-gradient":""},"tablet":{"background-color":"","background-image":"","background-repeat":"repeat","background-position":"center center","background-size":"auto","background-attachment":"scroll","background-type":"","background-media":"","overlay-type":"","overlay-color":"","overlay-opacity":"","overlay-gradient":""},"mobile":{"background-color":"","background-image":"","background-repeat":"repeat","background-position":"center center","background-size":"auto","background-attachment":"scroll","background-type":"","background-media":"","overlay-type":"","overlay-color":"","overlay-opacity":"","overlay-gradient":""}},"ast-content-background-meta":{"desktop":{"background-color":"var(--ast-global-color-5)","background-image":"","background-repeat":"repeat","background-position":"center center","background-size":"auto","background-attachment":"scroll","background-type":"","background-media":"","overlay-type":"","overlay-color":"","overlay-opacity":"","overlay-gradient":""},"tablet":{"background-color":"var(--ast-global-color-5)","background-image":"","background-repeat":"repeat","background-position":"center center","background-size":"auto","background-attachment":"scroll","background-type":"","background-media":"","overlay-type":"","overlay-color":"","overlay-opacity":"","overlay-gradient":""},"mobile":{"background-color":"var(--ast-global-color-5)","background-image":"","background-repeat":"repeat","background-position":"center center","background-size":"auto","background-attachment":"scroll","background-type":"","background-media":"","overlay-type":"","overlay-color":"","overlay-opacity":"","overlay-gradient":""}},"footnotes":""},"class_list":["post-1540","page","type-page","status-publish","hentry"],"post_mailing_queue_ids":[],"_links":{"self":[{"href":"https:\/\/agora.xtec.cat\/ceipjoaquimruyra\/wp-json\/wp\/v2\/pages\/1540","targetHints":{"allow":["GET"]}}],"collection":[{"href":"https:\/\/agora.xtec.cat\/ceipjoaquimruyra\/wp-json\/wp\/v2\/pages"}],"about":[{"href":"https:\/\/agora.xtec.cat\/ceipjoaquimruyra\/wp-json\/wp\/v2\/types\/page"}],"author":[{"embeddable":true,"href":"https:\/\/agora.xtec.cat\/ceipjoaquimruyra\/wp-json\/wp\/v2\/users\/1"}],"replies":[{"embeddable":true,"href":"https:\/\/agora.xtec.cat\/ceipjoaquimruyra\/wp-json\/wp\/v2\/comments?post=1540"}],"version-history":[{"count":1,"href":"https:\/\/agora.xtec.cat\/ceipjoaquimruyra\/wp-json\/wp\/v2\/pages\/1540\/revisions"}],"predecessor-version":[{"id":1543,"href":"https:\/\/agora.xtec.cat\/ceipjoaquimruyra\/wp-json\/wp\/v2\/pages\/1540\/revisions\/1543"}],"wp:attachment":[{"href":"https:\/\/agora.xtec.cat\/ceipjoaquimruyra\/wp-json\/wp\/v2\/media?parent=1540"}],"curies":[{"name":"wp","href":"https:\/\/api.w.org\/{rel}","templated":true}]}}