{"id":1336,"date":"2023-01-10T09:13:00","date_gmt":"2023-01-10T08:13:00","guid":{"rendered":"https:\/\/agora.xtec.cat\/ceipjoaquimruyra\/?page_id=1336"},"modified":"2026-04-27T09:56:37","modified_gmt":"2026-04-27T07:56:37","slug":"inici","status":"publish","type":"page","link":"https:\/\/agora.xtec.cat\/ceipjoaquimruyra\/","title":{"rendered":""},"content":{"rendered":"\n<figure class=\"wp-block-image aligncenter size-large is-resized\"><a href=\"https:\/\/agora.xtec.cat\/ceipjoaquimruyra\/wp-content\/uploads\/usu2918\/2025\/09\/Presentacion-Diseno-de-Interiores-Profesional-Moderna-Minimalista-Blanco-y-Negro-2.jpg\"><img loading=\"lazy\" decoding=\"async\" width=\"1024\" height=\"399\" src=\"https:\/\/agora.xtec.cat\/ceipjoaquimruyra\/wp-content\/uploads\/usu2918\/2025\/09\/Presentacion-Diseno-de-Interiores-Profesional-Moderna-Minimalista-Blanco-y-Negro-2-1024x399.jpg\" alt=\"\" class=\"wp-image-4014\" style=\"width:854px;height:auto\" srcset=\"https:\/\/agora.xtec.cat\/ceipjoaquimruyra\/wp-content\/uploads\/usu2918\/2025\/09\/Presentacion-Diseno-de-Interiores-Profesional-Moderna-Minimalista-Blanco-y-Negro-2-1024x399.jpg 1024w, https:\/\/agora.xtec.cat\/ceipjoaquimruyra\/wp-content\/uploads\/usu2918\/2025\/09\/Presentacion-Diseno-de-Interiores-Profesional-Moderna-Minimalista-Blanco-y-Negro-2-300x117.jpg 300w, https:\/\/agora.xtec.cat\/ceipjoaquimruyra\/wp-content\/uploads\/usu2918\/2025\/09\/Presentacion-Diseno-de-Interiores-Profesional-Moderna-Minimalista-Blanco-y-Negro-2-768x299.jpg 768w, https:\/\/agora.xtec.cat\/ceipjoaquimruyra\/wp-content\/uploads\/usu2918\/2025\/09\/Presentacion-Diseno-de-Interiores-Profesional-Moderna-Minimalista-Blanco-y-Negro-2-1536x599.jpg 1536w, https:\/\/agora.xtec.cat\/ceipjoaquimruyra\/wp-content\/uploads\/usu2918\/2025\/09\/Presentacion-Diseno-de-Interiores-Profesional-Moderna-Minimalista-Blanco-y-Negro-2.jpg 1917w\" sizes=\"auto, (max-width: 1024px) 100vw, 1024px\" \/><\/a><\/figure>\n\n\n\n<p class=\"has-text-align-center\"><strong>FES LA PREINSCRIPCI\u00d3 A L\u2019ESCOLA JOAQUIM RUYRA!<\/strong>&nbsp;\ud83d\udcda\ud83c\udfeb<\/p>\n\n\n\n<p class=\"has-text-align-center\">Ja podeu fer la&nbsp;<strong>preinscripci\u00f3<\/strong>&nbsp;per a Infantil i Prim\u00e0ria a #SomRuyra. Us acompanyarem en tot el proc\u00e9s per facilitar-vos els tr\u00e0mits. Podeu demanar cita pr\u00e8via i us ajudarem en tot el que faci falta.<\/p>\n\n\n\n<p>\ud83d\udccc&nbsp;<strong>Codi de centre:<\/strong>&nbsp;A8002927<\/p>\n\n\n\n<p>\ud83c\udfeb <strong>Reuni\u00f3 informativa sobre la preinscripci\u00f3:<\/strong> 9 de febrer ales 17h a l&#8217;Auditori de Sant Mart\u00ed.<\/p>\n\n\n\n<p><strong>VINE A LES PORTES OBERTES DE L\u2019ESCOLA!<\/strong>&nbsp;\ud83c\udfeb\u2728<\/p>\n\n\n\n<p>Benvolgudes fam\u00edlies,<\/p>\n\n\n\n<p>Us convidem a les&nbsp;<strong>portes obertes<\/strong>&nbsp;de la nostra escola, que tindran lloc els dies&nbsp;<strong>25 i 26 de febrer<\/strong>. Ser\u00e0 una oportunitat \u00fanica per con\u00e8ixer d\u2019aprop el nostre projecte educatiu, les instal\u00b7lacions i l\u2019ambient on els vostres fills i filles aprendran i creixeran.<\/p>\n\n\n\n<p>A m\u00e9s, us ajudarem en tot el proc\u00e9s de&nbsp;<strong>preinscripci\u00f3 per a Infantil i Prim\u00e0ria<\/strong>, resolent els vostres dubtes i guiant-vos pas a pas.<\/p>\n\n\n\n<p>\ud83d\udcc5&nbsp;<strong>Quan?<\/strong>&nbsp;25 i 26 de febrer  de <strong>15 a 16h de la tarda<\/strong><br>\ud83d\udccd&nbsp;<strong>On?<\/strong>&nbsp;C\/Llull, 377, 08019 (Barcelona)<\/p>\n\n\n\n<p>Per facilitar l\u2019atenci\u00f3 personalitzada, podeu&nbsp;<strong>demanar cita pr\u00e8via<\/strong>. Us hi esperem amb molta il\u00b7lusi\u00f3! \ud83d\ude0a<\/p>\n\n\n\n<p>\ud83d\udcde 933 07 14 58<\/p>\n\n\n\n<p>\ud83d\udce7 administracio@escolajoaquimruyra.com<\/p>\n\n\n\n<div class=\"wp-block-file alignfull\" style=\"border-style:none;border-width:0px;border-radius:0px;margin-top:0;margin-right:var(--wp--preset--spacing--50);margin-bottom:0;margin-left:var(--wp--preset--spacing--50);padding-top:0;padding-right:var(--wp--preset--spacing--80);padding-bottom:0;padding-left:var(--wp--preset--spacing--80)\"><a href=\"https:\/\/agora.xtec.cat\/ceipjoaquimruyra\/wp-content\/uploads\/usu2918\/2026\/04\/INFORME_BAREM_PROVISIONAL_BAREM.pdf\" class=\"wp-block-file__button wp-element-button\" download>Informe barem provisional<\/a><\/div>\n\n\n\n<div class=\"wp-block-buttons is-layout-flex wp-block-buttons-is-layout-flex\">\n<div class=\"wp-block-button\"><a class=\"wp-block-button__link wp-element-button\" href=\"https:\/\/www.edubcn.cat\/ca\/alumnat_i_familia\/informacio_general_matriculacio\/preinscripcio_info\">Preinscripci\u00f3 curs 2026-2027<\/a><\/div>\n<\/div>\n\n\n\n<p><\/p>\n","protected":false},"excerpt":{"rendered":"<p>FES LA PREINSCRIPCI\u00d3 A L\u2019ESCOLA JOAQUIM RUYRA!&nbsp;\ud83d\udcda\ud83c\udfeb Ja podeu fer la&nbsp;preinscripci\u00f3&nbsp;per a Infantil i Prim\u00e0ria a #SomRuyra. Us acompanyarem en tot el proc\u00e9s per facilitar-vos els tr\u00e0mits. Podeu demanar cita pr\u00e8via i us ajudarem en tot el que faci falta. \ud83d\udccc&nbsp;Codi de centre:&nbsp;A8002927 \ud83c\udfeb Reuni\u00f3 informativa sobre la preinscripci\u00f3: 9 de febrer ales 17h a [&hellip;]<\/p>\n","protected":false},"author":1,"featured_media":2589,"parent":0,"menu_order":1,"comment_status":"closed","ping_status":"close","template":"","meta":{"_bbp_topic_count":0,"_bbp_reply_count":0,"_bbp_total_topic_count":0,"_bbp_total_reply_count":0,"_bbp_voice_count":0,"_bbp_anonymous_reply_count":0,"_bbp_topic_count_hidden":0,"_bbp_reply_count_hidden":0,"_bbp_forum_subforum_count":0,"site-sidebar-layout":"default","site-content-layout":"","ast-site-content-layout":"default","site-content-style":"default","site-sidebar-style":"default","ast-global-header-display":"","ast-banner-title-visibility":"","ast-main-header-display":"","ast-hfb-above-header-display":"","ast-hfb-below-header-display":"","ast-hfb-mobile-header-display":"","site-post-title":"","ast-breadcrumbs-content":"","ast-featured-img":"","footer-sml-layout":"","theme-transparent-header-meta":"","adv-header-id-meta":"","stick-header-meta":"","header-above-stick-meta":"","header-main-stick-meta":"","header-below-stick-meta":"","astra-migrate-meta-layouts":"set","ast-page-background-enabled":"default","ast-page-background-meta":{"desktop":{"background-color":"var(--ast-global-color-4)","background-image":"","background-repeat":"repeat","background-position":"center center","background-size":"auto","background-attachment":"scroll","background-type":"","background-media":"","overlay-type":"","overlay-color":"","overlay-opacity":"","overlay-gradient":""},"tablet":{"background-color":"","background-image":"","background-repeat":"repeat","background-position":"center center","background-size":"auto","background-attachment":"scroll","background-type":"","background-media":"","overlay-type":"","overlay-color":"","overlay-opacity":"","overlay-gradient":""},"mobile":{"background-color":"","background-image":"","background-repeat":"repeat","background-position":"center center","background-size":"auto","background-attachment":"scroll","background-type":"","background-media":"","overlay-type":"","overlay-color":"","overlay-opacity":"","overlay-gradient":""}},"ast-content-background-meta":{"desktop":{"background-color":"var(--ast-global-color-5)","background-image":"","background-repeat":"repeat","background-position":"center center","background-size":"auto","background-attachment":"scroll","background-type":"","background-media":"","overlay-type":"","overlay-color":"","overlay-opacity":"","overlay-gradient":""},"tablet":{"background-color":"var(--ast-global-color-5)","background-image":"","background-repeat":"repeat","background-position":"center center","background-size":"auto","background-attachment":"scroll","background-type":"","background-media":"","overlay-type":"","overlay-color":"","overlay-opacity":"","overlay-gradient":""},"mobile":{"background-color":"var(--ast-global-color-5)","background-image":"","background-repeat":"repeat","background-position":"center center","background-size":"auto","background-attachment":"scroll","background-type":"","background-media":"","overlay-type":"","overlay-color":"","overlay-opacity":"","overlay-gradient":""}},"footnotes":""},"class_list":["post-1336","page","type-page","status-publish","has-post-thumbnail","hentry"],"post_mailing_queue_ids":[],"_links":{"self":[{"href":"https:\/\/agora.xtec.cat\/ceipjoaquimruyra\/wp-json\/wp\/v2\/pages\/1336","targetHints":{"allow":["GET"]}}],"collection":[{"href":"https:\/\/agora.xtec.cat\/ceipjoaquimruyra\/wp-json\/wp\/v2\/pages"}],"about":[{"href":"https:\/\/agora.xtec.cat\/ceipjoaquimruyra\/wp-json\/wp\/v2\/types\/page"}],"author":[{"embeddable":true,"href":"https:\/\/agora.xtec.cat\/ceipjoaquimruyra\/wp-json\/wp\/v2\/users\/1"}],"replies":[{"embeddable":true,"href":"https:\/\/agora.xtec.cat\/ceipjoaquimruyra\/wp-json\/wp\/v2\/comments?post=1336"}],"version-history":[{"count":5,"href":"https:\/\/agora.xtec.cat\/ceipjoaquimruyra\/wp-json\/wp\/v2\/pages\/1336\/revisions"}],"predecessor-version":[{"id":4745,"href":"https:\/\/agora.xtec.cat\/ceipjoaquimruyra\/wp-json\/wp\/v2\/pages\/1336\/revisions\/4745"}],"wp:featuredmedia":[{"embeddable":true,"href":"https:\/\/agora.xtec.cat\/ceipjoaquimruyra\/wp-json\/wp\/v2\/media\/2589"}],"wp:attachment":[{"href":"https:\/\/agora.xtec.cat\/ceipjoaquimruyra\/wp-json\/wp\/v2\/media?parent=1336"}],"curies":[{"name":"wp","href":"https:\/\/api.w.org\/{rel}","templated":true}]}}