{"id":1281,"date":"2023-03-28T14:17:28","date_gmt":"2023-03-28T12:17:28","guid":{"rendered":"https:\/\/agora.xtec.cat\/ceipjoaquimruyra\/?page_id=1281"},"modified":"2025-02-26T10:54:34","modified_gmt":"2025-02-26T09:54:34","slug":"proteccio-de-dades","status":"publish","type":"page","link":"https:\/\/agora.xtec.cat\/ceipjoaquimruyra\/projecte-educatiu\/proteccio-de-dades\/","title":{"rendered":"PROTECCI\u00d3 DE DADES"},"content":{"rendered":"<div class=\"note\">\n<p>Informaci\u00f3 b\u00e0sica sobre protecci\u00f3 de dades de car\u00e0cter personal, en compliment del Reglament General de Protecci\u00f3 de Dades (Reglament UE 2016\/679 del Parlament Europeu i del Consell, de 27 d&#8217;abril de 2016).<\/p>\n<p>Responsable: Escola Joaquim Ruyra de Barcelona<\/p>\n<p>Finalitat: La que es determina en cadascun dels documents. (+info: <a class=\"wp-block-button__link has-black-color has-vivid-cyan-blue-background-color has-text-color has-background has-link-color wp-element-button\" style=\"font-size: 15px !important; padding: 10px 10px !important;\" href=\"https:\/\/www.edubcn.cat\/ca\/\">www.edubcn.cat<\/a>)<\/p>\n<p>Legitimaci\u00f3: Missi\u00f3 d\u2019inter\u00e8s p\u00fablic.<\/p>\n<p>Destinataris: Es poden fer cessions de dades a l&#8217;empresa del menjador escolar i l&#8217;AEE Joaquim Ruyra en cas que aix\u00ed figuri en el document de cessi\u00f3.Tamb\u00e9 a l&#8217;agencia de salut p\u00fablica en cas de vacunacions i altres actuacions de salut.<\/p>\n<p>Drets: Podeu exercir els drets d\u2019acc\u00e9s, rectificaci\u00f3, cancel\u00b7laci\u00f3 o supressi\u00f3, limitaci\u00f3 o oposici\u00f3 al tractament i portabilitat mitjan\u00e7ant els formularis electr\u00f2nics a a8002927@xtec.cat<\/p>\n<p>Informaci\u00f3 adicional: Podeu trobar m\u00e9s informaci\u00f3 a <a class=\"wp-block-button__link has-black-color has-vivid-cyan-blue-background-color has-text-color has-background has-link-color wp-element-button\" style=\"font-size: 15px !important; padding: 10px 10px !important;\" href=\"https:\/\/www.edubcn.cat\/ca\/el_consorci\/proteccio_de_dades_personals\">www.edubcn.cat<\/a>.<\/p>\n<\/div>\n","protected":false},"excerpt":{"rendered":"<p>Informaci\u00f3 b\u00e0sica sobre protecci\u00f3 de dades de car\u00e0cter personal, en compliment del Reglament General de Protecci\u00f3 de Dades (Reglament UE 2016\/679 del Parlament Europeu i del Consell, de 27 d&#8217;abril de 2016). Responsable: Escola Joaquim Ruyra de Barcelona Finalitat: La que es determina en cadascun dels documents. (+info: www.edubcn.cat) Legitimaci\u00f3: Missi\u00f3 d\u2019inter\u00e8s p\u00fablic. Destinataris: Es [&hellip;]<\/p>\n","protected":false},"author":1,"featured_media":0,"parent":64,"menu_order":10,"comment_status":"closed","ping_status":"closed","template":"page-templates\/side-menu.php","meta":{"_bbp_topic_count":0,"_bbp_reply_count":0,"_bbp_total_topic_count":0,"_bbp_total_reply_count":0,"_bbp_voice_count":0,"_bbp_anonymous_reply_count":0,"_bbp_topic_count_hidden":0,"_bbp_reply_count_hidden":0,"_bbp_forum_subforum_count":0,"site-sidebar-layout":"default","site-content-layout":"","ast-site-content-layout":"","site-content-style":"default","site-sidebar-style":"default","ast-global-header-display":"","ast-banner-title-visibility":"","ast-main-header-display":"","ast-hfb-above-header-display":"","ast-hfb-below-header-display":"","ast-hfb-mobile-header-display":"","site-post-title":"","ast-breadcrumbs-content":"","ast-featured-img":"","footer-sml-layout":"","theme-transparent-header-meta":"","adv-header-id-meta":"","stick-header-meta":"","header-above-stick-meta":"","header-main-stick-meta":"","header-below-stick-meta":"","astra-migrate-meta-layouts":"default","ast-page-background-enabled":"default","ast-page-background-meta":{"desktop":{"background-color":"var(--ast-global-color-4)","background-image":"","background-repeat":"repeat","background-position":"center center","background-size":"auto","background-attachment":"scroll","background-type":"","background-media":"","overlay-type":"","overlay-color":"","overlay-opacity":"","overlay-gradient":""},"tablet":{"background-color":"","background-image":"","background-repeat":"repeat","background-position":"center center","background-size":"auto","background-attachment":"scroll","background-type":"","background-media":"","overlay-type":"","overlay-color":"","overlay-opacity":"","overlay-gradient":""},"mobile":{"background-color":"","background-image":"","background-repeat":"repeat","background-position":"center center","background-size":"auto","background-attachment":"scroll","background-type":"","background-media":"","overlay-type":"","overlay-color":"","overlay-opacity":"","overlay-gradient":""}},"ast-content-background-meta":{"desktop":{"background-color":"var(--ast-global-color-5)","background-image":"","background-repeat":"repeat","background-position":"center center","background-size":"auto","background-attachment":"scroll","background-type":"","background-media":"","overlay-type":"","overlay-color":"","overlay-opacity":"","overlay-gradient":""},"tablet":{"background-color":"var(--ast-global-color-5)","background-image":"","background-repeat":"repeat","background-position":"center center","background-size":"auto","background-attachment":"scroll","background-type":"","background-media":"","overlay-type":"","overlay-color":"","overlay-opacity":"","overlay-gradient":""},"mobile":{"background-color":"var(--ast-global-color-5)","background-image":"","background-repeat":"repeat","background-position":"center center","background-size":"auto","background-attachment":"scroll","background-type":"","background-media":"","overlay-type":"","overlay-color":"","overlay-opacity":"","overlay-gradient":""}},"footnotes":""},"class_list":["post-1281","page","type-page","status-publish","hentry"],"post_mailing_queue_ids":[],"_links":{"self":[{"href":"https:\/\/agora.xtec.cat\/ceipjoaquimruyra\/wp-json\/wp\/v2\/pages\/1281","targetHints":{"allow":["GET"]}}],"collection":[{"href":"https:\/\/agora.xtec.cat\/ceipjoaquimruyra\/wp-json\/wp\/v2\/pages"}],"about":[{"href":"https:\/\/agora.xtec.cat\/ceipjoaquimruyra\/wp-json\/wp\/v2\/types\/page"}],"author":[{"embeddable":true,"href":"https:\/\/agora.xtec.cat\/ceipjoaquimruyra\/wp-json\/wp\/v2\/users\/1"}],"replies":[{"embeddable":true,"href":"https:\/\/agora.xtec.cat\/ceipjoaquimruyra\/wp-json\/wp\/v2\/comments?post=1281"}],"version-history":[{"count":6,"href":"https:\/\/agora.xtec.cat\/ceipjoaquimruyra\/wp-json\/wp\/v2\/pages\/1281\/revisions"}],"predecessor-version":[{"id":3128,"href":"https:\/\/agora.xtec.cat\/ceipjoaquimruyra\/wp-json\/wp\/v2\/pages\/1281\/revisions\/3128"}],"up":[{"embeddable":true,"href":"https:\/\/agora.xtec.cat\/ceipjoaquimruyra\/wp-json\/wp\/v2\/pages\/64"}],"wp:attachment":[{"href":"https:\/\/agora.xtec.cat\/ceipjoaquimruyra\/wp-json\/wp\/v2\/media?parent=1281"}],"curies":[{"name":"wp","href":"https:\/\/api.w.org\/{rel}","templated":true}]}}