{"id":73,"date":"2014-09-18T14:01:51","date_gmt":"2014-09-18T13:01:51","guid":{"rendered":"http:\/\/agora.xtec.cat\/ceipjoaquimabril\/?page_id=73"},"modified":"2026-05-04T11:44:18","modified_gmt":"2026-05-04T09:44:18","slug":"menjador-escolar","status":"publish","type":"page","link":"https:\/\/agora.xtec.cat\/ceipjoaquimabril\/serveis\/menjador-escolar\/","title":{"rendered":"Menjador escolar"},"content":{"rendered":"<p>L&#8217;escola proporciona un servei de menjador i acollida de mat\u00ed i tarda.<\/p>\n<p class=\"p1\"><span class=\"s2\"><b>SERVEI DE MENJADOR<br \/>\n<\/b><\/span><\/p>\n<p class=\"p1\"><img loading=\"lazy\" decoding=\"async\" class=\"alignnone wp-image-753\" src=\"https:\/\/agora.xtec.cat\/ceipjoaquimabril\/wp-content\/uploads\/usu1757\/2020\/03\/cubiertos-plato.jpg\" alt=\"\" width=\"90\" height=\"73\" srcset=\"https:\/\/agora.xtec.cat\/ceipjoaquimabril\/wp-content\/uploads\/usu1757\/2020\/03\/cubiertos-plato.jpg 342w, https:\/\/agora.xtec.cat\/ceipjoaquimabril\/wp-content\/uploads\/usu1757\/2020\/03\/cubiertos-plato-300x244.jpg 300w\" sizes=\"auto, (max-width: 90px) 100vw, 90px\" \/><a href=\"https:\/\/agora.xtec.cat\/ceipjoaquimabril\/wp-content\/uploads\/usu1757\/2026\/05\/1.-Menu-maig.jpg\" target=\"_blank\" rel=\"noopener noreferrer\">Men\u00fa del mes.<\/a><\/p>\n<p class=\"p1\"><span class=\"s1\">Els\/les nens\/es d&#8217; I3 hauran de portar un pitet d&#8217;\u00fas exclusiu per al menjador.<\/span><\/p>\n<p class=\"p1\"><span class=\"s1\">Els\/les nens\/es que es quedin al menjador no podran sortir si no els\/les recullen les persones<span class=\"Apple-converted-space\">\u00a0 <\/span>autoritzades, sempre avisant amb antelaci\u00f3 a les responsables del menjador. En el cas<span class=\"Apple-converted-space\">\u00a0 <\/span>que siguin els \/les alumnes els\/les que avisin de l\u2019abs\u00e8ncia puntual del servei, hauran de portar una notificaci\u00f3 signada pel\/per la responsable o tutor\/a on especifiqui clarament: el nom, el curs i la data d\u2019abs\u00e8ncia de l\u2019 alumne\/a.<\/span><\/p>\n<p class=\"p1\"><span class=\"s1\">Trimestralment es lliurar\u00e0 un informe a cada nen\/a per informar de la seva actitud al menjador, h\u00e0bits, etc<b><i>. <\/i><\/b>Per al grup d&#8217; I3 es lliurar\u00e0 di\u00e0riament, durant el per\u00edode d\u2019adaptaci\u00f3.<\/span><\/p>\n<p class=\"p1\"><span class=\"s1\">Cada dia es lliurar\u00e0 un llistat a cada classe amb els nens i nenes que es quedin al servei, per tant els\/les mestres\/es saben di\u00e0riament, a trav\u00e9s del menjador, qui es queda a dinar.<\/span><\/p>\n<p class=\"p1\"><span class=\"s1\">Mensualment es passar\u00e0 un men\u00fa als\/les nens\/es. Si per algun motiu o causa justificada (malaltia, r\u00e8gim&#8230;) l\u2019usuari\/\u00e0ria no pot menjar el que hi ha en el men\u00fa, s\u2019haur\u00e0 d\u2019avisar al servei de menjador. Aquest men\u00fa tamb\u00e9 el podreu trobar a la p\u00e0gina web de l\u2019escola juntament amb les propostes de sopars fetes per la nostra nutricionista.<br \/>\n<\/span><\/p>\n<p><img loading=\"lazy\" decoding=\"async\" class=\"alignnone size-large wp-image-962\" src=\"https:\/\/agora.xtec.cat\/ceipjoaquimabril\/wp-content\/uploads\/usu1757\/2020\/03\/1-3-1024x768.jpg\" alt=\"\" width=\"1024\" height=\"768\" srcset=\"https:\/\/agora.xtec.cat\/ceipjoaquimabril\/wp-content\/uploads\/usu1757\/2020\/03\/1-3.jpg 1024w, https:\/\/agora.xtec.cat\/ceipjoaquimabril\/wp-content\/uploads\/usu1757\/2020\/03\/1-3-300x225.jpg 300w, https:\/\/agora.xtec.cat\/ceipjoaquimabril\/wp-content\/uploads\/usu1757\/2020\/03\/1-3-768x576.jpg 768w, https:\/\/agora.xtec.cat\/ceipjoaquimabril\/wp-content\/uploads\/usu1757\/2020\/03\/1-3-200x150.jpg 200w\" sizes=\"auto, (max-width: 1024px) 100vw, 1024px\" \/><\/p>\n<p class=\"p1\"><span class=\"s1\"><b>FORMALITZACI\u00d3 DELS PAGAMENTS<\/b><\/span><\/p>\n<p class=\"p1\"><span class=\"s2\">1.- El servei es cobrar\u00e0 mensualment, de l\u20191 al 6 de cada mes per avan\u00e7at amb domiciliaci\u00f3 banc\u00e0ria.<\/span><\/p>\n<p class=\"p1\"><span class=\"s1\">Per a qualsevol dubte i\/o informaci\u00f3, podeu trucar al tel\u00e8fon de cuina\/menjador<b> 93 593 37 79 <\/b>o b\u00e9 al <b>mail:<\/b><\/span><span class=\"s2\"><b><i> <\/i><\/b><a href=\"mailto:menjadorjoaquimabril@gmail.com\" target=\"_blank\" rel=\"noopener\"><span class=\"s3\"><b><i>menjadorjoaquimabril@gmail.com <\/i><\/b><\/span><\/a><\/span><\/p>\n","protected":false},"excerpt":{"rendered":"<p>L&#8217;escola proporciona un servei de menjador i acollida de mat\u00ed i tarda. SERVEI DE MENJADOR Men\u00fa del mes. Els\/les nens\/es [&hellip;]<\/p>\n","protected":false},"author":1,"featured_media":0,"parent":66,"menu_order":30,"comment_status":"closed","ping_status":"closed","template":"","meta":{"_bbp_topic_count":0,"_bbp_reply_count":0,"_bbp_total_topic_count":0,"_bbp_total_reply_count":0,"_bbp_voice_count":0,"_bbp_anonymous_reply_count":0,"_bbp_topic_count_hidden":0,"_bbp_reply_count_hidden":0,"_bbp_forum_subforum_count":0,"site-sidebar-layout":"default","site-content-layout":"","ast-site-content-layout":"default","site-content-style":"default","site-sidebar-style":"default","ast-global-header-display":"","ast-banner-title-visibility":"","ast-main-header-display":"","ast-hfb-above-header-display":"","ast-hfb-below-header-display":"","ast-hfb-mobile-header-display":"","site-post-title":"","ast-breadcrumbs-content":"","ast-featured-img":"","footer-sml-layout":"","theme-transparent-header-meta":"default","adv-header-id-meta":"","stick-header-meta":"","header-above-stick-meta":"","header-main-stick-meta":"","header-below-stick-meta":"","astra-migrate-meta-layouts":"set","ast-page-background-enabled":"default","ast-page-background-meta":{"desktop":{"background-color":"var(--ast-global-color-5)","background-image":"","background-repeat":"repeat","background-position":"center center","background-size":"auto","background-attachment":"scroll","background-type":"","background-media":"","overlay-type":"","overlay-color":"","overlay-opacity":"","overlay-gradient":""},"tablet":{"background-color":"","background-image":"","background-repeat":"repeat","background-position":"center center","background-size":"auto","background-attachment":"scroll","background-type":"","background-media":"","overlay-type":"","overlay-color":"","overlay-opacity":"","overlay-gradient":""},"mobile":{"background-color":"","background-image":"","background-repeat":"repeat","background-position":"center center","background-size":"auto","background-attachment":"scroll","background-type":"","background-media":"","overlay-type":"","overlay-color":"","overlay-opacity":"","overlay-gradient":""}},"ast-content-background-meta":{"desktop":{"background-color":"var(--ast-global-color-4)","background-image":"","background-repeat":"repeat","background-position":"center center","background-size":"auto","background-attachment":"scroll","background-type":"","background-media":"","overlay-type":"","overlay-color":"","overlay-opacity":"","overlay-gradient":""},"tablet":{"background-color":"var(--ast-global-color-4)","background-image":"","background-repeat":"repeat","background-position":"center center","background-size":"auto","background-attachment":"scroll","background-type":"","background-media":"","overlay-type":"","overlay-color":"","overlay-opacity":"","overlay-gradient":""},"mobile":{"background-color":"var(--ast-global-color-4)","background-image":"","background-repeat":"repeat","background-position":"center center","background-size":"auto","background-attachment":"scroll","background-type":"","background-media":"","overlay-type":"","overlay-color":"","overlay-opacity":"","overlay-gradient":""}},"footnotes":""},"class_list":["post-73","page","type-page","status-publish","hentry"],"post_mailing_queue_ids":[],"_links":{"self":[{"href":"https:\/\/agora.xtec.cat\/ceipjoaquimabril\/wp-json\/wp\/v2\/pages\/73","targetHints":{"allow":["GET"]}}],"collection":[{"href":"https:\/\/agora.xtec.cat\/ceipjoaquimabril\/wp-json\/wp\/v2\/pages"}],"about":[{"href":"https:\/\/agora.xtec.cat\/ceipjoaquimabril\/wp-json\/wp\/v2\/types\/page"}],"author":[{"embeddable":true,"href":"https:\/\/agora.xtec.cat\/ceipjoaquimabril\/wp-json\/wp\/v2\/users\/1"}],"replies":[{"embeddable":true,"href":"https:\/\/agora.xtec.cat\/ceipjoaquimabril\/wp-json\/wp\/v2\/comments?post=73"}],"version-history":[{"count":6,"href":"https:\/\/agora.xtec.cat\/ceipjoaquimabril\/wp-json\/wp\/v2\/pages\/73\/revisions"}],"predecessor-version":[{"id":21313,"href":"https:\/\/agora.xtec.cat\/ceipjoaquimabril\/wp-json\/wp\/v2\/pages\/73\/revisions\/21313"}],"up":[{"embeddable":true,"href":"https:\/\/agora.xtec.cat\/ceipjoaquimabril\/wp-json\/wp\/v2\/pages\/66"}],"wp:attachment":[{"href":"https:\/\/agora.xtec.cat\/ceipjoaquimabril\/wp-json\/wp\/v2\/media?parent=73"}],"curies":[{"name":"wp","href":"https:\/\/api.w.org\/{rel}","templated":true}]}}