{"id":650,"date":"2020-03-02T13:08:16","date_gmt":"2020-03-02T12:08:16","guid":{"rendered":"https:\/\/agora.xtec.cat\/ceipjoaquimabril\/?page_id=650"},"modified":"2025-03-07T15:42:03","modified_gmt":"2025-03-07T14:42:03","slug":"membres-2","status":"publish","type":"page","link":"https:\/\/agora.xtec.cat\/ceipjoaquimabril\/lescola\/consell-escolar\/membres-2\/","title":{"rendered":"Membres"},"content":{"rendered":"<p>&nbsp;<\/p>\n<p style=\"text-align: justify;\"><span style=\"color: #993366;\"><strong>Equip Directiu<\/strong><\/span><\/p>\n<p style=\"text-align: justify;\">Carme Ferreres R\u00e0mia (Directora)<\/p>\n<p style=\"text-align: justify;\">Ma. Jos\u00e9 Camposo Espinosa (Cap d&#8217;estudis)<\/p>\n<p style=\"text-align: justify;\">Ma. Teresa Rufi\u00e1n Pujol (Secret\u00e0ria)<\/p>\n<p>&nbsp;<\/p>\n<p style=\"text-align: justify;\"><span style=\"color: #993366;\"><strong>Sector mestres<\/strong><\/span><\/p>\n<p style=\"text-align: justify;\">Judith Mir\u00f3 Mayandia<\/p>\n<p style=\"text-align: justify;\">Maria Bruget Famadas<\/p>\n<p>Eva Garc\u00eda Prades<\/p>\n<p>Sarai Yuste S\u00e1nchez<\/p>\n<p>Gemma Ruiz Herrera<\/p>\n<p>Neus Ferran Peralta<\/p>\n<p>&nbsp;<\/p>\n<p style=\"text-align: justify;\"><span style=\"color: #993366;\"><strong>Sector fam\u00edlies<\/strong><\/span><\/p>\n<p>Silvia Catalan Ruiz<\/p>\n<p>Pau Bruguera Caballero<\/p>\n<p>Joaquim Defaus Vila<\/p>\n<p>Remei Montserrat Bel Mart\u00ednez<\/p>\n<p>Eila Rubio Urrea<\/p>\n<p>&nbsp;<\/p>\n<p style=\"text-align: justify;\"><span style=\"color: #993366;\"><strong>Representant AFA<\/strong><\/span><\/p>\n<p style=\"text-align: justify;\">AFA<\/p>\n<p>&nbsp;<\/p>\n<p style=\"text-align: justify;\"><span style=\"color: #993366;\"><strong>Representant Ajuntament<\/strong><\/span><\/p>\n<p style=\"text-align: justify;\">Blanca Torrallardona Mestres<\/p>\n<p>&nbsp;<\/p>\n<p style=\"text-align: justify;\"><span style=\"color: #993366;\"><strong>Personal administraci\u00f3 i serveis<\/strong><\/span><\/p>\n<p style=\"text-align: justify;\">Cristina Horcas Lobo<\/p>\n<p>&nbsp;<\/p>\n<p>&nbsp;<\/p>\n<p>&nbsp;<\/p>\n","protected":false},"excerpt":{"rendered":"<p>&nbsp; Equip Directiu Carme Ferreres R\u00e0mia (Directora) Ma. Jos\u00e9 Camposo Espinosa (Cap d&#8217;estudis) Ma. Teresa Rufi\u00e1n Pujol (Secret\u00e0ria) &nbsp; Sector [&hellip;]<\/p>\n","protected":false},"author":1,"featured_media":0,"parent":28,"menu_order":0,"comment_status":"closed","ping_status":"closed","template":"","meta":{"_bbp_topic_count":0,"_bbp_reply_count":0,"_bbp_total_topic_count":0,"_bbp_total_reply_count":0,"_bbp_voice_count":0,"_bbp_anonymous_reply_count":0,"_bbp_topic_count_hidden":0,"_bbp_reply_count_hidden":0,"_bbp_forum_subforum_count":0,"site-sidebar-layout":"default","site-content-layout":"","ast-site-content-layout":"","site-content-style":"default","site-sidebar-style":"default","ast-global-header-display":"","ast-banner-title-visibility":"","ast-main-header-display":"","ast-hfb-above-header-display":"","ast-hfb-below-header-display":"","ast-hfb-mobile-header-display":"","site-post-title":"","ast-breadcrumbs-content":"","ast-featured-img":"","footer-sml-layout":"","theme-transparent-header-meta":"","adv-header-id-meta":"","stick-header-meta":"","header-above-stick-meta":"","header-main-stick-meta":"","header-below-stick-meta":"","astra-migrate-meta-layouts":"default","ast-page-background-enabled":"default","ast-page-background-meta":{"desktop":{"background-color":"var(--ast-global-color-5)","background-image":"","background-repeat":"repeat","background-position":"center center","background-size":"auto","background-attachment":"scroll","background-type":"","background-media":"","overlay-type":"","overlay-color":"","overlay-opacity":"","overlay-gradient":""},"tablet":{"background-color":"","background-image":"","background-repeat":"repeat","background-position":"center center","background-size":"auto","background-attachment":"scroll","background-type":"","background-media":"","overlay-type":"","overlay-color":"","overlay-opacity":"","overlay-gradient":""},"mobile":{"background-color":"","background-image":"","background-repeat":"repeat","background-position":"center center","background-size":"auto","background-attachment":"scroll","background-type":"","background-media":"","overlay-type":"","overlay-color":"","overlay-opacity":"","overlay-gradient":""}},"ast-content-background-meta":{"desktop":{"background-color":"var(--ast-global-color-4)","background-image":"","background-repeat":"repeat","background-position":"center center","background-size":"auto","background-attachment":"scroll","background-type":"","background-media":"","overlay-type":"","overlay-color":"","overlay-opacity":"","overlay-gradient":""},"tablet":{"background-color":"var(--ast-global-color-4)","background-image":"","background-repeat":"repeat","background-position":"center center","background-size":"auto","background-attachment":"scroll","background-type":"","background-media":"","overlay-type":"","overlay-color":"","overlay-opacity":"","overlay-gradient":""},"mobile":{"background-color":"var(--ast-global-color-4)","background-image":"","background-repeat":"repeat","background-position":"center center","background-size":"auto","background-attachment":"scroll","background-type":"","background-media":"","overlay-type":"","overlay-color":"","overlay-opacity":"","overlay-gradient":""}},"footnotes":""},"class_list":["post-650","page","type-page","status-publish","hentry"],"post_mailing_queue_ids":[],"_links":{"self":[{"href":"https:\/\/agora.xtec.cat\/ceipjoaquimabril\/wp-json\/wp\/v2\/pages\/650","targetHints":{"allow":["GET"]}}],"collection":[{"href":"https:\/\/agora.xtec.cat\/ceipjoaquimabril\/wp-json\/wp\/v2\/pages"}],"about":[{"href":"https:\/\/agora.xtec.cat\/ceipjoaquimabril\/wp-json\/wp\/v2\/types\/page"}],"author":[{"embeddable":true,"href":"https:\/\/agora.xtec.cat\/ceipjoaquimabril\/wp-json\/wp\/v2\/users\/1"}],"replies":[{"embeddable":true,"href":"https:\/\/agora.xtec.cat\/ceipjoaquimabril\/wp-json\/wp\/v2\/comments?post=650"}],"version-history":[{"count":6,"href":"https:\/\/agora.xtec.cat\/ceipjoaquimabril\/wp-json\/wp\/v2\/pages\/650\/revisions"}],"predecessor-version":[{"id":20800,"href":"https:\/\/agora.xtec.cat\/ceipjoaquimabril\/wp-json\/wp\/v2\/pages\/650\/revisions\/20800"}],"up":[{"embeddable":true,"href":"https:\/\/agora.xtec.cat\/ceipjoaquimabril\/wp-json\/wp\/v2\/pages\/28"}],"wp:attachment":[{"href":"https:\/\/agora.xtec.cat\/ceipjoaquimabril\/wp-json\/wp\/v2\/media?parent=650"}],"curies":[{"name":"wp","href":"https:\/\/api.w.org\/{rel}","templated":true}]}}