{"id":552,"date":"2019-12-02T13:43:43","date_gmt":"2019-12-02T12:43:43","guid":{"rendered":"https:\/\/agora.xtec.cat\/ceipjoaquimabril\/?page_id=552"},"modified":"2023-02-10T20:39:19","modified_gmt":"2023-02-10T19:39:19","slug":"autoritzacions-i-permisos","status":"publish","type":"page","link":"https:\/\/agora.xtec.cat\/ceipjoaquimabril\/lescola\/autoritzacions-i-permisos\/","title":{"rendered":"Autoritzacions i permisos"},"content":{"rendered":"<table style=\"height: 366px; width: 868px;\" width=\"788\">\n<tbody>\n<tr style=\"height: 31px;\">\n<td style=\"width: 111px; height: 31px;\">\n<h6><strong>DOC\/PDF<\/strong><\/h6>\n<\/td>\n<td style=\"width: 749px; height: 31px;\">\n<h6><strong>T\u00edtol<\/strong><\/h6>\n<\/td>\n<\/tr>\n<tr style=\"height: 78px;\">\n<td style=\"width: 111px; height: 78px;\"><a href=\"https:\/\/agora.xtec.cat\/ceipjoaquimabril\/wp-content\/uploads\/usu1757\/2023\/02\/Autoritzacio-drets-imatge-i-gsuite-actualitzacio.pdf\" target=\"_blank\" rel=\"noopener\"><img loading=\"lazy\" decoding=\"async\" class=\"aligncenter wp-image-589\" src=\"https:\/\/agora.xtec.cat\/ceipjoaquimabril\/wp-content\/uploads\/usu1757\/2020\/02\/trace-vs-embed_5f5fd14706477833b6d0e821c21c6992.png\" alt=\"\" width=\"48\" height=\"60\" \/><\/a><\/td>\n<td style=\"width: 749px; height: 78px; text-align: justify;\"><span style=\"color: #993366;\"><a href=\"https:\/\/agora.xtec.cat\/ceipjoaquimabril\/wp-content\/uploads\/usu1757\/2023\/02\/Autoritzacio-drets-imatge-i-gsuite-actualitzacio.pdf\" target=\"_blank\" rel=\"noopener\">Autoritzaci\u00f3 relativa als alumnes: \u00fas d&#8217;imatges, publicaci\u00f3 de dades de car\u00e0cter personal i del material.<\/a><br \/>\n<span style=\"color: #000000;\">Model de document oficial per a l&#8217;<strong>autoritzaci\u00f3 d&#8217;\u00fas d&#8217;imatges<\/strong> en diferents mitjans de difusi\u00f3.<\/span><\/span><\/td>\n<\/tr>\n<tr style=\"height: 61px;\">\n<td style=\"width: 111px; height: 61px;\"><span style=\"color: #993366;\"><a style=\"color: #993366;\" href=\"https:\/\/agora.xtec.cat\/ceipjoaquimabril\/wp-content\/uploads\/usu1757\/2023\/02\/4.-Aut.-sortir-sols-3r-a-6e.pdf\" target=\"_blank\" rel=\"noopener noreferrer\"><img loading=\"lazy\" decoding=\"async\" class=\"aligncenter wp-image-589\" src=\"https:\/\/agora.xtec.cat\/ceipjoaquimabril\/wp-content\/uploads\/usu1757\/2020\/02\/trace-vs-embed_5f5fd14706477833b6d0e821c21c6992.png\" alt=\"\" width=\"48\" height=\"60\" \/><\/a><\/span><\/td>\n<td style=\"width: 749px; height: 61px; text-align: justify;\"><span style=\"color: #008000;\"><a href=\"https:\/\/agora.xtec.cat\/ceipjoaquimabril\/wp-content\/uploads\/usu1757\/2023\/02\/4.-Aut.-sortir-sols-3r-a-6e.pdf\" target=\"_blank\" rel=\"noopener\"><span style=\"color: #339966;\"><span style=\"color: #993366;\">Autoritzaci\u00f3 de sortides en blanc (alumnes menors de 14 anys)<\/span>.<\/span><\/a><br \/>\n<\/span>Model de document per a l\u2019autoritzaci\u00f3 o no\u00a0<strong>autoritzaci\u00f3 per a sortir sols<\/strong>\u00a0del recinte escolar, un cop acabades les activitats lectives al mat\u00ed o la tarda.<\/td>\n<\/tr>\n<\/tbody>\n<\/table>\n","protected":false},"excerpt":{"rendered":"<p>DOC\/PDF T\u00edtol Autoritzaci\u00f3 relativa als alumnes: \u00fas d&#8217;imatges, publicaci\u00f3 de dades de car\u00e0cter personal i del material. Model de document [&hellip;]<\/p>\n","protected":false},"author":1,"featured_media":0,"parent":22,"menu_order":35,"comment_status":"closed","ping_status":"closed","template":"","meta":{"_bbp_topic_count":0,"_bbp_reply_count":0,"_bbp_total_topic_count":0,"_bbp_total_reply_count":0,"_bbp_voice_count":0,"_bbp_anonymous_reply_count":0,"_bbp_topic_count_hidden":0,"_bbp_reply_count_hidden":0,"_bbp_forum_subforum_count":0,"site-sidebar-layout":"default","site-content-layout":"","ast-site-content-layout":"","site-content-style":"default","site-sidebar-style":"default","ast-global-header-display":"","ast-banner-title-visibility":"","ast-main-header-display":"","ast-hfb-above-header-display":"","ast-hfb-below-header-display":"","ast-hfb-mobile-header-display":"","site-post-title":"","ast-breadcrumbs-content":"","ast-featured-img":"","footer-sml-layout":"","theme-transparent-header-meta":"","adv-header-id-meta":"","stick-header-meta":"","header-above-stick-meta":"","header-main-stick-meta":"","header-below-stick-meta":"","astra-migrate-meta-layouts":"default","ast-page-background-enabled":"default","ast-page-background-meta":{"desktop":{"background-color":"var(--ast-global-color-5)","background-image":"","background-repeat":"repeat","background-position":"center center","background-size":"auto","background-attachment":"scroll","background-type":"","background-media":"","overlay-type":"","overlay-color":"","overlay-opacity":"","overlay-gradient":""},"tablet":{"background-color":"","background-image":"","background-repeat":"repeat","background-position":"center center","background-size":"auto","background-attachment":"scroll","background-type":"","background-media":"","overlay-type":"","overlay-color":"","overlay-opacity":"","overlay-gradient":""},"mobile":{"background-color":"","background-image":"","background-repeat":"repeat","background-position":"center center","background-size":"auto","background-attachment":"scroll","background-type":"","background-media":"","overlay-type":"","overlay-color":"","overlay-opacity":"","overlay-gradient":""}},"ast-content-background-meta":{"desktop":{"background-color":"var(--ast-global-color-4)","background-image":"","background-repeat":"repeat","background-position":"center center","background-size":"auto","background-attachment":"scroll","background-type":"","background-media":"","overlay-type":"","overlay-color":"","overlay-opacity":"","overlay-gradient":""},"tablet":{"background-color":"var(--ast-global-color-4)","background-image":"","background-repeat":"repeat","background-position":"center center","background-size":"auto","background-attachment":"scroll","background-type":"","background-media":"","overlay-type":"","overlay-color":"","overlay-opacity":"","overlay-gradient":""},"mobile":{"background-color":"var(--ast-global-color-4)","background-image":"","background-repeat":"repeat","background-position":"center center","background-size":"auto","background-attachment":"scroll","background-type":"","background-media":"","overlay-type":"","overlay-color":"","overlay-opacity":"","overlay-gradient":""}},"footnotes":""},"class_list":["post-552","page","type-page","status-publish","hentry"],"post_mailing_queue_ids":[],"_links":{"self":[{"href":"https:\/\/agora.xtec.cat\/ceipjoaquimabril\/wp-json\/wp\/v2\/pages\/552","targetHints":{"allow":["GET"]}}],"collection":[{"href":"https:\/\/agora.xtec.cat\/ceipjoaquimabril\/wp-json\/wp\/v2\/pages"}],"about":[{"href":"https:\/\/agora.xtec.cat\/ceipjoaquimabril\/wp-json\/wp\/v2\/types\/page"}],"author":[{"embeddable":true,"href":"https:\/\/agora.xtec.cat\/ceipjoaquimabril\/wp-json\/wp\/v2\/users\/1"}],"replies":[{"embeddable":true,"href":"https:\/\/agora.xtec.cat\/ceipjoaquimabril\/wp-json\/wp\/v2\/comments?post=552"}],"version-history":[{"count":3,"href":"https:\/\/agora.xtec.cat\/ceipjoaquimabril\/wp-json\/wp\/v2\/pages\/552\/revisions"}],"predecessor-version":[{"id":19545,"href":"https:\/\/agora.xtec.cat\/ceipjoaquimabril\/wp-json\/wp\/v2\/pages\/552\/revisions\/19545"}],"up":[{"embeddable":true,"href":"https:\/\/agora.xtec.cat\/ceipjoaquimabril\/wp-json\/wp\/v2\/pages\/22"}],"wp:attachment":[{"href":"https:\/\/agora.xtec.cat\/ceipjoaquimabril\/wp-json\/wp\/v2\/media?parent=552"}],"curies":[{"name":"wp","href":"https:\/\/api.w.org\/{rel}","templated":true}]}}