{"id":2901,"date":"2022-04-01T06:00:51","date_gmt":"2022-04-01T04:00:51","guid":{"rendered":"https:\/\/agora.xtec.cat\/ceipjoaquimabril\/?page_id=2901"},"modified":"2026-05-04T11:47:37","modified_gmt":"2026-05-04T09:47:37","slug":"menu-alumnes-2022","status":"publish","type":"page","link":"https:\/\/agora.xtec.cat\/ceipjoaquimabril\/serveis\/menu-alumnes-2022\/","title":{"rendered":"Men\u00fa d&#8217;alumnes"},"content":{"rendered":"<p>Men\u00fa abril<\/p>\n<p>&nbsp;<\/p>\n<p><img loading=\"lazy\" decoding=\"async\" class=\"aligncenter size-large wp-image-21309\" src=\"https:\/\/agora.xtec.cat\/ceipjoaquimabril\/wp-content\/uploads\/usu1757\/2026\/05\/1.-Menu-maig-1024x772.jpg\" alt=\"\" width=\"1024\" height=\"772\" srcset=\"https:\/\/agora.xtec.cat\/ceipjoaquimabril\/wp-content\/uploads\/usu1757\/2026\/05\/1.-Menu-maig-1024x772.jpg 1024w, https:\/\/agora.xtec.cat\/ceipjoaquimabril\/wp-content\/uploads\/usu1757\/2026\/05\/1.-Menu-maig-300x226.jpg 300w, https:\/\/agora.xtec.cat\/ceipjoaquimabril\/wp-content\/uploads\/usu1757\/2026\/05\/1.-Menu-maig-768x579.jpg 768w, https:\/\/agora.xtec.cat\/ceipjoaquimabril\/wp-content\/uploads\/usu1757\/2026\/05\/1.-Menu-maig.jpg 1044w\" sizes=\"auto, (max-width: 1024px) 100vw, 1024px\" \/><\/p>\n<p>Propostes de sopar<\/p>\n<p><img loading=\"lazy\" decoding=\"async\" class=\"aligncenter size-large wp-image-21310\" src=\"https:\/\/agora.xtec.cat\/ceipjoaquimabril\/wp-content\/uploads\/usu1757\/2026\/05\/2.-Proposta-de-sopars-1024x774.jpg\" alt=\"\" width=\"1024\" height=\"774\" srcset=\"https:\/\/agora.xtec.cat\/ceipjoaquimabril\/wp-content\/uploads\/usu1757\/2026\/05\/2.-Proposta-de-sopars-1024x774.jpg 1024w, https:\/\/agora.xtec.cat\/ceipjoaquimabril\/wp-content\/uploads\/usu1757\/2026\/05\/2.-Proposta-de-sopars-300x227.jpg 300w, https:\/\/agora.xtec.cat\/ceipjoaquimabril\/wp-content\/uploads\/usu1757\/2026\/05\/2.-Proposta-de-sopars-768x580.jpg 768w, https:\/\/agora.xtec.cat\/ceipjoaquimabril\/wp-content\/uploads\/usu1757\/2026\/05\/2.-Proposta-de-sopars.jpg 1036w\" sizes=\"auto, (max-width: 1024px) 100vw, 1024px\" \/><\/p>\n<p>&nbsp;<\/p>\n<p>Men\u00fa sense carn<\/p>\n<p><img loading=\"lazy\" decoding=\"async\" class=\"aligncenter size-large wp-image-21311\" src=\"https:\/\/agora.xtec.cat\/ceipjoaquimabril\/wp-content\/uploads\/usu1757\/2026\/05\/3.-Sense-carn-1024x776.jpg\" alt=\"\" width=\"1024\" height=\"776\" srcset=\"https:\/\/agora.xtec.cat\/ceipjoaquimabril\/wp-content\/uploads\/usu1757\/2026\/05\/3.-Sense-carn-1024x776.jpg 1024w, https:\/\/agora.xtec.cat\/ceipjoaquimabril\/wp-content\/uploads\/usu1757\/2026\/05\/3.-Sense-carn-300x227.jpg 300w, https:\/\/agora.xtec.cat\/ceipjoaquimabril\/wp-content\/uploads\/usu1757\/2026\/05\/3.-Sense-carn-768x582.jpg 768w, https:\/\/agora.xtec.cat\/ceipjoaquimabril\/wp-content\/uploads\/usu1757\/2026\/05\/3.-Sense-carn.jpg 1042w\" sizes=\"auto, (max-width: 1024px) 100vw, 1024px\" \/><\/p>\n<p>&nbsp;<\/p>\n<p>Men\u00fa sense peix<\/p>\n<p>&nbsp;<\/p>\n<p><img loading=\"lazy\" decoding=\"async\" class=\"aligncenter size-large wp-image-21312\" src=\"https:\/\/agora.xtec.cat\/ceipjoaquimabril\/wp-content\/uploads\/usu1757\/2026\/05\/4.-Sense-peix-1024x775.jpg\" alt=\"\" width=\"1024\" height=\"775\" srcset=\"https:\/\/agora.xtec.cat\/ceipjoaquimabril\/wp-content\/uploads\/usu1757\/2026\/05\/4.-Sense-peix-1024x775.jpg 1024w, https:\/\/agora.xtec.cat\/ceipjoaquimabril\/wp-content\/uploads\/usu1757\/2026\/05\/4.-Sense-peix-300x227.jpg 300w, https:\/\/agora.xtec.cat\/ceipjoaquimabril\/wp-content\/uploads\/usu1757\/2026\/05\/4.-Sense-peix-768x581.jpg 768w, https:\/\/agora.xtec.cat\/ceipjoaquimabril\/wp-content\/uploads\/usu1757\/2026\/05\/4.-Sense-peix.jpg 1036w\" sizes=\"auto, (max-width: 1024px) 100vw, 1024px\" \/><\/p>\n","protected":false},"excerpt":{"rendered":"<p>Men\u00fa abril &nbsp; Propostes de sopar &nbsp; Men\u00fa sense carn &nbsp; Men\u00fa sense peix &nbsp;<\/p>\n","protected":false},"author":1,"featured_media":0,"parent":66,"menu_order":30,"comment_status":"closed","ping_status":"closed","template":"","meta":{"_bbp_topic_count":0,"_bbp_reply_count":0,"_bbp_total_topic_count":0,"_bbp_total_reply_count":0,"_bbp_voice_count":0,"_bbp_anonymous_reply_count":0,"_bbp_topic_count_hidden":0,"_bbp_reply_count_hidden":0,"_bbp_forum_subforum_count":0,"site-sidebar-layout":"default","site-content-layout":"","ast-site-content-layout":"default","site-content-style":"default","site-sidebar-style":"default","ast-global-header-display":"","ast-banner-title-visibility":"","ast-main-header-display":"","ast-hfb-above-header-display":"","ast-hfb-below-header-display":"","ast-hfb-mobile-header-display":"","site-post-title":"","ast-breadcrumbs-content":"","ast-featured-img":"","footer-sml-layout":"","theme-transparent-header-meta":"default","adv-header-id-meta":"","stick-header-meta":"","header-above-stick-meta":"","header-main-stick-meta":"","header-below-stick-meta":"","astra-migrate-meta-layouts":"set","ast-page-background-enabled":"default","ast-page-background-meta":{"desktop":{"background-color":"var(--ast-global-color-5)","background-image":"","background-repeat":"repeat","background-position":"center center","background-size":"auto","background-attachment":"scroll","background-type":"","background-media":"","overlay-type":"","overlay-color":"","overlay-opacity":"","overlay-gradient":""},"tablet":{"background-color":"","background-image":"","background-repeat":"repeat","background-position":"center center","background-size":"auto","background-attachment":"scroll","background-type":"","background-media":"","overlay-type":"","overlay-color":"","overlay-opacity":"","overlay-gradient":""},"mobile":{"background-color":"","background-image":"","background-repeat":"repeat","background-position":"center center","background-size":"auto","background-attachment":"scroll","background-type":"","background-media":"","overlay-type":"","overlay-color":"","overlay-opacity":"","overlay-gradient":""}},"ast-content-background-meta":{"desktop":{"background-color":"var(--ast-global-color-4)","background-image":"","background-repeat":"repeat","background-position":"center center","background-size":"auto","background-attachment":"scroll","background-type":"","background-media":"","overlay-type":"","overlay-color":"","overlay-opacity":"","overlay-gradient":""},"tablet":{"background-color":"var(--ast-global-color-4)","background-image":"","background-repeat":"repeat","background-position":"center center","background-size":"auto","background-attachment":"scroll","background-type":"","background-media":"","overlay-type":"","overlay-color":"","overlay-opacity":"","overlay-gradient":""},"mobile":{"background-color":"var(--ast-global-color-4)","background-image":"","background-repeat":"repeat","background-position":"center center","background-size":"auto","background-attachment":"scroll","background-type":"","background-media":"","overlay-type":"","overlay-color":"","overlay-opacity":"","overlay-gradient":""}},"footnotes":""},"class_list":["post-2901","page","type-page","status-publish","hentry"],"post_mailing_queue_ids":[],"_links":{"self":[{"href":"https:\/\/agora.xtec.cat\/ceipjoaquimabril\/wp-json\/wp\/v2\/pages\/2901","targetHints":{"allow":["GET"]}}],"collection":[{"href":"https:\/\/agora.xtec.cat\/ceipjoaquimabril\/wp-json\/wp\/v2\/pages"}],"about":[{"href":"https:\/\/agora.xtec.cat\/ceipjoaquimabril\/wp-json\/wp\/v2\/types\/page"}],"author":[{"embeddable":true,"href":"https:\/\/agora.xtec.cat\/ceipjoaquimabril\/wp-json\/wp\/v2\/users\/1"}],"replies":[{"embeddable":true,"href":"https:\/\/agora.xtec.cat\/ceipjoaquimabril\/wp-json\/wp\/v2\/comments?post=2901"}],"version-history":[{"count":7,"href":"https:\/\/agora.xtec.cat\/ceipjoaquimabril\/wp-json\/wp\/v2\/pages\/2901\/revisions"}],"predecessor-version":[{"id":21314,"href":"https:\/\/agora.xtec.cat\/ceipjoaquimabril\/wp-json\/wp\/v2\/pages\/2901\/revisions\/21314"}],"up":[{"embeddable":true,"href":"https:\/\/agora.xtec.cat\/ceipjoaquimabril\/wp-json\/wp\/v2\/pages\/66"}],"wp:attachment":[{"href":"https:\/\/agora.xtec.cat\/ceipjoaquimabril\/wp-json\/wp\/v2\/media?parent=2901"}],"curies":[{"name":"wp","href":"https:\/\/api.w.org\/{rel}","templated":true}]}}