{"id":22,"date":"2014-09-18T12:19:57","date_gmt":"2014-09-18T11:19:57","guid":{"rendered":"http:\/\/agora.xtec.cat\/ceipjoaquimabril\/?page_id=22"},"modified":"2020-04-03T16:33:25","modified_gmt":"2020-04-03T14:33:25","slug":"lescola","status":"publish","type":"page","link":"https:\/\/agora.xtec.cat\/ceipjoaquimabril\/lescola\/","title":{"rendered":"L&#8217;escola"},"content":{"rendered":"<p>L\u2019escola Joaquim Abril \u00e9s una escola p\u00fablica d\u2019educaci\u00f3 infantil i prim\u00e0ria, des de P3 fins a 6\u00e8. Est\u00e0 ubicada a Sant Fost de Campsentelles, al vessant valles\u00e0 de la Serralada de Marina, a la comarca del Vall\u00e8s Oriental. Es troba a 5 km de Mollet del Vall\u00e8s, a\u00a012 km de Granollers (capital de comarca) i a 22 km de Barcelona.<\/p>\n<p>Aquest centre, que es va fundar l&#8217;any 1975, rep el nom d\u2019un antic mestre del poble, un referent pedag\u00f2gic per al nostre poble i per a les poblacions ve\u00efnes de la seva \u00e8poca.<\/p>\n<p>La nostra escola conjuga una l\u00ednia s\u00f2lida de treball de m\u00e9s de 40 anys de traject\u00f2ria, amb una pr\u00e0ctica innovadora que s\u2019ajusta a les demandes de la societat actual.<\/p>\n<p><strong>Una solidesa<\/strong> que ens permet mantenir una l\u00ednia de centre i all\u00f2 que sustenta una escola en base a un projecte de treball ferm i de molts anys: una plantilla cohesionada, un contrast, una experi\u00e8ncia i una reformulaci\u00f3 de l\u2019actuaci\u00f3 a les aules.<\/p>\n<p><strong>Uns fonaments<\/strong>, unes bases sustentades amb el pes que atorga tota la seva traject\u00f2ria.<\/p>\n<p><strong>Una innovaci\u00f3<\/strong>, ajustada i valorada, que permeti generar canvis per tal d\u2019adaptar-nos a les necessitats que s\u2019esperen de l\u2019escola, amb una formaci\u00f3 continuada del professorat i una transfer\u00e8ncia d\u2019aquesta formaci\u00f3 a les aules que esdevingui una clara transformaci\u00f3 del centre.<\/p>\n<p>L\u2019escola pret\u00e9n vetllar per donar una <strong>formaci\u00f3 integral i integradora<\/strong> als nostres<br \/>\nalumnes, treballant en la igualtat per\u00f2 tamb\u00e9 en el qu\u00e8 ens fa ser diferents, en cada<br \/>\nindividualitat.<\/p>\n<p>Pretenem vetllar per aconseguir <strong>desenvolupar el m\u00e0xim potencial<\/strong> del nostre alumnat, assolint bons resultats educatius i enfortint el grau de cohesi\u00f3 social.<\/p>\n<p>Pretenem fomentar un <strong>alumnat comprom\u00e8s<\/strong> i per aix\u00f2, els professionals que hi treballem, hem de comprometre\u2019ns amb els nostres nens i nenes, amb els nostres nois i noies.<\/p>\n<p>Pretenem que el nostre alumnat tingui un <strong>bon modelatge<\/strong> en les pr\u00e0ctiques dels nostres docents i el centre promou la capacitaci\u00f3 dels seus educadors i poder desenvolupar aix\u00ed <strong>ciutadans aut\u00f2noms<\/strong>, amb <strong>esperit cr\u00edtic<\/strong> i amb <strong>capacitat per decidir<\/strong> en un m\u00f3n plural i de grans demandes a tots els nivells, personals, socials, laborals\u2026en un entorn tecnol\u00f2gic de gran potencialitat, entenent que d\u2019una actuaci\u00f3 conjunta amb les fam\u00edlies en sortiran enfortits els nostres nens i nenes en una societat de gran complexitat.<\/p>\n<p>\u00c9s el nostre objectiu que l\u2019alumnat assoleixi nivells de <strong>participaci\u00f3 responsable<\/strong> en el centre, amb possibilitat de desenvolupar-se com a persones completes i amb capacitaci\u00f3 per a portar a terme un <strong>bon treball en equip<\/strong>.<\/p>\n<p>L\u2019escola vol vetllar per <strong>fomentar els seus valors<\/strong>, per generar en els nois i noies treballant la <strong>toler\u00e0ncia<\/strong>, la <strong>solidaritat<\/strong>, la <strong>diversitat<\/strong>\u2026.<\/p>\n<p>I pretenem ajudar-los a <strong>gestionar les seves emocions<\/strong> per tal de recon\u00e8ixer-les i acceptar-les com a pe\u00e7a fonamental del seu creixement i de recon\u00e8ixer-se com a individu amb tot el que aix\u00f2 representa.<\/p>\n<p>\u00c9s el nostre objectiu que es reconeguin en el seu centre, amb <strong>sentiment de pertinen\u00e7a<\/strong> a una comunitat educativa i amb capacitat per poder desenvolupar-se com a persones en un clima de treball que aix\u00ed ho afavoreixi.<\/p>\n<p>Pretenem una escola viva, din\u00e0mica, rica en experi\u00e8ncies, en continu desenvolupament i en cont\u00ednua millora, una escola que verifica, ajusta, valora i genera noves propostes.<\/p>\n<p>Volem brindar als nostres nens i nenes, nois i noies, <strong>reptes constants<\/strong> que els preparin <strong>per a desafiaments presents i futurs<\/strong>, que adquireixin <strong>coneixements i experi\u00e8ncies i moments gratificants <\/strong>per recordar una etapa molt important a les seves vides i que en finalitzar-la i acompanyats a la nova etapa, sentin l\u2019<strong>orgull d\u2019haver format part d\u2019aquest projecte.<\/strong><\/p>\n<p>&nbsp;<\/p>\n<p>&nbsp;<\/p>\n<p>&nbsp;<\/p>\n","protected":false},"excerpt":{"rendered":"<p>L\u2019escola Joaquim Abril \u00e9s una escola p\u00fablica d\u2019educaci\u00f3 infantil i prim\u00e0ria, des de P3 fins a 6\u00e8. Est\u00e0 ubicada a [&hellip;]<\/p>\n","protected":false},"author":1,"featured_media":0,"parent":0,"menu_order":0,"comment_status":"closed","ping_status":"closed","template":"page-templates\/side-menu.php","meta":{"_bbp_topic_count":0,"_bbp_reply_count":0,"_bbp_total_topic_count":0,"_bbp_total_reply_count":0,"_bbp_voice_count":0,"_bbp_anonymous_reply_count":0,"_bbp_topic_count_hidden":0,"_bbp_reply_count_hidden":0,"_bbp_forum_subforum_count":0,"site-sidebar-layout":"default","site-content-layout":"","ast-site-content-layout":"","site-content-style":"default","site-sidebar-style":"default","ast-global-header-display":"","ast-banner-title-visibility":"","ast-main-header-display":"","ast-hfb-above-header-display":"","ast-hfb-below-header-display":"","ast-hfb-mobile-header-display":"","site-post-title":"","ast-breadcrumbs-content":"","ast-featured-img":"","footer-sml-layout":"","theme-transparent-header-meta":"","adv-header-id-meta":"","stick-header-meta":"","header-above-stick-meta":"","header-main-stick-meta":"","header-below-stick-meta":"","astra-migrate-meta-layouts":"default","ast-page-background-enabled":"default","ast-page-background-meta":{"desktop":{"background-color":"var(--ast-global-color-5)","background-image":"","background-repeat":"repeat","background-position":"center center","background-size":"auto","background-attachment":"scroll","background-type":"","background-media":"","overlay-type":"","overlay-color":"","overlay-opacity":"","overlay-gradient":""},"tablet":{"background-color":"","background-image":"","background-repeat":"repeat","background-position":"center center","background-size":"auto","background-attachment":"scroll","background-type":"","background-media":"","overlay-type":"","overlay-color":"","overlay-opacity":"","overlay-gradient":""},"mobile":{"background-color":"","background-image":"","background-repeat":"repeat","background-position":"center center","background-size":"auto","background-attachment":"scroll","background-type":"","background-media":"","overlay-type":"","overlay-color":"","overlay-opacity":"","overlay-gradient":""}},"ast-content-background-meta":{"desktop":{"background-color":"var(--ast-global-color-4)","background-image":"","background-repeat":"repeat","background-position":"center center","background-size":"auto","background-attachment":"scroll","background-type":"","background-media":"","overlay-type":"","overlay-color":"","overlay-opacity":"","overlay-gradient":""},"tablet":{"background-color":"var(--ast-global-color-4)","background-image":"","background-repeat":"repeat","background-position":"center center","background-size":"auto","background-attachment":"scroll","background-type":"","background-media":"","overlay-type":"","overlay-color":"","overlay-opacity":"","overlay-gradient":""},"mobile":{"background-color":"var(--ast-global-color-4)","background-image":"","background-repeat":"repeat","background-position":"center center","background-size":"auto","background-attachment":"scroll","background-type":"","background-media":"","overlay-type":"","overlay-color":"","overlay-opacity":"","overlay-gradient":""}},"footnotes":""},"class_list":["post-22","page","type-page","status-publish","hentry"],"post_mailing_queue_ids":[],"_links":{"self":[{"href":"https:\/\/agora.xtec.cat\/ceipjoaquimabril\/wp-json\/wp\/v2\/pages\/22","targetHints":{"allow":["GET"]}}],"collection":[{"href":"https:\/\/agora.xtec.cat\/ceipjoaquimabril\/wp-json\/wp\/v2\/pages"}],"about":[{"href":"https:\/\/agora.xtec.cat\/ceipjoaquimabril\/wp-json\/wp\/v2\/types\/page"}],"author":[{"embeddable":true,"href":"https:\/\/agora.xtec.cat\/ceipjoaquimabril\/wp-json\/wp\/v2\/users\/1"}],"replies":[{"embeddable":true,"href":"https:\/\/agora.xtec.cat\/ceipjoaquimabril\/wp-json\/wp\/v2\/comments?post=22"}],"version-history":[{"count":3,"href":"https:\/\/agora.xtec.cat\/ceipjoaquimabril\/wp-json\/wp\/v2\/pages\/22\/revisions"}],"predecessor-version":[{"id":1867,"href":"https:\/\/agora.xtec.cat\/ceipjoaquimabril\/wp-json\/wp\/v2\/pages\/22\/revisions\/1867"}],"wp:attachment":[{"href":"https:\/\/agora.xtec.cat\/ceipjoaquimabril\/wp-json\/wp\/v2\/media?parent=22"}],"curies":[{"name":"wp","href":"https:\/\/api.w.org\/{rel}","templated":true}]}}