{"id":73,"date":"2014-09-18T14:01:51","date_gmt":"2014-09-18T13:01:51","guid":{"rendered":"http:\/\/agora.xtec.cat\/ceipjoanxxiii-lesborges\/?page_id=73"},"modified":"2026-04-28T11:12:05","modified_gmt":"2026-04-28T09:12:05","slug":"menjador-escolar","status":"publish","type":"page","link":"https:\/\/agora.xtec.cat\/ceipjoanxxiii-lesborges\/serveis\/menjador-escolar\/","title":{"rendered":"Menjador Escolar"},"content":{"rendered":"<p><strong>SERVEI DE MENJADOR CURS 2025-26<br \/>\n<\/strong>Servei de menjador<strong> gestionat i facturat directament per l&#8217;Empresa <span class=\"hiddenSpellError\">Comertel.<\/span><\/strong><\/p>\n<p><strong><a style=\"color: #2795b6;\" href=\"https:\/\/agora.xtec.cat\/ceipjoanxxiii-lesborges\/wp-content\/uploads\/usu2151\/2024\/10\/CIRCULAR-MENJADOR-CURS-2024-25.pdf\">CIRCULAR MENJADOR CURS 2024-25<\/a><\/strong><\/p>\n<p style=\"font-weight: 400;\"><strong>L&#8217;\u00fas\u00a0del servei de menjador, s&#8217;ha de comunicar a secretaria o direcci\u00f3 del centre abans de les 9:30h, disposant de la corresponent domiciliaci\u00f3 o tiquet de menjador.<\/strong><\/p>\n<p style=\"font-weight: 400;\"><strong>COST SERVEI DE MENJADOR:<br \/>\n<\/strong><b>&#8211; 7,08 \u20ac<\/b> per alumnat fixe<br \/>\n<b>&#8211; 7,79 \u20ac<\/b> per alumnat espor\u00e0dic<\/p>\n<p style=\"font-weight: 400;\"><em> <a href=\"https:\/\/agora.xtec.cat\/ceipjoanxxiii-lesborges\/wp-content\/uploads\/usu2151\/2025\/11\/TIQUETS-ESPORADICS-CODI-DE-BARRES-SENSE-MESURES.pdf\">TIQUETS ESPOR\u00c0DICS CURS 25\/26<\/a><\/em><\/p>\n<ul>\n<li>Documentaci\u00f3\/informaci\u00f3 del servei de menjador pel curs 25-26:<\/li>\n<\/ul>\n<p><a href=\"https:\/\/agora.xtec.cat\/ceipjoanxxiii-lesborges\/wp-content\/uploads\/usu2151\/2025\/09\/Fitxa-online-GDC-Manual.pdf\">Fitxa online Manual<\/a><\/p>\n<p><a href=\"https:\/\/agora.xtec.cat\/ceipjoanxxiii-lesborges\/wp-content\/uploads\/usu2151\/2025\/09\/CIRCULAR-INSCRIPCIO-MENJADOR-COMERTEL-25-26-V.2-CCG-3.pdf\">CIRCULAR INSCRIPCI\u00d3 MENJADOR COMERTEL 25-26<\/a><\/p>\n<ul>\n<li>Atenci\u00f3 a les fam\u00edlies<br \/>\nPer a qualsevol dubte o aclariment sobre q\u00fcestions de facturaci\u00f3 del servei, podeu contactar amb el Departament de Gesti\u00f3 de Cobraments al tel\u00e8fon 932 09 61 75 o al 973 18 71 56 (<em>de dilluns a divendres de 8 a 15 hores<\/em>) o al correu electr\u00f2nic catalunyafacturacio@aramark.es<\/li>\n<li>Per contactar directament amb la coordinadora de menjador de l&#8217;escola, podeu trucar al 686 25 73 54<\/li>\n<\/ul>\n<p>&nbsp;<\/p>\n<p><strong>MEN\u00daS MENSUALS:<\/strong><\/p>\n<p><a href=\"https:\/\/agora.xtec.cat\/ceipjoanxxiii-lesborges\/wp-content\/uploads\/usu2151\/2026\/04\/CC-Garrigues-ABRIL-26-LA-RABASSA.pdf\">CC Garrigues ABRIL 26 LA RABASSA<\/a><\/p>\n<p><strong><a href=\"https:\/\/agora.xtec.cat\/ceipjoanxxiii-lesborges\/wp-content\/uploads\/usu2151\/2026\/04\/CC-Garrigues-FY25-MAIG-26-LA-RABASSA.pdf\">CC Garrigues FY25 MAIG 26 LA RABASSA<\/a><\/strong><\/p>\n<p><strong>PLANNING D&#8217;ESBARJO DE MENJADOR<\/strong><\/p>\n<p><a href=\"https:\/\/agora.xtec.cat\/ceipjoanxxiii-lesborges\/wp-content\/uploads\/usu2151\/2025\/04\/ORGANITZACIO-JOAN-XXIII.pdf\">ORGANITZACI\u00d3 JOAN XXIII<\/a><\/p>\n","protected":false},"excerpt":{"rendered":"<p>SERVEI DE MENJADOR CURS 2025-26<br \/>\nServei de menjador gestionat i facturat directament per l&#8217;Empresa Comertel.<br \/>\n<a style=\"color: #2795b6;\" href=\"https:\/\/agora.xtec.cat\/ceipjoanxxiii-lesborges\/wp-content\/uploads\/usu2151\/2024\/10\/CIRCULAR-MENJADOR-CURS-2024-25.pdf\">CIRCULAR MENJADOR CURS 2024-25<\/a><br \/>\nL&#8217;\u00fas\u00a0del servei de menjador, s&#8217;ha de comunicar a secretaria o direcci\u00f3 del centre abans de les 9:30h, disposant de la corresponent domiciliaci\u00f3 o tiquet de menjador.<br \/>\nCOST&hellip;  <a href=\"https:\/\/agora.xtec.cat\/ceipjoanxxiii-lesborges\/serveis\/menjador-escolar\/\" title=\"Read Menjador Escolar\">Llegeix m\u00e9s\u00bb<\/a><\/p>\n","protected":false},"author":1,"featured_media":0,"parent":66,"menu_order":10,"comment_status":"closed","ping_status":"closed","template":"page-templates\/side-menu.php","meta":{"_bbp_topic_count":0,"_bbp_reply_count":0,"_bbp_total_topic_count":0,"_bbp_total_reply_count":0,"_bbp_voice_count":0,"_bbp_anonymous_reply_count":0,"_bbp_topic_count_hidden":0,"_bbp_reply_count_hidden":0,"_bbp_forum_subforum_count":0,"footnotes":""},"class_list":["post-73","page","type-page","status-publish","hentry"],"post_mailing_queue_ids":[],"_links":{"self":[{"href":"https:\/\/agora.xtec.cat\/ceipjoanxxiii-lesborges\/wp-json\/wp\/v2\/pages\/73","targetHints":{"allow":["GET"]}}],"collection":[{"href":"https:\/\/agora.xtec.cat\/ceipjoanxxiii-lesborges\/wp-json\/wp\/v2\/pages"}],"about":[{"href":"https:\/\/agora.xtec.cat\/ceipjoanxxiii-lesborges\/wp-json\/wp\/v2\/types\/page"}],"author":[{"embeddable":true,"href":"https:\/\/agora.xtec.cat\/ceipjoanxxiii-lesborges\/wp-json\/wp\/v2\/users\/1"}],"replies":[{"embeddable":true,"href":"https:\/\/agora.xtec.cat\/ceipjoanxxiii-lesborges\/wp-json\/wp\/v2\/comments?post=73"}],"version-history":[{"count":7,"href":"https:\/\/agora.xtec.cat\/ceipjoanxxiii-lesborges\/wp-json\/wp\/v2\/pages\/73\/revisions"}],"predecessor-version":[{"id":3472,"href":"https:\/\/agora.xtec.cat\/ceipjoanxxiii-lesborges\/wp-json\/wp\/v2\/pages\/73\/revisions\/3472"}],"up":[{"embeddable":true,"href":"https:\/\/agora.xtec.cat\/ceipjoanxxiii-lesborges\/wp-json\/wp\/v2\/pages\/66"}],"wp:attachment":[{"href":"https:\/\/agora.xtec.cat\/ceipjoanxxiii-lesborges\/wp-json\/wp\/v2\/media?parent=73"}],"curies":[{"name":"wp","href":"https:\/\/api.w.org\/{rel}","templated":true}]}}