{"id":698,"date":"2020-07-15T19:03:23","date_gmt":"2020-07-15T17:03:23","guid":{"rendered":"https:\/\/agora.xtec.cat\/ceipjoanxxiii-lesborges\/?page_id=698"},"modified":"2021-08-31T22:09:59","modified_gmt":"2021-08-31T20:09:59","slug":"banc-de-llibres","status":"publish","type":"page","link":"https:\/\/agora.xtec.cat\/ceipjoanxxiii-lesborges\/documents-de-lescola\/material-escolar\/banc-de-llibres\/","title":{"rendered":"Banc de Llibres"},"content":{"rendered":"<h3 style=\"text-align: center;\"><span style=\"text-decoration: underline;\"><strong>LLIBRES DE TEXT<\/strong><\/span><\/h3>\n<p>&nbsp;<\/p>\n<p><strong><em>NOVETATS:<\/em>\u00a0 QU\u00c8 \u00c9S EL BANC DE LLIBRES?<\/strong><\/p>\n<p>Tot preparant el curs vinent, cal parlar de les novetats que <strong>fan refer\u00e8ncia als llibres de tex. <\/strong>Per fer-ho cal tenir en compte dues maneres de disposar dels llibres d\u2019acord amb el curs que far\u00e0 l&#8217;alumnat del centre:<\/p>\n<ul>\n<li><strong><u>Llibres de text de P3 a 2n de Prim\u00e0ria ambd\u00f3s inclosos:<\/u><\/strong>\n<ul>\n<li>La compra d\u2019aquests llibres es realitzar\u00e0 a trav\u00e9s de l\u2019AMPA com s\u2019ha fet els darrers anys.<br \/>\nCal dir que <strong>els llibres de lectura<\/strong> de 1r i 2n de Prim\u00e0ria es deixaran a l\u2019aula per poder ser aprofitats pels alumnes que pugen de cursos anteriors.<\/li>\n<\/ul>\n<\/li>\n<li><strong><u>Llibres de text de 3r a 6\u00e8 de Prim\u00e0ria:<\/u><\/strong>\n<ul>\n<li>Els llibres de text d\u2019aquests cursos passaran a formar part del <span style=\"text-decoration: underline;\"><strong>Banc de Llibres<\/strong><\/span> de l\u2019escola, de manera que les fam\u00edlies <strong>no els hauran de comprar<\/strong>.<\/li>\n<li>Nom\u00e9s caldr\u00e0 comprar per part de les fam\u00edlies, si s\u2019escau, quadernets d\u2019alguna \u00e0rea (<em>matem\u00e0tiques, llengua\u2026<\/em>).<\/li>\n<\/ul>\n<\/li>\n<\/ul>\n<table width=\"100%\">\n<tbody>\n<tr>\n<td><strong><u>PREGUNTES FREQ\u00dcENTS<\/u><\/strong><\/p>\n<p><strong>1.- QU\u00c8 \u00c9S EL BANC DE LLIBRES?<\/strong><\/p>\n<p>L\u2019Escola passa a ser <strong>la propiet\u00e0ria dels llibres de text<\/strong>, de manera que les fam\u00edlies no cal que assumeixin la seva compra.<\/p>\n<p><strong>2.- COM ES FA EL BANC DE LLIBRES? <\/strong><\/p>\n<p>Mitjan\u00e7ant <strong>la donaci\u00f3<\/strong> per part de les fam\u00edlies del llibres que ha utilitzat durant aquest curs. D\u2019aquesta manera es rep a canvi el llibres del proper curs.<\/p>\n<p><strong>Mitjan\u00e7ant la compra de llibres per part de l\u2019AMPA i de l\u2019Escola en cas de no tenir suficients exemplars. Per aquest motiu la quota de material, aix\u00ed com la de l\u2019AMPA, PASSA A SER D\u2019OBLIGAT PAGAMENT per poder fer \u00fas del <span style=\"text-decoration: underline;\">BANC DE LLIBRES<\/span>.<\/strong><\/p>\n<p>&nbsp;<\/p>\n<p><strong>3.- PER QUINS MOTIU ES FA EL BANC DE LLIBRES?<\/strong><\/p>\n<p><u>Per un motiu econ\u00f2mic i de sostenibilitat:\u00a0 <\/u>La fam\u00edlia passa a estalviar els diners de la compra de llibres.<\/p>\n<p><u>Per un motiu pedag\u00f2gic:<\/u> El llibre passa a ser <strong>una eina de consulta<\/strong> que es vincula amb el treball a l\u2019aula quan el tutor\/a decideix.<\/td>\n<\/tr>\n<\/tbody>\n<\/table>\n<p>&nbsp;<\/p>\n<p style=\"text-align: center;\"><strong>Econ\u00f2micament sostenibles, pedag\u00f2gicament innovadors!!!<\/strong><\/p>\n","protected":false},"excerpt":{"rendered":"<p>LLIBRES DE TEXT<br \/>\n&nbsp;<br \/>\nNOVETATS:\u00a0 QU\u00c8 \u00c9S EL BANC DE LLIBRES?<br \/>\nTot preparant el curs vinent, cal parlar de les novetats que fan refer\u00e8ncia als llibres de tex. Per fer-ho cal tenir en compte dues maneres de disposar dels llibres d\u2019acord amb el curs que far\u00e0 l&#8217;alumnat del&hellip;  <a href=\"https:\/\/agora.xtec.cat\/ceipjoanxxiii-lesborges\/documents-de-lescola\/material-escolar\/banc-de-llibres\/\" title=\"Read Banc de Llibres\">Llegeix m\u00e9s\u00bb<\/a><\/p>\n","protected":false},"author":1,"featured_media":0,"parent":36,"menu_order":10,"comment_status":"closed","ping_status":"closed","template":"page-templates\/side-menu.php","meta":{"_bbp_topic_count":0,"_bbp_reply_count":0,"_bbp_total_topic_count":0,"_bbp_total_reply_count":0,"_bbp_voice_count":0,"_bbp_anonymous_reply_count":0,"_bbp_topic_count_hidden":0,"_bbp_reply_count_hidden":0,"_bbp_forum_subforum_count":0,"footnotes":""},"class_list":["post-698","page","type-page","status-publish","hentry"],"post_mailing_queue_ids":[],"_links":{"self":[{"href":"https:\/\/agora.xtec.cat\/ceipjoanxxiii-lesborges\/wp-json\/wp\/v2\/pages\/698","targetHints":{"allow":["GET"]}}],"collection":[{"href":"https:\/\/agora.xtec.cat\/ceipjoanxxiii-lesborges\/wp-json\/wp\/v2\/pages"}],"about":[{"href":"https:\/\/agora.xtec.cat\/ceipjoanxxiii-lesborges\/wp-json\/wp\/v2\/types\/page"}],"author":[{"embeddable":true,"href":"https:\/\/agora.xtec.cat\/ceipjoanxxiii-lesborges\/wp-json\/wp\/v2\/users\/1"}],"replies":[{"embeddable":true,"href":"https:\/\/agora.xtec.cat\/ceipjoanxxiii-lesborges\/wp-json\/wp\/v2\/comments?post=698"}],"version-history":[{"count":4,"href":"https:\/\/agora.xtec.cat\/ceipjoanxxiii-lesborges\/wp-json\/wp\/v2\/pages\/698\/revisions"}],"predecessor-version":[{"id":1321,"href":"https:\/\/agora.xtec.cat\/ceipjoanxxiii-lesborges\/wp-json\/wp\/v2\/pages\/698\/revisions\/1321"}],"up":[{"embeddable":true,"href":"https:\/\/agora.xtec.cat\/ceipjoanxxiii-lesborges\/wp-json\/wp\/v2\/pages\/36"}],"wp:attachment":[{"href":"https:\/\/agora.xtec.cat\/ceipjoanxxiii-lesborges\/wp-json\/wp\/v2\/media?parent=698"}],"curies":[{"name":"wp","href":"https:\/\/api.w.org\/{rel}","templated":true}]}}