{"id":2713,"date":"2024-06-18T19:10:09","date_gmt":"2024-06-18T17:10:09","guid":{"rendered":"https:\/\/agora.xtec.cat\/ceipjoanxxiii-lesborges\/?page_id=2713"},"modified":"2024-06-18T19:25:27","modified_gmt":"2024-06-18T17:25:27","slug":"ieduca","status":"publish","type":"page","link":"https:\/\/agora.xtec.cat\/ceipjoanxxiii-lesborges\/ieduca\/","title":{"rendered":"Ieduca Tokapp"},"content":{"rendered":"<p>La nostra escola utilitza la plataforma\u00a0<strong><span class=\"hiddenSpellError\">Ieduca<\/span>\u00a0<span class=\"hiddenSpellError\">Tokapp<\/span><\/strong>\u00a0per fer la tramesa de diferents informacions a les fam\u00edlies (<em>avisos, notificacions, pagaments, etc.<\/em>).<br \/>\nA trav\u00e9s d&#8217;aquesta aplicaci\u00f3, podem mantenir un contacte f\u00e0cil i fluid fam\u00edlia-escola amb les tutories, professorat del centre i equip directiu, aix\u00ed com rebre el control d&#8217;assist\u00e8ncia de l&#8217;alumnat, i notificacions de l&#8217;AFA.<\/p>\n<p>Podeu descarregar l&#8217;aplicaci\u00f3\u00a0<span class=\"hiddenSpellError\">iEduca<\/span>\u00a0<span class=\"hiddenSpellError\">Tokapp<\/span>\u00a0a trav\u00e9s de Google Play \/ App Store del vostre tel\u00e8fon m\u00f2bil de forma gratu\u00efta, i accedir-hi amb l&#8217;usuari i contrasenya que rebreu al vostre correu electr\u00f2nic.<\/p>\n<p>Aqu\u00ed teniu una guia per a les fam\u00edlies: <a href=\"https:\/\/agora.xtec.cat\/ceipjoanxxiii-lesborges\/wp-content\/uploads\/usu2151\/2024\/06\/Guia-iEduca-per-les-families.pdf\">Guia iEduca per les fam\u00edlies<\/a><\/p>\n<p style=\"text-align: center;\"><a href=\"https:\/\/agora.xtec.cat\/ceipjoanxxiii-lesborges\/wp-content\/uploads\/usu2151\/2024\/06\/ieducatokapp.png\"><img loading=\"lazy\" decoding=\"async\" class=\"alignnone size-medium wp-image-2721\" src=\"https:\/\/agora.xtec.cat\/ceipjoanxxiii-lesborges\/wp-content\/uploads\/usu2151\/2024\/06\/ieducatokapp-300x50.png\" alt=\"\" width=\"300\" height=\"50\" srcset=\"https:\/\/agora.xtec.cat\/ceipjoanxxiii-lesborges\/wp-content\/uploads\/usu2151\/2024\/06\/ieducatokapp-300x50.png 300w, https:\/\/agora.xtec.cat\/ceipjoanxxiii-lesborges\/wp-content\/uploads\/usu2151\/2024\/06\/ieducatokapp.png 571w\" sizes=\"auto, (max-width: 300px) 100vw, 300px\" \/><\/a><\/p>\n","protected":false},"excerpt":{"rendered":"<p>La nostra escola utilitza la plataforma\u00a0Ieduca\u00a0Tokapp\u00a0per fer la tramesa de diferents informacions a les fam\u00edlies (avisos, notificacions, pagaments, etc.).<br \/>\nA trav\u00e9s d&#8217;aquesta aplicaci\u00f3, podem mantenir un contacte f\u00e0cil i fluid fam\u00edlia-escola amb les tutories, professorat del centre i equip directiu, aix\u00ed com rebre el control d&#8217;assist\u00e8ncia&hellip;  <a href=\"https:\/\/agora.xtec.cat\/ceipjoanxxiii-lesborges\/ieduca\/\" title=\"Read Ieduca Tokapp\">Llegeix m\u00e9s\u00bb<\/a><\/p>\n","protected":false},"author":1,"featured_media":0,"parent":0,"menu_order":0,"comment_status":"closed","ping_status":"closed","template":"","meta":{"_bbp_topic_count":0,"_bbp_reply_count":0,"_bbp_total_topic_count":0,"_bbp_total_reply_count":0,"_bbp_voice_count":0,"_bbp_anonymous_reply_count":0,"_bbp_topic_count_hidden":0,"_bbp_reply_count_hidden":0,"_bbp_forum_subforum_count":0,"footnotes":""},"class_list":["post-2713","page","type-page","status-publish","hentry"],"post_mailing_queue_ids":[],"_links":{"self":[{"href":"https:\/\/agora.xtec.cat\/ceipjoanxxiii-lesborges\/wp-json\/wp\/v2\/pages\/2713","targetHints":{"allow":["GET"]}}],"collection":[{"href":"https:\/\/agora.xtec.cat\/ceipjoanxxiii-lesborges\/wp-json\/wp\/v2\/pages"}],"about":[{"href":"https:\/\/agora.xtec.cat\/ceipjoanxxiii-lesborges\/wp-json\/wp\/v2\/types\/page"}],"author":[{"embeddable":true,"href":"https:\/\/agora.xtec.cat\/ceipjoanxxiii-lesborges\/wp-json\/wp\/v2\/users\/1"}],"replies":[{"embeddable":true,"href":"https:\/\/agora.xtec.cat\/ceipjoanxxiii-lesborges\/wp-json\/wp\/v2\/comments?post=2713"}],"version-history":[{"count":3,"href":"https:\/\/agora.xtec.cat\/ceipjoanxxiii-lesborges\/wp-json\/wp\/v2\/pages\/2713\/revisions"}],"predecessor-version":[{"id":2722,"href":"https:\/\/agora.xtec.cat\/ceipjoanxxiii-lesborges\/wp-json\/wp\/v2\/pages\/2713\/revisions\/2722"}],"wp:attachment":[{"href":"https:\/\/agora.xtec.cat\/ceipjoanxxiii-lesborges\/wp-json\/wp\/v2\/media?parent=2713"}],"curies":[{"name":"wp","href":"https:\/\/api.w.org\/{rel}","templated":true}]}}