{"id":84,"date":"2014-09-18T14:11:31","date_gmt":"2014-09-18T13:11:31","guid":{"rendered":"http:\/\/agora.xtec.cat\/ceipjoansolans\/?page_id=84"},"modified":"2025-03-13T12:18:29","modified_gmt":"2025-03-13T11:18:29","slug":"activitats-extraescolars","status":"publish","type":"page","link":"https:\/\/agora.xtec.cat\/ceipjoansolans\/serveis\/activitats-extraescolars\/","title":{"rendered":"Activitats extraescolars"},"content":{"rendered":"<p>&#8211; Extraescolar d&#8217;esport: s&#8217;organitzen grups per nivells i estan centrades en l&#8217;handbol. Cada grup fa dues sessi\u00f3n de 1 hora i 30 minuts. El preu de l&#8217;activitat \u00e9s de 74 Euros anuals. Les fam\u00edlies poden demanar l&#8217;ajut per activitats esportives.<\/p>\n<p>&#8211; Extraescolar d&#8217;angl\u00e8s: l&#8217;activitat la realitza MS &amp; MR Language\u00a0 i t\u00e9 un preu de 30 euros mensuals. El grups son per nivells i es fa una sessi\u00f3 d&#8217;una hora per setmana.<\/p>\n<p>&#8211; Refor\u00e7 escolar: S&#8217;encarrega de portar-lo a terme la Fundaci\u00f3 Reir de Granollers. Esta destinada a alumnes de prim\u00e0ria en grups redu\u00efts de deu alumnes. Es fan dos grups: primer, segon, tercer i quart, cinqu\u00e8 i sis\u00e8. Es realitzen dos sessions a la setmana de una hora de durada.<\/p>\n","protected":false},"excerpt":{"rendered":"<p>&#8211; Extraescolar d&#8217;esport: s&#8217;organitzen grups per nivells i estan centrades en l&#8217;handbol. Cada grup fa dues sessi\u00f3n de 1 hora i 30 minuts. El preu de l&#8217;activitat \u00e9s de 74 Euros anuals. Les fam\u00edlies poden demanar l&#8217;ajut per activitats esportives.<br \/>\n&#8211; Extraescolar d&#8217;angl\u00e8s: l&#8217;activitat la realitza&hellip;  <a href=\"https:\/\/agora.xtec.cat\/ceipjoansolans\/serveis\/activitats-extraescolars\/\" title=\"Read Activitats extraescolars\">Llegeix m\u00e9s\u00bb<\/a><\/p>\n","protected":false},"author":1,"featured_media":0,"parent":66,"menu_order":60,"comment_status":"closed","ping_status":"closed","template":"page-templates\/side-menu.php","meta":{"_bbp_topic_count":0,"_bbp_reply_count":0,"_bbp_total_topic_count":0,"_bbp_total_reply_count":0,"_bbp_voice_count":0,"_bbp_anonymous_reply_count":0,"_bbp_topic_count_hidden":0,"_bbp_reply_count_hidden":0,"_bbp_forum_subforum_count":0,"footnotes":""},"class_list":["post-84","page","type-page","status-publish","hentry"],"post_mailing_queue_ids":[],"_links":{"self":[{"href":"https:\/\/agora.xtec.cat\/ceipjoansolans\/wp-json\/wp\/v2\/pages\/84","targetHints":{"allow":["GET"]}}],"collection":[{"href":"https:\/\/agora.xtec.cat\/ceipjoansolans\/wp-json\/wp\/v2\/pages"}],"about":[{"href":"https:\/\/agora.xtec.cat\/ceipjoansolans\/wp-json\/wp\/v2\/types\/page"}],"author":[{"embeddable":true,"href":"https:\/\/agora.xtec.cat\/ceipjoansolans\/wp-json\/wp\/v2\/users\/1"}],"replies":[{"embeddable":true,"href":"https:\/\/agora.xtec.cat\/ceipjoansolans\/wp-json\/wp\/v2\/comments?post=84"}],"version-history":[{"count":6,"href":"https:\/\/agora.xtec.cat\/ceipjoansolans\/wp-json\/wp\/v2\/pages\/84\/revisions"}],"predecessor-version":[{"id":4950,"href":"https:\/\/agora.xtec.cat\/ceipjoansolans\/wp-json\/wp\/v2\/pages\/84\/revisions\/4950"}],"up":[{"embeddable":true,"href":"https:\/\/agora.xtec.cat\/ceipjoansolans\/wp-json\/wp\/v2\/pages\/66"}],"wp:attachment":[{"href":"https:\/\/agora.xtec.cat\/ceipjoansolans\/wp-json\/wp\/v2\/media?parent=84"}],"curies":[{"name":"wp","href":"https:\/\/api.w.org\/{rel}","templated":true}]}}