{"id":73,"date":"2014-09-18T14:01:51","date_gmt":"2014-09-18T13:01:51","guid":{"rendered":"http:\/\/agora.xtec.cat\/ceipjoansolans\/?page_id=73"},"modified":"2026-03-25T15:08:01","modified_gmt":"2026-03-25T14:08:01","slug":"menjador-escolar","status":"publish","type":"page","link":"https:\/\/agora.xtec.cat\/ceipjoansolans\/serveis\/menjador-escolar\/","title":{"rendered":"Menjador escolar"},"content":{"rendered":"<p>El servei de menjador del centre t\u00e9 com a objectiu tenir cura dels nens i nenes entre l\u2019hora d\u2019acabament de les classes del mat\u00ed i el comen\u00e7ament de les classes de la tarda. Es realitza mitjan\u00e7ant servei de catering de l\u2019empresa TRESMES. A m\u00e9s dels menus generals, s&#8217;ofereixen menus especifics per a infants que presenten intolerancies i estiguin acreditades per a l&#8217;especialista de salut corresponent.<\/p>\n<p>El preu del menjador \u00e9s de 7,13\u20ac els fixes i 7.85\u20ac els espor\u00e0dics.<\/p>\n<p><img decoding=\"async\" class=\"normal-logo aligncenter\" src=\"https:\/\/tresmes.com\/wp-content\/uploads\/2018\/05\/3mes_logo_140.jpg\" alt=\"tresmes ecoactiva\" \/><\/p>\n<p><a href=\"https:\/\/tresmes.com\/\">https:\/\/tresmes.com\/<\/a><\/p>\n<p><strong><a href=\"https:\/\/docs.google.com\/document\/d\/1L5Bponit-THLyeUkOclKeEnLBQFSASYwhEiIJYSP2T4\/edit?usp=sharing\">MEDICAMENTS<\/a><\/strong><\/p>\n<p>&nbsp;<\/p>\n<table style=\"border-collapse: collapse; width: 100%; height: 124px;\" border=\"1\">\n<tbody>\n<tr style=\"height: 30px;\">\n<td style=\"width: 25%; text-align: center; height: 30px;\">Setembre<\/td>\n<td style=\"width: 25%; text-align: center; height: 30px;\">Octubre<\/td>\n<td style=\"width: 25%; text-align: center; height: 30px;\">Novembre<\/td>\n<td style=\"width: 25%; text-align: center; height: 30px;\">Desembre<\/td>\n<\/tr>\n<tr style=\"height: 94px;\">\n<td style=\"width: 25%; text-align: center; height: 94px;\"><a href=\"https:\/\/drive.google.com\/file\/d\/1m2KrOCS74scGEqbFPxZexrVxPPJ3v09s\/view?usp=sharing\" target=\"_blank\" rel=\"noopener noreferrer\">Men\u00fa Normal<\/a><\/p>\n<p><a href=\"https:\/\/drive.google.com\/file\/d\/1dtS5SkZB1GD7Z13USpLEHjocDUfzWjzd\/view?usp=sharing\" target=\"_blank\" rel=\"noopener noreferrer\">Men\u00fa Vegetaria<\/a><\/p>\n<p><a href=\"https:\/\/drive.google.com\/file\/d\/1KsvfA1FV6ZMBUNB12F5GtO2on6WuY-NS\/view?usp=sharing\" target=\"_blank\" rel=\"noopener noreferrer\">Menu no Porc<\/a><\/td>\n<td style=\"width: 25%; text-align: center; height: 94px;\"><a href=\"https:\/\/drive.google.com\/file\/d\/1hxhZB59DZEwPafoy5qRo9x-_p7lLWpzI\/view?usp=sharing\" target=\"_blank\" rel=\"noopener noreferrer\">Men\u00fa Normal<\/a><\/p>\n<p><a href=\"https:\/\/drive.google.com\/file\/d\/1jqqzcDOzq9XCMAzevSfivGJnEOfkBgJs\/view?usp=sharing\" target=\"_blank\" rel=\"noopener noreferrer\">Men\u00fa Vegetaria<\/a><\/p>\n<p><a href=\"https:\/\/drive.google.com\/file\/d\/1cm67LG8bMvX8WT20IquHrjIkqxbwsQND\/view?usp=sharing\" target=\"_blank\" rel=\"noopener noreferrer\">Menu no Porc<\/a><\/td>\n<td style=\"width: 25%; text-align: center; height: 94px;\"><a href=\"https:\/\/drive.google.com\/file\/d\/1uazye4dh7j72_q1ND4Uwiyv-rccR1-Q5\/view?usp=sharing\" target=\"_blank\" rel=\"noopener noreferrer\">Men\u00fa Normal<\/a><\/p>\n<p><a href=\"https:\/\/drive.google.com\/file\/d\/1-5mCCN6Rqrf9WPAgdbddGTgpW5W7r7zS\/view?usp=sharing\" target=\"_blank\" rel=\"noopener noreferrer\">Men\u00fa Vegetaria<\/a><\/p>\n<p><a href=\"https:\/\/drive.google.com\/file\/d\/1MEF1U8haWXz2FSAtlcIr4FnKcqAvN5yS\/view?usp=sharing\" target=\"_blank\" rel=\"noopener noreferrer\">Menu no Porc<\/a><\/td>\n<td style=\"width: 25%; text-align: center; height: 94px;\"><a href=\"https:\/\/drive.google.com\/file\/d\/1Q_wnlThjjSzgyltUHaxjbmvwSofejPh-\/view?usp=sharing\" target=\"_blank\" rel=\"noopener noreferrer\">Men\u00fa Normal<\/a><\/p>\n<p><a href=\"https:\/\/drive.google.com\/file\/d\/1OZoaYP7-bXpGKO1dw2HCpJ4LPJbJ0fCv\/view?usp=sharing\" target=\"_blank\" rel=\"noopener noreferrer\">Men\u00fa Vegetaria<\/a><\/p>\n<p><a href=\"https:\/\/drive.google.com\/file\/d\/1Qrp8M5VA8yzb9p-xcMAgkAQ3ERh_6nHm\/view?usp=sharing\" target=\"_blank\" rel=\"noopener noreferrer\">Menu no Porc<\/a><\/td>\n<\/tr>\n<\/tbody>\n<\/table>\n<table style=\"border-collapse: collapse; width: 101.37%; height: 60px;\" border=\"1\">\n<tbody>\n<tr style=\"height: 30px;\">\n<td style=\"width: 25%; text-align: center; height: 30px;\">Gener<\/td>\n<td style=\"width: 25%; text-align: center; height: 30px;\">Febrer<\/td>\n<td style=\"width: 25%; text-align: center; height: 30px;\">Mar\u00e7<\/td>\n<td style=\"width: 25%; text-align: center; height: 30px;\">Abril<\/td>\n<td style=\"width: 1.36986%;\"><\/td>\n<\/tr>\n<tr style=\"height: 30px;\">\n<td style=\"width: 25%; text-align: center; height: 30px;\"><a href=\"https:\/\/drive.google.com\/file\/d\/1AtG-FKwqS1kK4czl2U2QGmMVWR-89E1j\/view?usp=sharing\" target=\"_blank\" rel=\"noopener noreferrer\">Men\u00fa Normal<\/a><\/p>\n<p><a href=\"https:\/\/drive.google.com\/file\/d\/1OZoaYP7-bXpGKO1dw2HCpJ4LPJbJ0fCv\/view?usp=sharing\" target=\"_blank\" rel=\"noopener noreferrer\">Men\u00fa Vegetaria<\/a><\/p>\n<p><a href=\"https:\/\/drive.google.com\/file\/d\/1qzXsmTzHfWiVEzg9z7-KUa8oWTRSvMLn\/view?usp=sharing\" target=\"_blank\" rel=\"noopener noreferrer\">Menu no Porc<\/a><\/td>\n<td style=\"width: 25%; text-align: center; height: 30px;\"><a href=\"https:\/\/drive.google.com\/file\/d\/1nr1JHLx3PyP6Qp8P83BUbgnVLuYfHZ0G\/view?usp=sharing\" target=\"_blank\" rel=\"noopener noreferrer\">Men\u00fa Normal<\/a><\/p>\n<p><a href=\"https:\/\/drive.google.com\/file\/d\/1ANZoPdFwqPgY2DnP1x_sUQgUKX59vbuu\/view?usp=sharing\" target=\"_blank\" rel=\"noopener noreferrer\">Men\u00fa Vegetaria<\/a><\/p>\n<p><a href=\"https:\/\/drive.google.com\/file\/d\/1hJh1lH74BNP_BCJcLQJwe1baU0ppN1tm\/view?usp=sharing\" target=\"_blank\" rel=\"noopener noreferrer\">Menu no Porc<\/a><\/td>\n<td style=\"width: 25%; text-align: center; height: 30px;\"><a href=\"https:\/\/drive.google.com\/file\/d\/1YI8TKz9RsIf6JP9iR5vUeiSkThzjZroV\/view?usp=sharing\" target=\"_blank\" rel=\"noopener noreferrer\">Men\u00fa Normal<\/a><\/p>\n<p><a href=\"https:\/\/drive.google.com\/file\/d\/12StU3vCFLKMs4O3yfUslaXrDFnYhNz3i\/view?usp=sharing\" target=\"_blank\" rel=\"noopener noreferrer\">Men\u00fa Vegetaria<\/a><\/p>\n<p><a href=\"https:\/\/drive.google.com\/file\/d\/1qD7Htl3eeonn_O53qNFr1d6U0C2z1SHo\/view?usp=sharing\" target=\"_blank\" rel=\"noopener noreferrer\">Menu no Porc<\/a><\/td>\n<td style=\"width: 25%; text-align: center; height: 30px;\"><a href=\"https:\/\/drive.google.com\/file\/d\/1ykB7WEJ02Gr0F4IKvn-x6zfMQUPvkmpZ\/view?usp=sharing\" target=\"_blank\" rel=\"noopener noreferrer\">Men\u00fa Normal<\/a><\/p>\n<p><a href=\"https:\/\/drive.google.com\/file\/d\/1BqBUanum9Wqk24F9ySpwmbZ2VkY274xc\/view?usp=sharing\" target=\"_blank\" rel=\"noopener noreferrer\">Men\u00fa Vegetaria<\/a><\/p>\n<p><a href=\"https:\/\/drive.google.com\/file\/d\/1pcys4eYicSGly6Xxqajss5w8slBWBEtf\/view?usp=sharing\" target=\"_blank\" rel=\"noopener noreferrer\">Menu no Porc<\/a><\/td>\n<td style=\"width: 1.36986%; text-align: center; height: 30px;\"><\/td>\n<\/tr>\n<\/tbody>\n<\/table>\n<table style=\"border-collapse: collapse; width: 49.7573%; height: 66px;\" border=\"1\">\n<tbody>\n<tr>\n<td style=\"width: 50%; text-align: center;\">Maig<\/td>\n<td style=\"width: 50%; text-align: center;\">Juny<\/td>\n<\/tr>\n<tr>\n<td style=\"width: 50%; text-align: center;\"><\/td>\n<td style=\"width: 50%; text-align: center;\"><\/td>\n<\/tr>\n<\/tbody>\n<\/table>\n<p>&nbsp;<\/p>\n<p>&nbsp;<\/p>\n<p>&nbsp;<\/p>\n","protected":false},"excerpt":{"rendered":"<p>El servei de menjador del centre t\u00e9 com a objectiu tenir cura dels nens i nenes entre l\u2019hora d\u2019acabament de les classes del mat\u00ed i el comen\u00e7ament de les classes de la tarda. Es realitza mitjan\u00e7ant servei de catering de l\u2019empresa TRESMES. A m\u00e9s dels&hellip;  <a href=\"https:\/\/agora.xtec.cat\/ceipjoansolans\/serveis\/menjador-escolar\/\" title=\"Read Menjador escolar\">Llegeix m\u00e9s\u00bb<\/a><\/p>\n","protected":false},"author":1,"featured_media":0,"parent":66,"menu_order":10,"comment_status":"closed","ping_status":"closed","template":"page-templates\/side-menu.php","meta":{"_bbp_topic_count":0,"_bbp_reply_count":0,"_bbp_total_topic_count":0,"_bbp_total_reply_count":0,"_bbp_voice_count":0,"_bbp_anonymous_reply_count":0,"_bbp_topic_count_hidden":0,"_bbp_reply_count_hidden":0,"_bbp_forum_subforum_count":0,"footnotes":""},"class_list":["post-73","page","type-page","status-publish","hentry"],"post_mailing_queue_ids":[],"_links":{"self":[{"href":"https:\/\/agora.xtec.cat\/ceipjoansolans\/wp-json\/wp\/v2\/pages\/73","targetHints":{"allow":["GET"]}}],"collection":[{"href":"https:\/\/agora.xtec.cat\/ceipjoansolans\/wp-json\/wp\/v2\/pages"}],"about":[{"href":"https:\/\/agora.xtec.cat\/ceipjoansolans\/wp-json\/wp\/v2\/types\/page"}],"author":[{"embeddable":true,"href":"https:\/\/agora.xtec.cat\/ceipjoansolans\/wp-json\/wp\/v2\/users\/1"}],"replies":[{"embeddable":true,"href":"https:\/\/agora.xtec.cat\/ceipjoansolans\/wp-json\/wp\/v2\/comments?post=73"}],"version-history":[{"count":6,"href":"https:\/\/agora.xtec.cat\/ceipjoansolans\/wp-json\/wp\/v2\/pages\/73\/revisions"}],"predecessor-version":[{"id":5337,"href":"https:\/\/agora.xtec.cat\/ceipjoansolans\/wp-json\/wp\/v2\/pages\/73\/revisions\/5337"}],"up":[{"embeddable":true,"href":"https:\/\/agora.xtec.cat\/ceipjoansolans\/wp-json\/wp\/v2\/pages\/66"}],"wp:attachment":[{"href":"https:\/\/agora.xtec.cat\/ceipjoansolans\/wp-json\/wp\/v2\/media?parent=73"}],"curies":[{"name":"wp","href":"https:\/\/api.w.org\/{rel}","templated":true}]}}