{"id":26,"date":"2014-09-18T12:24:32","date_gmt":"2014-09-18T11:24:32","guid":{"rendered":"http:\/\/agora.xtec.cat\/ceipjoansolans\/?page_id=26"},"modified":"2018-10-25T16:34:13","modified_gmt":"2018-10-25T14:34:13","slug":"historia","status":"publish","type":"page","link":"https:\/\/agora.xtec.cat\/ceipjoansolans\/lescola\/historia\/","title":{"rendered":"Hist\u00f2ria"},"content":{"rendered":"<p>Tot i que el mes de Gener de 1930 ja hi ha uns pl\u00e0nols de Manuel Raspall de la futura escola, no \u00e9s fins al 19 de juliol de 1934 que l&#8217;ajuntament acorda la construcci\u00f3, a la zona sud de la poblaci\u00f3, d&#8217;un edifici destinats a escoles de p\u00e0rvuls amb dues seccions, i aprova el projecte sota la direcci\u00f3 de l&#8217;arquitecte Manuel Lass\u00fas i Pecanins. En aquells moments, Manuel Raspall no se&#8217;n podia fer c\u00e0rrec perqu\u00e8 havia d&#8217;atendre diverses poblacions de les quals n&#8217;era l&#8217;arquitecte municipal.<\/p>\n<p>Aquest parvulari constava de dues aules de 64 m2 i estava pensat per acollir uns 50 alumnes cada una. Tamb\u00e9 tenien sala de professors, de material, i patis coberts. Els terrenys feien m\u00e9s de 7.000 m2.<\/p>\n<p>L&#8217;Edifici es va construir amb orientaci\u00f3 sud-sudoest per raons de clima. A m\u00e9s en tot moment es pens\u00e0 que potser m\u00e9s endavant caldria engrandir-lo, perqu\u00e8, en aquells moments era una zona de creixement urban\u00edstic. Solament hi havia cases de planta baixa al carrer Ricom\u00e0 i, excepte el centre escolar, tot eren camps.<\/p>\n<p>El dia 11 de Febrer de 1935, es decid\u00ed que la subhasta tindria lloc l&#8217; u de Mar\u00e7 i que les obres s&#8217;haurien de fer en un per\u00edode de 6 mesos.<\/p>\n<p>Efectivament s&#8217;obriren dues classes mixtes, separades en primer i segon grau de parvulari que portava llavors el no de Lu\u00eds Bello, per\u00f2 despr\u00e9s de la guerra civil pass\u00e0 a anomenar-se Joan Solans. Depenia de la direcci\u00f3 del col\u00b7legi Pereanton fins que es produ\u00ed el creixement previst, i va caldre enderrocar l&#8217;edifici per construir l&#8217;actual escola inaugurada el 18 de Juliol de 1969, amb altres edificis de la ciutat. Durant el franquisme, es feien coincidir algunes inauguracions amb la data de l&#8217;inici del conflicte b\u00e8l\u00b7lic.<\/p>\n<p>Durant els \u00faltims cursos, l&#8217;escola tenia una classe mixta de p\u00e0rvuls i una classe mixta unit\u00e0ria. Amb el nou edifici l&#8217;escola pass\u00e0 a tenir tots els cursos; amb la implantaci\u00f3 de la LGE s&#8217;independitz\u00e0 del col\u00b7legi Pereanton.<\/p>\n<p>&nbsp;<\/p>\n<p>Joan Solans Iri\u00f3. Havia vingut a viure l&#8217;any 1929. Era mestre del col\u00b7legi Pereanton, i l&#8217;any 1935 en va ser el director. Era conegut com una persona molt cristiana. Durant el per\u00edode b\u00e8l.lic es produ\u00efren diversos atemptats contra persones civils la vida de les quals estava vinculada a la confessionalitat religiosa.<\/p>\n<p>Joan Solans fou assassinat l&#8217;any 1936 als 45 anys.<\/p>\n<p>En acabar la guerra es public\u00e0 a l&#8217;Ajuntament una llista de noms de persones rellevants assassinades entre els quals hi havia el seu. Llavors es decid\u00ed el canvi de nom de l&#8217;escola.<\/p>\n<p>&nbsp;<\/p>\n","protected":false},"excerpt":{"rendered":"<p>Tot i que el mes de Gener de 1930 ja hi ha uns pl\u00e0nols de Manuel Raspall de la futura escola, no \u00e9s fins al 19 de juliol de 1934 que l&#8217;ajuntament acorda la construcci\u00f3, a la zona sud de la poblaci\u00f3, d&#8217;un edifici destinats&hellip;  <a href=\"https:\/\/agora.xtec.cat\/ceipjoansolans\/lescola\/historia\/\" title=\"Read Hist\u00f2ria\">Llegeix m\u00e9s\u00bb<\/a><\/p>\n","protected":false},"author":1,"featured_media":0,"parent":22,"menu_order":20,"comment_status":"closed","ping_status":"closed","template":"page-templates\/side-menu.php","meta":{"_bbp_topic_count":0,"_bbp_reply_count":0,"_bbp_total_topic_count":0,"_bbp_total_reply_count":0,"_bbp_voice_count":0,"_bbp_anonymous_reply_count":0,"_bbp_topic_count_hidden":0,"_bbp_reply_count_hidden":0,"_bbp_forum_subforum_count":0,"footnotes":""},"class_list":["post-26","page","type-page","status-publish","hentry"],"post_mailing_queue_ids":[],"_links":{"self":[{"href":"https:\/\/agora.xtec.cat\/ceipjoansolans\/wp-json\/wp\/v2\/pages\/26","targetHints":{"allow":["GET"]}}],"collection":[{"href":"https:\/\/agora.xtec.cat\/ceipjoansolans\/wp-json\/wp\/v2\/pages"}],"about":[{"href":"https:\/\/agora.xtec.cat\/ceipjoansolans\/wp-json\/wp\/v2\/types\/page"}],"author":[{"embeddable":true,"href":"https:\/\/agora.xtec.cat\/ceipjoansolans\/wp-json\/wp\/v2\/users\/1"}],"replies":[{"embeddable":true,"href":"https:\/\/agora.xtec.cat\/ceipjoansolans\/wp-json\/wp\/v2\/comments?post=26"}],"version-history":[{"count":4,"href":"https:\/\/agora.xtec.cat\/ceipjoansolans\/wp-json\/wp\/v2\/pages\/26\/revisions"}],"predecessor-version":[{"id":1564,"href":"https:\/\/agora.xtec.cat\/ceipjoansolans\/wp-json\/wp\/v2\/pages\/26\/revisions\/1564"}],"up":[{"embeddable":true,"href":"https:\/\/agora.xtec.cat\/ceipjoansolans\/wp-json\/wp\/v2\/pages\/22"}],"wp:attachment":[{"href":"https:\/\/agora.xtec.cat\/ceipjoansolans\/wp-json\/wp\/v2\/media?parent=26"}],"curies":[{"name":"wp","href":"https:\/\/api.w.org\/{rel}","templated":true}]}}