{"id":84,"date":"2014-09-18T14:11:31","date_gmt":"2014-09-18T13:11:31","guid":{"rendered":"http:\/\/agora.xtec.cat\/ceipjoansanpera\/?page_id=84"},"modified":"2026-02-01T23:17:49","modified_gmt":"2026-02-01T22:17:49","slug":"activitats-extraescolars","status":"publish","type":"page","link":"https:\/\/agora.xtec.cat\/ceipjoansanpera\/serveis\/activitats-extraescolars\/","title":{"rendered":"Activitats extraescolars"},"content":{"rendered":"<p>A continuaci\u00f3 es presenta la distribuci\u00f3 per dies i grups de les extraescolars del curs 2025-26<\/p>\n<p style=\"font-weight: 400; text-align: center;\"><a href=\"https:\/\/agora.xtec.cat\/ceipjoansanpera\/wp-content\/uploads\/usu1583\/2026\/02\/extraescoalrs-25-26.png\"><img loading=\"lazy\" decoding=\"async\" class=\"aligncenter size-full wp-image-10914\" src=\"https:\/\/agora.xtec.cat\/ceipjoansanpera\/wp-content\/uploads\/usu1583\/2026\/02\/extraescoalrs-25-26.png\" alt=\"\" width=\"783\" height=\"548\" srcset=\"https:\/\/agora.xtec.cat\/ceipjoansanpera\/wp-content\/uploads\/usu1583\/2026\/02\/extraescoalrs-25-26.png 783w, https:\/\/agora.xtec.cat\/ceipjoansanpera\/wp-content\/uploads\/usu1583\/2026\/02\/extraescoalrs-25-26-300x210.png 300w, https:\/\/agora.xtec.cat\/ceipjoansanpera\/wp-content\/uploads\/usu1583\/2026\/02\/extraescoalrs-25-26-768x538.png 768w\" sizes=\"auto, (max-width: 783px) 100vw, 783px\" \/><\/a><\/p>\n<div class=\"separator\">\n<p><span lang=\"CA\"><span lang=\"CA\">\u00a0<b><\/b><\/span><\/span><\/p>\n<div class=\"separator\"><span lang=\"CA\"><b>Informaci\u00f3 i condicions d&#8217;\u00fas:<\/b><\/span><span class=\"WdYUQQ\"><br \/>\n<\/span><\/div>\n<div class=\"separator\">\n<ul>\n<li><span class=\"WdYUQQ\">Per participar de les activitats,<\/span><span class=\"WdYUQQ\">\u00a0\u00e9s obligatori ser SOCIS de l&#8217;AFA<\/span><span class=\"WdYUQQ\">.<\/span><\/li>\n<li><span class=\"WdYUQQ\">Per a les activitats de l&#8217;Espai Tarda,\u00a0<\/span><span class=\"WdYUQQ\">Tresmes ofereix un servei de berenar<\/span><span class=\"WdYUQQ\">. Els interessats hauran de posar-se en contacte amb l&#8217;AFA.<\/span><\/li>\n<li><span class=\"WdYUQQ\">L&#8217;assignaci\u00f3 de places es far\u00e0 en ordre d&#8217;inscripci\u00f3<\/span><span class=\"WdYUQQ\">\u00a0fins a arribar al m\u00e0xim establert per a cada activitat.<\/span><\/li>\n<li><span class=\"WdYUQQ\">La realitzaci\u00f3 de les activitats est\u00e0 condicionada\u00a0<\/span><span class=\"WdYUQQ\">a un m\u00ednim de participants<\/span><span class=\"WdYUQQ\">\u00a0en funci\u00f3 de l&#8217;empresa. En cas de no arribar-hi, l&#8217;activitat ser\u00e0 cancel\u00b7lada.<\/span><\/li>\n<li><span class=\"WdYUQQ\">Totes les activitats tindran data\u00a0<\/span><span class=\"WdYUQQ\">d&#8217;inici a la primera setmana d&#8217;octubre i finalitzaran l&#8217;\u00faltima de maig. Excepte Kids &amp; Us que s&#8217;inicia a mitjans de setembre i finalitza a mitjans de juny.<\/span><\/li>\n<li><span class=\"WdYUQQ\">La data l\u00edmit d&#8217;inscripci\u00f3 \u00e9s el 16 de setembre<\/span><span class=\"WdYUQQ\">, despr\u00e9s d&#8217;aquesta data ser\u00e0 en funci\u00f3 de disponibilitat de places.<\/span><\/li>\n<li><span class=\"WdYUQQ\">En l&#8217;enlla\u00e7 anterior trobareu tota la informaci\u00f3 referent a cada activitat, aix\u00ed com el procediment per formalitzar la inscripci\u00f3.<\/span><\/li>\n<\/ul>\n<\/div>\n<\/div>\n","protected":false},"excerpt":{"rendered":"<p>A continuaci\u00f3 es presenta la distribuci\u00f3 per dies i grups de les extraescolars del curs 2025-26 \u00a0 Informaci\u00f3 i condicions d&#8217;\u00fas: Per participar de les activitats,\u00a0\u00e9s obligatori ser SOCIS de l&#8217;AFA. Per a les activitats de l&#8217;Espai Tarda,\u00a0Tresmes ofereix un servei de berenar. Els interessats hauran de posar-se en contacte amb l&#8217;AFA. L&#8217;assignaci\u00f3 de places [&hellip;]<\/p>\n","protected":false},"author":1,"featured_media":0,"parent":66,"menu_order":60,"comment_status":"closed","ping_status":"closed","template":"page-templates\/side-menu.php","meta":{"site-sidebar-layout":"default","site-content-layout":"","ast-site-content-layout":"","site-content-style":"default","site-sidebar-style":"default","ast-global-header-display":"","ast-banner-title-visibility":"","ast-main-header-display":"","ast-hfb-above-header-display":"","ast-hfb-below-header-display":"","ast-hfb-mobile-header-display":"","site-post-title":"","ast-breadcrumbs-content":"","ast-featured-img":"","footer-sml-layout":"","theme-transparent-header-meta":"","adv-header-id-meta":"","stick-header-meta":"","header-above-stick-meta":"","header-main-stick-meta":"","header-below-stick-meta":"","astra-migrate-meta-layouts":"default","ast-page-background-enabled":"default","ast-page-background-meta":{"desktop":{"background-color":"var(--ast-global-color-4)","background-image":"","background-repeat":"repeat","background-position":"center center","background-size":"auto","background-attachment":"scroll","background-type":"","background-media":"","overlay-type":"","overlay-color":"","overlay-opacity":"","overlay-gradient":""},"tablet":{"background-color":"","background-image":"","background-repeat":"repeat","background-position":"center center","background-size":"auto","background-attachment":"scroll","background-type":"","background-media":"","overlay-type":"","overlay-color":"","overlay-opacity":"","overlay-gradient":""},"mobile":{"background-color":"","background-image":"","background-repeat":"repeat","background-position":"center center","background-size":"auto","background-attachment":"scroll","background-type":"","background-media":"","overlay-type":"","overlay-color":"","overlay-opacity":"","overlay-gradient":""}},"ast-content-background-meta":{"desktop":{"background-color":"var(--ast-global-color-5)","background-image":"","background-repeat":"repeat","background-position":"center center","background-size":"auto","background-attachment":"scroll","background-type":"","background-media":"","overlay-type":"","overlay-color":"","overlay-opacity":"","overlay-gradient":""},"tablet":{"background-color":"var(--ast-global-color-5)","background-image":"","background-repeat":"repeat","background-position":"center center","background-size":"auto","background-attachment":"scroll","background-type":"","background-media":"","overlay-type":"","overlay-color":"","overlay-opacity":"","overlay-gradient":""},"mobile":{"background-color":"var(--ast-global-color-5)","background-image":"","background-repeat":"repeat","background-position":"center center","background-size":"auto","background-attachment":"scroll","background-type":"","background-media":"","overlay-type":"","overlay-color":"","overlay-opacity":"","overlay-gradient":""}},"footnotes":""},"class_list":["post-84","page","type-page","status-publish","hentry"],"post_mailing_queue_ids":[],"_links":{"self":[{"href":"https:\/\/agora.xtec.cat\/ceipjoansanpera\/wp-json\/wp\/v2\/pages\/84","targetHints":{"allow":["GET"]}}],"collection":[{"href":"https:\/\/agora.xtec.cat\/ceipjoansanpera\/wp-json\/wp\/v2\/pages"}],"about":[{"href":"https:\/\/agora.xtec.cat\/ceipjoansanpera\/wp-json\/wp\/v2\/types\/page"}],"author":[{"embeddable":true,"href":"https:\/\/agora.xtec.cat\/ceipjoansanpera\/wp-json\/wp\/v2\/users\/1"}],"replies":[{"embeddable":true,"href":"https:\/\/agora.xtec.cat\/ceipjoansanpera\/wp-json\/wp\/v2\/comments?post=84"}],"version-history":[{"count":7,"href":"https:\/\/agora.xtec.cat\/ceipjoansanpera\/wp-json\/wp\/v2\/pages\/84\/revisions"}],"predecessor-version":[{"id":10915,"href":"https:\/\/agora.xtec.cat\/ceipjoansanpera\/wp-json\/wp\/v2\/pages\/84\/revisions\/10915"}],"up":[{"embeddable":true,"href":"https:\/\/agora.xtec.cat\/ceipjoansanpera\/wp-json\/wp\/v2\/pages\/66"}],"wp:attachment":[{"href":"https:\/\/agora.xtec.cat\/ceipjoansanpera\/wp-json\/wp\/v2\/media?parent=84"}],"curies":[{"name":"wp","href":"https:\/\/api.w.org\/{rel}","templated":true}]}}