{"id":77,"date":"2014-09-18T14:05:08","date_gmt":"2014-09-18T13:05:08","guid":{"rendered":"http:\/\/agora.xtec.cat\/ceipjoansanpera\/?page_id=77"},"modified":"2026-02-01T23:18:55","modified_gmt":"2026-02-01T22:18:55","slug":"acollida","status":"publish","type":"page","link":"https:\/\/agora.xtec.cat\/ceipjoansanpera\/serveis\/acollida\/","title":{"rendered":"Acollida (Mat\u00ed i tarda)"},"content":{"rendered":"<p><a href=\"http:\/\/agora.xtec.cat\/ceipjoansanpera\/wp-content\/uploads\/usu1583\/2014\/09\/logo-tresmes-ecoactiva.jpg\"><img loading=\"lazy\" decoding=\"async\" class=\" wp-image-5558\" src=\"http:\/\/agora.xtec.cat\/ceipjoansanpera\/wp-content\/uploads\/usu1583\/2014\/09\/logo-tresmes-ecoactiva.jpg\" alt=\"\" width=\"127\" height=\"85\" srcset=\"https:\/\/agora.xtec.cat\/ceipjoansanpera\/wp-content\/uploads\/usu1583\/2014\/09\/logo-tresmes-ecoactiva.jpg 700w, https:\/\/agora.xtec.cat\/ceipjoansanpera\/wp-content\/uploads\/usu1583\/2014\/09\/logo-tresmes-ecoactiva-300x200.jpg 300w\" sizes=\"auto, (max-width: 127px) 100vw, 127px\" \/><\/a><\/p>\n<p>L&#8217;escola ofereix un servei d&#8217;acollida de mat\u00ed i de tarda. Aquest servei est\u00e0 gestionat des de l&#8217;empresa <em><a href=\"https:\/\/tresmes.com\/\">tresmes ecoactiva<\/a>.<\/em><\/p>\n<p>L&#8217;horari de l&#8217;acollida de mat\u00ed \u00e9s de 7.30 a 9.00h (inclou esmorzar).<br \/>\nL&#8217;horari d&#8217;acollida de la tarda \u00e9s de 16.30 a 17.30h (inclou berenar)<\/p>\n<p>Els infants poden accedir al servei cada mitja hora.<\/p>\n<p><strong>Preus CURS 2025-26<\/strong><\/p>\n<p><a href=\"https:\/\/agora.xtec.cat\/ceipjoansanpera\/wp-content\/uploads\/usu1583\/2026\/02\/acollida.jpg\"><img loading=\"lazy\" decoding=\"async\" class=\"aligncenter size-full wp-image-10912\" src=\"https:\/\/agora.xtec.cat\/ceipjoansanpera\/wp-content\/uploads\/usu1583\/2026\/02\/acollida.jpg\" alt=\"\" width=\"1056\" height=\"564\" srcset=\"https:\/\/agora.xtec.cat\/ceipjoansanpera\/wp-content\/uploads\/usu1583\/2026\/02\/acollida.jpg 1056w, https:\/\/agora.xtec.cat\/ceipjoansanpera\/wp-content\/uploads\/usu1583\/2026\/02\/acollida-300x160.jpg 300w, https:\/\/agora.xtec.cat\/ceipjoansanpera\/wp-content\/uploads\/usu1583\/2026\/02\/acollida-1024x547.jpg 1024w, https:\/\/agora.xtec.cat\/ceipjoansanpera\/wp-content\/uploads\/usu1583\/2026\/02\/acollida-768x410.jpg 768w\" sizes=\"auto, (max-width: 1056px) 100vw, 1056px\" \/><\/a><\/p>\n","protected":false},"excerpt":{"rendered":"<p>L&#8217;escola ofereix un servei d&#8217;acollida de mat\u00ed i de tarda. Aquest servei est\u00e0 gestionat des de l&#8217;empresa tresmes ecoactiva. L&#8217;horari de l&#8217;acollida de mat\u00ed \u00e9s de 7.30 a 9.00h (inclou esmorzar). L&#8217;horari d&#8217;acollida de la tarda \u00e9s de 16.30 a 17.30h (inclou berenar) Els infants poden accedir al servei cada mitja hora. Preus CURS 2025-26<\/p>\n","protected":false},"author":1,"featured_media":0,"parent":66,"menu_order":20,"comment_status":"closed","ping_status":"closed","template":"page-templates\/side-menu.php","meta":{"site-sidebar-layout":"default","site-content-layout":"","ast-site-content-layout":"","site-content-style":"default","site-sidebar-style":"default","ast-global-header-display":"","ast-banner-title-visibility":"","ast-main-header-display":"","ast-hfb-above-header-display":"","ast-hfb-below-header-display":"","ast-hfb-mobile-header-display":"","site-post-title":"","ast-breadcrumbs-content":"","ast-featured-img":"","footer-sml-layout":"","theme-transparent-header-meta":"","adv-header-id-meta":"","stick-header-meta":"","header-above-stick-meta":"","header-main-stick-meta":"","header-below-stick-meta":"","astra-migrate-meta-layouts":"default","ast-page-background-enabled":"default","ast-page-background-meta":{"desktop":{"background-color":"var(--ast-global-color-4)","background-image":"","background-repeat":"repeat","background-position":"center center","background-size":"auto","background-attachment":"scroll","background-type":"","background-media":"","overlay-type":"","overlay-color":"","overlay-opacity":"","overlay-gradient":""},"tablet":{"background-color":"","background-image":"","background-repeat":"repeat","background-position":"center center","background-size":"auto","background-attachment":"scroll","background-type":"","background-media":"","overlay-type":"","overlay-color":"","overlay-opacity":"","overlay-gradient":""},"mobile":{"background-color":"","background-image":"","background-repeat":"repeat","background-position":"center center","background-size":"auto","background-attachment":"scroll","background-type":"","background-media":"","overlay-type":"","overlay-color":"","overlay-opacity":"","overlay-gradient":""}},"ast-content-background-meta":{"desktop":{"background-color":"var(--ast-global-color-5)","background-image":"","background-repeat":"repeat","background-position":"center center","background-size":"auto","background-attachment":"scroll","background-type":"","background-media":"","overlay-type":"","overlay-color":"","overlay-opacity":"","overlay-gradient":""},"tablet":{"background-color":"var(--ast-global-color-5)","background-image":"","background-repeat":"repeat","background-position":"center center","background-size":"auto","background-attachment":"scroll","background-type":"","background-media":"","overlay-type":"","overlay-color":"","overlay-opacity":"","overlay-gradient":""},"mobile":{"background-color":"var(--ast-global-color-5)","background-image":"","background-repeat":"repeat","background-position":"center center","background-size":"auto","background-attachment":"scroll","background-type":"","background-media":"","overlay-type":"","overlay-color":"","overlay-opacity":"","overlay-gradient":""}},"footnotes":""},"class_list":["post-77","page","type-page","status-publish","hentry"],"post_mailing_queue_ids":[],"_links":{"self":[{"href":"https:\/\/agora.xtec.cat\/ceipjoansanpera\/wp-json\/wp\/v2\/pages\/77","targetHints":{"allow":["GET"]}}],"collection":[{"href":"https:\/\/agora.xtec.cat\/ceipjoansanpera\/wp-json\/wp\/v2\/pages"}],"about":[{"href":"https:\/\/agora.xtec.cat\/ceipjoansanpera\/wp-json\/wp\/v2\/types\/page"}],"author":[{"embeddable":true,"href":"https:\/\/agora.xtec.cat\/ceipjoansanpera\/wp-json\/wp\/v2\/users\/1"}],"replies":[{"embeddable":true,"href":"https:\/\/agora.xtec.cat\/ceipjoansanpera\/wp-json\/wp\/v2\/comments?post=77"}],"version-history":[{"count":6,"href":"https:\/\/agora.xtec.cat\/ceipjoansanpera\/wp-json\/wp\/v2\/pages\/77\/revisions"}],"predecessor-version":[{"id":10917,"href":"https:\/\/agora.xtec.cat\/ceipjoansanpera\/wp-json\/wp\/v2\/pages\/77\/revisions\/10917"}],"up":[{"embeddable":true,"href":"https:\/\/agora.xtec.cat\/ceipjoansanpera\/wp-json\/wp\/v2\/pages\/66"}],"wp:attachment":[{"href":"https:\/\/agora.xtec.cat\/ceipjoansanpera\/wp-json\/wp\/v2\/media?parent=77"}],"curies":[{"name":"wp","href":"https:\/\/api.w.org\/{rel}","templated":true}]}}