{"id":73,"date":"2014-09-18T14:01:51","date_gmt":"2014-09-18T13:01:51","guid":{"rendered":"http:\/\/agora.xtec.cat\/ceipjoansanpera\/?page_id=73"},"modified":"2026-02-01T23:13:43","modified_gmt":"2026-02-01T22:13:43","slug":"menjador-escolar","status":"publish","type":"page","link":"https:\/\/agora.xtec.cat\/ceipjoansanpera\/serveis\/menjador-escolar\/","title":{"rendered":"Menjador escolar- Espai Migdia"},"content":{"rendered":"<table style=\"width: 68.3104%; border-collapse: collapse; border-color: #fafafa;\">\n<tbody>\n<tr>\n<td style=\"width: 48.4409%; border-style: none;\"><a href=\"https:\/\/agora.xtec.cat\/ceipjoansanpera\/wp-content\/uploads\/usu1583\/2022\/03\/fruites_verdures_opt.jpg\"><img loading=\"lazy\" decoding=\"async\" class=\" wp-image-7937 alignnone\" src=\"https:\/\/agora.xtec.cat\/ceipjoansanpera\/wp-content\/uploads\/usu1583\/2022\/03\/fruites_verdures_opt.jpg\" alt=\"\" width=\"647\" height=\"199\" srcset=\"https:\/\/agora.xtec.cat\/ceipjoansanpera\/wp-content\/uploads\/usu1583\/2022\/03\/fruites_verdures_opt.jpg 400w, https:\/\/agora.xtec.cat\/ceipjoansanpera\/wp-content\/uploads\/usu1583\/2022\/03\/fruites_verdures_opt-300x92.jpg 300w\" sizes=\"auto, (max-width: 647px) 100vw, 647px\" \/><\/a><\/td>\n<td style=\"width: 19.7969%; border-style: none;\">\u00a0 \u00a0\u00a0 \u00a0\u00a0 \u00a0\u00a0 \u00a0\u00a0 \u00a0\u00a0 \u00a0\u00a0 \u00a0\u00a0 \u00a0\u00a0 \u00a0 <a href=\"https:\/\/tresmes.com\/\"><img loading=\"lazy\" decoding=\"async\" class=\"wp-image-5558 alignleft\" src=\"http:\/\/agora.xtec.cat\/ceipjoansanpera\/wp-content\/uploads\/usu1583\/2014\/09\/logo-tresmes-ecoactiva.jpg\" alt=\"\" width=\"199\" height=\"134\" srcset=\"https:\/\/agora.xtec.cat\/ceipjoansanpera\/wp-content\/uploads\/usu1583\/2014\/09\/logo-tresmes-ecoactiva.jpg 700w, https:\/\/agora.xtec.cat\/ceipjoansanpera\/wp-content\/uploads\/usu1583\/2014\/09\/logo-tresmes-ecoactiva-300x200.jpg 300w\" sizes=\"auto, (max-width: 199px) 100vw, 199px\" \/>\u00a0\u00a0<\/a><\/td>\n<\/tr>\n<\/tbody>\n<\/table>\n<p>L&#8217;escola ofereix un servei de menjador de 12.30 a 15.00h.<\/p>\n<p>L&#8217;empresa\u00a0<strong><a href=\"https:\/\/tresmes.com\/\">TRESMES ECOACTIVA<\/a>\u00a0<\/strong>proposa una manera diferent d\u2019entendre l\u2019alimentaci\u00f3 a l\u2019hora del menjador:<\/p>\n<ul>\n<li>El 95% del producte \u00e9s de proximitat i\/o ecol\u00f2gic (verdures, fruita, llegums, cereals, l\u00e0ctics, etc.).<\/li>\n<li>El 95% del peix \u00e9s fresc.<\/li>\n<li>Les carns i el pollastre s\u00f3n de granges de proximitat.<\/li>\n<li>S&#8217;introdueix gradualment i de forma molt moderada productes de prote\u00efna vegetal.<\/li>\n<li>S&#8217;adeq\u00fcen els nostres men\u00fas a les al\u00b7l\u00e8rgies i intoler\u00e0ncies.<\/li>\n<li>S&#8217;elabora addicionalment men\u00fa ovolactovegetari\u00e0, vegetari\u00e0 i veg\u00e0.<\/li>\n<li>Compten amb un projecte educatiu i monitoratge enfocat als menjadors de proximitat, sostenibles i ecol\u00f2gics.<\/li>\n<li>M\u00e0xima categoria en la classificaci\u00f3 empresarial de la generalitat de Catalunya com empresa de menjadors escolars.<\/li>\n<\/ul>\n<p>Tots els men\u00fas estan supervisats per\u00a0una <strong>Dietista-Nutricionista<\/strong>. Els men\u00fas\u00a0<strong>d\u2019intoler\u00e0ncies alimentaries<\/strong> (Cel\u00edacs, Lactosa, No ou, No peix, Prote\u00efna de la llet etc.) s\u00f3n en un 95 % iguals al men\u00fa general.<\/p>\n<table style=\"width: 98.0825%; border-collapse: collapse; border-style: none;\">\n<tbody>\n<tr>\n<td style=\"width: 51.975%;\"><a style=\"color: #2795b6; font-size: 16px;\" href=\"https:\/\/tresmes.com\/PDF\/MG.pdf\"><img loading=\"lazy\" decoding=\"async\" class=\"size-full wp-image-7845 aligncenter\" src=\"https:\/\/agora.xtec.cat\/ceipjoansanpera\/wp-content\/uploads\/usu1583\/2022\/02\/1046747.png\" alt=\"\" width=\"128\" height=\"128\" \/><\/a><\/p>\n<p style=\"text-align: center;\">MEN\u00daS<\/p>\n<\/td>\n<td style=\"width: 95.5571%;\"><a href=\"https:\/\/agora.xtec.cat\/ceipjoansanpera\/wp-content\/uploads\/usu1583\/2022\/03\/360-3601679_breakfast-icon-png-download-transparent-background-breakfast-icon.png\"><img loading=\"lazy\" decoding=\"async\" class=\"wp-image-7956 aligncenter\" src=\"https:\/\/agora.xtec.cat\/ceipjoansanpera\/wp-content\/uploads\/usu1583\/2022\/03\/360-3601679_breakfast-icon-png-download-transparent-background-breakfast-icon.png\" alt=\"\" width=\"94\" height=\"102\" srcset=\"https:\/\/agora.xtec.cat\/ceipjoansanpera\/wp-content\/uploads\/usu1583\/2022\/03\/360-3601679_breakfast-icon-png-download-transparent-background-breakfast-icon.png 860w, https:\/\/agora.xtec.cat\/ceipjoansanpera\/wp-content\/uploads\/usu1583\/2022\/03\/360-3601679_breakfast-icon-png-download-transparent-background-breakfast-icon-276x300.png 276w, https:\/\/agora.xtec.cat\/ceipjoansanpera\/wp-content\/uploads\/usu1583\/2022\/03\/360-3601679_breakfast-icon-png-download-transparent-background-breakfast-icon-768x835.png 768w\" sizes=\"auto, (max-width: 94px) 100vw, 94px\" \/><\/a><\/p>\n<p style=\"text-align: center;\">ESMORZARS BERENARS JS<\/p>\n<\/td>\n<\/tr>\n<\/tbody>\n<\/table>\n<p>Si voleu tornar a escoltar a la Blanca Esteve parlar sobre els nous criteris alimentaris en la confecci\u00f3 dels men\u00fas escolars, us enllacem la xerrada que ens va oferir el passat mes de maig. Podeu veure-la clicant a sobre de la imatge.<\/p>\n<p><a href=\"https:\/\/drive.google.com\/file\/d\/1wU1VzYMtV7jM-egRk8pCBAxj_WbFsTRS\/view?usp=sharing\"><img loading=\"lazy\" decoding=\"async\" class=\"aligncenter wp-image-7934 size-medium\" src=\"https:\/\/agora.xtec.cat\/ceipjoansanpera\/wp-content\/uploads\/usu1583\/2022\/03\/Xerrada-MENUS-TRESMES-300x169.png\" alt=\"\" width=\"300\" height=\"169\" srcset=\"https:\/\/agora.xtec.cat\/ceipjoansanpera\/wp-content\/uploads\/usu1583\/2022\/03\/Xerrada-MENUS-TRESMES-300x169.png 300w, https:\/\/agora.xtec.cat\/ceipjoansanpera\/wp-content\/uploads\/usu1583\/2022\/03\/Xerrada-MENUS-TRESMES-1024x576.png 1024w, https:\/\/agora.xtec.cat\/ceipjoansanpera\/wp-content\/uploads\/usu1583\/2022\/03\/Xerrada-MENUS-TRESMES-768x432.png 768w, https:\/\/agora.xtec.cat\/ceipjoansanpera\/wp-content\/uploads\/usu1583\/2022\/03\/Xerrada-MENUS-TRESMES-1536x864.png 1536w, https:\/\/agora.xtec.cat\/ceipjoansanpera\/wp-content\/uploads\/usu1583\/2022\/03\/Xerrada-MENUS-TRESMES.png 1920w\" sizes=\"auto, (max-width: 300px) 100vw, 300px\" \/><\/a><\/p>\n<p>La clau del seu funcionament \u00e9s oferir un producte de qualitat, un servei personalitzat i buscar sempre l\u2019excel\u00b7l\u00e8ncia, sense renunciar als principis b\u00e0sics del projecte.<\/p>\n<p>Aqu\u00ed podeu consultar el calendari de festes i tallers<\/p>\n<p><a href=\"https:\/\/agora.xtec.cat\/ceipjoansanpera\/wp-content\/uploads\/usu1583\/2022\/10\/calendari-festes-i-tallers.png\"><img loading=\"lazy\" decoding=\"async\" class=\"aligncenter wp-image-8275 \" src=\"https:\/\/agora.xtec.cat\/ceipjoansanpera\/wp-content\/uploads\/usu1583\/2022\/10\/calendari-festes-i-tallers-1024x724.png\" alt=\"\" width=\"573\" height=\"405\" srcset=\"https:\/\/agora.xtec.cat\/ceipjoansanpera\/wp-content\/uploads\/usu1583\/2022\/10\/calendari-festes-i-tallers-1024x724.png 1024w, https:\/\/agora.xtec.cat\/ceipjoansanpera\/wp-content\/uploads\/usu1583\/2022\/10\/calendari-festes-i-tallers-300x212.png 300w, https:\/\/agora.xtec.cat\/ceipjoansanpera\/wp-content\/uploads\/usu1583\/2022\/10\/calendari-festes-i-tallers-768x543.png 768w, https:\/\/agora.xtec.cat\/ceipjoansanpera\/wp-content\/uploads\/usu1583\/2022\/10\/calendari-festes-i-tallers-1536x1086.png 1536w, https:\/\/agora.xtec.cat\/ceipjoansanpera\/wp-content\/uploads\/usu1583\/2022\/10\/calendari-festes-i-tallers.png 2000w\" sizes=\"auto, (max-width: 573px) 100vw, 573px\" \/><\/a><\/p>\n<p>Els <strong>preus<\/strong> pel curs 2025-26 s\u00f3n els seg\u00fcents:<\/p>\n<table style=\"width: 43.6945%;\">\n<tbody>\n<tr>\n<td style=\"width: 69.697%;\"><strong>MEN\u00da INFANTS HABITUALS<\/strong><\/td>\n<td style=\"width: 61.9529%;\">7.50\u20ac<\/td>\n<\/tr>\n<tr>\n<td style=\"width: 69.697%;\"><strong>MEN\u00da INFANTS EVENTUALS<\/strong><\/td>\n<td style=\"width: 61.9529%;\">8.25\u20ac<\/td>\n<\/tr>\n<\/tbody>\n<\/table>\n<p><em>*Es considera habituals de 3 a 5 dies a la setmana.<\/em><\/p>\n","protected":false},"excerpt":{"rendered":"<p>\u00a0 \u00a0\u00a0 \u00a0\u00a0 \u00a0\u00a0 \u00a0\u00a0 \u00a0\u00a0 \u00a0\u00a0 \u00a0\u00a0 \u00a0\u00a0 \u00a0 \u00a0\u00a0 L&#8217;escola ofereix un servei de menjador de 12.30 a 15.00h. L&#8217;empresa\u00a0TRESMES ECOACTIVA\u00a0proposa una manera diferent d\u2019entendre l\u2019alimentaci\u00f3 a l\u2019hora del menjador: El 95% del producte \u00e9s de proximitat i\/o ecol\u00f2gic (verdures, fruita, llegums, cereals, l\u00e0ctics, etc.). El 95% del peix \u00e9s fresc. Les carns [&hellip;]<\/p>\n","protected":false},"author":1,"featured_media":0,"parent":66,"menu_order":30,"comment_status":"closed","ping_status":"closed","template":"page-templates\/side-menu.php","meta":{"site-sidebar-layout":"default","site-content-layout":"","ast-site-content-layout":"","site-content-style":"default","site-sidebar-style":"default","ast-global-header-display":"","ast-banner-title-visibility":"","ast-main-header-display":"","ast-hfb-above-header-display":"","ast-hfb-below-header-display":"","ast-hfb-mobile-header-display":"","site-post-title":"","ast-breadcrumbs-content":"","ast-featured-img":"","footer-sml-layout":"","theme-transparent-header-meta":"","adv-header-id-meta":"","stick-header-meta":"","header-above-stick-meta":"","header-main-stick-meta":"","header-below-stick-meta":"","astra-migrate-meta-layouts":"default","ast-page-background-enabled":"default","ast-page-background-meta":{"desktop":{"background-color":"var(--ast-global-color-4)","background-image":"","background-repeat":"repeat","background-position":"center center","background-size":"auto","background-attachment":"scroll","background-type":"","background-media":"","overlay-type":"","overlay-color":"","overlay-opacity":"","overlay-gradient":""},"tablet":{"background-color":"","background-image":"","background-repeat":"repeat","background-position":"center center","background-size":"auto","background-attachment":"scroll","background-type":"","background-media":"","overlay-type":"","overlay-color":"","overlay-opacity":"","overlay-gradient":""},"mobile":{"background-color":"","background-image":"","background-repeat":"repeat","background-position":"center center","background-size":"auto","background-attachment":"scroll","background-type":"","background-media":"","overlay-type":"","overlay-color":"","overlay-opacity":"","overlay-gradient":""}},"ast-content-background-meta":{"desktop":{"background-color":"var(--ast-global-color-5)","background-image":"","background-repeat":"repeat","background-position":"center center","background-size":"auto","background-attachment":"scroll","background-type":"","background-media":"","overlay-type":"","overlay-color":"","overlay-opacity":"","overlay-gradient":""},"tablet":{"background-color":"var(--ast-global-color-5)","background-image":"","background-repeat":"repeat","background-position":"center center","background-size":"auto","background-attachment":"scroll","background-type":"","background-media":"","overlay-type":"","overlay-color":"","overlay-opacity":"","overlay-gradient":""},"mobile":{"background-color":"var(--ast-global-color-5)","background-image":"","background-repeat":"repeat","background-position":"center center","background-size":"auto","background-attachment":"scroll","background-type":"","background-media":"","overlay-type":"","overlay-color":"","overlay-opacity":"","overlay-gradient":""}},"footnotes":""},"class_list":["post-73","page","type-page","status-publish","hentry"],"post_mailing_queue_ids":[],"_links":{"self":[{"href":"https:\/\/agora.xtec.cat\/ceipjoansanpera\/wp-json\/wp\/v2\/pages\/73","targetHints":{"allow":["GET"]}}],"collection":[{"href":"https:\/\/agora.xtec.cat\/ceipjoansanpera\/wp-json\/wp\/v2\/pages"}],"about":[{"href":"https:\/\/agora.xtec.cat\/ceipjoansanpera\/wp-json\/wp\/v2\/types\/page"}],"author":[{"embeddable":true,"href":"https:\/\/agora.xtec.cat\/ceipjoansanpera\/wp-json\/wp\/v2\/users\/1"}],"replies":[{"embeddable":true,"href":"https:\/\/agora.xtec.cat\/ceipjoansanpera\/wp-json\/wp\/v2\/comments?post=73"}],"version-history":[{"count":7,"href":"https:\/\/agora.xtec.cat\/ceipjoansanpera\/wp-json\/wp\/v2\/pages\/73\/revisions"}],"predecessor-version":[{"id":10630,"href":"https:\/\/agora.xtec.cat\/ceipjoansanpera\/wp-json\/wp\/v2\/pages\/73\/revisions\/10630"}],"up":[{"embeddable":true,"href":"https:\/\/agora.xtec.cat\/ceipjoansanpera\/wp-json\/wp\/v2\/pages\/66"}],"wp:attachment":[{"href":"https:\/\/agora.xtec.cat\/ceipjoansanpera\/wp-json\/wp\/v2\/media?parent=73"}],"curies":[{"name":"wp","href":"https:\/\/api.w.org\/{rel}","templated":true}]}}