{"id":6857,"date":"2021-02-28T20:53:53","date_gmt":"2021-02-28T19:53:53","guid":{"rendered":"http:\/\/agora.xtec.cat\/ceipjoansanpera\/?page_id=6857"},"modified":"2021-02-28T21:05:03","modified_gmt":"2021-02-28T20:05:03","slug":"equips-impulsors","status":"publish","type":"page","link":"https:\/\/agora.xtec.cat\/ceipjoansanpera\/equips-impulsors\/","title":{"rendered":"Equips Impulsors"},"content":{"rendered":"<p>Els <strong>equips impulsors del centre<\/strong> estan formats per docents que lideraran els processos de canvi en el propi centre en un \u00e0mbit de treball. Hem tingut en compte les vostres sugger\u00e8ncies que ens vau fer a final de curs en les entrevistes amb l\u2019equip directiu i als mestres nous en les primeres trobades del curs. L\u2019equip impulsor no t\u00e9 una direcci\u00f3 jer\u00e0rquica. Haur\u00e0 de mantenir una comunicaci\u00f3 estreta amb l\u2019equip directiu, per\u00f2 no de depend\u00e8ncia. \u00c9s un<strong> equip<\/strong> en el sentit ple de la paraula, tot i que pot haver-hi un representant\u00a0 a qui rec\u00f3rrer per a facilitar la comunicaci\u00f3 amb tot el centre. Aquest representant o enlla\u00e7 de la xarxa \u00e9s qui assistiria a les trobades del Consell Gestor.<\/p>\n<p>Els <strong>objectius<\/strong> d&#8217;un equip impulsor del centre s\u00f3n:<\/p>\n<ol>\n<li>Assegurar que el centre tingui una visi\u00f3 del canvi ben alineada amb el marc d\u2019escola avan\u00e7ada.<\/li>\n<li>Transferir al centre educatiu els debats, acords, experi\u00e8ncies i documents que es generin en els grups impulsors.<\/li>\n<li>Garantir que l\u2019equip directiu avala i refor\u00e7a el proc\u00e9s de transformaci\u00f3, no deixant-se endur per les necessitats de gesti\u00f3 del dia a dia.<\/li>\n<li>Impulsar les principals iniciatives estrat\u00e8giques acordades en cada moment.<\/li>\n<li>Assegurar que les accions al centre estan alineades amb la visi\u00f3 del canvi i l\u2019objectiu de transformaci\u00f3, evitant que iniciatives diferents es solapin o neutralitzin.<\/li>\n<li>Facilitar la comunicaci\u00f3 entre els agents i ajudar a resoldre conflictes entre les iniciatives.<\/li>\n<li>Detectar els triomfs i el \u00e8xits assolits i celebrar-los!<\/li>\n<li>Mantenir els processos de canvi, garantir l&#8217;acompliment de les etapes i el calendari.<\/li>\n<li>Autoformar-se i compartir-ho amb la resta del claustre.<\/li>\n<\/ol>\n","protected":false},"excerpt":{"rendered":"<p>Els equips impulsors del centre estan formats per docents que lideraran els processos de canvi en el propi centre en un \u00e0mbit de treball. Hem tingut en compte les vostres sugger\u00e8ncies que ens vau fer a final de curs en les entrevistes amb l\u2019equip directiu i als mestres nous en les primeres trobades del curs. [&hellip;]<\/p>\n","protected":false},"author":3,"featured_media":0,"parent":0,"menu_order":0,"comment_status":"closed","ping_status":"closed","template":"","meta":{"site-sidebar-layout":"default","site-content-layout":"","ast-site-content-layout":"","site-content-style":"default","site-sidebar-style":"default","ast-global-header-display":"","ast-banner-title-visibility":"","ast-main-header-display":"","ast-hfb-above-header-display":"","ast-hfb-below-header-display":"","ast-hfb-mobile-header-display":"","site-post-title":"","ast-breadcrumbs-content":"","ast-featured-img":"","footer-sml-layout":"","theme-transparent-header-meta":"","adv-header-id-meta":"","stick-header-meta":"","header-above-stick-meta":"","header-main-stick-meta":"","header-below-stick-meta":"","astra-migrate-meta-layouts":"default","ast-page-background-enabled":"default","ast-page-background-meta":{"desktop":{"background-color":"var(--ast-global-color-4)","background-image":"","background-repeat":"repeat","background-position":"center center","background-size":"auto","background-attachment":"scroll","background-type":"","background-media":"","overlay-type":"","overlay-color":"","overlay-opacity":"","overlay-gradient":""},"tablet":{"background-color":"","background-image":"","background-repeat":"repeat","background-position":"center center","background-size":"auto","background-attachment":"scroll","background-type":"","background-media":"","overlay-type":"","overlay-color":"","overlay-opacity":"","overlay-gradient":""},"mobile":{"background-color":"","background-image":"","background-repeat":"repeat","background-position":"center center","background-size":"auto","background-attachment":"scroll","background-type":"","background-media":"","overlay-type":"","overlay-color":"","overlay-opacity":"","overlay-gradient":""}},"ast-content-background-meta":{"desktop":{"background-color":"var(--ast-global-color-5)","background-image":"","background-repeat":"repeat","background-position":"center center","background-size":"auto","background-attachment":"scroll","background-type":"","background-media":"","overlay-type":"","overlay-color":"","overlay-opacity":"","overlay-gradient":""},"tablet":{"background-color":"var(--ast-global-color-5)","background-image":"","background-repeat":"repeat","background-position":"center center","background-size":"auto","background-attachment":"scroll","background-type":"","background-media":"","overlay-type":"","overlay-color":"","overlay-opacity":"","overlay-gradient":""},"mobile":{"background-color":"var(--ast-global-color-5)","background-image":"","background-repeat":"repeat","background-position":"center center","background-size":"auto","background-attachment":"scroll","background-type":"","background-media":"","overlay-type":"","overlay-color":"","overlay-opacity":"","overlay-gradient":""}},"footnotes":""},"class_list":["post-6857","page","type-page","status-publish","hentry"],"post_mailing_queue_ids":[],"_links":{"self":[{"href":"https:\/\/agora.xtec.cat\/ceipjoansanpera\/wp-json\/wp\/v2\/pages\/6857","targetHints":{"allow":["GET"]}}],"collection":[{"href":"https:\/\/agora.xtec.cat\/ceipjoansanpera\/wp-json\/wp\/v2\/pages"}],"about":[{"href":"https:\/\/agora.xtec.cat\/ceipjoansanpera\/wp-json\/wp\/v2\/types\/page"}],"author":[{"embeddable":true,"href":"https:\/\/agora.xtec.cat\/ceipjoansanpera\/wp-json\/wp\/v2\/users\/3"}],"replies":[{"embeddable":true,"href":"https:\/\/agora.xtec.cat\/ceipjoansanpera\/wp-json\/wp\/v2\/comments?post=6857"}],"version-history":[{"count":3,"href":"https:\/\/agora.xtec.cat\/ceipjoansanpera\/wp-json\/wp\/v2\/pages\/6857\/revisions"}],"predecessor-version":[{"id":6887,"href":"https:\/\/agora.xtec.cat\/ceipjoansanpera\/wp-json\/wp\/v2\/pages\/6857\/revisions\/6887"}],"wp:attachment":[{"href":"https:\/\/agora.xtec.cat\/ceipjoansanpera\/wp-json\/wp\/v2\/media?parent=6857"}],"curies":[{"name":"wp","href":"https:\/\/api.w.org\/{rel}","templated":true}]}}