{"id":6354,"date":"2022-02-01T07:30:32","date_gmt":"2022-02-01T06:30:32","guid":{"rendered":"http:\/\/agora.xtec.cat\/ceipjoansanpera\/?page_id=6354"},"modified":"2026-04-15T11:13:43","modified_gmt":"2026-04-15T09:13:43","slug":"preinscripcio-i-matricula","status":"publish","type":"page","link":"https:\/\/agora.xtec.cat\/ceipjoansanpera\/preinscripcio-i-matricula\/","title":{"rendered":"Preinscripci\u00f3 &#8211; curs 2026-27"},"content":{"rendered":"<p><strong>del 4 al 18 de mar\u00e7 de 2026<\/strong><\/p>\n<p>En aquest espai trobareu informaci\u00f3 referent al proc\u00e9s de preinscripci\u00f3 en les etapes d\u2019educaci\u00f3 infantil i prim\u00e0ria. Podeu accedir a diferents informacions a partir dels enlla\u00e7os que us facilitem.<\/p>\n<p><a href=\"https:\/\/agora.xtec.cat\/ceipjoansanpera\/wp-content\/uploads\/usu1583\/2026\/02\/PORTES-OBERTES-26-27-Banner-de-Mercado-Shops-grande.jpg\"><img loading=\"lazy\" decoding=\"async\" class=\"aligncenter size-full wp-image-10908\" src=\"https:\/\/agora.xtec.cat\/ceipjoansanpera\/wp-content\/uploads\/usu1583\/2026\/02\/PORTES-OBERTES-26-27-Banner-de-Mercado-Shops-grande.jpg\" alt=\"\" width=\"1920\" height=\"720\" srcset=\"https:\/\/agora.xtec.cat\/ceipjoansanpera\/wp-content\/uploads\/usu1583\/2026\/02\/PORTES-OBERTES-26-27-Banner-de-Mercado-Shops-grande.jpg 1920w, https:\/\/agora.xtec.cat\/ceipjoansanpera\/wp-content\/uploads\/usu1583\/2026\/02\/PORTES-OBERTES-26-27-Banner-de-Mercado-Shops-grande-300x113.jpg 300w, https:\/\/agora.xtec.cat\/ceipjoansanpera\/wp-content\/uploads\/usu1583\/2026\/02\/PORTES-OBERTES-26-27-Banner-de-Mercado-Shops-grande-1024x384.jpg 1024w, https:\/\/agora.xtec.cat\/ceipjoansanpera\/wp-content\/uploads\/usu1583\/2026\/02\/PORTES-OBERTES-26-27-Banner-de-Mercado-Shops-grande-768x288.jpg 768w, https:\/\/agora.xtec.cat\/ceipjoansanpera\/wp-content\/uploads\/usu1583\/2026\/02\/PORTES-OBERTES-26-27-Banner-de-Mercado-Shops-grande-1536x576.jpg 1536w\" sizes=\"auto, (max-width: 1920px) 100vw, 1920px\" \/><\/a><\/p>\n<p><strong>Informacions addicionals<\/strong><\/p>\n<ul>\n<li>Codi de centre: 08017271<\/li>\n<li>Zona educativa: Les Franqueses del Vall\u00e8s<\/li>\n<li><a href=\"https:\/\/preinscripcio.gencat.cat\/ca\/estudis\/infantil-3-6\/informat\/criteris-assignacio\/\" target=\"_blank\" rel=\"noopener\">Criteris d\u2019assignaci\u00f3 de pla\u00e7a<\/a><\/li>\n<li><a href=\"https:\/\/agora.xtec.cat\/ceipjoansanpera\/serveis\/activitats-extraescolars\/\">Activitats extraescolars (AFA)<\/a><\/li>\n<li><a href=\"https:\/\/agora.xtec.cat\/ceipjoansanpera\/serveis\/menjador-escolar\/\" target=\"_blank\" rel=\"noopener\">Menjador escolar<\/a><\/li>\n<li><a href=\"https:\/\/agora.xtec.cat\/ceipjoansanpera\/serveis\/acollida\/\">Servei d&#8217;acollida mat\u00ed i tarda<\/a><\/li>\n<li><a href=\"https:\/\/drive.google.com\/file\/d\/1evx-2LoSFYqbDZ1vdJnfH3WfPwHuBmJW\/view?usp=drive_link\" target=\"_blank\" rel=\"noopener\">NORMATIVA: enlla\u00e7 a la resoluci\u00f3<\/a><\/li>\n<li>Quotes i despeses escolars: 200\u20ac alumne\/curs<\/li>\n<li>Quota AFA: 26 \u20ac<\/li>\n<li>Consulteu els nostres documents de centre:<br \/>\n<a href=\"https:\/\/www.canva.com\/design\/DAF7djgTKFI\/ped-Rw8T40QsRUAFGcmiyg\/view?utm_content=DAF7djgTKFI&amp;utm_campaign=designshare&amp;utm_medium=link2&amp;utm_source=uniquelinks&amp;utlId=h7b0f2cb078\">Presentaci\u00f3 Portes Obertes<\/a><br \/>\n<a href=\"https:\/\/agora.xtec.cat\/ceipjoansanpera\/docs\/pec-projecte-educatiu-de-centre\/\">Projecte Educatiu de Centre<\/a><br \/>\n<em><a href=\"https:\/\/drive.google.com\/file\/d\/1MreVazm4t9YQ12uEul3MRLOXuZAM5enC\/view?usp=sharing\">Projecte\u00a0Ling\u00fc\u00edstic<\/a><\/em><br \/>\n<a href=\"https:\/\/www.canva.com\/design\/DAFYGl7y8z4\/ZxYSGITvKW1CBFXa065UrA\/view?utm_content=DAFYGl7y8z4&amp;utm_campaign=designshare&amp;utm_medium=link2&amp;utm_source=uniquelinks&amp;utlId=hdb11272319\">Presentaci\u00f3 &#8220;Comen\u00e7a el viatge a l&#8217;escola del grans&#8221; PEE<\/a><\/li>\n<li><a href=\"http:\/\/mapaescolar.gencat.cat\/\" target=\"_blank\" rel=\"noopener\">\ud83d\uddfa\ufe0f<\/a>\u200b\u200b\u00a0<a href=\"http:\/\/mapaescolar.gencat.cat\/\" target=\"_blank\" rel=\"noopener\">MAPA ESCOLAR<\/a><\/li>\n<\/ul>\n<p><strong>Procediment de preinscripci\u00f3 i matr\u00edcula \u2013 Publicaci\u00f3 de llistats<br \/>\n<\/strong><a href=\"https:\/\/open.spotify.com\/episode\/68NbPV5gOjJjDwwWDGgsIN?si=Usu6Id6JQFenOLA2Z7SLkw&amp;nd=1&amp;dlsi=e297ef39e6b54f6c\">Podcast (audio explicatiu)<\/a><\/p>\n<table class=\"period-calendar\">\n<caption>Preinscripci\u00f3<\/caption>\n<tbody>\n<tr class=\"period-future\">\n<th scope=\"row\"><span class=\"sr-only\">des del <\/span><span class=\"period-ini\">04\/03 <\/span><span class=\"sr-only\">fins al <\/span><span class=\"period-fi\">18\/03<\/span><\/th>\n<td colspan=\"1\"><strong>Presentaci\u00f3 de sol\u00b7licituds de d&#8217;educaci\u00f3 infantil (3-6 anys) i prim\u00e0ria (6-12 anys): del 4 al 18 de mar\u00e7 de 2026<\/strong><strong>Presentaci\u00f3 de sol\u00b7licituds d&#8217;ESO (12-16 anys): el 6 al 18 de mar\u00e7 de 2026<\/strong><\/p>\n<p>La\u00a0<strong>documentaci\u00f3<\/strong>\u00a0es pot presentar fins al\u00a0<strong>19 de mar\u00e7 de 2026<\/strong>.<\/p>\n<p>\u00c9s molt important respectar les dates, perqu\u00e8 les sol\u00b7licituds que es presentin fora d&#8217;aquest termini perdran totes les prioritats que haurien pogut tenir a l&#8217;hora d&#8217;obtenir la pla\u00e7a. Els criteris de prioritat serveixen per donar una puntuaci\u00f3 a cada sol\u00b7licitud. D&#8217;aquesta manera s&#8217;estableix l&#8217;ordre d&#8217;acc\u00e9s a les places de cada centre. Cal presentar la sol\u00b7licitud i adjuntar-hi la documentaci\u00f3 d&#8217;identificaci\u00f3 o de criteris que correspongui.<\/td>\n<\/tr>\n<tr class=\"period-future\">\n<th scope=\"row\"><span class=\"period-ini\">15\/04<\/span><\/th>\n<td colspan=\"1\"><a href=\"https:\/\/drive.google.com\/file\/d\/1IIpJc4jlUlQzwNkcx603a85cJ6JuvdKF\/view?usp=sharing\"><strong>Publicaci\u00f3 de la llista de sol\u00b7licituds de preinscripci\u00f3 al centre amb la puntuaci\u00f3 provisional: 15 d&#8217;abril de 2026<\/strong><\/a>Un cop acabat el per\u00edode de presentaci\u00f3 de sol\u00b7licituds, els centres educatius estudien cadascuna de les peticions que han rebut: n&#8217;analitzen les dades, els criteris de prioritat que les fam\u00edlies demanen que es tinguin en compte, i tamb\u00e9 els documents justificatius. Tot seguit, publiquen la llista de sol\u00b7licituds amb els barems provisionals. En aquesta llista hi ha les sol\u00b7licituds ordenades alfab\u00e8ticament amb la puntuaci\u00f3 que ha rebut cada sol\u00b7licitud en aplicar-hi el barem.<\/td>\n<\/tr>\n<tr class=\"period-future\">\n<th scope=\"row\"><span class=\"sr-only\">des del <\/span><span class=\"period-ini\">15\/04 <\/span><span class=\"sr-only\">fins al <\/span><span class=\"period-fi\">20\/04<\/span><\/th>\n<td colspan=\"1\"><strong>Termini de reclamaci\u00f3 de la puntuaci\u00f3 provisional:<\/strong>\u00a0<strong>del 15 al 20 d&#8217;abril de 2026<\/strong>Durant aquest per\u00edode, si detectes alguna errada o anomalia en el barem assignat, pots presentar una reclamaci\u00f3 (utilitzant l&#8217;eina electr\u00f2nica per adjuntar reclamacions).<\/td>\n<\/tr>\n<tr class=\"period-future\">\n<th scope=\"row\"><span class=\"period-ini\">23\/04<\/span><\/th>\n<td colspan=\"1\"><strong>Publicaci\u00f3 de la llista de sol\u00b7licituds un cop resoltes les reclamacions:<\/strong>\u00a0<strong>23 d&#8217;abril de 2026<\/strong>Un cop resoltes totes les reclamacions presentades, el centre publica la llista de sol\u00b7licituds amb la puntuaci\u00f3 i el n\u00famero de desempat corresponent.<\/td>\n<\/tr>\n<tr class=\"period-future\">\n<th scope=\"row\"><span class=\"period-ini\">28\/04<\/span><\/th>\n<td colspan=\"1\"><strong>Sorteig del n\u00famero de desempat:<\/strong>\u00a0<strong>28 d&#8217;abril de 2026<\/strong>, a les 11 hores, als serveis centrals del Departament d&#8217;Educaci\u00f3 i Formaci\u00f3 Professional (Via Augusta, 202-226, Barcelona)El nombre de places a cada centre educatiu \u00e9s limitat. Si el nombre de peticions supera el d&#8217;alumnes que l&#8217;escola pot acollir, cal aplicar un sistema de desempat entre les sol\u00b7licituds que tenen la mateixa puntuaci\u00f3. Per fer-ho, s&#8217;obt\u00e9 un n\u00famero per sorteig a partir del qual s&#8217;ordenen totes les peticions empatades en punts, tenint en compte el n\u00famero de desempat que s&#8217;ha assignat a cada sol\u00b7licitud.<\/td>\n<\/tr>\n<tr class=\"period-future\">\n<th scope=\"row\"><span class=\"period-ini\">29\/04<\/span><\/th>\n<td colspan=\"1\"><strong>Publicaci\u00f3 de la llista ordenada:<\/strong>\u00a0<strong>29 d&#8217;abril de 2026<\/strong>Despr\u00e9s del sorteig, s&#8217;elabora la llista de sol\u00b7licituds per a l&#8217;assignaci\u00f3 de places. En aquest cas, la llista ja no s&#8217;ordena alfab\u00e8ticament, sin\u00f3 tenint en compte les puntuacions de cada sol\u00b7licitud, de m\u00e9s a menys.<\/td>\n<\/tr>\n<tr class=\"period-future\">\n<th scope=\"row\"><span class=\"sr-only\">des del <\/span><span class=\"period-ini\">13\/05 <\/span><span class=\"sr-only\">fins al <\/span><span class=\"period-fi\">14\/05<\/span><\/th>\n<td colspan=\"1\">Per\u00edode d&#8217;<strong>ampliaci\u00f3 de peticions per a les sol\u00b7licituds de preinscripci\u00f3 d&#8217;alumnat amb necessitats educatives espec\u00edfiques<\/strong>\u00a0derivades de situaci\u00f3 socioecon\u00f2miques desafavorides sense assignaci\u00f3 (assignaci\u00f3 d&#8217;ofici):\u00a0<strong>13 i 14 de maig de 2026<\/strong>, ambd\u00f3s inclosos<\/td>\n<\/tr>\n<tr class=\"period-future\">\n<th scope=\"row\"><span class=\"sr-only\">des del <\/span><span class=\"period-ini\">01\/06 <\/span><span class=\"sr-only\">fins al<\/span><span class=\"period-fi\">0 3\/06<\/span><\/th>\n<td colspan=\"1\"><strong>Per\u00edode d&#8217;ampliaci\u00f3 de peticions per a les sol\u00b7licituds de preinscripci\u00f3 sense assignaci\u00f3 (assignaci\u00f3 d&#8217;ofici): de l&#8217;1 al 3 de juny de 2026,<\/strong>\u00a0ambd\u00f3s inclosos.Si no s&#8217;ha obtingut cap pla\u00e7a en els centres demanats i es tracta de sol\u00b7licituds per a P3 o per a 1r d&#8217;ESO, o en les quals s&#8217;ha marcat expressament que es vol una assignaci\u00f3 d&#8217;ofici, durant aquest per\u00edode es poden ampliar les peticions originals i demanar places en centres que en tinguin de disponibles, un cop fets ja els processos d&#8217;assignaci\u00f3.<\/p>\n<p>Despr\u00e9s d&#8217;aquesta ampliaci\u00f3 de la sol\u00b7licitud, es fa l&#8217;\u00faltim proc\u00e9s d&#8217;assignaci\u00f3 tenint en compte aquestes peticions ampliades.<\/td>\n<\/tr>\n<tr class=\"period-future\">\n<th scope=\"row\"><span class=\"period-ini\">10\/06<\/span><\/th>\n<td colspan=\"1\"><strong>Oferta final de places escolars: 10 de juny de 2026<br \/>\n<\/strong><a href=\"http:\/\/mapaescolar.gencat.cat\/\" target=\"_blank\" rel=\"noopener\">Consulta l&#8217;oferta final en el mapa escolar<\/a><\/td>\n<\/tr>\n<tr class=\"period-future\">\n<th scope=\"row\"><span class=\"period-ini\">10\/06<\/span><\/th>\n<td colspan=\"1\"><strong>Publicaci\u00f3 de les llistes d&#8217;alumnes admesos i, si escau, de la llista d&#8217;espera: 10 de juny de 2026<\/strong><\/td>\n<\/tr>\n<\/tbody>\n<\/table>\n<table class=\"period-calendar\">\n<caption>Matr\u00edcula<\/caption>\n<tbody>\n<tr class=\"period-future\">\n<th scope=\"row\"><span class=\"sr-only\">des del <\/span><span class=\"period-ini\">22\/06 <\/span><span class=\"sr-only\">fins al <\/span><span class=\"period-fi\">30\/06<\/span><\/th>\n<td colspan=\"1\"><strong>Matr\u00edcula de l&#8217;alumnat de 2n cicle d&#8217;educaci\u00f3 infantil, prim\u00e0ria i secund\u00e0ria obligat\u00f2ria: del 22 al 30 de juny de 2026<\/strong>Un cop s&#8217;ha publicat la llista final d&#8217;alumnes admesos en cada centre, comen\u00e7a el per\u00edode de matriculaci\u00f3 dels preinscrits amb pla\u00e7a assignada.<\/td>\n<\/tr>\n<tr class=\"period-future\">\n<th scope=\"row\"><span class=\"period-ini\">30\/09<\/span><\/th>\n<td colspan=\"1\"><strong>Publicaci\u00f3 de la llista d&#8217;alumnes matriculats al centre procedents del proc\u00e9s de preinscripci\u00f3 i admissi\u00f3:<\/strong>\u00a0<strong>30 de setembre de 2026<\/strong><\/td>\n<\/tr>\n<\/tbody>\n<\/table>\n<h4><\/h4>\n","protected":false},"excerpt":{"rendered":"<p>del 4 al 18 de mar\u00e7 de 2026 En aquest espai trobareu informaci\u00f3 referent al proc\u00e9s de preinscripci\u00f3 en les etapes d\u2019educaci\u00f3 infantil i prim\u00e0ria. Podeu accedir a diferents informacions a partir dels enlla\u00e7os que us facilitem. Informacions addicionals Codi de centre: 08017271 Zona educativa: Les Franqueses del Vall\u00e8s Criteris d\u2019assignaci\u00f3 de pla\u00e7a Activitats extraescolars [&hellip;]<\/p>\n","protected":false},"author":3,"featured_media":0,"parent":0,"menu_order":0,"comment_status":"closed","ping_status":"closed","template":"","meta":{"site-sidebar-layout":"default","site-content-layout":"","ast-site-content-layout":"default","site-content-style":"default","site-sidebar-style":"default","ast-global-header-display":"","ast-banner-title-visibility":"","ast-main-header-display":"","ast-hfb-above-header-display":"","ast-hfb-below-header-display":"","ast-hfb-mobile-header-display":"","site-post-title":"","ast-breadcrumbs-content":"","ast-featured-img":"","footer-sml-layout":"","theme-transparent-header-meta":"","adv-header-id-meta":"","stick-header-meta":"","header-above-stick-meta":"","header-main-stick-meta":"","header-below-stick-meta":"","astra-migrate-meta-layouts":"set","ast-page-background-enabled":"default","ast-page-background-meta":{"desktop":{"background-color":"var(--ast-global-color-4)","background-image":"","background-repeat":"repeat","background-position":"center center","background-size":"auto","background-attachment":"scroll","background-type":"","background-media":"","overlay-type":"","overlay-color":"","overlay-opacity":"","overlay-gradient":""},"tablet":{"background-color":"","background-image":"","background-repeat":"repeat","background-position":"center center","background-size":"auto","background-attachment":"scroll","background-type":"","background-media":"","overlay-type":"","overlay-color":"","overlay-opacity":"","overlay-gradient":""},"mobile":{"background-color":"","background-image":"","background-repeat":"repeat","background-position":"center center","background-size":"auto","background-attachment":"scroll","background-type":"","background-media":"","overlay-type":"","overlay-color":"","overlay-opacity":"","overlay-gradient":""}},"ast-content-background-meta":{"desktop":{"background-color":"var(--ast-global-color-5)","background-image":"","background-repeat":"repeat","background-position":"center center","background-size":"auto","background-attachment":"scroll","background-type":"","background-media":"","overlay-type":"","overlay-color":"","overlay-opacity":"","overlay-gradient":""},"tablet":{"background-color":"var(--ast-global-color-5)","background-image":"","background-repeat":"repeat","background-position":"center center","background-size":"auto","background-attachment":"scroll","background-type":"","background-media":"","overlay-type":"","overlay-color":"","overlay-opacity":"","overlay-gradient":""},"mobile":{"background-color":"var(--ast-global-color-5)","background-image":"","background-repeat":"repeat","background-position":"center center","background-size":"auto","background-attachment":"scroll","background-type":"","background-media":"","overlay-type":"","overlay-color":"","overlay-opacity":"","overlay-gradient":""}},"footnotes":""},"class_list":["post-6354","page","type-page","status-publish","hentry"],"post_mailing_queue_ids":[],"_links":{"self":[{"href":"https:\/\/agora.xtec.cat\/ceipjoansanpera\/wp-json\/wp\/v2\/pages\/6354","targetHints":{"allow":["GET"]}}],"collection":[{"href":"https:\/\/agora.xtec.cat\/ceipjoansanpera\/wp-json\/wp\/v2\/pages"}],"about":[{"href":"https:\/\/agora.xtec.cat\/ceipjoansanpera\/wp-json\/wp\/v2\/types\/page"}],"author":[{"embeddable":true,"href":"https:\/\/agora.xtec.cat\/ceipjoansanpera\/wp-json\/wp\/v2\/users\/3"}],"replies":[{"embeddable":true,"href":"https:\/\/agora.xtec.cat\/ceipjoansanpera\/wp-json\/wp\/v2\/comments?post=6354"}],"version-history":[{"count":6,"href":"https:\/\/agora.xtec.cat\/ceipjoansanpera\/wp-json\/wp\/v2\/pages\/6354\/revisions"}],"predecessor-version":[{"id":11142,"href":"https:\/\/agora.xtec.cat\/ceipjoansanpera\/wp-json\/wp\/v2\/pages\/6354\/revisions\/11142"}],"wp:attachment":[{"href":"https:\/\/agora.xtec.cat\/ceipjoansanpera\/wp-json\/wp\/v2\/media?parent=6354"}],"curies":[{"name":"wp","href":"https:\/\/api.w.org\/{rel}","templated":true}]}}