{"id":6314,"date":"2020-04-27T17:31:37","date_gmt":"2020-04-27T15:31:37","guid":{"rendered":"http:\/\/agora.xtec.cat\/ceipjoansanpera\/?page_id=6314"},"modified":"2023-11-06T12:39:45","modified_gmt":"2023-11-06T11:39:45","slug":"tutorials-tac-gclassroom-i-gmeet","status":"publish","type":"page","link":"https:\/\/agora.xtec.cat\/ceipjoansanpera\/tutorials-tac-gclassroom-i-gmeet\/","title":{"rendered":"Tutorials TAC (GClassroom i GMeet)"},"content":{"rendered":"<p>&nbsp;<\/p>\n<p>Benvolgudes fam\u00edlies, a continuaci\u00f3 us mostrarem uns tutorials per treballar amb l&#8217;entorn del Google Classroom i Google meet.<\/p>\n<p><strong>Aquesta aplicaci\u00f3 de Google es far\u00e0 servir des d&#8217;I3 fins a 6\u00e8.<\/strong><\/p>\n<p>Pel que fa a GOOGLE CLASSROOM:<\/p>\n<p><a href=\"https:\/\/sites.google.com\/xtec.cat\/tacfamlies?usp=sharing\">GSITES tutorial per les fam\u00edlies<\/a><\/p>\n<p><a href=\"https:\/\/drive.google.com\/file\/d\/184qLC9BYGPEewZ81GYKJgmfEdsgkU3qN\/view?usp=sharing\">TUTORIAL CONEC QUE HI HA DINS DEL GOOGLE CLASSROOM<\/a><\/p>\n<p><a href=\"https:\/\/drive.google.com\/file\/d\/1E6HEhX-0XkYSy9XeDCtaiMChlUlGdXE8\/view?usp=sharing\">V\u00cdDEO TUTORIAL PER ACCEDIR GOOGLE CLASSROOM<\/a><\/p>\n<p><a href=\"https:\/\/drive.google.com\/file\/d\/1x0PE69dQKJVUKiFvhgM0GOTPPg4GxdLO\/view?usp=sharing\">V\u00cdDEO TUTORIAL PENJAR TASQUES AL GOOGLE CLAS<\/a><a href=\"https:\/\/drive.google.com\/file\/d\/1x0PE69dQKJVUKiFvhgM0GOTPPg4GxdLO\/view?usp=sharing\">SROOM<\/a><\/p>\n<p><a href=\"https:\/\/drive.google.com\/file\/d\/1PItJQBQy6vz_b4Zd0OBLVzfl_Oc1xgw_\/view?usp=sharing\">TUTORIAL VEURE LES TASQUES QUE TINC AL GOOGLE CALENDAR<\/a><\/p>\n<p>Pel que fa a GOOGLE MEET, que \u00e9s una aplicaci\u00f3 que ens permet fer v\u00eddeotrucades.<\/p>\n<p><a href=\"https:\/\/support.google.com\/a\/users\/answer\/9300131\">TUTORIAL INICI R\u00c0PID HANGOUTS MEET<\/a><\/p>\n<p><a href=\"https:\/\/www.youtube.com\/watch?v=fw1a2t_AeIo\">TUTORIAL GOOGLE MEET<\/a><\/p>\n<p><a href=\"https:\/\/play.google.com\/store\/apps\/details?id=com.google.android.apps.meetings&amp;hl=es\">DESCARREGAR L&#8217;APP A M\u00d2BILS O TABLETS ANDROID<\/a><\/p>\n<p><a href=\"https:\/\/apps.apple.com\/es\/app\/meet\/id1013231476\">DESCARREGAR L&#8217;APP A M\u00d2BILS O TABLETS IOS<\/a><\/p>\n<p><a href=\"https:\/\/www.google.com\/chrome\/\">DESCARREGAR GOOGLE CHROME<\/a><\/p>\n<p><a href=\"https:\/\/www.youtube.com\/watch?v=TVUXA47FVOc&amp;feature=youtu.be\">TUTORIAL PER COM PODER VEURE A TOTS ELS ASSISTENTS<\/a><\/p>\n<p><a href=\"https:\/\/chrome.google.com\/webstore\/detail\/google-meet-grid-view\/bjkegbgpfgpikgkfidhcihhiflbjgfic\">DESCARREGAR EXTENSI\u00d3 GOOGLE MEET GRID VIEW<\/a><\/p>\n","protected":false},"excerpt":{"rendered":"<p>&nbsp; Benvolgudes fam\u00edlies, a continuaci\u00f3 us mostrarem uns tutorials per treballar amb l&#8217;entorn del Google Classroom i Google meet. Aquesta aplicaci\u00f3 de Google es far\u00e0 servir des d&#8217;I3 fins a 6\u00e8. Pel que fa a GOOGLE CLASSROOM: GSITES tutorial per les fam\u00edlies TUTORIAL CONEC QUE HI HA DINS DEL GOOGLE CLASSROOM V\u00cdDEO TUTORIAL PER ACCEDIR [&hellip;]<\/p>\n","protected":false},"author":8,"featured_media":0,"parent":0,"menu_order":0,"comment_status":"closed","ping_status":"closed","template":"","meta":{"site-sidebar-layout":"default","site-content-layout":"","ast-site-content-layout":"","site-content-style":"default","site-sidebar-style":"default","ast-global-header-display":"","ast-banner-title-visibility":"","ast-main-header-display":"","ast-hfb-above-header-display":"","ast-hfb-below-header-display":"","ast-hfb-mobile-header-display":"","site-post-title":"","ast-breadcrumbs-content":"","ast-featured-img":"","footer-sml-layout":"","theme-transparent-header-meta":"","adv-header-id-meta":"","stick-header-meta":"","header-above-stick-meta":"","header-main-stick-meta":"","header-below-stick-meta":"","astra-migrate-meta-layouts":"default","ast-page-background-enabled":"default","ast-page-background-meta":{"desktop":{"background-color":"var(--ast-global-color-4)","background-image":"","background-repeat":"repeat","background-position":"center center","background-size":"auto","background-attachment":"scroll","background-type":"","background-media":"","overlay-type":"","overlay-color":"","overlay-opacity":"","overlay-gradient":""},"tablet":{"background-color":"","background-image":"","background-repeat":"repeat","background-position":"center center","background-size":"auto","background-attachment":"scroll","background-type":"","background-media":"","overlay-type":"","overlay-color":"","overlay-opacity":"","overlay-gradient":""},"mobile":{"background-color":"","background-image":"","background-repeat":"repeat","background-position":"center center","background-size":"auto","background-attachment":"scroll","background-type":"","background-media":"","overlay-type":"","overlay-color":"","overlay-opacity":"","overlay-gradient":""}},"ast-content-background-meta":{"desktop":{"background-color":"var(--ast-global-color-5)","background-image":"","background-repeat":"repeat","background-position":"center center","background-size":"auto","background-attachment":"scroll","background-type":"","background-media":"","overlay-type":"","overlay-color":"","overlay-opacity":"","overlay-gradient":""},"tablet":{"background-color":"var(--ast-global-color-5)","background-image":"","background-repeat":"repeat","background-position":"center center","background-size":"auto","background-attachment":"scroll","background-type":"","background-media":"","overlay-type":"","overlay-color":"","overlay-opacity":"","overlay-gradient":""},"mobile":{"background-color":"var(--ast-global-color-5)","background-image":"","background-repeat":"repeat","background-position":"center center","background-size":"auto","background-attachment":"scroll","background-type":"","background-media":"","overlay-type":"","overlay-color":"","overlay-opacity":"","overlay-gradient":""}},"footnotes":""},"class_list":["post-6314","page","type-page","status-publish","hentry"],"post_mailing_queue_ids":[],"_links":{"self":[{"href":"https:\/\/agora.xtec.cat\/ceipjoansanpera\/wp-json\/wp\/v2\/pages\/6314","targetHints":{"allow":["GET"]}}],"collection":[{"href":"https:\/\/agora.xtec.cat\/ceipjoansanpera\/wp-json\/wp\/v2\/pages"}],"about":[{"href":"https:\/\/agora.xtec.cat\/ceipjoansanpera\/wp-json\/wp\/v2\/types\/page"}],"author":[{"embeddable":true,"href":"https:\/\/agora.xtec.cat\/ceipjoansanpera\/wp-json\/wp\/v2\/users\/8"}],"replies":[{"embeddable":true,"href":"https:\/\/agora.xtec.cat\/ceipjoansanpera\/wp-json\/wp\/v2\/comments?post=6314"}],"version-history":[{"count":5,"href":"https:\/\/agora.xtec.cat\/ceipjoansanpera\/wp-json\/wp\/v2\/pages\/6314\/revisions"}],"predecessor-version":[{"id":9118,"href":"https:\/\/agora.xtec.cat\/ceipjoansanpera\/wp-json\/wp\/v2\/pages\/6314\/revisions\/9118"}],"wp:attachment":[{"href":"https:\/\/agora.xtec.cat\/ceipjoansanpera\/wp-json\/wp\/v2\/media?parent=6314"}],"curies":[{"name":"wp","href":"https:\/\/api.w.org\/{rel}","templated":true}]}}