{"id":6267,"date":"2020-03-17T19:36:02","date_gmt":"2020-03-17T18:36:02","guid":{"rendered":"http:\/\/agora.xtec.cat\/ceipjoansanpera\/?page_id=6267"},"modified":"2025-02-05T20:22:08","modified_gmt":"2025-02-05T19:22:08","slug":"coneix-el-nostre-pec","status":"publish","type":"page","link":"https:\/\/agora.xtec.cat\/ceipjoansanpera\/coneix-el-nostre-pec\/","title":{"rendered":"Coneix el nostre Projecte Educatiu"},"content":{"rendered":"<p><a href=\"https:\/\/agora.xtec.cat\/ceipjoansanpera\/wp-content\/uploads\/usu1583\/2020\/03\/Portes_obertes_2020_PEC_opt.jpg\"><img loading=\"lazy\" decoding=\"async\" class=\"alignnone size-full wp-image-6266\" src=\"https:\/\/agora.xtec.cat\/ceipjoansanpera\/wp-content\/uploads\/usu1583\/2020\/03\/Portes_obertes_2020_PEC_opt.jpg\" alt=\"\" width=\"400\" height=\"400\" srcset=\"https:\/\/agora.xtec.cat\/ceipjoansanpera\/wp-content\/uploads\/usu1583\/2020\/03\/Portes_obertes_2020_PEC_opt.jpg 400w, https:\/\/agora.xtec.cat\/ceipjoansanpera\/wp-content\/uploads\/usu1583\/2020\/03\/Portes_obertes_2020_PEC_opt-150x150.jpg 150w, https:\/\/agora.xtec.cat\/ceipjoansanpera\/wp-content\/uploads\/usu1583\/2020\/03\/Portes_obertes_2020_PEC_opt-300x300.jpg 300w\" sizes=\"auto, (max-width: 400px) 100vw, 400px\" \/><\/a><\/p>\n<p>Benvolgudes fam\u00edlies interessades en con\u00e8ixer la nostra escola.<\/p>\n<p>De moment i fins que la situaci\u00f3 ens ho permeti, us volem ajudar a saber sobre el nostre Projecte educatiu.\u00a0 A la nostra web est\u00e0 penjat tota la informaci\u00f3 sobre aquest.<\/p>\n<p>Presentaci\u00f3 de les <a href=\"https:\/\/drive.google.com\/file\/d\/1OLBojAItJrCbToSx4aptIPq9sxHEcogH\/view?usp=sharing\">Portes Obertes 2025<\/a><\/p>\n<p>Podeu llegir sobre la nostra\u00a0<a href=\"https:\/\/agora.xtec.cat\/ceipjoansanpera\/projecte-educatiu\/\">metodologia.<\/a><\/p>\n<p><a href=\"https:\/\/agora.xtec.cat\/ceipjoansanpera\/docs\/pec-projecte-educatiu-de-centre\/\">Projecte Educatiu de centre<\/a><\/p>\n<p>Sobre el nostre <a href=\"https:\/\/tresmes.com\/\">Espai de migdia<\/a> (menjador i acollida)<\/p>\n<p>Els nostres <a href=\"https:\/\/agora.xtec.cat\/ceipjoansanpera\/projecte-educatiu\/projecte-patis\/\">patis<\/a><\/p>\n<p>Restem a la vostra disposici\u00f3 per a qualsevol aclariment.<\/p>\n<p>Moltes gr\u00e0cies<\/p>\n<p>&nbsp;<\/p>\n","protected":false},"excerpt":{"rendered":"<p>Benvolgudes fam\u00edlies interessades en con\u00e8ixer la nostra escola. De moment i fins que la situaci\u00f3 ens ho permeti, us volem ajudar a saber sobre el nostre Projecte educatiu.\u00a0 A la nostra web est\u00e0 penjat tota la informaci\u00f3 sobre aquest. Presentaci\u00f3 de les Portes Obertes 2025 Podeu llegir sobre la nostra\u00a0metodologia. Projecte Educatiu de centre Sobre [&hellip;]<\/p>\n","protected":false},"author":3,"featured_media":0,"parent":0,"menu_order":0,"comment_status":"closed","ping_status":"closed","template":"","meta":{"site-sidebar-layout":"default","site-content-layout":"","ast-site-content-layout":"default","site-content-style":"default","site-sidebar-style":"default","ast-global-header-display":"","ast-banner-title-visibility":"","ast-main-header-display":"","ast-hfb-above-header-display":"","ast-hfb-below-header-display":"","ast-hfb-mobile-header-display":"","site-post-title":"","ast-breadcrumbs-content":"","ast-featured-img":"","footer-sml-layout":"","theme-transparent-header-meta":"default","adv-header-id-meta":"","stick-header-meta":"","header-above-stick-meta":"","header-main-stick-meta":"","header-below-stick-meta":"","astra-migrate-meta-layouts":"set","ast-page-background-enabled":"default","ast-page-background-meta":{"desktop":{"background-color":"var(--ast-global-color-4)","background-image":"","background-repeat":"repeat","background-position":"center center","background-size":"auto","background-attachment":"scroll","background-type":"","background-media":"","overlay-type":"","overlay-color":"","overlay-opacity":"","overlay-gradient":""},"tablet":{"background-color":"","background-image":"","background-repeat":"repeat","background-position":"center center","background-size":"auto","background-attachment":"scroll","background-type":"","background-media":"","overlay-type":"","overlay-color":"","overlay-opacity":"","overlay-gradient":""},"mobile":{"background-color":"","background-image":"","background-repeat":"repeat","background-position":"center center","background-size":"auto","background-attachment":"scroll","background-type":"","background-media":"","overlay-type":"","overlay-color":"","overlay-opacity":"","overlay-gradient":""}},"ast-content-background-meta":{"desktop":{"background-color":"var(--ast-global-color-5)","background-image":"","background-repeat":"repeat","background-position":"center center","background-size":"auto","background-attachment":"scroll","background-type":"","background-media":"","overlay-type":"","overlay-color":"","overlay-opacity":"","overlay-gradient":""},"tablet":{"background-color":"var(--ast-global-color-5)","background-image":"","background-repeat":"repeat","background-position":"center center","background-size":"auto","background-attachment":"scroll","background-type":"","background-media":"","overlay-type":"","overlay-color":"","overlay-opacity":"","overlay-gradient":""},"mobile":{"background-color":"var(--ast-global-color-5)","background-image":"","background-repeat":"repeat","background-position":"center center","background-size":"auto","background-attachment":"scroll","background-type":"","background-media":"","overlay-type":"","overlay-color":"","overlay-opacity":"","overlay-gradient":""}},"footnotes":""},"class_list":["post-6267","page","type-page","status-publish","hentry"],"post_mailing_queue_ids":[],"_links":{"self":[{"href":"https:\/\/agora.xtec.cat\/ceipjoansanpera\/wp-json\/wp\/v2\/pages\/6267","targetHints":{"allow":["GET"]}}],"collection":[{"href":"https:\/\/agora.xtec.cat\/ceipjoansanpera\/wp-json\/wp\/v2\/pages"}],"about":[{"href":"https:\/\/agora.xtec.cat\/ceipjoansanpera\/wp-json\/wp\/v2\/types\/page"}],"author":[{"embeddable":true,"href":"https:\/\/agora.xtec.cat\/ceipjoansanpera\/wp-json\/wp\/v2\/users\/3"}],"replies":[{"embeddable":true,"href":"https:\/\/agora.xtec.cat\/ceipjoansanpera\/wp-json\/wp\/v2\/comments?post=6267"}],"version-history":[{"count":6,"href":"https:\/\/agora.xtec.cat\/ceipjoansanpera\/wp-json\/wp\/v2\/pages\/6267\/revisions"}],"predecessor-version":[{"id":10770,"href":"https:\/\/agora.xtec.cat\/ceipjoansanpera\/wp-json\/wp\/v2\/pages\/6267\/revisions\/10770"}],"wp:attachment":[{"href":"https:\/\/agora.xtec.cat\/ceipjoansanpera\/wp-json\/wp\/v2\/media?parent=6267"}],"curies":[{"name":"wp","href":"https:\/\/api.w.org\/{rel}","templated":true}]}}