{"id":5564,"date":"2018-02-06T10:33:48","date_gmt":"2018-02-06T09:33:48","guid":{"rendered":"http:\/\/agora.xtec.cat\/ceipjoansanpera\/?page_id=5564"},"modified":"2018-02-06T10:33:48","modified_gmt":"2018-02-06T09:33:48","slug":"padrins-de-lectura","status":"publish","type":"page","link":"https:\/\/agora.xtec.cat\/ceipjoansanpera\/projecte-educatiu\/padrins-de-lectura\/","title":{"rendered":"Padrins de lectura"},"content":{"rendered":"<p>&nbsp;<\/p>\n<p><b><i>Que s\u00f3n els padrins i padrines de lectura?<\/i><\/b><\/p>\n<p><span style=\"font-weight: 400;\">A l\u2019escola anomenem padrins o padrines als nens i nens m\u00e9s grans de l&#8217;escola que durant una sessi\u00f3 quinzenal ajuden els i les alumnes de P5 i 1r en el proc\u00e9s de desenvolupament del a la lectura, sempre des d\u2019una perspectiva l\u00fadica i d\u2019aprenentatge entreiguals.<\/span><\/p>\n<p><span style=\"font-weight: 400;\">Els nens i nenes de 5\u00e8 apadrinen els infants de 1r de prim\u00e0ria i els\/les de 6\u00e8 els infants de P5. Es converteixen en models lectors i serveixen com a font d\u2019il\u00b7lusi\u00f3 i \u00a0motivaci\u00f3 en aquest fant\u00e0stic proc\u00e9s. <\/span><\/p>\n<p><span style=\"font-weight: 400;\">Cada alumne mantindr\u00e0 el seu fillol\/padr\u00ed al llarg de tot el curs per tal de potenciar una relaci\u00f3 personal i afectiva entre ells dos. L\u2019escola i els responsables d\u2019aquesta activitat generaran molts moments de contacte com a foment d\u2019aquestes relacions. Per suposat que es tindran en compte les caracter\u00edstiques personals, tant dels fillols com dels padrins, per garantir l\u2019\u00e8xit de les parelles. <\/span><\/p>\n<p><b><i>Quins objectius es persegueixen?<\/i><\/b><\/p>\n<p><span style=\"font-weight: 400;\">-Potenciar els aprenentatges per part de tots els participants padrins\/es i fillols\/es.<br \/>\n<\/span><span style=\"font-weight: 400;\">-Crear contextos significatius d&#8217;aprenentatge (llegeixo perqu\u00e8 alg\u00fa m&#8217;entengui, llegeixo per alg\u00fa que li interessa\u00a0<\/span><span style=\"font-weight: 400;\">escoltar-me).<br \/>\n<\/span><span style=\"font-weight: 400;\">-Establir lligams afectius entre padrins\/es i fillols\/es al voltant de la lectura.<br \/>\n<\/span><span style=\"font-weight: 400;\">-Generar una experi\u00e8ncia positiva i plaent de lectura.<\/span><\/p>\n<p><b><i>Com s&#8217;organitza l&#8217;activitat?<\/i><\/b><\/p>\n<p><span style=\"font-weight: 400;\">Durant el primer trimestre els i les mestres de 5\u00e8\/1r i 6\u00e8\/5 disposaran de moments de coordinaci\u00f3 per dissenyar el projecte (distribuci\u00f3 de l\u2019alumnat, llocs on desenvolupar les activitats, dissenyar activitats no pr\u00f2pies de la lectura, etc). El Cap d\u2019estudis de l\u2019escola preveu en el moment de l\u2019organitzaci\u00f3 horari de curs que els diferents grups puguin tenir una hora lectiva setmana per al desenvolupament de l\u2019activitat. \u00a0<\/span><\/p>\n<p><span style=\"font-weight: 400;\">A inici de curs s\u2019explica el projecte als alumnes implicats i durant el primer trimestre es va generant curiositat, il\u00b7lusi\u00f3&#8230; <\/span><\/p>\n<p><span style=\"font-weight: 400;\">L&#8217;activitat s&#8217;inicia explicant i fent publicitat de l&#8217;activitat als alumnes dels cursos m\u00e9s grans. Se&#8217;ls explica en qu\u00e8 consisteix, com s&#8217;organitzar\u00e0 i quines s\u00f3n les pautes i consignes a seguir durant l&#8217;estona de lectura. De seguida entre els alumnes de cinqu\u00e8 i sis\u00e8 es va generant una curiositat i unes ganes de con\u00e8ixer el seu fillol o fillola abans que s\u2019inicii l\u2019apadrinatge lector. D\u2019altra banda, entre els petits tamb\u00e9 sorgeix la curiositat pel padr\u00ed o padrina que els correspondr\u00e0.<\/span><\/p>\n<p>Finalment arriba el gran dia en qu\u00e8 es troben els fillols, filloles, padrins i padrines per fer les presentacions i per con\u00e8ixer els seus gustos i preguntes respecte de l\u2019activitat conjunta que inicien. I a partir d\u2019aquell dia, l\u2019activitat va comen\u00e7ar&#8230;<\/p>\n<p><span style=\"font-weight: 400;\">Amb la intenci\u00f3 de facilitar qualsevol assessorament que demanin, el padrins i les padrines poden demanar ajuda per escollir llibres o contes a les tutories o a la bibliotecaria de l\u2019escola. Es fa un registre en un llibret que recull tot el proc\u00e9s lector on consta (nom Fillol i Padr\u00ed, fotografia d\u2019ambd\u00f3s, curs, \u00a0t\u00edtol del llibre, p\u00e0gines llegides).<\/span><\/p>\n<p><b><i>Per qu\u00e8 fem aquesta activitat?<\/i><\/b><\/p>\n<ul>\n<li style=\"font-weight: 400;\"><span style=\"font-weight: 400;\">Es millora la compet\u00e8ncia comunicativa de fillols i padrins<\/span><\/li>\n<li style=\"font-weight: 400;\"><span style=\"font-weight: 400;\">Els padrins milloren en els seus aprenentatges i especialment en la lectura i domini del codi i tamb\u00e9 en<\/span><\/li>\n<li style=\"font-weight: 400;\"><span style=\"font-weight: 400;\">l\u2019augment de responsabilitat personal, ajuda i cooperaci\u00f3 m\u00e9s enll\u00e0 de l&#8217;aula.<\/span><\/li>\n<li style=\"font-weight: 400;\"><span style=\"font-weight: 400;\">Es d\u00f3na un valor afegit a la lectura, perqu\u00e8 va acompanyada d&#8217;una relaci\u00f3 personal,<\/span><\/li>\n<li style=\"font-weight: 400;\"><span style=\"font-weight: 400;\">S&#8217;assegura la regularitat de llegir,<\/span><\/li>\n<li style=\"font-weight: 400;\"><span style=\"font-weight: 400;\">S&#8217;educa en el respecte com a persones entre companyes i companys de diferents edats, tenint en compte les difer\u00e8ncies pr\u00f2pies de l&#8217;edat i les peculiaritats de cadasc\u00fa<\/span><\/li>\n<li style=\"font-weight: 400;\"><span style=\"font-weight: 400;\">S&#8217;accepta la diversitat. No tots els fillols i filloles ni tots els padrins i padrines s\u00f3n simp\u00e0tics, macos, carinyosos, ..per\u00f2 ni l&#8217;un ni l&#8217;altre s&#8217;escullen i cal acceptar el que t&#8217;ha tocat. <\/span><\/li>\n<li style=\"font-weight: 400;\"><span style=\"font-weight: 400;\">Es potencia la generositat.<\/span><\/li>\n<li style=\"font-weight: 400;\"><span style=\"font-weight: 400;\">S&#8217;assumeix un comprom\u00eds i una responsabilitat, no es pot defraudar el fillol o la fillola. <\/span><\/li>\n<li style=\"font-weight: 400;\"><span style=\"font-weight: 400;\">La feina es pren seriosament. S\u2019ha de saber ser responsables, en part dep\u00e8n d&#8217;ells el progr\u00e9s del seu fillol o la seva fillola en la lectura. <\/span><\/li>\n<li style=\"font-weight: 400;\"><span style=\"font-weight: 400;\">Fa cr\u00e9ixer l&#8217;autoestima. Els nens i nenes del cicle superior que no tenen un bon concepte d&#8217;ells mateixos i creuen que no seran capa\u00e7os de fer-ho b\u00e9, se n&#8217;adonen que poden ajudar els infants m\u00e9s petites tan b\u00e9 o m\u00e9s que els altres. <\/span><\/li>\n<li style=\"font-weight: 400;\"><span style=\"font-weight: 400;\">El fet de relacionar-se amb nens d&#8217;infantil els fa adonar de coses que ja havien deixat enrere, els fa reviure records i els fa sentir grans.<\/span><\/li>\n<li style=\"font-weight: 400;\"><span style=\"font-weight: 400;\">Els fillols milloren en les seves compet\u00e8ncies ling\u00fc\u00edstiques.<\/span><\/li>\n<\/ul>\n<p><a href=\"https:\/\/docs.google.com\/document\/d\/1pKLNE_XIrt6wQ4E8WB0b6tCTwfSMmaMLCRxjhySCNQ8\/edit?usp=sharing\">Document<\/a><\/p>\n","protected":false},"excerpt":{"rendered":"<p>&nbsp; Que s\u00f3n els padrins i padrines de lectura? A l\u2019escola anomenem padrins o padrines als nens i nens m\u00e9s grans de l&#8217;escola que durant una sessi\u00f3 quinzenal ajuden els i les alumnes de P5 i 1r en el proc\u00e9s de desenvolupament del a la lectura, sempre des d\u2019una perspectiva l\u00fadica i d\u2019aprenentatge entreiguals. Els [&hellip;]<\/p>\n","protected":false},"author":3,"featured_media":0,"parent":64,"menu_order":0,"comment_status":"closed","ping_status":"closed","template":"page-templates\/side-menu.php","meta":{"site-sidebar-layout":"default","site-content-layout":"","ast-site-content-layout":"","site-content-style":"default","site-sidebar-style":"default","ast-global-header-display":"","ast-banner-title-visibility":"","ast-main-header-display":"","ast-hfb-above-header-display":"","ast-hfb-below-header-display":"","ast-hfb-mobile-header-display":"","site-post-title":"","ast-breadcrumbs-content":"","ast-featured-img":"","footer-sml-layout":"","theme-transparent-header-meta":"","adv-header-id-meta":"","stick-header-meta":"","header-above-stick-meta":"","header-main-stick-meta":"","header-below-stick-meta":"","astra-migrate-meta-layouts":"default","ast-page-background-enabled":"default","ast-page-background-meta":{"desktop":{"background-color":"var(--ast-global-color-4)","background-image":"","background-repeat":"repeat","background-position":"center center","background-size":"auto","background-attachment":"scroll","background-type":"","background-media":"","overlay-type":"","overlay-color":"","overlay-opacity":"","overlay-gradient":""},"tablet":{"background-color":"","background-image":"","background-repeat":"repeat","background-position":"center center","background-size":"auto","background-attachment":"scroll","background-type":"","background-media":"","overlay-type":"","overlay-color":"","overlay-opacity":"","overlay-gradient":""},"mobile":{"background-color":"","background-image":"","background-repeat":"repeat","background-position":"center center","background-size":"auto","background-attachment":"scroll","background-type":"","background-media":"","overlay-type":"","overlay-color":"","overlay-opacity":"","overlay-gradient":""}},"ast-content-background-meta":{"desktop":{"background-color":"var(--ast-global-color-5)","background-image":"","background-repeat":"repeat","background-position":"center center","background-size":"auto","background-attachment":"scroll","background-type":"","background-media":"","overlay-type":"","overlay-color":"","overlay-opacity":"","overlay-gradient":""},"tablet":{"background-color":"var(--ast-global-color-5)","background-image":"","background-repeat":"repeat","background-position":"center center","background-size":"auto","background-attachment":"scroll","background-type":"","background-media":"","overlay-type":"","overlay-color":"","overlay-opacity":"","overlay-gradient":""},"mobile":{"background-color":"var(--ast-global-color-5)","background-image":"","background-repeat":"repeat","background-position":"center center","background-size":"auto","background-attachment":"scroll","background-type":"","background-media":"","overlay-type":"","overlay-color":"","overlay-opacity":"","overlay-gradient":""}},"footnotes":""},"class_list":["post-5564","page","type-page","status-publish","hentry"],"post_mailing_queue_ids":[],"_links":{"self":[{"href":"https:\/\/agora.xtec.cat\/ceipjoansanpera\/wp-json\/wp\/v2\/pages\/5564","targetHints":{"allow":["GET"]}}],"collection":[{"href":"https:\/\/agora.xtec.cat\/ceipjoansanpera\/wp-json\/wp\/v2\/pages"}],"about":[{"href":"https:\/\/agora.xtec.cat\/ceipjoansanpera\/wp-json\/wp\/v2\/types\/page"}],"author":[{"embeddable":true,"href":"https:\/\/agora.xtec.cat\/ceipjoansanpera\/wp-json\/wp\/v2\/users\/3"}],"replies":[{"embeddable":true,"href":"https:\/\/agora.xtec.cat\/ceipjoansanpera\/wp-json\/wp\/v2\/comments?post=5564"}],"version-history":[{"count":1,"href":"https:\/\/agora.xtec.cat\/ceipjoansanpera\/wp-json\/wp\/v2\/pages\/5564\/revisions"}],"predecessor-version":[{"id":5565,"href":"https:\/\/agora.xtec.cat\/ceipjoansanpera\/wp-json\/wp\/v2\/pages\/5564\/revisions\/5565"}],"up":[{"embeddable":true,"href":"https:\/\/agora.xtec.cat\/ceipjoansanpera\/wp-json\/wp\/v2\/pages\/64"}],"wp:attachment":[{"href":"https:\/\/agora.xtec.cat\/ceipjoansanpera\/wp-json\/wp\/v2\/media?parent=5564"}],"curies":[{"name":"wp","href":"https:\/\/api.w.org\/{rel}","templated":true}]}}