{"id":5541,"date":"2018-02-06T09:18:36","date_gmt":"2018-02-06T08:18:36","guid":{"rendered":"http:\/\/agora.xtec.cat\/ceipjoansanpera\/?page_id=5541"},"modified":"2023-01-26T16:00:49","modified_gmt":"2023-01-26T15:00:49","slug":"projecte-patis","status":"publish","type":"page","link":"https:\/\/agora.xtec.cat\/ceipjoansanpera\/projecte-educatiu\/projecte-patis\/","title":{"rendered":"Projecte Patis"},"content":{"rendered":"<p><span style=\"font-weight: 400;\"><a href=\"http:\/\/agora.xtec.cat\/ceipjoansanpera\/wp-content\/uploads\/usu1583\/2018\/02\/Pati_Logo3.jpg\"><img loading=\"lazy\" decoding=\"async\" class=\"size-full wp-image-5547 alignright\" src=\"http:\/\/agora.xtec.cat\/ceipjoansanpera\/wp-content\/uploads\/usu1583\/2018\/02\/Pati_Logo3.jpg\" alt=\"\" width=\"321\" height=\"180\" srcset=\"https:\/\/agora.xtec.cat\/ceipjoansanpera\/wp-content\/uploads\/usu1583\/2018\/02\/Pati_Logo3.jpg 321w, https:\/\/agora.xtec.cat\/ceipjoansanpera\/wp-content\/uploads\/usu1583\/2018\/02\/Pati_Logo3-300x168.jpg 300w\" sizes=\"auto, (max-width: 321px) 100vw, 321px\" \/><\/a><\/span><\/p>\n<p style=\"text-align: left;\"><span style=\"font-weight: 400;\">L\u2019educaci\u00f3 no formal, t\u00e9 una important repercussi\u00f3 en la formaci\u00f3 dels infants, sobretot en l\u2019\u00e0mbit personal. El pati, esdev\u00e9 un <\/span><b>espai plenament educatiu <\/b><span style=\"font-weight: 400;\">on es donen un tipus de jocs i relacions pr\u00f2pies i diferents de la resta d\u2019espais de l\u2019escola. \u00c9s el lloc on les din\u00e0miques de grup s\u00f3n plenament vives. Creiem que els espais d\u2019esbarjo han de ser un reflex del projecte educatiu fent que siguin espais que promoguin tamb\u00e9 l\u2019<\/span><b>acc\u00e9s a la cultura, s\u2019hi fomentin valors i proporcionin experi\u00e8ncies generadores d\u2019aprenentatge<\/b><span style=\"font-weight: 400;\">. <\/span><\/p>\n<p>Actualment els nostres grans patis esdevenen espais on es realitzen diferents activitats per a l&#8217;entreteniment, la cohesi\u00f3 de l&#8217;alumnat, la descoberta, la potenciaci\u00f3 de les habilitats socials, etc. Cada setmana els infants es troben un espai de circ, un espai per patinar, un espai per jugar amb la sorra, una espai tranquil on llegir, un espai per escalar (el roc\u00f2drom), un espai on jugar a ping pong, un hort escolar, un espai de dibuix i tamb\u00e9 un espai on jugar amb pilotes.<\/p>\n<p>Oferir estils de jocs per a tots els infants, ens ha ajudat a redu\u00efr molt els conflictes en aquesta franja horaria,a la vegada que ha esdevingut una oportunitat per descobrir noves habilitats i noves amistats.<\/p>\n<p>Documentaci\u00f3 del projecte de co-creaci\u00f3 <em>PROJECTE PATIS<\/em><\/p>\n<p><a href=\"https:\/\/docs.google.com\/presentation\/d\/1SFYTUu3HANi1YQG2ChXu25BCPVAqNIcR2PXqHcoWW6g\/edit?usp=sharing\">#Presentaci\u00f3 projecte<\/a><br \/>\n<a href=\"https:\/\/issuu.com\/escolajoansanpera\/docs\/informe1-enquesta-delegats-maig2017\">#Informe 1<\/a><br \/>\n<a href=\"https:\/\/issuu.com\/escolajoansanpera\/docs\/informe1-enquesta-families\">#Informe 2<\/a><br \/>\n<a href=\"https:\/\/issuu.com\/home\/docs\/informe3-enquesta-docents-octubre20\/edit\/links\">#Informe 3<\/a><br \/>\n<a href=\"https:\/\/issuu.com\/home\/docs\/informe4-treballfamilies\/edit\/links\">#Informe 4<\/a><br \/>\n<a href=\"https:\/\/issuu.com\/home\/docs\/informe5-accio\/edit\/links\">#Informe 5<\/a><\/p>\n<p><strong>1a FASE : DUNES<br \/>\n<\/strong>Aquest mes de gener de 2023 comencen les obres per instal\u00b7lar unes dunes al pati d&#8217;educaci\u00f3 infantil. Una part del projecte dissenyat col\u00b7laborartivament entre AFA-ESCOLA-PATIS NATURALS amb les aportacions econ\u00f2miques recollides en els berenars solidaris dels \u00faltims anys per part de l&#8217;AFA, aportacions de l&#8217;escola i subvenci\u00f3 de l&#8217;Ajuntament de Les Franqueses del Vall\u00e8s.<\/p>\n<p><a href=\"https:\/\/agora.xtec.cat\/ceipjoansanpera\/wp-content\/uploads\/usu1583\/2023\/01\/DUNES.png\"><img loading=\"lazy\" decoding=\"async\" class=\"alignnone size-large wp-image-8549\" src=\"https:\/\/agora.xtec.cat\/ceipjoansanpera\/wp-content\/uploads\/usu1583\/2023\/01\/DUNES-1024x724.png\" alt=\"\" width=\"1024\" height=\"724\" srcset=\"https:\/\/agora.xtec.cat\/ceipjoansanpera\/wp-content\/uploads\/usu1583\/2023\/01\/DUNES-1024x724.png 1024w, https:\/\/agora.xtec.cat\/ceipjoansanpera\/wp-content\/uploads\/usu1583\/2023\/01\/DUNES-300x212.png 300w, https:\/\/agora.xtec.cat\/ceipjoansanpera\/wp-content\/uploads\/usu1583\/2023\/01\/DUNES-768x543.png 768w, https:\/\/agora.xtec.cat\/ceipjoansanpera\/wp-content\/uploads\/usu1583\/2023\/01\/DUNES.png 1044w\" sizes=\"auto, (max-width: 1024px) 100vw, 1024px\" \/><\/a><\/p>\n","protected":false},"excerpt":{"rendered":"<p>L\u2019educaci\u00f3 no formal, t\u00e9 una important repercussi\u00f3 en la formaci\u00f3 dels infants, sobretot en l\u2019\u00e0mbit personal. El pati, esdev\u00e9 un espai plenament educatiu on es donen un tipus de jocs i relacions pr\u00f2pies i diferents de la resta d\u2019espais de l\u2019escola. \u00c9s el lloc on les din\u00e0miques de grup s\u00f3n plenament vives. Creiem que els [&hellip;]<\/p>\n","protected":false},"author":3,"featured_media":0,"parent":64,"menu_order":0,"comment_status":"closed","ping_status":"closed","template":"page-templates\/side-menu.php","meta":{"site-sidebar-layout":"default","site-content-layout":"","ast-site-content-layout":"","site-content-style":"default","site-sidebar-style":"default","ast-global-header-display":"","ast-banner-title-visibility":"","ast-main-header-display":"","ast-hfb-above-header-display":"","ast-hfb-below-header-display":"","ast-hfb-mobile-header-display":"","site-post-title":"","ast-breadcrumbs-content":"","ast-featured-img":"","footer-sml-layout":"","theme-transparent-header-meta":"","adv-header-id-meta":"","stick-header-meta":"","header-above-stick-meta":"","header-main-stick-meta":"","header-below-stick-meta":"","astra-migrate-meta-layouts":"default","ast-page-background-enabled":"default","ast-page-background-meta":{"desktop":{"background-color":"var(--ast-global-color-4)","background-image":"","background-repeat":"repeat","background-position":"center center","background-size":"auto","background-attachment":"scroll","background-type":"","background-media":"","overlay-type":"","overlay-color":"","overlay-opacity":"","overlay-gradient":""},"tablet":{"background-color":"","background-image":"","background-repeat":"repeat","background-position":"center center","background-size":"auto","background-attachment":"scroll","background-type":"","background-media":"","overlay-type":"","overlay-color":"","overlay-opacity":"","overlay-gradient":""},"mobile":{"background-color":"","background-image":"","background-repeat":"repeat","background-position":"center center","background-size":"auto","background-attachment":"scroll","background-type":"","background-media":"","overlay-type":"","overlay-color":"","overlay-opacity":"","overlay-gradient":""}},"ast-content-background-meta":{"desktop":{"background-color":"var(--ast-global-color-5)","background-image":"","background-repeat":"repeat","background-position":"center center","background-size":"auto","background-attachment":"scroll","background-type":"","background-media":"","overlay-type":"","overlay-color":"","overlay-opacity":"","overlay-gradient":""},"tablet":{"background-color":"var(--ast-global-color-5)","background-image":"","background-repeat":"repeat","background-position":"center center","background-size":"auto","background-attachment":"scroll","background-type":"","background-media":"","overlay-type":"","overlay-color":"","overlay-opacity":"","overlay-gradient":""},"mobile":{"background-color":"var(--ast-global-color-5)","background-image":"","background-repeat":"repeat","background-position":"center center","background-size":"auto","background-attachment":"scroll","background-type":"","background-media":"","overlay-type":"","overlay-color":"","overlay-opacity":"","overlay-gradient":""}},"footnotes":""},"class_list":["post-5541","page","type-page","status-publish","hentry"],"post_mailing_queue_ids":[],"_links":{"self":[{"href":"https:\/\/agora.xtec.cat\/ceipjoansanpera\/wp-json\/wp\/v2\/pages\/5541","targetHints":{"allow":["GET"]}}],"collection":[{"href":"https:\/\/agora.xtec.cat\/ceipjoansanpera\/wp-json\/wp\/v2\/pages"}],"about":[{"href":"https:\/\/agora.xtec.cat\/ceipjoansanpera\/wp-json\/wp\/v2\/types\/page"}],"author":[{"embeddable":true,"href":"https:\/\/agora.xtec.cat\/ceipjoansanpera\/wp-json\/wp\/v2\/users\/3"}],"replies":[{"embeddable":true,"href":"https:\/\/agora.xtec.cat\/ceipjoansanpera\/wp-json\/wp\/v2\/comments?post=5541"}],"version-history":[{"count":3,"href":"https:\/\/agora.xtec.cat\/ceipjoansanpera\/wp-json\/wp\/v2\/pages\/5541\/revisions"}],"predecessor-version":[{"id":8553,"href":"https:\/\/agora.xtec.cat\/ceipjoansanpera\/wp-json\/wp\/v2\/pages\/5541\/revisions\/8553"}],"up":[{"embeddable":true,"href":"https:\/\/agora.xtec.cat\/ceipjoansanpera\/wp-json\/wp\/v2\/pages\/64"}],"wp:attachment":[{"href":"https:\/\/agora.xtec.cat\/ceipjoansanpera\/wp-json\/wp\/v2\/media?parent=5541"}],"curies":[{"name":"wp","href":"https:\/\/api.w.org\/{rel}","templated":true}]}}