{"id":5226,"date":"2017-10-23T16:02:24","date_gmt":"2017-10-23T14:02:24","guid":{"rendered":"http:\/\/agora.xtec.cat\/ceipjoansanpera\/?page_id=5226"},"modified":"2025-11-03T21:21:25","modified_gmt":"2025-11-03T20:21:25","slug":"erasmus","status":"publish","type":"page","link":"https:\/\/agora.xtec.cat\/ceipjoansanpera\/projecte-educatiu\/erasmus\/","title":{"rendered":"ERASMUS+ [Escola Acreditada]"},"content":{"rendered":"<p><a href=\"https:\/\/sites.google.com\/xtec.cat\/erasmusreadyforthefuture\/inici\" target=\"_blank\" rel=\"noopener\"><img loading=\"lazy\" decoding=\"async\" class=\"alignnone wp-image-9756 size-large\" src=\"https:\/\/agora.xtec.cat\/ceipjoansanpera\/wp-content\/uploads\/usu1583\/2024\/07\/Music-Soundcloud-Banner-1024x215.jpg\" alt=\"\" width=\"1024\" height=\"215\" srcset=\"https:\/\/agora.xtec.cat\/ceipjoansanpera\/wp-content\/uploads\/usu1583\/2024\/07\/Music-Soundcloud-Banner-1024x215.jpg 1024w, https:\/\/agora.xtec.cat\/ceipjoansanpera\/wp-content\/uploads\/usu1583\/2024\/07\/Music-Soundcloud-Banner-300x63.jpg 300w, https:\/\/agora.xtec.cat\/ceipjoansanpera\/wp-content\/uploads\/usu1583\/2024\/07\/Music-Soundcloud-Banner-768x161.jpg 768w, https:\/\/agora.xtec.cat\/ceipjoansanpera\/wp-content\/uploads\/usu1583\/2024\/07\/Music-Soundcloud-Banner-1536x322.jpg 1536w, https:\/\/agora.xtec.cat\/ceipjoansanpera\/wp-content\/uploads\/usu1583\/2024\/07\/Music-Soundcloud-Banner-2048x429.jpg 2048w\" sizes=\"auto, (max-width: 1024px) 100vw, 1024px\" \/><\/a><\/p>\n<p><a href=\"https:\/\/agora.xtec.cat\/ceipjoansanpera\/wp-content\/uploads\/usu1583\/2022\/09\/READY_FOR_THE_FUTURE_LOGO.png\"><img loading=\"lazy\" decoding=\"async\" class=\"alignnone size-full wp-image-8249\" src=\"https:\/\/agora.xtec.cat\/ceipjoansanpera\/wp-content\/uploads\/usu1583\/2022\/09\/READY_FOR_THE_FUTURE_LOGO.png\" alt=\"\" width=\"500\" height=\"252\" srcset=\"https:\/\/agora.xtec.cat\/ceipjoansanpera\/wp-content\/uploads\/usu1583\/2022\/09\/READY_FOR_THE_FUTURE_LOGO.png 500w, https:\/\/agora.xtec.cat\/ceipjoansanpera\/wp-content\/uploads\/usu1583\/2022\/09\/READY_FOR_THE_FUTURE_LOGO-300x151.png 300w\" sizes=\"auto, (max-width: 500px) 100vw, 500px\" \/><\/a><\/p>\n<p>&nbsp;<\/p>\n<p><a href=\"https:\/\/agora.xtec.cat\/ceipjoansanpera\/wp-content\/uploads\/usu1583\/2022\/02\/acreditacio.jpg\"><img loading=\"lazy\" decoding=\"async\" class=\"wp-image-7674 alignleft\" src=\"https:\/\/agora.xtec.cat\/ceipjoansanpera\/wp-content\/uploads\/usu1583\/2022\/02\/acreditacio.jpg\" alt=\"\" width=\"248\" height=\"124\" srcset=\"https:\/\/agora.xtec.cat\/ceipjoansanpera\/wp-content\/uploads\/usu1583\/2022\/02\/acreditacio.jpg 543w, https:\/\/agora.xtec.cat\/ceipjoansanpera\/wp-content\/uploads\/usu1583\/2022\/02\/acreditacio-300x150.jpg 300w\" sizes=\"auto, (max-width: 248px) 100vw, 248px\" \/><\/a><\/p>\n<p><strong>ACREDITACI\u00d3 ERASMUS\u00a0<\/strong><\/p>\n<p>Benvolgudes fam\u00edlies<\/p>\n<p>Estem molt contents d&#8217;anunciar-vos que l&#8217;escola Joan Sanpera i Torras ha aconseguit l&#8217;acreditaci\u00f3 ERASMUS fins al 2027. Durant els \u00faltims mesos, un equip impulsor de docents del centre hem estat dissenyant i redactant el projecte que vam presentar per poder obtenir aquest distintiu. D&#8217;entre els 500 projectes d&#8217;escoles, instituts i institucions diverses presentades a tota Espanya, el nostre projecte ha estat molt ben valorat i per tant a partir d&#8217;aquest 1 de juny i durant els propers cursos, podrem gaudir de molts avantatges educatius a nivell Europeu: activitats de mobilitat d&#8217;alumnat i professorat, cursos de formaci\u00f3, treballs en xarxa amb escoles d&#8217;arreu d&#8217;Europa, tot pensat per poder millorar les compet\u00e8ncies dels nostres infants.<\/p>\n<p>Seguim treballant per obrir l&#8217;escola a les oportunitats que ens ofereix el nostre entorn i poder seguir aprenent del m\u00f3n en que vivim.<\/p>\n<h6><strong>Si voleu estar m\u00e9s informats\/des del que s\u00f3n les Acreditacions ERASMUS, podeu visitar el seg\u00fcent\u00a0<a href=\"http:\/\/www.sepie.es\/doc\/convocatoria\/2020\/folleto_ka120.pdf\">enlla\u00e7<\/a>.\u00a0\u00a0<\/strong><\/h6>\n<p>&nbsp;<\/p>\n<p>_________________________________________________________________________________________________________________________________________________________<\/p>\n<p><a href=\"https:\/\/www.youtube.com\/watch?v=79evs6Jf188&amp;list=PLb0EiXtLMC4gWtQcIVW2z24vErYpXr7FQ&amp;index=8\"><img loading=\"lazy\" decoding=\"async\" class=\"alignnone size-large wp-image-8354\" src=\"https:\/\/agora.xtec.cat\/ceipjoansanpera\/wp-content\/uploads\/usu1583\/2022\/10\/Sense-titol-1024x576.jpg\" sizes=\"auto, (max-width: 1024px) 100vw, 1024px\" srcset=\"https:\/\/agora.xtec.cat\/ceipjoansanpera\/wp-content\/uploads\/usu1583\/2022\/10\/Sense-titol-1024x576.jpg 1024w, https:\/\/agora.xtec.cat\/ceipjoansanpera\/wp-content\/uploads\/usu1583\/2022\/10\/Sense-titol-300x169.jpg 300w, https:\/\/agora.xtec.cat\/ceipjoansanpera\/wp-content\/uploads\/usu1583\/2022\/10\/Sense-titol-768x432.jpg 768w, https:\/\/agora.xtec.cat\/ceipjoansanpera\/wp-content\/uploads\/usu1583\/2022\/10\/Sense-titol-1536x864.jpg 1536w, https:\/\/agora.xtec.cat\/ceipjoansanpera\/wp-content\/uploads\/usu1583\/2022\/10\/Sense-titol.jpg 1920w\" alt=\"\" width=\"1024\" height=\"576\" \/><\/a><\/p>\n<p>MIREU EL\u00a0<a href=\"https:\/\/www.youtube.com\/watch?v=79evs6Jf188&amp;list=PLb0EiXtLMC4gWtQcIVW2z24vErYpXr7FQ&amp;index=8\">V\u00cdDEO<\/a>\u00a0DE LA COORDINADORA DE PROJECTES INTERNACIONALS \u2013 Marta Colilles<br \/>\nLLEGIU l\u2019ARTICLE DELS PREMIATS \u2013\u00a0<a href=\"http:\/\/sepie.es\/doc\/newsletter\/2022\/47\/eita.pdf\">Aqu\u00ed<\/a><\/p>\n<p>El nostre projecte europeu Erasmus+:\u00a0<i>Take the E-train (2017-19)<\/i>, desenvolupat amb les escoles de\u00a0<i>Pol\u00f2nia, It\u00e0lia, Litu\u00e0nia, Gr\u00e8cia i Eslov\u00e0quia<\/i>\u00a0i coordinat pel nostre centre i en el que tamb\u00e9 va participar l\u2019associaci\u00f3 Local de can Gavatx, ha\u00a0 estat distingit amb el Premi Europeu a l\u2019Ensenyament Innovador (European Innovative Teaching Award-EITA) dins de la categoria d\u2019Educaci\u00f3 Prim\u00e0ria. Quatre projectes de totes les Comunitats Aut\u00f2nomes i 98 de tota Europa han estat guardonats amb aquests premis que ressalta les pr\u00e0ctiques d\u2019excel\u00b7l\u00e8ncia educativa dels programes Erasmus+ que reconeixen la feina del professorat i dels centres educatius participants en projectes de cooperaci\u00f3 europea.<\/p>\n<p>Enguany, l\u2019Escola Joan Sanpera i Torras, ha obtingut l\u2019Acreditaci\u00f3 Erasmus+ que ens permet obtenir dotacions econ\u00f2miques importants fins l\u2019any 2027 amb l\u2019objectiu de desenvolupar el nostre programa Erasmus \u201cReady for the future\u201d. Concretament per aquest curs 2022-23, l\u2019escola ha planificat la mobilitat de dotze alumnes i quatre mestres durant una setmana a escoles europees, la visita de tres docents per a fer observaci\u00f3 de centres educatius de refer\u00e8ncia en l\u2019\u00e0mbit de les STEAM i tamb\u00e9 l\u2019assist\u00e8ncia de tres mestres a cursos de formaci\u00f3 en metodologies actives i AICLE (Aprenentatge Integrat de Continguts i Lleng\u00fces Estrangeres). Tot aix\u00f2 servir\u00e0 per fer cr\u00e9ixer el nostre projecte educatiu centrat per a tots els infants.<\/p>\n<p>Com sempre, la confian\u00e7a dipositada a l\u2019escola i la implicaci\u00f3 de tota la comunitat educativa (alumnes, fam\u00edlies, personal docent i no docent, personal d\u2019atenci\u00f3 educativa, centre de recursos, Departament d\u2019Educaci\u00f3, Ajuntament, a SEPIE i entitats externes al centre, etc.) far\u00e0 que aquest nou repte esdevingui d\u2019\u00e8xit.<\/p>\n<p>Volem felicitar aquells centres que tamb\u00e9 han fet el seu cam\u00ed i que han estat premiats i als nostres col\u00b7legues amb els que hem compartit viatge tots aquests anys. El premi tamb\u00e9 \u00e9s d\u2019ells.<\/p>\n<p>v\u00eddeo\u00a0notificaci\u00f3 premiats:\u00a0<a href=\"https:\/\/youtu.be\/hiZc4AFIWbs\">https:\/\/youtu.be\/hiZc4AFIWbs<br \/>\n<\/a>web projecte premiat:\u00a0<a href=\"https:\/\/taketheetrain.eu\/\">https:\/\/taketheetrain.eu\/<\/a><\/p>\n<p>_______________________________________________________________________________________________________________________________________________________<strong>ERASMUS+: Take the e-Train project (2017-2019)<\/strong><\/p>\n<p><a style=\"color: #2795b6;\" href=\"http:\/\/taketheetrain.eu\/\"><img loading=\"lazy\" decoding=\"async\" class=\" wp-image-5501 aligncenter\" src=\"http:\/\/agora.xtec.cat\/ceipjoansanpera\/wp-content\/uploads\/usu1583\/2017\/10\/imatge-logo.jpg\" alt=\"\" width=\"288\" height=\"210\" \/><\/a><\/p>\n<p><span style=\"font-weight: 400;\">E+train \u00e9s un projecte adre\u00e7at a alumnat d\u2019educaci\u00f3 infantil i prim\u00e0ria que t\u00e9 com a principal objectiu<\/span><b> instaurar i potenciar una nova metodologia d\u2019aprenentatge<\/b><span style=\"font-weight: 400;\"> als centres socis sobre el \u00a0<\/span><b>treball cooperatiu<\/b><span style=\"font-weight: 400;\"> com a base en la resoluci\u00f3 de problemes. A partir d\u2019un mateix fil conductor, el tren, com a mitj\u00e0 de comunicaci\u00f3 que facilita la proximitat entre pa\u00efsos de la uni\u00f3, i amb l\u2019\u00fas de les noves tecnologies es pret\u00e9n que l\u2019alumnat desenvolupi compet\u00e8ncies tan acad\u00e8miques com socials, que el capacitin per a ser en un futur un<\/span><b> ciutad\u00e0 europeu <\/b><span style=\"font-weight: 400;\">capa\u00e7 d\u2019adaptar-se a les situacions canviants del seu entorn social.<\/span><\/p>\n<p><span style=\"font-weight: 400;\">Durant els dos anys, a part de fer moltes activitats de manera cooperativa, com la creaci\u00f3 d\u2019un CD amb can\u00e7ons sobre trens, un conte creat i il\u00b7lustrat per tots els alumnes i una gran maqueta de trens, hi hauran 6 mobilitats de mestres i alumnes que ens permetr\u00e0 con\u00e8ixer de manera directa i vivencial les diferents formes de viure i aprendre. \u00a0<\/span><\/p>\n<p>El projecte \u00e9s per dos anys i estem agermanats amb una escola de cadascun d&#8217;aquests pa\u00efsos:\u00a0<i><span style=\"font-weight: 400;\">Pol\u00f2nia, Gr\u00e8cia, It\u00e0lia, Litu\u00e0nia i Eslov\u00e0quia. Noslatres serem els coordinadors del projecte.<\/span><\/i><\/p>\n<p><span style=\"font-weight: 400;\">Els objectius principals del projecte s\u00f3n:<\/span><\/p>\n<ol>\n<li><b><\/b><span style=\"font-weight: 400;\"> Instaurar i potenciar una nova<\/span><b> metodologia d\u2019aprenentatge<\/b><span style=\"font-weight: 400;\"> als centres socis sobre el \u00a0<\/span><b>treball cooperatiu. <\/b><\/li>\n<li><span style=\"font-weight: 400;\"> Desenvolupar capacitats i habilitats que permetin als alumnes fer front a la <\/span><b>resoluci\u00f3 de \u00a0problemes.<\/b><\/li>\n<li><b> <\/b><span style=\"font-weight: 400;\">Donar la possibilitat d\u2019<\/span><b>aprendre<\/b><span style=\"font-weight: 400;\"> als nostres alumnes en un <\/span><b>entorn virtual<\/b><span style=\"font-weight: 400;\"> que afavoreixen el desenvolupament \u00a0de compet\u00e8ncies i habilitats necess\u00e0ries pel futur.<\/span><\/li>\n<li><b> <\/b><span style=\"font-weight: 400;\">Augmentar la <\/span><b>compet\u00e8ncia ling\u00fc\u00edstica <\/b><span style=\"font-weight: 400;\">dels nostres alumnes en<\/span><b> llengua anglesa <\/b><span style=\"font-weight: 400;\">en l\u2019\u00fas quotidi\u00e0 de relaci\u00f3 dins d\u2019un treball cooperatiu amb els companys d\u2019altres pa\u00efsos.<\/span><\/li>\n<li><span style=\"font-weight: 400;\"> Desenvolupar la <\/span><b>consciencia ecol\u00f2gica<\/b><span style=\"font-weight: 400;\"> i un sentit de responsabilitat amb el medi ambient.<\/span><\/li>\n<li><span style=\"font-weight: 400;\"> \u00a0Explorar i entendre qu\u00e8 \u00e9s \u00a0Europa i qu\u00e8 vol dir ser ciutadans europeus.<\/span><\/li>\n<li><span style=\"font-weight: 400;\"> Desenvolupar una <\/span><b>actitud oberta i tolerant<\/b><span style=\"font-weight: 400;\"> envers <\/span><b>altres cultures<\/b><span style=\"font-weight: 400;\">. <\/span><\/li>\n<li><span style=\"font-weight: 400;\"> Enriquir la nostra practica educativa.<\/span><\/li>\n<li><span style=\"font-weight: 400;\"> Potenciar la integraci\u00f3 social.<\/span><\/li>\n<\/ol>\n<p>Per a m\u00e9s informaci\u00f3, visita el compte de\u00a0<strong><a href=\"https:\/\/twitter.com\/takethee_Train\">Twitter<\/a><\/strong> i a la web del <a href=\"http:\/\/taketheetrain.eu\/\"><strong>Projecte<br \/>\n<\/strong><\/a><a href=\"http:\/\/3dim-n-ionias.mag.sch.gr\/new\/category\/programmata\/erasmus-take-the-e-train\/puzzle-crossword\/\">Link Trencaclosques<\/a><br \/>\n<a href=\"http:\/\/taketheetrain.eu\/index.php\/dissemitation\/\">Articles<\/a> de difussi\u00f3.<\/p>\n<p><em><b>This project has been funded with support from the European Commission. This publication reflects the views only of the author, and the Commission cannot be held responsible for any use which may be made of the information contained therein.<\/b><\/em><\/p>\n","protected":false},"excerpt":{"rendered":"<p>&nbsp; ACREDITACI\u00d3 ERASMUS\u00a0 Benvolgudes fam\u00edlies Estem molt contents d&#8217;anunciar-vos que l&#8217;escola Joan Sanpera i Torras ha aconseguit l&#8217;acreditaci\u00f3 ERASMUS fins al 2027. Durant els \u00faltims mesos, un equip impulsor de docents del centre hem estat dissenyant i redactant el projecte que vam presentar per poder obtenir aquest distintiu. D&#8217;entre els 500 projectes d&#8217;escoles, instituts i [&hellip;]<\/p>\n","protected":false},"author":3,"featured_media":0,"parent":64,"menu_order":0,"comment_status":"closed","ping_status":"closed","template":"","meta":{"site-sidebar-layout":"default","site-content-layout":"","ast-site-content-layout":"","site-content-style":"default","site-sidebar-style":"default","ast-global-header-display":"","ast-banner-title-visibility":"","ast-main-header-display":"","ast-hfb-above-header-display":"","ast-hfb-below-header-display":"","ast-hfb-mobile-header-display":"","site-post-title":"","ast-breadcrumbs-content":"","ast-featured-img":"","footer-sml-layout":"","theme-transparent-header-meta":"","adv-header-id-meta":"","stick-header-meta":"","header-above-stick-meta":"","header-main-stick-meta":"","header-below-stick-meta":"","astra-migrate-meta-layouts":"default","ast-page-background-enabled":"default","ast-page-background-meta":{"desktop":{"background-color":"var(--ast-global-color-4)","background-image":"","background-repeat":"repeat","background-position":"center center","background-size":"auto","background-attachment":"scroll","background-type":"","background-media":"","overlay-type":"","overlay-color":"","overlay-opacity":"","overlay-gradient":""},"tablet":{"background-color":"","background-image":"","background-repeat":"repeat","background-position":"center center","background-size":"auto","background-attachment":"scroll","background-type":"","background-media":"","overlay-type":"","overlay-color":"","overlay-opacity":"","overlay-gradient":""},"mobile":{"background-color":"","background-image":"","background-repeat":"repeat","background-position":"center center","background-size":"auto","background-attachment":"scroll","background-type":"","background-media":"","overlay-type":"","overlay-color":"","overlay-opacity":"","overlay-gradient":""}},"ast-content-background-meta":{"desktop":{"background-color":"var(--ast-global-color-5)","background-image":"","background-repeat":"repeat","background-position":"center center","background-size":"auto","background-attachment":"scroll","background-type":"","background-media":"","overlay-type":"","overlay-color":"","overlay-opacity":"","overlay-gradient":""},"tablet":{"background-color":"var(--ast-global-color-5)","background-image":"","background-repeat":"repeat","background-position":"center center","background-size":"auto","background-attachment":"scroll","background-type":"","background-media":"","overlay-type":"","overlay-color":"","overlay-opacity":"","overlay-gradient":""},"mobile":{"background-color":"var(--ast-global-color-5)","background-image":"","background-repeat":"repeat","background-position":"center center","background-size":"auto","background-attachment":"scroll","background-type":"","background-media":"","overlay-type":"","overlay-color":"","overlay-opacity":"","overlay-gradient":""}},"footnotes":""},"class_list":["post-5226","page","type-page","status-publish","hentry"],"post_mailing_queue_ids":[],"_links":{"self":[{"href":"https:\/\/agora.xtec.cat\/ceipjoansanpera\/wp-json\/wp\/v2\/pages\/5226","targetHints":{"allow":["GET"]}}],"collection":[{"href":"https:\/\/agora.xtec.cat\/ceipjoansanpera\/wp-json\/wp\/v2\/pages"}],"about":[{"href":"https:\/\/agora.xtec.cat\/ceipjoansanpera\/wp-json\/wp\/v2\/types\/page"}],"author":[{"embeddable":true,"href":"https:\/\/agora.xtec.cat\/ceipjoansanpera\/wp-json\/wp\/v2\/users\/3"}],"replies":[{"embeddable":true,"href":"https:\/\/agora.xtec.cat\/ceipjoansanpera\/wp-json\/wp\/v2\/comments?post=5226"}],"version-history":[{"count":7,"href":"https:\/\/agora.xtec.cat\/ceipjoansanpera\/wp-json\/wp\/v2\/pages\/5226\/revisions"}],"predecessor-version":[{"id":10775,"href":"https:\/\/agora.xtec.cat\/ceipjoansanpera\/wp-json\/wp\/v2\/pages\/5226\/revisions\/10775"}],"up":[{"embeddable":true,"href":"https:\/\/agora.xtec.cat\/ceipjoansanpera\/wp-json\/wp\/v2\/pages\/64"}],"wp:attachment":[{"href":"https:\/\/agora.xtec.cat\/ceipjoansanpera\/wp-json\/wp\/v2\/media?parent=5226"}],"curies":[{"name":"wp","href":"https:\/\/api.w.org\/{rel}","templated":true}]}}