{"id":4464,"date":"2017-02-03T13:51:11","date_gmt":"2017-02-03T12:51:11","guid":{"rendered":"http:\/\/agora.xtec.cat\/ceipjoansanpera\/?page_id=4464"},"modified":"2025-11-03T20:33:30","modified_gmt":"2025-11-03T19:33:30","slug":"comunicats-i-circulars","status":"publish","type":"page","link":"https:\/\/agora.xtec.cat\/ceipjoansanpera\/lescola\/comunicats-i-circulars\/","title":{"rendered":"Compet\u00e8ncies, Criteris d&#8217;avaluaci\u00f3 i Sabers"},"content":{"rendered":"<p>&nbsp;<\/p>\n<p><b>Nou Curr\u00edculum Educaci\u00f3 Infantil<\/b><\/p>\n<p><a href=\"https:\/\/drive.google.com\/file\/d\/1iHwVra7TYfsBWGaljaF25m1cqB27Mn8i\/view?usp=sharing\">Curr\u00edculum educaci\u00f3 infantil: eixos, criteris i sabers<\/a><\/p>\n<p><b>Nou Curr\u00edculum Educaci\u00f3 B\u00e0sica- Educaci\u00f3 Prim\u00e0ria<\/b><\/p>\n<p><a href=\"https:\/\/drive.google.com\/file\/d\/1GDshv6HeBWyGLjF3c52P2tIiZEanwcWl\/view?usp=sharing\">Cicle inicial: compet\u00e8ncies i criteris d&#8217;avaluaci\u00f3<\/a><\/p>\n<p><a href=\"https:\/\/drive.google.com\/file\/d\/103nPy6sxdGPAHeYKv6A70mMpLUxgbJih\/view?usp=drive_link\">Cicle inicial: sabers<\/a><\/p>\n<p><a href=\"https:\/\/drive.google.com\/file\/d\/1w3DZ9R-1Xz3qveshzGQzybcrlOi6o6oa\/view?usp=sharing\">Cicle mitj\u00e0: compet\u00e8ncies i criteris d&#8217;avaluaci\u00f3<\/a><\/p>\n<p><a href=\"https:\/\/drive.google.com\/file\/d\/1Lm69INHKkPJAS0BFGthtEuFkk1blkymR\/view?usp=sharing\">Cicle mitj\u00e0: sabers<\/a><\/p>\n<p><a href=\"https:\/\/drive.google.com\/file\/d\/1yjh1s-XyJ3yrlTPbytUq5Sw-qQg97gzU\/view?usp=sharing\">Cicle superior: compet\u00e8ncies i criteris d&#8217;avaluaci\u00f3<\/a><\/p>\n<p><a href=\"https:\/\/drive.google.com\/file\/d\/1DQzo3bs3o4u8VGpzxjgxPnmbCuKzZZOE\/view?usp=sharing\">Cicle superior: sabers<\/a><\/p>\n<p><strong>Mapa de centre de projectes<\/strong><\/p>\n<p><a href=\"https:\/\/docs.google.com\/document\/d\/1Rv6mVTlWl1Szy2B_pKP0ucMi15MsyBgSE9TAlxyQPHY\/edit?usp=sharing\">Mapa de projectes de centre<\/a><\/p>\n<p>&nbsp;<\/p>\n<p>&nbsp;<\/p>\n","protected":false},"excerpt":{"rendered":"<p>&nbsp; Nou Curr\u00edculum Educaci\u00f3 Infantil Curr\u00edculum educaci\u00f3 infantil: eixos, criteris i sabers Nou Curr\u00edculum Educaci\u00f3 B\u00e0sica- Educaci\u00f3 Prim\u00e0ria Cicle inicial: compet\u00e8ncies i criteris d&#8217;avaluaci\u00f3 Cicle inicial: sabers Cicle mitj\u00e0: compet\u00e8ncies i criteris d&#8217;avaluaci\u00f3 Cicle mitj\u00e0: sabers Cicle superior: compet\u00e8ncies i criteris d&#8217;avaluaci\u00f3 Cicle superior: sabers Mapa de centre de projectes Mapa de projectes de centre [&hellip;]<\/p>\n","protected":false},"author":1,"featured_media":0,"parent":22,"menu_order":50,"comment_status":"closed","ping_status":"closed","template":"","meta":{"site-sidebar-layout":"default","site-content-layout":"","ast-site-content-layout":"","site-content-style":"default","site-sidebar-style":"default","ast-global-header-display":"","ast-banner-title-visibility":"","ast-main-header-display":"","ast-hfb-above-header-display":"","ast-hfb-below-header-display":"","ast-hfb-mobile-header-display":"","site-post-title":"","ast-breadcrumbs-content":"","ast-featured-img":"","footer-sml-layout":"","theme-transparent-header-meta":"","adv-header-id-meta":"","stick-header-meta":"","header-above-stick-meta":"","header-main-stick-meta":"","header-below-stick-meta":"","astra-migrate-meta-layouts":"default","ast-page-background-enabled":"default","ast-page-background-meta":{"desktop":{"background-color":"var(--ast-global-color-4)","background-image":"","background-repeat":"repeat","background-position":"center center","background-size":"auto","background-attachment":"scroll","background-type":"","background-media":"","overlay-type":"","overlay-color":"","overlay-opacity":"","overlay-gradient":""},"tablet":{"background-color":"","background-image":"","background-repeat":"repeat","background-position":"center center","background-size":"auto","background-attachment":"scroll","background-type":"","background-media":"","overlay-type":"","overlay-color":"","overlay-opacity":"","overlay-gradient":""},"mobile":{"background-color":"","background-image":"","background-repeat":"repeat","background-position":"center center","background-size":"auto","background-attachment":"scroll","background-type":"","background-media":"","overlay-type":"","overlay-color":"","overlay-opacity":"","overlay-gradient":""}},"ast-content-background-meta":{"desktop":{"background-color":"var(--ast-global-color-5)","background-image":"","background-repeat":"repeat","background-position":"center center","background-size":"auto","background-attachment":"scroll","background-type":"","background-media":"","overlay-type":"","overlay-color":"","overlay-opacity":"","overlay-gradient":""},"tablet":{"background-color":"var(--ast-global-color-5)","background-image":"","background-repeat":"repeat","background-position":"center center","background-size":"auto","background-attachment":"scroll","background-type":"","background-media":"","overlay-type":"","overlay-color":"","overlay-opacity":"","overlay-gradient":""},"mobile":{"background-color":"var(--ast-global-color-5)","background-image":"","background-repeat":"repeat","background-position":"center center","background-size":"auto","background-attachment":"scroll","background-type":"","background-media":"","overlay-type":"","overlay-color":"","overlay-opacity":"","overlay-gradient":""}},"footnotes":""},"class_list":["post-4464","page","type-page","status-publish","hentry"],"post_mailing_queue_ids":[],"_links":{"self":[{"href":"https:\/\/agora.xtec.cat\/ceipjoansanpera\/wp-json\/wp\/v2\/pages\/4464","targetHints":{"allow":["GET"]}}],"collection":[{"href":"https:\/\/agora.xtec.cat\/ceipjoansanpera\/wp-json\/wp\/v2\/pages"}],"about":[{"href":"https:\/\/agora.xtec.cat\/ceipjoansanpera\/wp-json\/wp\/v2\/types\/page"}],"author":[{"embeddable":true,"href":"https:\/\/agora.xtec.cat\/ceipjoansanpera\/wp-json\/wp\/v2\/users\/1"}],"replies":[{"embeddable":true,"href":"https:\/\/agora.xtec.cat\/ceipjoansanpera\/wp-json\/wp\/v2\/comments?post=4464"}],"version-history":[{"count":6,"href":"https:\/\/agora.xtec.cat\/ceipjoansanpera\/wp-json\/wp\/v2\/pages\/4464\/revisions"}],"predecessor-version":[{"id":10769,"href":"https:\/\/agora.xtec.cat\/ceipjoansanpera\/wp-json\/wp\/v2\/pages\/4464\/revisions\/10769"}],"up":[{"embeddable":true,"href":"https:\/\/agora.xtec.cat\/ceipjoansanpera\/wp-json\/wp\/v2\/pages\/22"}],"wp:attachment":[{"href":"https:\/\/agora.xtec.cat\/ceipjoansanpera\/wp-json\/wp\/v2\/media?parent=4464"}],"curies":[{"name":"wp","href":"https:\/\/api.w.org\/{rel}","templated":true}]}}