{"id":4383,"date":"2017-01-26T18:11:37","date_gmt":"2017-01-26T17:11:37","guid":{"rendered":"http:\/\/agora.xtec.cat\/ceipjoansanpera\/?page_id=4383"},"modified":"2018-02-06T09:46:28","modified_gmt":"2018-02-06T08:46:28","slug":"molt-a-dir","status":"publish","type":"page","link":"https:\/\/agora.xtec.cat\/ceipjoansanpera\/projecte-educatiu\/molt-a-dir\/","title":{"rendered":"Molt a Dir"},"content":{"rendered":"<p class=\"Estilo31\" style=\"text-align: left;\">Projecte dissenyat per potenciar el desenvolupament personal i grupal i l\u2019aprenentatge entre iguals, sent pr\u00f2piament un instrument de comunicaci\u00f3 i interacci\u00f3 entre alumnes i mestres.Persegueix els seg\u00fcents objectius: construir coneixement compartit, potenciar la compet\u00e8ncia comunicativa, fomentar la participaci\u00f3, la cooperaci\u00f3 i la cohesi\u00f3 dels alumnes de l\u2019escola, treballar les emocions en societat, compartir interessos, regular la vida escolar&#8230;<\/p>\n<p class=\"Estilo31\">En definitiva la comunicaci\u00f3 oral entesa com a desenvolupament i aprenentatge d\u2019habilitats ling\u00fc\u00edstiques i comunicatives i com a desenvolupament cognitiu, tant en el pla individual com el col\u00b7lectiu i social. Aprendre a parlar i pensar, i parlar i pensar per aprendre.<\/p>\n","protected":false},"excerpt":{"rendered":"<p>Projecte dissenyat per potenciar el desenvolupament personal i grupal i l\u2019aprenentatge entre iguals, sent pr\u00f2piament un instrument de comunicaci\u00f3 i interacci\u00f3 entre alumnes i mestres.Persegueix els seg\u00fcents objectius: construir coneixement compartit, potenciar la compet\u00e8ncia comunicativa, fomentar la participaci\u00f3, la cooperaci\u00f3 i la cohesi\u00f3 dels alumnes de l\u2019escola, treballar les emocions en societat, compartir interessos, regular [&hellip;]<\/p>\n","protected":false},"author":1,"featured_media":0,"parent":64,"menu_order":0,"comment_status":"closed","ping_status":"closed","template":"page-templates\/side-menu.php","meta":{"site-sidebar-layout":"default","site-content-layout":"","ast-site-content-layout":"","site-content-style":"default","site-sidebar-style":"default","ast-global-header-display":"","ast-banner-title-visibility":"","ast-main-header-display":"","ast-hfb-above-header-display":"","ast-hfb-below-header-display":"","ast-hfb-mobile-header-display":"","site-post-title":"","ast-breadcrumbs-content":"","ast-featured-img":"","footer-sml-layout":"","theme-transparent-header-meta":"","adv-header-id-meta":"","stick-header-meta":"","header-above-stick-meta":"","header-main-stick-meta":"","header-below-stick-meta":"","astra-migrate-meta-layouts":"default","ast-page-background-enabled":"default","ast-page-background-meta":{"desktop":{"background-color":"var(--ast-global-color-4)","background-image":"","background-repeat":"repeat","background-position":"center center","background-size":"auto","background-attachment":"scroll","background-type":"","background-media":"","overlay-type":"","overlay-color":"","overlay-opacity":"","overlay-gradient":""},"tablet":{"background-color":"","background-image":"","background-repeat":"repeat","background-position":"center center","background-size":"auto","background-attachment":"scroll","background-type":"","background-media":"","overlay-type":"","overlay-color":"","overlay-opacity":"","overlay-gradient":""},"mobile":{"background-color":"","background-image":"","background-repeat":"repeat","background-position":"center center","background-size":"auto","background-attachment":"scroll","background-type":"","background-media":"","overlay-type":"","overlay-color":"","overlay-opacity":"","overlay-gradient":""}},"ast-content-background-meta":{"desktop":{"background-color":"var(--ast-global-color-5)","background-image":"","background-repeat":"repeat","background-position":"center center","background-size":"auto","background-attachment":"scroll","background-type":"","background-media":"","overlay-type":"","overlay-color":"","overlay-opacity":"","overlay-gradient":""},"tablet":{"background-color":"var(--ast-global-color-5)","background-image":"","background-repeat":"repeat","background-position":"center center","background-size":"auto","background-attachment":"scroll","background-type":"","background-media":"","overlay-type":"","overlay-color":"","overlay-opacity":"","overlay-gradient":""},"mobile":{"background-color":"var(--ast-global-color-5)","background-image":"","background-repeat":"repeat","background-position":"center center","background-size":"auto","background-attachment":"scroll","background-type":"","background-media":"","overlay-type":"","overlay-color":"","overlay-opacity":"","overlay-gradient":""}},"footnotes":""},"class_list":["post-4383","page","type-page","status-publish","hentry"],"post_mailing_queue_ids":[],"_links":{"self":[{"href":"https:\/\/agora.xtec.cat\/ceipjoansanpera\/wp-json\/wp\/v2\/pages\/4383","targetHints":{"allow":["GET"]}}],"collection":[{"href":"https:\/\/agora.xtec.cat\/ceipjoansanpera\/wp-json\/wp\/v2\/pages"}],"about":[{"href":"https:\/\/agora.xtec.cat\/ceipjoansanpera\/wp-json\/wp\/v2\/types\/page"}],"author":[{"embeddable":true,"href":"https:\/\/agora.xtec.cat\/ceipjoansanpera\/wp-json\/wp\/v2\/users\/1"}],"replies":[{"embeddable":true,"href":"https:\/\/agora.xtec.cat\/ceipjoansanpera\/wp-json\/wp\/v2\/comments?post=4383"}],"version-history":[{"count":3,"href":"https:\/\/agora.xtec.cat\/ceipjoansanpera\/wp-json\/wp\/v2\/pages\/4383\/revisions"}],"predecessor-version":[{"id":8301,"href":"https:\/\/agora.xtec.cat\/ceipjoansanpera\/wp-json\/wp\/v2\/pages\/4383\/revisions\/8301"}],"up":[{"embeddable":true,"href":"https:\/\/agora.xtec.cat\/ceipjoansanpera\/wp-json\/wp\/v2\/pages\/64"}],"wp:attachment":[{"href":"https:\/\/agora.xtec.cat\/ceipjoansanpera\/wp-json\/wp\/v2\/media?parent=4383"}],"curies":[{"name":"wp","href":"https:\/\/api.w.org\/{rel}","templated":true}]}}