{"id":4342,"date":"2017-01-25T22:23:07","date_gmt":"2017-01-25T21:23:07","guid":{"rendered":"http:\/\/agora.xtec.cat\/ceipjoansanpera\/?page_id=4342"},"modified":"2021-01-13T13:40:01","modified_gmt":"2021-01-13T12:40:01","slug":"educacio-fisica","status":"publish","type":"page","link":"https:\/\/agora.xtec.cat\/ceipjoansanpera\/projecte-educatiu\/educacio-fisica\/","title":{"rendered":"Educaci\u00f3 F\u00edsica"},"content":{"rendered":"<p><a href=\"http:\/\/agora.xtec.cat\/ceipjoansanpera\/wp-content\/uploads\/usu1583\/2017\/01\/20180111_153821.jpg\"><img loading=\"lazy\" decoding=\"async\" class=\"alignnone size-large wp-image-5506\" src=\"http:\/\/agora.xtec.cat\/ceipjoansanpera\/wp-content\/uploads\/usu1583\/2017\/01\/20180111_153821-1024x576.jpg\" alt=\"\" width=\"1024\" height=\"576\" srcset=\"https:\/\/agora.xtec.cat\/ceipjoansanpera\/wp-content\/uploads\/usu1583\/2017\/01\/20180111_153821-1024x576.jpg 1024w, https:\/\/agora.xtec.cat\/ceipjoansanpera\/wp-content\/uploads\/usu1583\/2017\/01\/20180111_153821-300x169.jpg 300w, https:\/\/agora.xtec.cat\/ceipjoansanpera\/wp-content\/uploads\/usu1583\/2017\/01\/20180111_153821-768x432.jpg 768w, https:\/\/agora.xtec.cat\/ceipjoansanpera\/wp-content\/uploads\/usu1583\/2017\/01\/20180111_153821.jpg 1920w\" sizes=\"auto, (max-width: 1024px) 100vw, 1024px\" \/><\/a><\/p>\n<p class=\"Estilo31\">L&#8217;escola ha de garantir l\u2019adquisici\u00f3 d\u2019aquells coneixements, habilitats, valors i compet\u00e8ncies relacionats amb el cos i la seva activitat motriu que contribueixen al desenvolupament integral de la persona i a la millora de la qualitat de vida.<\/p>\n<p class=\"Estilo31\">En l\u2019\u00e0rea d\u2019educaci\u00f3 f\u00edsica i altres \u00e0rees, la reflexi\u00f3 sobre el sentit i els efectes de l\u2019activitat motriu, el desenvolupament d\u2019h\u00e0bits saludables, regulars i continuats i el fet de sentir-se b\u00e9 amb el propi cos constitueixen principis valuosos de l\u2019acci\u00f3 educativa i contribueixen a la millora de l&#8217;autoestima. L\u2019escola ha d\u2019oferir als alumnes mitjans i recursos per integrar l\u2019activitat f\u00edsica a la vida quotidiana, establint aix\u00ed una tend\u00e8ncia que potenci\u00ef el seu desenvolupament motriu, la seva capacitat de socialitzaci\u00f3, la seva salut i la seva integritat com a persona.<\/p>\n<p><span class=\"Estilo31\">A l&#8217;escola es duen a terme diferents estrat\u00e8gies per assolir aquestes fites com els esmorzars saludables, el cros escolar, competicions al pati, xerrades de sexualitat, balls i danses, programa PEPE amb el Patronat d&#8217;Esports de l&#8217;Ajuntament, sortides i col\u00f2nies esportives, psicomotriocitat, etc.<\/span><\/p>\n<p>&nbsp;<\/p>\n<p class=\"Estilo31\">\n","protected":false},"excerpt":{"rendered":"<p>L&#8217;escola ha de garantir l\u2019adquisici\u00f3 d\u2019aquells coneixements, habilitats, valors i compet\u00e8ncies relacionats amb el cos i la seva activitat motriu que contribueixen al desenvolupament integral de la persona i a la millora de la qualitat de vida. En l\u2019\u00e0rea d\u2019educaci\u00f3 f\u00edsica i altres \u00e0rees, la reflexi\u00f3 sobre el sentit i els efectes de l\u2019activitat motriu, [&hellip;]<\/p>\n","protected":false},"author":3,"featured_media":0,"parent":64,"menu_order":0,"comment_status":"closed","ping_status":"closed","template":"page-templates\/side-menu.php","meta":{"site-sidebar-layout":"default","site-content-layout":"","ast-site-content-layout":"","site-content-style":"default","site-sidebar-style":"default","ast-global-header-display":"","ast-banner-title-visibility":"","ast-main-header-display":"","ast-hfb-above-header-display":"","ast-hfb-below-header-display":"","ast-hfb-mobile-header-display":"","site-post-title":"","ast-breadcrumbs-content":"","ast-featured-img":"","footer-sml-layout":"","theme-transparent-header-meta":"","adv-header-id-meta":"","stick-header-meta":"","header-above-stick-meta":"","header-main-stick-meta":"","header-below-stick-meta":"","astra-migrate-meta-layouts":"default","ast-page-background-enabled":"default","ast-page-background-meta":{"desktop":{"background-color":"var(--ast-global-color-4)","background-image":"","background-repeat":"repeat","background-position":"center center","background-size":"auto","background-attachment":"scroll","background-type":"","background-media":"","overlay-type":"","overlay-color":"","overlay-opacity":"","overlay-gradient":""},"tablet":{"background-color":"","background-image":"","background-repeat":"repeat","background-position":"center center","background-size":"auto","background-attachment":"scroll","background-type":"","background-media":"","overlay-type":"","overlay-color":"","overlay-opacity":"","overlay-gradient":""},"mobile":{"background-color":"","background-image":"","background-repeat":"repeat","background-position":"center center","background-size":"auto","background-attachment":"scroll","background-type":"","background-media":"","overlay-type":"","overlay-color":"","overlay-opacity":"","overlay-gradient":""}},"ast-content-background-meta":{"desktop":{"background-color":"var(--ast-global-color-5)","background-image":"","background-repeat":"repeat","background-position":"center center","background-size":"auto","background-attachment":"scroll","background-type":"","background-media":"","overlay-type":"","overlay-color":"","overlay-opacity":"","overlay-gradient":""},"tablet":{"background-color":"var(--ast-global-color-5)","background-image":"","background-repeat":"repeat","background-position":"center center","background-size":"auto","background-attachment":"scroll","background-type":"","background-media":"","overlay-type":"","overlay-color":"","overlay-opacity":"","overlay-gradient":""},"mobile":{"background-color":"var(--ast-global-color-5)","background-image":"","background-repeat":"repeat","background-position":"center center","background-size":"auto","background-attachment":"scroll","background-type":"","background-media":"","overlay-type":"","overlay-color":"","overlay-opacity":"","overlay-gradient":""}},"footnotes":""},"class_list":["post-4342","page","type-page","status-publish","hentry"],"post_mailing_queue_ids":[],"_links":{"self":[{"href":"https:\/\/agora.xtec.cat\/ceipjoansanpera\/wp-json\/wp\/v2\/pages\/4342","targetHints":{"allow":["GET"]}}],"collection":[{"href":"https:\/\/agora.xtec.cat\/ceipjoansanpera\/wp-json\/wp\/v2\/pages"}],"about":[{"href":"https:\/\/agora.xtec.cat\/ceipjoansanpera\/wp-json\/wp\/v2\/types\/page"}],"author":[{"embeddable":true,"href":"https:\/\/agora.xtec.cat\/ceipjoansanpera\/wp-json\/wp\/v2\/users\/3"}],"replies":[{"embeddable":true,"href":"https:\/\/agora.xtec.cat\/ceipjoansanpera\/wp-json\/wp\/v2\/comments?post=4342"}],"version-history":[{"count":3,"href":"https:\/\/agora.xtec.cat\/ceipjoansanpera\/wp-json\/wp\/v2\/pages\/4342\/revisions"}],"predecessor-version":[{"id":6665,"href":"https:\/\/agora.xtec.cat\/ceipjoansanpera\/wp-json\/wp\/v2\/pages\/4342\/revisions\/6665"}],"up":[{"embeddable":true,"href":"https:\/\/agora.xtec.cat\/ceipjoansanpera\/wp-json\/wp\/v2\/pages\/64"}],"wp:attachment":[{"href":"https:\/\/agora.xtec.cat\/ceipjoansanpera\/wp-json\/wp\/v2\/media?parent=4342"}],"curies":[{"name":"wp","href":"https:\/\/api.w.org\/{rel}","templated":true}]}}