{"id":32,"date":"2014-09-18T12:31:33","date_gmt":"2014-09-18T11:31:33","guid":{"rendered":"http:\/\/agora.xtec.cat\/ceipjoansanpera\/?page_id=32"},"modified":"2025-07-11T11:57:55","modified_gmt":"2025-07-11T09:57:55","slug":"calendari-del-curs","status":"publish","type":"page","link":"https:\/\/agora.xtec.cat\/ceipjoansanpera\/lescola\/calendari-del-curs\/","title":{"rendered":"Calendari i horaris del curs 25-26"},"content":{"rendered":"<h3 class=\"_04xlpA direction-ltr align-justify para-style-body\" style=\"text-align: center;\"><\/h3>\n<p><a href=\"https:\/\/agora.xtec.cat\/ceipjoansanpera\/wp-content\/uploads\/usu1583\/2025\/07\/CALENDARI-CURS-25-26-FAMILIES_page-0001.jpg\"><img loading=\"lazy\" decoding=\"async\" class=\"aligncenter wp-image-10620 size-large\" src=\"https:\/\/agora.xtec.cat\/ceipjoansanpera\/wp-content\/uploads\/usu1583\/2025\/07\/CALENDARI-CURS-25-26-FAMILIES_page-0001-724x1024.jpg\" alt=\"\" width=\"724\" height=\"1024\" srcset=\"https:\/\/agora.xtec.cat\/ceipjoansanpera\/wp-content\/uploads\/usu1583\/2025\/07\/CALENDARI-CURS-25-26-FAMILIES_page-0001-724x1024.jpg 724w, https:\/\/agora.xtec.cat\/ceipjoansanpera\/wp-content\/uploads\/usu1583\/2025\/07\/CALENDARI-CURS-25-26-FAMILIES_page-0001-212x300.jpg 212w, https:\/\/agora.xtec.cat\/ceipjoansanpera\/wp-content\/uploads\/usu1583\/2025\/07\/CALENDARI-CURS-25-26-FAMILIES_page-0001-768x1086.jpg 768w, https:\/\/agora.xtec.cat\/ceipjoansanpera\/wp-content\/uploads\/usu1583\/2025\/07\/CALENDARI-CURS-25-26-FAMILIES_page-0001-1086x1536.jpg 1086w, https:\/\/agora.xtec.cat\/ceipjoansanpera\/wp-content\/uploads\/usu1583\/2025\/07\/CALENDARI-CURS-25-26-FAMILIES_page-0001.jpg 1242w\" sizes=\"auto, (max-width: 724px) 100vw, 724px\" \/><\/a><\/p>\n<table style=\"width: 89.513%; height: 688px;\">\n<tbody>\n<tr style=\"height: 32px;\">\n<td style=\"width: 42.5191%; height: 32px;\"><span style=\"font-weight: 400;\">8 setembre de 2025<\/span><\/td>\n<td style=\"width: 56.2688%; height: 32px;\"><span style=\"font-weight: 400;\">Inici de les classes<\/span><\/td>\n<\/tr>\n<tr style=\"height: 32px;\">\n<td style=\"width: 42.5191%; height: 32px;\"><span style=\"font-weight: 400;\">11 de setembre de 2025<\/span><\/td>\n<td style=\"width: 56.2688%; height: 32px;\"><span style=\"font-weight: 400;\">Festiu<\/span><\/td>\n<\/tr>\n<tr style=\"height: 32px;\">\n<td style=\"width: 42.5191%; height: 32px;\"><span style=\"font-weight: 400;\">19 de setembre de 2025<\/span><\/td>\n<td style=\"width: 56.2688%; height: 32px;\"><span style=\"font-weight: 400;\">Festiu Local<\/span><\/td>\n<\/tr>\n<tr style=\"height: 32px;\">\n<td style=\"width: 42.5191%; height: 32px;\"><span style=\"font-weight: 400;\">12 d&#8217;octubre de 2025<\/span><\/td>\n<td style=\"width: 56.2688%; height: 32px;\"><span style=\"font-weight: 400;\">Festiu<\/span><\/td>\n<\/tr>\n<tr style=\"height: 32px;\">\n<td style=\"width: 42.5191%; height: 32px;\"><span style=\"font-weight: 400;\">1 de novembre de 2025<\/span><\/td>\n<td style=\"width: 56.2688%; height: 32px;\"><span style=\"font-weight: 400;\">Festiu<\/span><\/td>\n<\/tr>\n<tr style=\"height: 32px;\">\n<td style=\"width: 42.5191%; height: 32px;\"><span style=\"font-weight: 400;\">3 de novembre de 2025<\/span><\/td>\n<td style=\"width: 56.2688%; height: 32px;\"><span style=\"font-weight: 400;\">Festiu de lliure disposici\u00f3<\/span><\/td>\n<\/tr>\n<tr style=\"height: 32px;\">\n<td style=\"width: 42.5191%; height: 32px;\"><span style=\"font-weight: 400;\">5 de desembre de 2025<\/span><\/td>\n<td style=\"width: 56.2688%; height: 32px;\"><span style=\"font-weight: 400;\">Festiu de lliure disposici\u00f3<\/span><\/td>\n<\/tr>\n<tr style=\"height: 32px;\">\n<td style=\"width: 42.5191%; height: 32px;\">6 de desembre de 2025<\/td>\n<td style=\"width: 56.2688%; height: 32px;\">Festiu<\/td>\n<\/tr>\n<tr style=\"height: 32px;\">\n<td style=\"width: 42.5191%; height: 32px;\">8 de desembre de 2025<\/td>\n<td style=\"width: 56.2688%; height: 32px;\">Festiu<\/td>\n<\/tr>\n<tr style=\"height: 32px;\">\n<td style=\"width: 42.5191%; height: 32px;\"><span style=\"font-weight: 400;\">19 de desembre de 2025<\/span><\/td>\n<td style=\"width: 56.2688%; height: 32px;\"><span style=\"font-weight: 400;\">Jornada intensiva<\/span><\/td>\n<\/tr>\n<tr style=\"height: 48px;\">\n<td style=\"width: 42.5191%; height: 48px;\">Del 20 de desembre de 2025 al 7 de gener de 2026 (ambd\u00f3s inclosos)<\/td>\n<td style=\"width: 56.2688%; height: 48px;\"><span style=\"font-weight: 400;\">\u00a0Vacances de Nadal<\/span><\/td>\n<\/tr>\n<tr style=\"height: 32px;\">\n<td style=\"width: 42.5191%; height: 32px;\"><span style=\"font-weight: 400;\">16 de febrer de 2026<\/span><\/td>\n<td style=\"width: 56.2688%; height: 32px;\"><span style=\"font-weight: 400;\">Festiu de lliure disposici\u00f3<\/span><\/td>\n<\/tr>\n<tr style=\"height: 48px;\">\n<td style=\"width: 42.5191%; height: 48px;\"><span style=\"font-weight: 400;\">Del 28 de mar\u00e7 al 6 d&#8217;abril de 2026 (ambd\u00f3s inclosos)<\/span><\/td>\n<td style=\"width: 56.2688%; height: 48px;\">Vacances de Setmana Santa<\/td>\n<\/tr>\n<tr style=\"height: 32px;\">\n<td style=\"width: 42.5191%; height: 32px;\"><span style=\"font-weight: 400;\">1 de maig de 2026<\/span><\/td>\n<td style=\"width: 56.2688%; height: 32px;\"><span style=\"font-weight: 400;\">Festiu<\/span><\/td>\n<\/tr>\n<tr style=\"height: 32px;\">\n<td style=\"width: 42.5191%; height: 32px;\"><span style=\"font-weight: 400;\">14 de maig de 2026<\/span><\/td>\n<td style=\"width: 56.2688%; height: 32px;\"><span style=\"font-weight: 400;\">Festiu de lliure disposici\u00f3<\/span><\/td>\n<\/tr>\n<tr style=\"height: 32px;\">\n<td style=\"width: 42.5191%; height: 32px;\"><span style=\"font-weight: 400;\">15 de maig de 2026<\/span><\/td>\n<td style=\"width: 56.2688%; height: 32px;\"><span style=\"font-weight: 400;\">Festiu Local<\/span><\/td>\n<\/tr>\n<tr style=\"height: 48px;\">\n<td style=\"width: 42.5191%; height: 48px;\"><span style=\"background-color: #f9f9f9;\">Del 8 al 19 de juny de 2026 (ambd\u00f3s inclosos)<\/span><\/td>\n<td style=\"width: 56.2688%; height: 48px;\"><span style=\"background-color: #f9f9f9;\">Jornada intensiva estiu<\/span><\/td>\n<\/tr>\n<tr style=\"height: 32px;\">\n<td style=\"width: 42.5191%; height: 32px;\"><span style=\"background-color: #ffffff;\">19 de juny de 2025<\/span><\/td>\n<td style=\"width: 56.2688%; height: 32px;\"><span style=\"background-color: #ffffff;\">\u00daltim dia de curs<\/span><\/td>\n<\/tr>\n<\/tbody>\n<\/table>\n<h3 class=\"_04xlpA direction-ltr align-justify para-style-body\" style=\"text-align: center;\"><strong><span class=\"JsGRdQ\">HORARI LECTIU curs 25-26<\/span><\/strong><\/h3>\n<table class=\" aligncenter\" style=\"width: 74.0159%; height: 542px;\">\n<tbody>\n<tr style=\"height: 49px;\">\n<td style=\"text-align: center; height: 49px; width: 51.8169%;\"><strong>Horari Ordinari Jornada Partida<\/strong><\/td>\n<td style=\"text-align: center; height: 49px; width: 2.05339%;\"><\/td>\n<td style=\"text-align: center; height: 49px; width: 68.6424%;\"><strong>Horari Jornada Continuada 19\/12 i del 8 al 19 de juny<\/strong><\/td>\n<\/tr>\n<tr style=\"height: 493px;\">\n<td style=\"height: 493px; width: 51.8169%;\">\uf0b7 Entrades i sortides:<\/p>\n<p>de 9 a 12.30\u202fh i 15 a 16.30\u202fh<\/p>\n<p>\uf0b7 Espai migdia [servei menjador]:<\/p>\n<p>de 12.30\u202fh a 15:00\u202fh a c\u00e0rrec de l\u2019empresa TRESMES.<\/p>\n<p>\uf0b7 Espai bon dia [acollida]:<\/p>\n<p>de 7.30\u202fh a 9.00\u202fh a c\u00e0rrec de l\u2019empresa TRESMES.<\/p>\n<p>\uf0b7 Espai bona tarda [acollida]: de 16.30\u202fh a 17.30\u202fh a c\u00e0rrec de l\u2019empresa TRESMES.<\/td>\n<td style=\"height: 493px; width: 2.05339%;\"><\/td>\n<td style=\"height: 493px; width: 68.6424%;\">\uf0b7 Entrades i sortides:<\/p>\n<p>de 9 a 13\u202fh.<\/p>\n<p>\uf0b7 Espai migdia [servei menjador]:<\/p>\n<p>de 13\u202fh a 15.30\u202fh a c\u00e0rrec de l\u2019empresa TRESMES.<\/p>\n<p>\uf0b7 Espai bon dia [acollida]:<\/p>\n<p>de 7.30\u202fh a 9.00\u202fh a c\u00e0rrec de l\u2019empresa TRESMES.<\/p>\n<p>\uf0b7 \u201cCasalet\u201d JUNY:<\/p>\n<p>de 15.30\u202fh a 16.30\u202fh a c\u00e0rrec de l\u2019empresa TRESMES.<\/p>\n<p>\uf0b7 Espai bona tarda [acollida]: de16.30h a 17.30\u202fh a c\u00e0rrec de l\u2019empresa TRESMES.<\/td>\n<\/tr>\n<\/tbody>\n<\/table>\n<p>&nbsp;<\/p>\n<p><strong>Adaptaci\u00f3 I3 CURS 2025-26<\/strong><\/p>\n<p style=\"background: white; box-sizing: border-box; text-rendering: optimizelegibility; margin: 0cm 0cm 15.0pt 0cm;\"><span lang=\"ES\" style=\"font-family: 'Tahoma','sans-serif'; color: #444444;\">Per a l&#8217;alumnat que inicia l\u2019escolaritzaci\u00f3 a I3 s\u2019organitza un breu per\u00edode d\u2019adaptaci\u00f3 que suposa una certa modificaci\u00f3 dels horaris dels primers dies de classe, i que es fa saber a les fam\u00edlies en les reunions pr\u00e8vies corresponents.<\/span><\/p>\n<p>Segons el calendari previst pel curs 2025-26 el dia 8 de setembre, en horari de 9.00\u202fh a 10.30\u202fh es rebr\u00e0 a mig grup i d&#8217;11.00 h a 12.30 h un altre mig grup d&#8217;infants acompanyats de les seves fam\u00edlies.<\/p>\n<p>Els dies 9 i 10 de setembre es distribueixen els infants de cada aula en dos grups de 8-10 infants.<\/p>\n<p>Els infants que composen el primer mig grup de cada classe faran el seg\u00fcent horari:<\/p>\n<ul>\n<li>dimarts 9: de 9.00\u202fh a 12.30\u202fh<\/li>\n<li>dimecres 10: de 15.00\u202fh a 16.30\u202fh<\/li>\n<\/ul>\n<p>Els infants que composen el segon mig grup de cada classe faran el seg\u00fcent horari:<\/p>\n<ul>\n<li>dimarts 9: de 15.00\u202fh a 16.30\u202fh<\/li>\n<li>dimecres 10: de 9.00\u202fh a 12.30\u202fh<\/li>\n<\/ul>\n<p>Aquests tres dies no hi haur\u00e0 servei d&#8217;acollida (mat\u00ed\/tarda) ni de menjador. Els serveis s&#8217;iniciaran a partir de divendres 12 d de setembre.<\/p>\n","protected":false},"excerpt":{"rendered":"<p>8 setembre de 2025 Inici de les classes 11 de setembre de 2025 Festiu 19 de setembre de 2025 Festiu Local 12 d&#8217;octubre de 2025 Festiu 1 de novembre de 2025 Festiu 3 de novembre de 2025 Festiu de lliure disposici\u00f3 5 de desembre de 2025 Festiu de lliure disposici\u00f3 6 de desembre de 2025 [&hellip;]<\/p>\n","protected":false},"author":1,"featured_media":0,"parent":22,"menu_order":50,"comment_status":"closed","ping_status":"closed","template":"page-templates\/side-menu.php","meta":{"site-sidebar-layout":"default","site-content-layout":"","ast-site-content-layout":"","site-content-style":"default","site-sidebar-style":"default","ast-global-header-display":"","ast-banner-title-visibility":"","ast-main-header-display":"","ast-hfb-above-header-display":"","ast-hfb-below-header-display":"","ast-hfb-mobile-header-display":"","site-post-title":"","ast-breadcrumbs-content":"","ast-featured-img":"","footer-sml-layout":"","theme-transparent-header-meta":"","adv-header-id-meta":"","stick-header-meta":"","header-above-stick-meta":"","header-main-stick-meta":"","header-below-stick-meta":"","astra-migrate-meta-layouts":"default","ast-page-background-enabled":"default","ast-page-background-meta":{"desktop":{"background-color":"var(--ast-global-color-4)","background-image":"","background-repeat":"repeat","background-position":"center center","background-size":"auto","background-attachment":"scroll","background-type":"","background-media":"","overlay-type":"","overlay-color":"","overlay-opacity":"","overlay-gradient":""},"tablet":{"background-color":"","background-image":"","background-repeat":"repeat","background-position":"center center","background-size":"auto","background-attachment":"scroll","background-type":"","background-media":"","overlay-type":"","overlay-color":"","overlay-opacity":"","overlay-gradient":""},"mobile":{"background-color":"","background-image":"","background-repeat":"repeat","background-position":"center center","background-size":"auto","background-attachment":"scroll","background-type":"","background-media":"","overlay-type":"","overlay-color":"","overlay-opacity":"","overlay-gradient":""}},"ast-content-background-meta":{"desktop":{"background-color":"var(--ast-global-color-5)","background-image":"","background-repeat":"repeat","background-position":"center center","background-size":"auto","background-attachment":"scroll","background-type":"","background-media":"","overlay-type":"","overlay-color":"","overlay-opacity":"","overlay-gradient":""},"tablet":{"background-color":"var(--ast-global-color-5)","background-image":"","background-repeat":"repeat","background-position":"center center","background-size":"auto","background-attachment":"scroll","background-type":"","background-media":"","overlay-type":"","overlay-color":"","overlay-opacity":"","overlay-gradient":""},"mobile":{"background-color":"var(--ast-global-color-5)","background-image":"","background-repeat":"repeat","background-position":"center center","background-size":"auto","background-attachment":"scroll","background-type":"","background-media":"","overlay-type":"","overlay-color":"","overlay-opacity":"","overlay-gradient":""}},"footnotes":""},"class_list":["post-32","page","type-page","status-publish","hentry"],"post_mailing_queue_ids":[],"_links":{"self":[{"href":"https:\/\/agora.xtec.cat\/ceipjoansanpera\/wp-json\/wp\/v2\/pages\/32","targetHints":{"allow":["GET"]}}],"collection":[{"href":"https:\/\/agora.xtec.cat\/ceipjoansanpera\/wp-json\/wp\/v2\/pages"}],"about":[{"href":"https:\/\/agora.xtec.cat\/ceipjoansanpera\/wp-json\/wp\/v2\/types\/page"}],"author":[{"embeddable":true,"href":"https:\/\/agora.xtec.cat\/ceipjoansanpera\/wp-json\/wp\/v2\/users\/1"}],"replies":[{"embeddable":true,"href":"https:\/\/agora.xtec.cat\/ceipjoansanpera\/wp-json\/wp\/v2\/comments?post=32"}],"version-history":[{"count":7,"href":"https:\/\/agora.xtec.cat\/ceipjoansanpera\/wp-json\/wp\/v2\/pages\/32\/revisions"}],"predecessor-version":[{"id":10621,"href":"https:\/\/agora.xtec.cat\/ceipjoansanpera\/wp-json\/wp\/v2\/pages\/32\/revisions\/10621"}],"up":[{"embeddable":true,"href":"https:\/\/agora.xtec.cat\/ceipjoansanpera\/wp-json\/wp\/v2\/pages\/22"}],"wp:attachment":[{"href":"https:\/\/agora.xtec.cat\/ceipjoansanpera\/wp-json\/wp\/v2\/media?parent=32"}],"curies":[{"name":"wp","href":"https:\/\/api.w.org\/{rel}","templated":true}]}}