{"id":28,"date":"2014-09-18T12:29:35","date_gmt":"2014-09-18T11:29:35","guid":{"rendered":"http:\/\/agora.xtec.cat\/ceipjoansanpera\/?page_id=28"},"modified":"2024-08-10T13:25:04","modified_gmt":"2024-08-10T11:25:04","slug":"consell-escolar","status":"publish","type":"page","link":"https:\/\/agora.xtec.cat\/ceipjoansanpera\/lescola\/consell-escolar\/","title":{"rendered":"Consell escolar  &#8211; Curs 2024\/25"},"content":{"rendered":"<table style=\"width: 44.2691%; height: 985px;\">\n<tbody>\n<tr style=\"height: 33px;\">\n<td style=\"height: 33px;\"><b>Nom i cognoms<\/b><\/td>\n<td style=\"height: 33px;\"><b>Sector<\/b><\/td>\n<\/tr>\n<tr style=\"height: 56px;\">\n<td style=\"height: 56px;\"><span style=\"font-weight: 400;\">Miquel Valls Mu\u00f1oz<\/span><\/td>\n<td style=\"height: 56px;\"><span style=\"font-weight: 400;\">Equip directiu<\/span><\/td>\n<\/tr>\n<tr style=\"height: 56px;\">\n<td style=\"height: 56px;\"><span style=\"font-weight: 400;\">Laura Rodr\u00edguez Mesas<\/span><\/td>\n<td style=\"height: 56px;\"><span style=\"font-weight: 400;\">Equip directiu<\/span><\/td>\n<\/tr>\n<tr style=\"height: 56px;\">\n<td style=\"height: 56px;\"><span style=\"font-weight: 400;\">Maria Roig Nabona<\/span><\/td>\n<td style=\"height: 56px;\"><span style=\"font-weight: 400;\">Equip directiu<\/span><\/td>\n<\/tr>\n<tr style=\"height: 56px;\">\n<td style=\"height: 56px;\"><span style=\"font-weight: 400;\">M\u00edriam Fern\u00e1ndez<\/span><\/td>\n<td style=\"height: 56px;\"><span style=\"font-weight: 400;\">Mestres<\/span><\/td>\n<\/tr>\n<tr style=\"height: 56px;\">\n<td style=\"height: 56px;\"><span style=\"font-weight: 400;\">Rafi Isla Pardillo<\/span><\/td>\n<td style=\"height: 56px;\"><span style=\"font-weight: 400;\">Mestres<\/span><\/td>\n<\/tr>\n<tr style=\"height: 56px;\">\n<td style=\"height: 56px;\"><span style=\"font-weight: 400;\">Beatriz Lahoz Amo<\/span><\/td>\n<td style=\"height: 56px;\"><span style=\"font-weight: 400;\">Mestres<\/span><\/td>\n<\/tr>\n<tr style=\"height: 56px;\">\n<td style=\"height: 56px;\"><span style=\"font-weight: 400;\">Anabela Leiro Bartoli<\/span><\/td>\n<td style=\"height: 56px;\"><span style=\"font-weight: 400;\">Mestres<\/span><\/td>\n<\/tr>\n<tr style=\"height: 56px;\">\n<td style=\"height: 56px;\"><span style=\"font-weight: 400;\">Elena Reche Villegas<\/span><\/td>\n<td style=\"height: 56px;\"><span style=\"font-weight: 400;\">Mestres<\/span><\/td>\n<\/tr>\n<tr style=\"height: 56px;\">\n<td style=\"height: 56px;\"><span style=\"font-weight: 400;\">Toni Argent Ball\u00fas<\/span><\/td>\n<td style=\"height: 56px;\"><span style=\"font-weight: 400;\">Fam\u00edlies<\/span><\/td>\n<\/tr>\n<tr style=\"height: 56px;\">\n<td style=\"height: 56px;\"><span style=\"font-weight: 400;\">Ana Maria Garcia Cobos\u00a0<\/span><\/td>\n<td style=\"height: 56px;\"><span style=\"font-weight: 400;\">Fam\u00edlies<\/span><\/td>\n<\/tr>\n<tr style=\"height: 56px;\">\n<td style=\"height: 56px;\"><span style=\"font-weight: 400;\">Marta Gaixa Jordana<\/span><\/td>\n<td style=\"height: 56px;\"><span style=\"font-weight: 400;\">Fam\u00edlies<\/span><\/td>\n<\/tr>\n<tr style=\"height: 56px;\">\n<td style=\"height: 56px;\"><span style=\"font-weight: 400;\">Sandra Alonso L\u00f3pez<\/span><\/td>\n<td style=\"height: 56px;\"><span style=\"font-weight: 400;\">Fam\u00edlies<\/span><\/td>\n<\/tr>\n<tr style=\"height: 56px;\">\n<td style=\"height: 56px;\"><span style=\"font-weight: 400;\">Neus Casas Ib\u00e1\u00f1ez<\/span><\/td>\n<td style=\"height: 56px;\"><span style=\"font-weight: 400;\">AFA<\/span><\/td>\n<\/tr>\n<tr style=\"height: 56px;\">\n<td style=\"height: 56px;\"><span style=\"font-weight: 400;\">Merc\u00e8 Raja Rigall<\/span><\/td>\n<td style=\"height: 56px;\"><span style=\"font-weight: 400;\">PAS<\/span><\/td>\n<\/tr>\n<tr style=\"height: 56px;\">\n<td style=\"height: 56px;\"><span style=\"font-weight: 400;\">Jose Antonio Aguilera<\/span><\/td>\n<td style=\"height: 56px;\"><span style=\"background-color: #ffffff;\">Ajuntament<\/span><\/td>\n<\/tr>\n<tr style=\"height: 56px;\">\n<td style=\"height: 56px;\"><span style=\"font-weight: 400;\">Anna Blasco Fraile<\/span><\/td>\n<td style=\"height: 56px;\"><span style=\"font-weight: 400;\">Suplent Ajuntament<\/span><\/td>\n<\/tr>\n<tr style=\"height: 56px;\">\n<td style=\"height: 56px;\"><span style=\"font-weight: 400;\">Montse G\u00f3ngora<\/span><\/td>\n<td style=\"height: 56px;\"><span style=\"font-weight: 400;\">Suplent Ajuntament<\/span><\/td>\n<\/tr>\n<\/tbody>\n<\/table>\n","protected":false},"excerpt":{"rendered":"<p>Nom i cognoms Sector Miquel Valls Mu\u00f1oz Equip directiu Laura Rodr\u00edguez Mesas Equip directiu Maria Roig Nabona Equip directiu M\u00edriam Fern\u00e1ndez Mestres Rafi Isla Pardillo Mestres Beatriz Lahoz Amo Mestres Anabela Leiro Bartoli Mestres Elena Reche Villegas Mestres Toni Argent Ball\u00fas Fam\u00edlies Ana Maria Garcia Cobos\u00a0 Fam\u00edlies Marta Gaixa Jordana Fam\u00edlies Sandra Alonso L\u00f3pez Fam\u00edlies [&hellip;]<\/p>\n","protected":false},"author":1,"featured_media":0,"parent":22,"menu_order":30,"comment_status":"closed","ping_status":"closed","template":"page-templates\/side-menu.php","meta":{"site-sidebar-layout":"default","site-content-layout":"","ast-site-content-layout":"","site-content-style":"default","site-sidebar-style":"default","ast-global-header-display":"","ast-banner-title-visibility":"","ast-main-header-display":"","ast-hfb-above-header-display":"","ast-hfb-below-header-display":"","ast-hfb-mobile-header-display":"","site-post-title":"","ast-breadcrumbs-content":"","ast-featured-img":"","footer-sml-layout":"","theme-transparent-header-meta":"","adv-header-id-meta":"","stick-header-meta":"","header-above-stick-meta":"","header-main-stick-meta":"","header-below-stick-meta":"","astra-migrate-meta-layouts":"default","ast-page-background-enabled":"default","ast-page-background-meta":{"desktop":{"background-color":"var(--ast-global-color-4)","background-image":"","background-repeat":"repeat","background-position":"center center","background-size":"auto","background-attachment":"scroll","background-type":"","background-media":"","overlay-type":"","overlay-color":"","overlay-opacity":"","overlay-gradient":""},"tablet":{"background-color":"","background-image":"","background-repeat":"repeat","background-position":"center center","background-size":"auto","background-attachment":"scroll","background-type":"","background-media":"","overlay-type":"","overlay-color":"","overlay-opacity":"","overlay-gradient":""},"mobile":{"background-color":"","background-image":"","background-repeat":"repeat","background-position":"center center","background-size":"auto","background-attachment":"scroll","background-type":"","background-media":"","overlay-type":"","overlay-color":"","overlay-opacity":"","overlay-gradient":""}},"ast-content-background-meta":{"desktop":{"background-color":"var(--ast-global-color-5)","background-image":"","background-repeat":"repeat","background-position":"center center","background-size":"auto","background-attachment":"scroll","background-type":"","background-media":"","overlay-type":"","overlay-color":"","overlay-opacity":"","overlay-gradient":""},"tablet":{"background-color":"var(--ast-global-color-5)","background-image":"","background-repeat":"repeat","background-position":"center center","background-size":"auto","background-attachment":"scroll","background-type":"","background-media":"","overlay-type":"","overlay-color":"","overlay-opacity":"","overlay-gradient":""},"mobile":{"background-color":"var(--ast-global-color-5)","background-image":"","background-repeat":"repeat","background-position":"center center","background-size":"auto","background-attachment":"scroll","background-type":"","background-media":"","overlay-type":"","overlay-color":"","overlay-opacity":"","overlay-gradient":""}},"footnotes":""},"class_list":["post-28","page","type-page","status-publish","hentry"],"post_mailing_queue_ids":[],"_links":{"self":[{"href":"https:\/\/agora.xtec.cat\/ceipjoansanpera\/wp-json\/wp\/v2\/pages\/28","targetHints":{"allow":["GET"]}}],"collection":[{"href":"https:\/\/agora.xtec.cat\/ceipjoansanpera\/wp-json\/wp\/v2\/pages"}],"about":[{"href":"https:\/\/agora.xtec.cat\/ceipjoansanpera\/wp-json\/wp\/v2\/types\/page"}],"author":[{"embeddable":true,"href":"https:\/\/agora.xtec.cat\/ceipjoansanpera\/wp-json\/wp\/v2\/users\/1"}],"replies":[{"embeddable":true,"href":"https:\/\/agora.xtec.cat\/ceipjoansanpera\/wp-json\/wp\/v2\/comments?post=28"}],"version-history":[{"count":5,"href":"https:\/\/agora.xtec.cat\/ceipjoansanpera\/wp-json\/wp\/v2\/pages\/28\/revisions"}],"predecessor-version":[{"id":9777,"href":"https:\/\/agora.xtec.cat\/ceipjoansanpera\/wp-json\/wp\/v2\/pages\/28\/revisions\/9777"}],"up":[{"embeddable":true,"href":"https:\/\/agora.xtec.cat\/ceipjoansanpera\/wp-json\/wp\/v2\/pages\/22"}],"wp:attachment":[{"href":"https:\/\/agora.xtec.cat\/ceipjoansanpera\/wp-json\/wp\/v2\/media?parent=28"}],"curies":[{"name":"wp","href":"https:\/\/api.w.org\/{rel}","templated":true}]}}