{"id":26,"date":"2014-09-18T12:24:32","date_gmt":"2014-09-18T11:24:32","guid":{"rendered":"http:\/\/agora.xtec.cat\/ceipjoansanpera\/?page_id=26"},"modified":"2025-11-03T20:25:10","modified_gmt":"2025-11-03T19:25:10","slug":"historia","status":"publish","type":"page","link":"https:\/\/agora.xtec.cat\/ceipjoansanpera\/lescola\/historia\/","title":{"rendered":"Hist\u00f2ria"},"content":{"rendered":"<h1 class=\"Estilo31\">La nostra escola deu el seu nom al Sr. Joan Sanpera i Torras<\/h1>\n<p class=\"Estilo31\"><strong>(Corr\u00f3 d\u2019Avall, 1840 \u2013 Barcelona, 1914)<\/strong><\/p>\n<p class=\"Estilo31\">El dia<strong> 4 de setembre de 1840 <\/strong>va n\u00e9ixer en <strong>Joan Sanpera i Torras<\/strong> al barri de Lledoner, aleshores de Corr\u00f3 d\u2019Avall. Tenia dos germans grans: en Josep i l\u2019Ant\u00f2nia.<\/p>\n<p>Tres anys despr\u00e9s del seu naixement, el 13 de mar\u00e7 de 1843 va morir el seu pare. El fill gran, en Josep, es va quedar tot el patrimoni de la fam\u00edlia, ja que era l\u2019hereu. Per aix\u00f2 amb 18 anys en Joan decideix marxar cap a Barcelona a buscar feina. Caminant, va arribar a Barcelona, cansat i famolenc es va mig desmaiar davant d\u2019una adrogueria del carrer de la Princesa. Els amos de la botiga el van auxiliar, li van donar feina i el van acollir com un fill. Ells eren grans i no tenien fills. La botiga es deia cal Brut i era propietat del senyor Bartomeu Vidal.<\/p>\n<p class=\"Estilo31\">El 14 d\u2019abril de 1871, en Joan Sanpera es cas\u00e0 amb la senyora Josepa Rod\u00e9s i Puig. D\u2019aquest matrimoni van n\u00e9ixer tres fills: l\u2019Ant\u00f2nia, la Josepa i en Joan. A la mort dels propietaris de cal Brut, en Joan Sanpera heret\u00e0 tots els b\u00e9ns i propietats de la fam\u00edlia Vidal.<\/p>\n<p class=\"Estilo31\">En Joan Sanpera va fer fortuna fent importacions de productes colonials: sucre, cacau, etc. Va comprar la seva casa natal de Corr\u00f3 d\u2019Avall i diverses finques del municipi.<\/p>\n<p class=\"Estilo31\">Els darrers anys de la seva vida es dedic\u00e0 a pagar reformes i obres noves a Les Franqueses, com per exemple un cementiri nou, una capella a Llerona, cases pels treballadors, un nou escorxador i l\u2019edifici nou de l\u2019Ajuntament i les escoles.<\/p>\n<p class=\"Estilo31\">Aquest edifici va ser inaugurat el dia 1 de desembre de 1912. \u00c9s obra de l\u2019arquitecte Albert Joan i Torn\u00e9, el mateix que va reformar la seva casa (actualment escola M\u00aa Anna Mogas).<\/p>\n<p class=\"Estilo31\">El rei abans de la seva mort el va anomenar <strong>1r Marqu\u00e9s de Les Franqueses,<\/strong> a petici\u00f3 de l\u2019Ajuntament, per totes les obres fetes en la seva vila natal. Va morir a<strong> Barcelona el 9 de desembre de 1914.<\/strong><\/p>\n<p class=\"Estilo31\">L\u2019escola es va inaugurar l\u2019any 1912, essent ubicada fins a l\u2019any 1995 en el bell edifici modernista que es compartia amb l\u2019Ajuntament. Aquest mateix any, l\u2019escola es va traslladar al carrer Joan Maragall que \u00e9s on es troba actualment.<\/p>\n","protected":false},"excerpt":{"rendered":"<p>La nostra escola deu el seu nom al Sr. Joan Sanpera i Torras (Corr\u00f3 d\u2019Avall, 1840 \u2013 Barcelona, 1914) El dia 4 de setembre de 1840 va n\u00e9ixer en Joan Sanpera i Torras al barri de Lledoner, aleshores de Corr\u00f3 d\u2019Avall. Tenia dos germans grans: en Josep i l\u2019Ant\u00f2nia. Tres anys despr\u00e9s del seu naixement, [&hellip;]<\/p>\n","protected":false},"author":1,"featured_media":0,"parent":22,"menu_order":20,"comment_status":"closed","ping_status":"closed","template":"page-templates\/side-menu.php","meta":{"site-sidebar-layout":"default","site-content-layout":"","ast-site-content-layout":"","site-content-style":"default","site-sidebar-style":"default","ast-global-header-display":"","ast-banner-title-visibility":"","ast-main-header-display":"","ast-hfb-above-header-display":"","ast-hfb-below-header-display":"","ast-hfb-mobile-header-display":"","site-post-title":"","ast-breadcrumbs-content":"","ast-featured-img":"","footer-sml-layout":"","theme-transparent-header-meta":"","adv-header-id-meta":"","stick-header-meta":"","header-above-stick-meta":"","header-main-stick-meta":"","header-below-stick-meta":"","astra-migrate-meta-layouts":"default","ast-page-background-enabled":"default","ast-page-background-meta":{"desktop":{"background-color":"var(--ast-global-color-4)","background-image":"","background-repeat":"repeat","background-position":"center center","background-size":"auto","background-attachment":"scroll","background-type":"","background-media":"","overlay-type":"","overlay-color":"","overlay-opacity":"","overlay-gradient":""},"tablet":{"background-color":"","background-image":"","background-repeat":"repeat","background-position":"center center","background-size":"auto","background-attachment":"scroll","background-type":"","background-media":"","overlay-type":"","overlay-color":"","overlay-opacity":"","overlay-gradient":""},"mobile":{"background-color":"","background-image":"","background-repeat":"repeat","background-position":"center center","background-size":"auto","background-attachment":"scroll","background-type":"","background-media":"","overlay-type":"","overlay-color":"","overlay-opacity":"","overlay-gradient":""}},"ast-content-background-meta":{"desktop":{"background-color":"var(--ast-global-color-5)","background-image":"","background-repeat":"repeat","background-position":"center center","background-size":"auto","background-attachment":"scroll","background-type":"","background-media":"","overlay-type":"","overlay-color":"","overlay-opacity":"","overlay-gradient":""},"tablet":{"background-color":"var(--ast-global-color-5)","background-image":"","background-repeat":"repeat","background-position":"center center","background-size":"auto","background-attachment":"scroll","background-type":"","background-media":"","overlay-type":"","overlay-color":"","overlay-opacity":"","overlay-gradient":""},"mobile":{"background-color":"var(--ast-global-color-5)","background-image":"","background-repeat":"repeat","background-position":"center center","background-size":"auto","background-attachment":"scroll","background-type":"","background-media":"","overlay-type":"","overlay-color":"","overlay-opacity":"","overlay-gradient":""}},"footnotes":""},"class_list":["post-26","page","type-page","status-publish","hentry"],"post_mailing_queue_ids":[],"_links":{"self":[{"href":"https:\/\/agora.xtec.cat\/ceipjoansanpera\/wp-json\/wp\/v2\/pages\/26","targetHints":{"allow":["GET"]}}],"collection":[{"href":"https:\/\/agora.xtec.cat\/ceipjoansanpera\/wp-json\/wp\/v2\/pages"}],"about":[{"href":"https:\/\/agora.xtec.cat\/ceipjoansanpera\/wp-json\/wp\/v2\/types\/page"}],"author":[{"embeddable":true,"href":"https:\/\/agora.xtec.cat\/ceipjoansanpera\/wp-json\/wp\/v2\/users\/1"}],"replies":[{"embeddable":true,"href":"https:\/\/agora.xtec.cat\/ceipjoansanpera\/wp-json\/wp\/v2\/comments?post=26"}],"version-history":[{"count":4,"href":"https:\/\/agora.xtec.cat\/ceipjoansanpera\/wp-json\/wp\/v2\/pages\/26\/revisions"}],"predecessor-version":[{"id":10766,"href":"https:\/\/agora.xtec.cat\/ceipjoansanpera\/wp-json\/wp\/v2\/pages\/26\/revisions\/10766"}],"up":[{"embeddable":true,"href":"https:\/\/agora.xtec.cat\/ceipjoansanpera\/wp-json\/wp\/v2\/pages\/22"}],"wp:attachment":[{"href":"https:\/\/agora.xtec.cat\/ceipjoansanpera\/wp-json\/wp\/v2\/media?parent=26"}],"curies":[{"name":"wp","href":"https:\/\/api.w.org\/{rel}","templated":true}]}}