{"id":8298,"date":"2021-07-09T11:39:24","date_gmt":"2021-07-09T09:39:24","guid":{"rendered":"http:\/\/agora.xtec.cat\/ceipjoanperich\/?page_id=8298"},"modified":"2023-06-21T10:00:57","modified_gmt":"2023-06-21T08:00:57","slug":"projectes-amb","status":"publish","type":"page","link":"https:\/\/agora.xtec.cat\/ceipjoanperich\/que-fem-a-educacio-primaria\/projectes-amb\/","title":{"rendered":"Projecte caixes niu AMB"},"content":{"rendered":"<p>L\u2019escola Joan Perich i Valls de Sant Joan Desp\u00ed \u00e9s lim\u00edtrof amb el parc de la Fontsanta i per aquest motiu molts dels infants tenen una relaci\u00f3 estreta amb aquest parc, ja sigui com a usuaris de les zones de joc o com a mitj\u00e0 facilitador de la seva mobilitat sostenible.<\/p>\n<p>Fa 6 anys la nostra escola va iniciar un projecte de potenciaci\u00f3 de la biodiversitat dins del marc escolar. Entre altres projectes es van fer hotels d\u2019insectes, se\u2019n van instal\u00b7lar caixes niu, menjadores per ocells i es va potenciar l\u2019hort i els jardins escolars. Com a continuaci\u00f3 l\u00f2gica d\u2019aquests projectes que l\u2019escola du a terme amb els nostres infants creiem b\u00e0sic poder crear un vincle entre l\u2019escola i l\u2019entorn proper, en aquest cas el parc de la Fontsanta.<\/p>\n<p>El curs 2017-18 vam iniciar l\u2019estudi i seguiment dels ocells del parc, fent un projecte d\u2019aprenentatge servei consistent en la instal\u00b7laci\u00f3 de caixes niu i el seu seguiment. Aquest projecte ens va permetre evidenciar les relacions entre els ocells que ens visiten a l\u2019escola i els que viuen al parc i poder treballar aspectes relacionats amb la cura del medi ambient i les relacions entre els aspectes locals i globals, en aquest cas representats per l\u2019escola (local) i el parc (global). A m\u00e9s de treballar el civisme, la conservaci\u00f3 i promoci\u00f3 de l\u2019entorn proper.<\/p>\n<p>Des de llavors el projecte s&#8217;ha mantingut actiu amb l&#8217;<strong>alumnat de 4t de Prim\u00e0ria<\/strong>, amb una vinculaci\u00f3 al parc que el sentin com a propi i que per aquest motiu sentim la necessitat de con\u00e8ixer i cuidar el seu ecosistema.<\/p>\n<p>Aquest projecte permet abordar molts dels aprenentatges presents al curr\u00edculum i que tenen a veure amb l\u2019\u00e0mbit de coneixement del medi natural, social i cultural i tamb\u00e9 treballar diverses\u00a0 compet\u00e8ncies que possibiliten una gran transversalitat.<\/p>\n<p><a href=\"https:\/\/agora.xtec.cat\/ceipjoanperich\/wp-content\/uploads\/usu1151\/2023\/06\/Projectes-participatius-AMB_4t_page-0001.jpg\"><img loading=\"lazy\" decoding=\"async\" class=\"alignleft size-large wp-image-9887\" src=\"https:\/\/agora.xtec.cat\/ceipjoanperich\/wp-content\/uploads\/usu1151\/2023\/06\/Projectes-participatius-AMB_4t_page-0001-1024x724.jpg\" alt=\"\" width=\"1024\" height=\"724\" srcset=\"https:\/\/agora.xtec.cat\/ceipjoanperich\/wp-content\/uploads\/usu1151\/2023\/06\/Projectes-participatius-AMB_4t_page-0001-1024x724.jpg 1024w, https:\/\/agora.xtec.cat\/ceipjoanperich\/wp-content\/uploads\/usu1151\/2023\/06\/Projectes-participatius-AMB_4t_page-0001-300x212.jpg 300w, https:\/\/agora.xtec.cat\/ceipjoanperich\/wp-content\/uploads\/usu1151\/2023\/06\/Projectes-participatius-AMB_4t_page-0001-768x543.jpg 768w, https:\/\/agora.xtec.cat\/ceipjoanperich\/wp-content\/uploads\/usu1151\/2023\/06\/Projectes-participatius-AMB_4t_page-0001-1536x1087.jpg 1536w, https:\/\/agora.xtec.cat\/ceipjoanperich\/wp-content\/uploads\/usu1151\/2023\/06\/Projectes-participatius-AMB_4t_page-0001.jpg 1753w\" sizes=\"auto, (max-width: 1024px) 100vw, 1024px\" \/><\/a><\/p>\n<p>&nbsp;<\/p>\n","protected":false},"excerpt":{"rendered":"<p>L\u2019escola Joan Perich i Valls de Sant Joan Desp\u00ed \u00e9s lim\u00edtrof amb el parc de la Fontsanta i per aquest motiu molts dels infants tenen una relaci\u00f3 estreta amb aquest parc, ja sigui com a usuaris de les zones de joc o com a mitj\u00e0 facilitador de la seva mobilitat sostenible. Fa 6 anys la [&hellip;]<\/p>\n","protected":false},"author":1,"featured_media":0,"parent":7846,"menu_order":0,"comment_status":"closed","ping_status":"closed","template":"page-templates\/side-menu.php","meta":{"_bbp_topic_count":0,"_bbp_reply_count":0,"_bbp_total_topic_count":0,"_bbp_total_reply_count":0,"_bbp_voice_count":0,"_bbp_anonymous_reply_count":0,"_bbp_topic_count_hidden":0,"_bbp_reply_count_hidden":0,"_bbp_forum_subforum_count":0,"site-sidebar-layout":"default","site-content-layout":"","ast-site-content-layout":"","site-content-style":"default","site-sidebar-style":"default","ast-global-header-display":"","ast-banner-title-visibility":"","ast-main-header-display":"","ast-hfb-above-header-display":"","ast-hfb-below-header-display":"","ast-hfb-mobile-header-display":"","site-post-title":"","ast-breadcrumbs-content":"","ast-featured-img":"","footer-sml-layout":"","theme-transparent-header-meta":"","adv-header-id-meta":"","stick-header-meta":"","header-above-stick-meta":"","header-main-stick-meta":"","header-below-stick-meta":"","astra-migrate-meta-layouts":"default","ast-page-background-enabled":"default","ast-page-background-meta":{"desktop":{"background-color":"var(--ast-global-color-4)","background-image":"","background-repeat":"repeat","background-position":"center center","background-size":"auto","background-attachment":"scroll","background-type":"","background-media":"","overlay-type":"","overlay-color":"","overlay-opacity":"","overlay-gradient":""},"tablet":{"background-color":"","background-image":"","background-repeat":"repeat","background-position":"center center","background-size":"auto","background-attachment":"scroll","background-type":"","background-media":"","overlay-type":"","overlay-color":"","overlay-opacity":"","overlay-gradient":""},"mobile":{"background-color":"","background-image":"","background-repeat":"repeat","background-position":"center center","background-size":"auto","background-attachment":"scroll","background-type":"","background-media":"","overlay-type":"","overlay-color":"","overlay-opacity":"","overlay-gradient":""}},"ast-content-background-meta":{"desktop":{"background-color":"var(--ast-global-color-5)","background-image":"","background-repeat":"repeat","background-position":"center center","background-size":"auto","background-attachment":"scroll","background-type":"","background-media":"","overlay-type":"","overlay-color":"","overlay-opacity":"","overlay-gradient":""},"tablet":{"background-color":"var(--ast-global-color-5)","background-image":"","background-repeat":"repeat","background-position":"center center","background-size":"auto","background-attachment":"scroll","background-type":"","background-media":"","overlay-type":"","overlay-color":"","overlay-opacity":"","overlay-gradient":""},"mobile":{"background-color":"var(--ast-global-color-5)","background-image":"","background-repeat":"repeat","background-position":"center center","background-size":"auto","background-attachment":"scroll","background-type":"","background-media":"","overlay-type":"","overlay-color":"","overlay-opacity":"","overlay-gradient":""}},"footnotes":""},"class_list":["post-8298","page","type-page","status-publish","hentry"],"post_mailing_queue_ids":[],"_links":{"self":[{"href":"https:\/\/agora.xtec.cat\/ceipjoanperich\/wp-json\/wp\/v2\/pages\/8298","targetHints":{"allow":["GET"]}}],"collection":[{"href":"https:\/\/agora.xtec.cat\/ceipjoanperich\/wp-json\/wp\/v2\/pages"}],"about":[{"href":"https:\/\/agora.xtec.cat\/ceipjoanperich\/wp-json\/wp\/v2\/types\/page"}],"author":[{"embeddable":true,"href":"https:\/\/agora.xtec.cat\/ceipjoanperich\/wp-json\/wp\/v2\/users\/1"}],"replies":[{"embeddable":true,"href":"https:\/\/agora.xtec.cat\/ceipjoanperich\/wp-json\/wp\/v2\/comments?post=8298"}],"version-history":[{"count":3,"href":"https:\/\/agora.xtec.cat\/ceipjoanperich\/wp-json\/wp\/v2\/pages\/8298\/revisions"}],"predecessor-version":[{"id":9888,"href":"https:\/\/agora.xtec.cat\/ceipjoanperich\/wp-json\/wp\/v2\/pages\/8298\/revisions\/9888"}],"up":[{"embeddable":true,"href":"https:\/\/agora.xtec.cat\/ceipjoanperich\/wp-json\/wp\/v2\/pages\/7846"}],"wp:attachment":[{"href":"https:\/\/agora.xtec.cat\/ceipjoanperich\/wp-json\/wp\/v2\/media?parent=8298"}],"curies":[{"name":"wp","href":"https:\/\/api.w.org\/{rel}","templated":true}]}}