{"id":8197,"date":"2021-05-31T12:15:31","date_gmt":"2021-05-31T10:15:31","guid":{"rendered":"http:\/\/agora.xtec.cat\/ceipjoanperich\/?page_id=8197"},"modified":"2023-06-16T13:46:23","modified_gmt":"2023-06-16T11:46:23","slug":"sharing-to-learn","status":"publish","type":"page","link":"https:\/\/agora.xtec.cat\/ceipjoanperich\/que-fem-a-educacio-primaria\/sharing-to-learn\/","title":{"rendered":"SHARING TO LEARN"},"content":{"rendered":"<p><img decoding=\"async\" class=\"aligncenter\" src=\"https:\/\/serveiseducatius.xtec.cat\/baixllobregat5\/wp-content\/uploads\/usu1180\/2020\/03\/cap%C3%A7alera-projecte-sharing-to-learn.png\" \/><\/p>\n<p>Els infants de 1r i 2n de la nostra escola participen en el Programa SHARING TO LEARN del Departament d&#8217;Educaci\u00f3.<\/p>\n<p>Aquest projecte t\u00e9 com a objectiu afavorir l\u2019intercanvi entre alumnat de diferents nivells educatius i donar suport a la millora de l\u2019expressi\u00f3 oral en llengua anglesa, per tal de facilitat l\u2019acc\u00e9s a entorns pluriling\u00fces i pluriculturals a l\u2019alumnat. Afavoreix la construcci\u00f3 progressiva de la compet\u00e8ncia pluriling\u00fce de l\u2019alumnat a partir de la interacci\u00f3 amb nens i nenes del mateix nivell i amb la participaci\u00f3 d\u2019alumnat d\u2019altres centres i diferents etapes educatives.<\/p>\n<p>El treball consisteix que l\u2019alumnat de secund\u00e0ria, anomenats <em>language assistants,<\/em> assisteixin un cop per setmana a l&#8217;escola i col\u00b7laborin amb el professorat per a desenvolupar la compet\u00e8ncia oral en llengua anglesa. Alhora, ajuden a fomentar una actitud positiva vers l\u2019aprenentatge d\u2019aquesta llengua i la seva cultura.<\/p>\n<p>Peri\u00f2dicament, els docents especialistes en llengua anglesa dels centres educatius que hi participen, que en el nostre cas ho coordina la docent Eva Risoto, es reuneixen per a realitzar el seguiment del programa amb els Serveis Educatius del Baix Llobregat.<\/p>\n<p><a href=\"https:\/\/agora.xtec.cat\/ceipjoanperich\/wp-content\/uploads\/usu1151\/2023\/05\/Sharing.jpg\"><img loading=\"lazy\" decoding=\"async\" class=\"alignleft size-large wp-image-9786\" src=\"https:\/\/agora.xtec.cat\/ceipjoanperich\/wp-content\/uploads\/usu1151\/2023\/05\/Sharing-1024x724.jpg\" alt=\"\" width=\"1024\" height=\"724\" srcset=\"https:\/\/agora.xtec.cat\/ceipjoanperich\/wp-content\/uploads\/usu1151\/2023\/05\/Sharing-1024x724.jpg 1024w, https:\/\/agora.xtec.cat\/ceipjoanperich\/wp-content\/uploads\/usu1151\/2023\/05\/Sharing-300x212.jpg 300w, https:\/\/agora.xtec.cat\/ceipjoanperich\/wp-content\/uploads\/usu1151\/2023\/05\/Sharing-768x543.jpg 768w, https:\/\/agora.xtec.cat\/ceipjoanperich\/wp-content\/uploads\/usu1151\/2023\/05\/Sharing-1536x1087.jpg 1536w, https:\/\/agora.xtec.cat\/ceipjoanperich\/wp-content\/uploads\/usu1151\/2023\/05\/Sharing.jpg 1753w\" sizes=\"auto, (max-width: 1024px) 100vw, 1024px\" \/><\/a><\/p>\n","protected":false},"excerpt":{"rendered":"<p>Els infants de 1r i 2n de la nostra escola participen en el Programa SHARING TO LEARN del Departament d&#8217;Educaci\u00f3. Aquest projecte t\u00e9 com a objectiu afavorir l\u2019intercanvi entre alumnat de diferents nivells educatius i donar suport a la millora de l\u2019expressi\u00f3 oral en llengua anglesa, per tal de facilitat l\u2019acc\u00e9s a entorns pluriling\u00fces i [&hellip;]<\/p>\n","protected":false},"author":1,"featured_media":0,"parent":7846,"menu_order":8,"comment_status":"closed","ping_status":"closed","template":"page-templates\/side-menu.php","meta":{"_bbp_topic_count":0,"_bbp_reply_count":0,"_bbp_total_topic_count":0,"_bbp_total_reply_count":0,"_bbp_voice_count":0,"_bbp_anonymous_reply_count":0,"_bbp_topic_count_hidden":0,"_bbp_reply_count_hidden":0,"_bbp_forum_subforum_count":0,"site-sidebar-layout":"default","site-content-layout":"","ast-site-content-layout":"","site-content-style":"default","site-sidebar-style":"default","ast-global-header-display":"","ast-banner-title-visibility":"","ast-main-header-display":"","ast-hfb-above-header-display":"","ast-hfb-below-header-display":"","ast-hfb-mobile-header-display":"","site-post-title":"","ast-breadcrumbs-content":"","ast-featured-img":"","footer-sml-layout":"","theme-transparent-header-meta":"","adv-header-id-meta":"","stick-header-meta":"","header-above-stick-meta":"","header-main-stick-meta":"","header-below-stick-meta":"","astra-migrate-meta-layouts":"default","ast-page-background-enabled":"default","ast-page-background-meta":{"desktop":{"background-color":"var(--ast-global-color-4)","background-image":"","background-repeat":"repeat","background-position":"center center","background-size":"auto","background-attachment":"scroll","background-type":"","background-media":"","overlay-type":"","overlay-color":"","overlay-opacity":"","overlay-gradient":""},"tablet":{"background-color":"","background-image":"","background-repeat":"repeat","background-position":"center center","background-size":"auto","background-attachment":"scroll","background-type":"","background-media":"","overlay-type":"","overlay-color":"","overlay-opacity":"","overlay-gradient":""},"mobile":{"background-color":"","background-image":"","background-repeat":"repeat","background-position":"center center","background-size":"auto","background-attachment":"scroll","background-type":"","background-media":"","overlay-type":"","overlay-color":"","overlay-opacity":"","overlay-gradient":""}},"ast-content-background-meta":{"desktop":{"background-color":"var(--ast-global-color-5)","background-image":"","background-repeat":"repeat","background-position":"center center","background-size":"auto","background-attachment":"scroll","background-type":"","background-media":"","overlay-type":"","overlay-color":"","overlay-opacity":"","overlay-gradient":""},"tablet":{"background-color":"var(--ast-global-color-5)","background-image":"","background-repeat":"repeat","background-position":"center center","background-size":"auto","background-attachment":"scroll","background-type":"","background-media":"","overlay-type":"","overlay-color":"","overlay-opacity":"","overlay-gradient":""},"mobile":{"background-color":"var(--ast-global-color-5)","background-image":"","background-repeat":"repeat","background-position":"center center","background-size":"auto","background-attachment":"scroll","background-type":"","background-media":"","overlay-type":"","overlay-color":"","overlay-opacity":"","overlay-gradient":""}},"footnotes":""},"class_list":["post-8197","page","type-page","status-publish","hentry"],"post_mailing_queue_ids":[],"_links":{"self":[{"href":"https:\/\/agora.xtec.cat\/ceipjoanperich\/wp-json\/wp\/v2\/pages\/8197","targetHints":{"allow":["GET"]}}],"collection":[{"href":"https:\/\/agora.xtec.cat\/ceipjoanperich\/wp-json\/wp\/v2\/pages"}],"about":[{"href":"https:\/\/agora.xtec.cat\/ceipjoanperich\/wp-json\/wp\/v2\/types\/page"}],"author":[{"embeddable":true,"href":"https:\/\/agora.xtec.cat\/ceipjoanperich\/wp-json\/wp\/v2\/users\/1"}],"replies":[{"embeddable":true,"href":"https:\/\/agora.xtec.cat\/ceipjoanperich\/wp-json\/wp\/v2\/comments?post=8197"}],"version-history":[{"count":3,"href":"https:\/\/agora.xtec.cat\/ceipjoanperich\/wp-json\/wp\/v2\/pages\/8197\/revisions"}],"predecessor-version":[{"id":9787,"href":"https:\/\/agora.xtec.cat\/ceipjoanperich\/wp-json\/wp\/v2\/pages\/8197\/revisions\/9787"}],"up":[{"embeddable":true,"href":"https:\/\/agora.xtec.cat\/ceipjoanperich\/wp-json\/wp\/v2\/pages\/7846"}],"wp:attachment":[{"href":"https:\/\/agora.xtec.cat\/ceipjoanperich\/wp-json\/wp\/v2\/media?parent=8197"}],"curies":[{"name":"wp","href":"https:\/\/api.w.org\/{rel}","templated":true}]}}