{"id":7846,"date":"2021-02-01T14:56:55","date_gmt":"2021-02-01T13:56:55","guid":{"rendered":"http:\/\/agora.xtec.cat\/ceipjoanperich\/?page_id=7846"},"modified":"2026-01-27T13:24:34","modified_gmt":"2026-01-27T12:24:34","slug":"que-fem-a-educacio-primaria","status":"publish","type":"page","link":"https:\/\/agora.xtec.cat\/ceipjoanperich\/que-fem-a-educacio-primaria\/","title":{"rendered":"Qu\u00e8 fem a Educaci\u00f3 Prim\u00e0ria?"},"content":{"rendered":"<p><span style=\"font-weight: 400;\">En aquest apartat, hi trobareu un recull dels projectes i actuacions que es duen a terme a l\u2019etapa de prim\u00e0ria amb l\u2019objectiu de donar a con\u00e8ixer quines activitats es realitzen a l\u2019escola i com s\u2019actua en el dia a dia seguint el nostre caire i la nostra l\u00ednia educativa.<\/span><\/p>\n<p><span style=\"font-weight: 400;\">S\u2019hi presenten projectes de tipologies diverses que aborden diferents \u00e0mbits de l\u2019aprenentatge i del desenvolupament dels infants: el creixement acad\u00e8mic, el benestar emocional, la conviv\u00e8ncia, la participaci\u00f3 i el comprom\u00eds amb l\u2019entorn. Aquestes actuacions reflecteixen la manera com entenem l\u2019educaci\u00f3, posant l\u2019infant al centre i acompanyant-lo de manera respectuosa i coherent al llarg de tota l\u2019etapa de prim\u00e0ria.<\/span><\/p>\n<p><span style=\"font-weight: 400;\">Aquest recull vol facilitar que les fam\u00edlies conegueu millor com es treballa a l\u2019escola, quins valors es promouen i quines estrat\u00e8gies educatives s\u2019apliquen, afavorint aix\u00ed una relaci\u00f3 de confian\u00e7a i corresponsabilitat entre l\u2019escola i les fam\u00edlies.<\/span><\/p>\n","protected":false},"excerpt":{"rendered":"<p>En aquest apartat, hi trobareu un recull dels projectes i actuacions que es duen a terme a l\u2019etapa de prim\u00e0ria amb l\u2019objectiu de donar a con\u00e8ixer quines activitats es realitzen a l\u2019escola i com s\u2019actua en el dia a dia seguint el nostre caire i la nostra l\u00ednia educativa. S\u2019hi presenten projectes de tipologies diverses [&hellip;]<\/p>\n","protected":false},"author":1,"featured_media":0,"parent":0,"menu_order":0,"comment_status":"closed","ping_status":"closed","template":"","meta":{"_bbp_topic_count":0,"_bbp_reply_count":0,"_bbp_total_topic_count":0,"_bbp_total_reply_count":0,"_bbp_voice_count":0,"_bbp_anonymous_reply_count":0,"_bbp_topic_count_hidden":0,"_bbp_reply_count_hidden":0,"_bbp_forum_subforum_count":0,"site-sidebar-layout":"default","site-content-layout":"","ast-site-content-layout":"default","site-content-style":"default","site-sidebar-style":"default","ast-global-header-display":"","ast-banner-title-visibility":"","ast-main-header-display":"","ast-hfb-above-header-display":"","ast-hfb-below-header-display":"","ast-hfb-mobile-header-display":"","site-post-title":"","ast-breadcrumbs-content":"","ast-featured-img":"","footer-sml-layout":"","theme-transparent-header-meta":"default","adv-header-id-meta":"","stick-header-meta":"","header-above-stick-meta":"","header-main-stick-meta":"","header-below-stick-meta":"","astra-migrate-meta-layouts":"set","ast-page-background-enabled":"default","ast-page-background-meta":{"desktop":{"background-color":"var(--ast-global-color-4)","background-image":"","background-repeat":"repeat","background-position":"center center","background-size":"auto","background-attachment":"scroll","background-type":"","background-media":"","overlay-type":"","overlay-color":"","overlay-opacity":"","overlay-gradient":""},"tablet":{"background-color":"","background-image":"","background-repeat":"repeat","background-position":"center center","background-size":"auto","background-attachment":"scroll","background-type":"","background-media":"","overlay-type":"","overlay-color":"","overlay-opacity":"","overlay-gradient":""},"mobile":{"background-color":"","background-image":"","background-repeat":"repeat","background-position":"center center","background-size":"auto","background-attachment":"scroll","background-type":"","background-media":"","overlay-type":"","overlay-color":"","overlay-opacity":"","overlay-gradient":""}},"ast-content-background-meta":{"desktop":{"background-color":"var(--ast-global-color-5)","background-image":"","background-repeat":"repeat","background-position":"center center","background-size":"auto","background-attachment":"scroll","background-type":"","background-media":"","overlay-type":"","overlay-color":"","overlay-opacity":"","overlay-gradient":""},"tablet":{"background-color":"var(--ast-global-color-5)","background-image":"","background-repeat":"repeat","background-position":"center center","background-size":"auto","background-attachment":"scroll","background-type":"","background-media":"","overlay-type":"","overlay-color":"","overlay-opacity":"","overlay-gradient":""},"mobile":{"background-color":"var(--ast-global-color-5)","background-image":"","background-repeat":"repeat","background-position":"center center","background-size":"auto","background-attachment":"scroll","background-type":"","background-media":"","overlay-type":"","overlay-color":"","overlay-opacity":"","overlay-gradient":""}},"footnotes":""},"class_list":["post-7846","page","type-page","status-publish","hentry"],"post_mailing_queue_ids":[],"_links":{"self":[{"href":"https:\/\/agora.xtec.cat\/ceipjoanperich\/wp-json\/wp\/v2\/pages\/7846","targetHints":{"allow":["GET"]}}],"collection":[{"href":"https:\/\/agora.xtec.cat\/ceipjoanperich\/wp-json\/wp\/v2\/pages"}],"about":[{"href":"https:\/\/agora.xtec.cat\/ceipjoanperich\/wp-json\/wp\/v2\/types\/page"}],"author":[{"embeddable":true,"href":"https:\/\/agora.xtec.cat\/ceipjoanperich\/wp-json\/wp\/v2\/users\/1"}],"replies":[{"embeddable":true,"href":"https:\/\/agora.xtec.cat\/ceipjoanperich\/wp-json\/wp\/v2\/comments?post=7846"}],"version-history":[{"count":2,"href":"https:\/\/agora.xtec.cat\/ceipjoanperich\/wp-json\/wp\/v2\/pages\/7846\/revisions"}],"predecessor-version":[{"id":10673,"href":"https:\/\/agora.xtec.cat\/ceipjoanperich\/wp-json\/wp\/v2\/pages\/7846\/revisions\/10673"}],"wp:attachment":[{"href":"https:\/\/agora.xtec.cat\/ceipjoanperich\/wp-json\/wp\/v2\/media?parent=7846"}],"curies":[{"name":"wp","href":"https:\/\/api.w.org\/{rel}","templated":true}]}}