{"id":7609,"date":"2020-11-20T15:28:25","date_gmt":"2020-11-20T14:28:25","guid":{"rendered":"http:\/\/agora.xtec.cat\/ceipjoanperich\/?page_id=7609"},"modified":"2022-11-28T16:19:30","modified_gmt":"2022-11-28T15:19:30","slug":"carta-als-reis","status":"publish","type":"page","link":"https:\/\/agora.xtec.cat\/ceipjoanperich\/que-fem-a-educacio-primaria\/carta-als-reis\/","title":{"rendered":"Carta als reis"},"content":{"rendered":"<p><img loading=\"lazy\" decoding=\"async\" class=\" wp-image-7610 aligncenter\" src=\"https:\/\/agora.xtec.cat\/ceipjoanperich\/wp-content\/uploads\/usu1151\/2020\/11\/Carta-als-reis.png\" alt=\"\" width=\"456\" height=\"266\" srcset=\"https:\/\/agora.xtec.cat\/ceipjoanperich\/wp-content\/uploads\/usu1151\/2020\/11\/Carta-als-reis.png 616w, https:\/\/agora.xtec.cat\/ceipjoanperich\/wp-content\/uploads\/usu1151\/2020\/11\/Carta-als-reis-300x175.png 300w\" sizes=\"auto, (max-width: 456px) 100vw, 456px\" \/><\/p>\n<p>El projecte <em><strong>Carta als Reis<\/strong><\/em> consisteix en un intercanvi a trav\u00e9s del correu electr\u00f2nic entre escoles de prim\u00e0ria, instituts de secund\u00e0ria o l&#8217;Escola d&#8217;Adults.<br \/>\nEls nens i nenes de <strong>Cicle Inicial<\/strong> fan un treball de lectoescriptura on escriuen la seva carta als Reis d\u2019Orient. Aquestes cartes s\u00f3n enviades i al cap de pocs dies, just abans de marxar de vacances, tots i totes reben la resposta gr\u00e0cies als patges reials que ens visiten cada any a l&#8217;escola.<br \/>\nL\u2019\u00fanica cosa que ells no saben, ni han de saber, \u00e9s que els seus reis particulars hauran estat nois i noies m\u00e9s grans d\u2019ESO.<\/p>\n<p>\u00c9s un projecte motivador i que ajuda a fer xarxa i consolidar lligams entre els diferents centres del municipi.<\/p>\n<p>&nbsp;<\/p>\n\r\n\t<div class=\"slideshow_container slideshow_container_style-light\" style=\"height: 300px; \" data-slideshow-id=\"7684\" data-style-name=\"style-light\" data-style-version=\"2.3.1\" >\r\n\r\n\t\t\t\t\t<div class=\"slideshow_loading_icon\"><\/div>\r\n\t\t\r\n\t\t<div class=\"slideshow_content\" style=\"display: none;\">\r\n\r\n\t\t\t<div class=\"slideshow_view\">\r\n\t\t\t\t<div class=\"slideshow_slide slideshow_slide_image\">\r\n\t\t\t\t\t\t\t\t\t\t\t<img src=\"https:\/\/agora.xtec.cat\/ceipjoanperich\/wp-content\/uploads\/usu1151\/2020\/12\/IMG_20201217_153320.jpg\" alt=\"IMG_20201217_153320\" width=\"448\" height=\"336\" \/>\r\n\t\t\t\t\t\t\t\t\t\t<div class=\"slideshow_description_box slideshow_transparent\">\r\n\t\t\t\t\t\t<div class=\"slideshow_title\">IMG_20201217_153320<\/div>\t\t\t\t\t\t\t\t\t\t\t<\/div>\r\n\t\t\t\t<\/div>\r\n\r\n\t\t\t\t\t\t<div style=\"clear: both;\"><\/div><\/div><div class=\"slideshow_view\">\r\n\t\t\t\t<div class=\"slideshow_slide slideshow_slide_image\">\r\n\t\t\t\t\t\t\t\t\t\t\t<img src=\"https:\/\/agora.xtec.cat\/ceipjoanperich\/wp-content\/uploads\/usu1151\/2020\/12\/IMG_20201217_153316.jpg\" alt=\"IMG_20201217_153316\" width=\"448\" height=\"336\" \/>\r\n\t\t\t\t\t\t\t\t\t\t<div class=\"slideshow_description_box slideshow_transparent\">\r\n\t\t\t\t\t\t<div class=\"slideshow_title\">IMG_20201217_153316<\/div>\t\t\t\t\t\t\t\t\t\t\t<\/div>\r\n\t\t\t\t<\/div>\r\n\r\n\t\t\t\t\t\t<div style=\"clear: both;\"><\/div><\/div><div class=\"slideshow_view\">\r\n\t\t\t\t<div class=\"slideshow_slide slideshow_slide_image\">\r\n\t\t\t\t\t\t\t\t\t\t\t<img src=\"https:\/\/agora.xtec.cat\/ceipjoanperich\/wp-content\/uploads\/usu1151\/2020\/12\/IMG_20201217_153235.jpg\" alt=\"IMG_20201217_153235\" width=\"448\" height=\"336\" \/>\r\n\t\t\t\t\t\t\t\t\t\t<div class=\"slideshow_description_box slideshow_transparent\">\r\n\t\t\t\t\t\t<div class=\"slideshow_title\">IMG_20201217_153235<\/div>\t\t\t\t\t\t\t\t\t\t\t<\/div>\r\n\t\t\t\t<\/div>\r\n\r\n\t\t\t\t\t\t<div style=\"clear: both;\"><\/div><\/div><div class=\"slideshow_view\">\r\n\t\t\t\t<div class=\"slideshow_slide slideshow_slide_image\">\r\n\t\t\t\t\t\t\t\t\t\t\t<img src=\"https:\/\/agora.xtec.cat\/ceipjoanperich\/wp-content\/uploads\/usu1151\/2020\/12\/IMG_20201217_153146.jpg\" alt=\"IMG_20201217_153146\" width=\"448\" height=\"336\" \/>\r\n\t\t\t\t\t\t\t\t\t\t<div class=\"slideshow_description_box slideshow_transparent\">\r\n\t\t\t\t\t\t<div class=\"slideshow_title\">IMG_20201217_153146<\/div>\t\t\t\t\t\t\t\t\t\t\t<\/div>\r\n\t\t\t\t<\/div>\r\n\r\n\t\t\t\t\t\t<div style=\"clear: both;\"><\/div><\/div>\r\n\t\t<\/div>\r\n\r\n\t\t<div class=\"slideshow_controlPanel slideshow_transparent\" style=\"display: none;\"><ul><li class=\"slideshow_togglePlay\" data-play-text=\"Visualitza\" data-pause-text=\"Pausa\"><\/li><\/ul><\/div>\r\n\r\n\t\t<div class=\"slideshow_button slideshow_previous slideshow_transparent\" role=\"button\" data-previous-text=\"Anterior\" style=\"display: none;\"><\/div>\r\n\t\t<div class=\"slideshow_button slideshow_next slideshow_transparent\" role=\"button\" data-next-text=\"Seg\u00fcent\" style=\"display: none;\"><\/div>\r\n\r\n\t\t<div class=\"slideshow_pagination\" style=\"display: none;\" data-go-to-text=\"V\u00e9s a la diapositiva\"><div class=\"slideshow_pagination_center\"><\/div><\/div>\r\n\r\n\t\t<!-- WordPress Slideshow Version 2.3.1 -->\r\n\r\n\t\t\t<\/div>\r\n\r\n\n","protected":false},"excerpt":{"rendered":"<p>El projecte Carta als Reis consisteix en un intercanvi a trav\u00e9s del correu electr\u00f2nic entre escoles de prim\u00e0ria, instituts de secund\u00e0ria o l&#8217;Escola d&#8217;Adults. Els nens i nenes de Cicle Inicial fan un treball de lectoescriptura on escriuen la seva carta als Reis d\u2019Orient. Aquestes cartes s\u00f3n enviades i al cap de pocs dies, just [&hellip;]<\/p>\n","protected":false},"author":1,"featured_media":0,"parent":7846,"menu_order":0,"comment_status":"closed","ping_status":"closed","template":"page-templates\/side-menu.php","meta":{"_bbp_topic_count":0,"_bbp_reply_count":0,"_bbp_total_topic_count":0,"_bbp_total_reply_count":0,"_bbp_voice_count":0,"_bbp_anonymous_reply_count":0,"_bbp_topic_count_hidden":0,"_bbp_reply_count_hidden":0,"_bbp_forum_subforum_count":0,"site-sidebar-layout":"default","site-content-layout":"","ast-site-content-layout":"","site-content-style":"default","site-sidebar-style":"default","ast-global-header-display":"","ast-banner-title-visibility":"","ast-main-header-display":"","ast-hfb-above-header-display":"","ast-hfb-below-header-display":"","ast-hfb-mobile-header-display":"","site-post-title":"","ast-breadcrumbs-content":"","ast-featured-img":"","footer-sml-layout":"","theme-transparent-header-meta":"","adv-header-id-meta":"","stick-header-meta":"","header-above-stick-meta":"","header-main-stick-meta":"","header-below-stick-meta":"","astra-migrate-meta-layouts":"default","ast-page-background-enabled":"default","ast-page-background-meta":{"desktop":{"background-color":"var(--ast-global-color-4)","background-image":"","background-repeat":"repeat","background-position":"center center","background-size":"auto","background-attachment":"scroll","background-type":"","background-media":"","overlay-type":"","overlay-color":"","overlay-opacity":"","overlay-gradient":""},"tablet":{"background-color":"","background-image":"","background-repeat":"repeat","background-position":"center center","background-size":"auto","background-attachment":"scroll","background-type":"","background-media":"","overlay-type":"","overlay-color":"","overlay-opacity":"","overlay-gradient":""},"mobile":{"background-color":"","background-image":"","background-repeat":"repeat","background-position":"center center","background-size":"auto","background-attachment":"scroll","background-type":"","background-media":"","overlay-type":"","overlay-color":"","overlay-opacity":"","overlay-gradient":""}},"ast-content-background-meta":{"desktop":{"background-color":"var(--ast-global-color-5)","background-image":"","background-repeat":"repeat","background-position":"center center","background-size":"auto","background-attachment":"scroll","background-type":"","background-media":"","overlay-type":"","overlay-color":"","overlay-opacity":"","overlay-gradient":""},"tablet":{"background-color":"var(--ast-global-color-5)","background-image":"","background-repeat":"repeat","background-position":"center center","background-size":"auto","background-attachment":"scroll","background-type":"","background-media":"","overlay-type":"","overlay-color":"","overlay-opacity":"","overlay-gradient":""},"mobile":{"background-color":"var(--ast-global-color-5)","background-image":"","background-repeat":"repeat","background-position":"center center","background-size":"auto","background-attachment":"scroll","background-type":"","background-media":"","overlay-type":"","overlay-color":"","overlay-opacity":"","overlay-gradient":""}},"footnotes":""},"class_list":["post-7609","page","type-page","status-publish","hentry"],"post_mailing_queue_ids":[],"_links":{"self":[{"href":"https:\/\/agora.xtec.cat\/ceipjoanperich\/wp-json\/wp\/v2\/pages\/7609","targetHints":{"allow":["GET"]}}],"collection":[{"href":"https:\/\/agora.xtec.cat\/ceipjoanperich\/wp-json\/wp\/v2\/pages"}],"about":[{"href":"https:\/\/agora.xtec.cat\/ceipjoanperich\/wp-json\/wp\/v2\/types\/page"}],"author":[{"embeddable":true,"href":"https:\/\/agora.xtec.cat\/ceipjoanperich\/wp-json\/wp\/v2\/users\/1"}],"replies":[{"embeddable":true,"href":"https:\/\/agora.xtec.cat\/ceipjoanperich\/wp-json\/wp\/v2\/comments?post=7609"}],"version-history":[{"count":3,"href":"https:\/\/agora.xtec.cat\/ceipjoanperich\/wp-json\/wp\/v2\/pages\/7609\/revisions"}],"predecessor-version":[{"id":9284,"href":"https:\/\/agora.xtec.cat\/ceipjoanperich\/wp-json\/wp\/v2\/pages\/7609\/revisions\/9284"}],"up":[{"embeddable":true,"href":"https:\/\/agora.xtec.cat\/ceipjoanperich\/wp-json\/wp\/v2\/pages\/7846"}],"wp:attachment":[{"href":"https:\/\/agora.xtec.cat\/ceipjoanperich\/wp-json\/wp\/v2\/media?parent=7609"}],"curies":[{"name":"wp","href":"https:\/\/api.w.org\/{rel}","templated":true}]}}