{"id":5648,"date":"2019-01-18T13:42:34","date_gmt":"2019-01-18T12:42:34","guid":{"rendered":"http:\/\/agora.xtec.cat\/ceipjoanperich\/?page_id=5648"},"modified":"2022-11-28T16:19:00","modified_gmt":"2022-11-28T15:19:00","slug":"cantania","status":"publish","type":"page","link":"https:\/\/agora.xtec.cat\/ceipjoanperich\/que-fem-a-educacio-primaria\/cantania\/","title":{"rendered":"Cant\u00e0nia"},"content":{"rendered":"<p><a href=\"https:\/\/agora.xtec.cat\/ceipjoanperich\/wp-content\/uploads\/usu1151\/2020\/06\/CANTANIA113.0.jpg\"><img loading=\"lazy\" decoding=\"async\" class=\"alignnone size-full wp-image-7195\" src=\"https:\/\/agora.xtec.cat\/ceipjoanperich\/wp-content\/uploads\/usu1151\/2020\/06\/CANTANIA113.0.jpg\" alt=\"\" width=\"830\" height=\"300\" srcset=\"https:\/\/agora.xtec.cat\/ceipjoanperich\/wp-content\/uploads\/usu1151\/2020\/06\/CANTANIA113.0.jpg 830w, https:\/\/agora.xtec.cat\/ceipjoanperich\/wp-content\/uploads\/usu1151\/2020\/06\/CANTANIA113.0-300x108.jpg 300w, https:\/\/agora.xtec.cat\/ceipjoanperich\/wp-content\/uploads\/usu1151\/2020\/06\/CANTANIA113.0-768x278.jpg 768w\" sizes=\"auto, (max-width: 830px) 100vw, 830px\" \/><\/a><\/p>\n<p><a href=\"https:\/\/www.auditori.cat\/ca\/cantania-_cat\" target=\"_blank\" rel=\"noopener noreferrer\">La Cant\u00e0nia<\/a> \u00e9s una activitat participativa en la qual s&#8217;arreplega alumnes de cicle mitj\u00e0 i superior de Catalunya. Cada any s&#8217;estrena una obra encarregada especialment per aquesta activitat. Els enc\u00e0rrecs, fins a dia d&#8217;avui, s&#8217;han fet a compositors i escriptors catalans de reconegut prestigi.<\/p>\n<p style=\"text-align: center;\"><strong>La nostra escola participa cada any amb els alumnes de 5\u00e8, condu\u00efts per la M\u00aa Jos\u00e9 Crespo, la nostra mestra especialista de m\u00fasica.<\/strong><\/p>\n<p style=\"font-weight: 400;\">Durant tot el curs escolar es treballa tant des de L\u2019Auditori com des de l\u2019escola. L\u2019objectiu \u00e9s organitzar un acte per als alumnes que, per les caracter\u00edstiques globals pensades exclusivament per a ells, per la qualitat i per la implicaci\u00f3 personal i col\u00b7lectiva en l\u2019acte, es converteixi en una viv\u00e8ncia musical inoblidable per a tots.<\/p>\n<p style=\"font-weight: 400;\">Fins a dia d\u2019avui, Cant\u00e0nia s\u2019ha realitzat a m\u00e9s de 20 ciutats de 6 pa\u00efsos tant europeus com americans. A Espanya: Argentona, Burgos, C\u00e0diz, El Vendrell, Figueres, Girona, Granollers, Madrid, Manresa, Matar\u00f3, Olot, Parla, Reus, Salamanca, Sant Cugat del Vall\u00e8s, Saragossa, Sevilla, Valladolid, Vic i Vilafranca del Pened\u00e8s. A Alemanya: Mainz, Bremen, Biefeld, Neustadt i Koblenz. A B\u00e8lgica: Brussel\u00b7les. A Portugal: Guimaraes. A Vene\u00e7uela: Caracas. A It\u00e0lia: Alexandria. I a M\u00e8xic. Les xifres anuals s\u00f3n espectaculars! Al llarg d\u2019un curs escolar passen pels escenaris de totes les ciutats participants aproximadament 50.000 nens i nenes, 1.000 mestres de m\u00fasica de m\u00e9s de 1.000 escoles i 100.000 espectadors.<\/p>\n<p style=\"font-weight: 400; text-align: center;\"><strong>Cant\u00e0nia vetlla per l\u2019educaci\u00f3 musical dels nens i nenes a trav\u00e9s d\u2019un cam\u00ed acompanyat de m\u00fasica, cultura i emoci\u00f3.<\/strong><\/p>\n<p>&nbsp;<\/p>\n<p>&nbsp;<\/p>\n","protected":false},"excerpt":{"rendered":"<p>La Cant\u00e0nia \u00e9s una activitat participativa en la qual s&#8217;arreplega alumnes de cicle mitj\u00e0 i superior de Catalunya. Cada any s&#8217;estrena una obra encarregada especialment per aquesta activitat. Els enc\u00e0rrecs, fins a dia d&#8217;avui, s&#8217;han fet a compositors i escriptors catalans de reconegut prestigi. La nostra escola participa cada any amb els alumnes de 5\u00e8, [&hellip;]<\/p>\n","protected":false},"author":1,"featured_media":0,"parent":7846,"menu_order":0,"comment_status":"closed","ping_status":"closed","template":"page-templates\/side-menu.php","meta":{"_bbp_topic_count":0,"_bbp_reply_count":0,"_bbp_total_topic_count":0,"_bbp_total_reply_count":0,"_bbp_voice_count":0,"_bbp_anonymous_reply_count":0,"_bbp_topic_count_hidden":0,"_bbp_reply_count_hidden":0,"_bbp_forum_subforum_count":0,"site-sidebar-layout":"default","site-content-layout":"","ast-site-content-layout":"","site-content-style":"default","site-sidebar-style":"default","ast-global-header-display":"","ast-banner-title-visibility":"","ast-main-header-display":"","ast-hfb-above-header-display":"","ast-hfb-below-header-display":"","ast-hfb-mobile-header-display":"","site-post-title":"","ast-breadcrumbs-content":"","ast-featured-img":"","footer-sml-layout":"","theme-transparent-header-meta":"","adv-header-id-meta":"","stick-header-meta":"","header-above-stick-meta":"","header-main-stick-meta":"","header-below-stick-meta":"","astra-migrate-meta-layouts":"default","ast-page-background-enabled":"default","ast-page-background-meta":{"desktop":{"background-color":"var(--ast-global-color-4)","background-image":"","background-repeat":"repeat","background-position":"center center","background-size":"auto","background-attachment":"scroll","background-type":"","background-media":"","overlay-type":"","overlay-color":"","overlay-opacity":"","overlay-gradient":""},"tablet":{"background-color":"","background-image":"","background-repeat":"repeat","background-position":"center center","background-size":"auto","background-attachment":"scroll","background-type":"","background-media":"","overlay-type":"","overlay-color":"","overlay-opacity":"","overlay-gradient":""},"mobile":{"background-color":"","background-image":"","background-repeat":"repeat","background-position":"center center","background-size":"auto","background-attachment":"scroll","background-type":"","background-media":"","overlay-type":"","overlay-color":"","overlay-opacity":"","overlay-gradient":""}},"ast-content-background-meta":{"desktop":{"background-color":"var(--ast-global-color-5)","background-image":"","background-repeat":"repeat","background-position":"center center","background-size":"auto","background-attachment":"scroll","background-type":"","background-media":"","overlay-type":"","overlay-color":"","overlay-opacity":"","overlay-gradient":""},"tablet":{"background-color":"var(--ast-global-color-5)","background-image":"","background-repeat":"repeat","background-position":"center center","background-size":"auto","background-attachment":"scroll","background-type":"","background-media":"","overlay-type":"","overlay-color":"","overlay-opacity":"","overlay-gradient":""},"mobile":{"background-color":"var(--ast-global-color-5)","background-image":"","background-repeat":"repeat","background-position":"center center","background-size":"auto","background-attachment":"scroll","background-type":"","background-media":"","overlay-type":"","overlay-color":"","overlay-opacity":"","overlay-gradient":""}},"footnotes":""},"class_list":["post-5648","page","type-page","status-publish","hentry"],"post_mailing_queue_ids":[],"_links":{"self":[{"href":"https:\/\/agora.xtec.cat\/ceipjoanperich\/wp-json\/wp\/v2\/pages\/5648","targetHints":{"allow":["GET"]}}],"collection":[{"href":"https:\/\/agora.xtec.cat\/ceipjoanperich\/wp-json\/wp\/v2\/pages"}],"about":[{"href":"https:\/\/agora.xtec.cat\/ceipjoanperich\/wp-json\/wp\/v2\/types\/page"}],"author":[{"embeddable":true,"href":"https:\/\/agora.xtec.cat\/ceipjoanperich\/wp-json\/wp\/v2\/users\/1"}],"replies":[{"embeddable":true,"href":"https:\/\/agora.xtec.cat\/ceipjoanperich\/wp-json\/wp\/v2\/comments?post=5648"}],"version-history":[{"count":3,"href":"https:\/\/agora.xtec.cat\/ceipjoanperich\/wp-json\/wp\/v2\/pages\/5648\/revisions"}],"predecessor-version":[{"id":7197,"href":"https:\/\/agora.xtec.cat\/ceipjoanperich\/wp-json\/wp\/v2\/pages\/5648\/revisions\/7197"}],"up":[{"embeddable":true,"href":"https:\/\/agora.xtec.cat\/ceipjoanperich\/wp-json\/wp\/v2\/pages\/7846"}],"wp:attachment":[{"href":"https:\/\/agora.xtec.cat\/ceipjoanperich\/wp-json\/wp\/v2\/media?parent=5648"}],"curies":[{"name":"wp","href":"https:\/\/api.w.org\/{rel}","templated":true}]}}