{"id":5637,"date":"2019-01-18T12:55:10","date_gmt":"2019-01-18T11:55:10","guid":{"rendered":"http:\/\/agora.xtec.cat\/ceipjoanperich\/?page_id=5637"},"modified":"2025-04-09T16:32:31","modified_gmt":"2025-04-09T14:32:31","slug":"projecte-de-lhort-de-1r","status":"publish","type":"page","link":"https:\/\/agora.xtec.cat\/ceipjoanperich\/que-fem-a-educacio-primaria\/projecte-de-lhort-de-1r\/","title":{"rendered":"SLOW FOOD EDUCATION KM. 0"},"content":{"rendered":"<p>L\u2019educaci\u00f3 aliment\u00e0ria i ambiental, el gust i la sensorialitat, els valors de proximitat i sostenibilitat estan al centre d\u2019aquest projecte psicoeducatiu.<\/p>\n<h5><strong>OBJECTIUS DEL PROJECTE SLOW FOOD EDUCATION KM. 0<\/strong><\/h5>\n<ul>\n<li>Divulgar els\u00a0<strong>productes gastron\u00f2mics propis de la zona del Baix Llobregat<\/strong>, com la col paperina.<\/li>\n<li>Apostar per la\u00a0<strong>sostenibilitat<\/strong>.<\/li>\n<li>Fomentar el\u00a0<strong>reaprofitament alimentari<\/strong>.<\/li>\n<li>Fomentar el\u00a0<strong>gust<\/strong>\u00a0i la\u00a0<strong>sensorialitat<\/strong>\u00a0dels aliments.<\/li>\n<\/ul>\n<p>A trav\u00e9s d\u2019aquest Projecte, l\u2019alumnat de primer de Prim\u00e0ria de l\u2019escola treballa els processos de plantaci\u00f3, transformaci\u00f3 i aprofitament dels aliments. A m\u00e9s, pretenem que els alumnes prenguin consci\u00e8ncia de tots els elements necessaris per tenir cura de l&#8217;hort de forma ecol\u00f2gica i a partir del qu\u00e8 va succeint a cada pr\u00e0ctica sorgeixen nous camins d&#8217;aprenentatge que es tracten de forma global des de cada un dels \u00e0mbits del curr\u00edculum: coneixement del medi natural i social, matem\u00e0tiques i lleng\u00fces.<\/p>\n<p><a href=\"https:\/\/www.slowfood.com\/es\/\"><strong>Slow<\/strong>\u00a0<strong>Food Education<\/strong><\/a><a href=\"https:\/\/www.slowfood.com\/es\/\"><strong>\u00a0Km. 0<\/strong><\/a>\u00a0\u00e9s un projecte europeu que compta amb la col\u00b7laboraci\u00f3 de reconeguts xefs que intervenen a l\u2019escola per educar el gust i la sensorialitat del nostre alumnat.<\/p>\n<p><a href=\"https:\/\/agora.xtec.cat\/ceipjoanperich\/wp-content\/uploads\/usu1151\/2025\/04\/WhatsApp-Image-2025-03-19-at-10.34.44.jpeg\"><img loading=\"lazy\" decoding=\"async\" class=\"alignnone  wp-image-10497\" src=\"https:\/\/agora.xtec.cat\/ceipjoanperich\/wp-content\/uploads\/usu1151\/2025\/04\/WhatsApp-Image-2025-03-19-at-10.34.44-1024x1024.jpeg\" alt=\"\" width=\"471\" height=\"471\" srcset=\"https:\/\/agora.xtec.cat\/ceipjoanperich\/wp-content\/uploads\/usu1151\/2025\/04\/WhatsApp-Image-2025-03-19-at-10.34.44-1024x1024.jpeg 1024w, https:\/\/agora.xtec.cat\/ceipjoanperich\/wp-content\/uploads\/usu1151\/2025\/04\/WhatsApp-Image-2025-03-19-at-10.34.44-300x300.jpeg 300w, https:\/\/agora.xtec.cat\/ceipjoanperich\/wp-content\/uploads\/usu1151\/2025\/04\/WhatsApp-Image-2025-03-19-at-10.34.44-150x150.jpeg 150w, https:\/\/agora.xtec.cat\/ceipjoanperich\/wp-content\/uploads\/usu1151\/2025\/04\/WhatsApp-Image-2025-03-19-at-10.34.44-768x768.jpeg 768w, https:\/\/agora.xtec.cat\/ceipjoanperich\/wp-content\/uploads\/usu1151\/2025\/04\/WhatsApp-Image-2025-03-19-at-10.34.44.jpeg 1080w\" sizes=\"auto, (max-width: 471px) 100vw, 471px\" \/><\/a> <a href=\"https:\/\/agora.xtec.cat\/ceipjoanperich\/wp-content\/uploads\/usu1151\/2025\/04\/WhatsApp-Image-2025-04-09-at-16.31.12.jpeg\"><img loading=\"lazy\" decoding=\"async\" class=\"alignnone  wp-image-10498\" src=\"https:\/\/agora.xtec.cat\/ceipjoanperich\/wp-content\/uploads\/usu1151\/2025\/04\/WhatsApp-Image-2025-04-09-at-16.31.12-819x1024.jpeg\" alt=\"\" width=\"382\" height=\"478\" srcset=\"https:\/\/agora.xtec.cat\/ceipjoanperich\/wp-content\/uploads\/usu1151\/2025\/04\/WhatsApp-Image-2025-04-09-at-16.31.12-819x1024.jpeg 819w, https:\/\/agora.xtec.cat\/ceipjoanperich\/wp-content\/uploads\/usu1151\/2025\/04\/WhatsApp-Image-2025-04-09-at-16.31.12-240x300.jpeg 240w, https:\/\/agora.xtec.cat\/ceipjoanperich\/wp-content\/uploads\/usu1151\/2025\/04\/WhatsApp-Image-2025-04-09-at-16.31.12-768x960.jpeg 768w, https:\/\/agora.xtec.cat\/ceipjoanperich\/wp-content\/uploads\/usu1151\/2025\/04\/WhatsApp-Image-2025-04-09-at-16.31.12.jpeg 1080w\" sizes=\"auto, (max-width: 382px) 100vw, 382px\" \/><\/a><\/p>\n<p>&nbsp;<\/p>\n<p style=\"text-align: center;\"><iframe loading=\"lazy\" title=\"YouTube video player\" src=\"https:\/\/www.youtube.com\/embed\/3JfG-N1qedk\" width=\"560\" height=\"315\" frameborder=\"0\" allowfullscreen=\"allowfullscreen\"><\/iframe><\/p>\n","protected":false},"excerpt":{"rendered":"<p>L\u2019educaci\u00f3 aliment\u00e0ria i ambiental, el gust i la sensorialitat, els valors de proximitat i sostenibilitat estan al centre d\u2019aquest projecte psicoeducatiu. OBJECTIUS DEL PROJECTE SLOW FOOD EDUCATION KM. 0 Divulgar els\u00a0productes gastron\u00f2mics propis de la zona del Baix Llobregat, com la col paperina. Apostar per la\u00a0sostenibilitat. Fomentar el\u00a0reaprofitament alimentari. Fomentar el\u00a0gust\u00a0i la\u00a0sensorialitat\u00a0dels aliments. A trav\u00e9s [&hellip;]<\/p>\n","protected":false},"author":1,"featured_media":0,"parent":7846,"menu_order":0,"comment_status":"closed","ping_status":"closed","template":"page-templates\/side-menu.php","meta":{"_bbp_topic_count":0,"_bbp_reply_count":0,"_bbp_total_topic_count":0,"_bbp_total_reply_count":0,"_bbp_voice_count":0,"_bbp_anonymous_reply_count":0,"_bbp_topic_count_hidden":0,"_bbp_reply_count_hidden":0,"_bbp_forum_subforum_count":0,"site-sidebar-layout":"default","site-content-layout":"","ast-site-content-layout":"","site-content-style":"default","site-sidebar-style":"default","ast-global-header-display":"","ast-banner-title-visibility":"","ast-main-header-display":"","ast-hfb-above-header-display":"","ast-hfb-below-header-display":"","ast-hfb-mobile-header-display":"","site-post-title":"","ast-breadcrumbs-content":"","ast-featured-img":"","footer-sml-layout":"","theme-transparent-header-meta":"","adv-header-id-meta":"","stick-header-meta":"","header-above-stick-meta":"","header-main-stick-meta":"","header-below-stick-meta":"","astra-migrate-meta-layouts":"default","ast-page-background-enabled":"default","ast-page-background-meta":{"desktop":{"background-color":"var(--ast-global-color-4)","background-image":"","background-repeat":"repeat","background-position":"center center","background-size":"auto","background-attachment":"scroll","background-type":"","background-media":"","overlay-type":"","overlay-color":"","overlay-opacity":"","overlay-gradient":""},"tablet":{"background-color":"","background-image":"","background-repeat":"repeat","background-position":"center center","background-size":"auto","background-attachment":"scroll","background-type":"","background-media":"","overlay-type":"","overlay-color":"","overlay-opacity":"","overlay-gradient":""},"mobile":{"background-color":"","background-image":"","background-repeat":"repeat","background-position":"center center","background-size":"auto","background-attachment":"scroll","background-type":"","background-media":"","overlay-type":"","overlay-color":"","overlay-opacity":"","overlay-gradient":""}},"ast-content-background-meta":{"desktop":{"background-color":"var(--ast-global-color-5)","background-image":"","background-repeat":"repeat","background-position":"center center","background-size":"auto","background-attachment":"scroll","background-type":"","background-media":"","overlay-type":"","overlay-color":"","overlay-opacity":"","overlay-gradient":""},"tablet":{"background-color":"var(--ast-global-color-5)","background-image":"","background-repeat":"repeat","background-position":"center center","background-size":"auto","background-attachment":"scroll","background-type":"","background-media":"","overlay-type":"","overlay-color":"","overlay-opacity":"","overlay-gradient":""},"mobile":{"background-color":"var(--ast-global-color-5)","background-image":"","background-repeat":"repeat","background-position":"center center","background-size":"auto","background-attachment":"scroll","background-type":"","background-media":"","overlay-type":"","overlay-color":"","overlay-opacity":"","overlay-gradient":""}},"footnotes":""},"class_list":["post-5637","page","type-page","status-publish","hentry"],"post_mailing_queue_ids":[],"_links":{"self":[{"href":"https:\/\/agora.xtec.cat\/ceipjoanperich\/wp-json\/wp\/v2\/pages\/5637","targetHints":{"allow":["GET"]}}],"collection":[{"href":"https:\/\/agora.xtec.cat\/ceipjoanperich\/wp-json\/wp\/v2\/pages"}],"about":[{"href":"https:\/\/agora.xtec.cat\/ceipjoanperich\/wp-json\/wp\/v2\/types\/page"}],"author":[{"embeddable":true,"href":"https:\/\/agora.xtec.cat\/ceipjoanperich\/wp-json\/wp\/v2\/users\/1"}],"replies":[{"embeddable":true,"href":"https:\/\/agora.xtec.cat\/ceipjoanperich\/wp-json\/wp\/v2\/comments?post=5637"}],"version-history":[{"count":5,"href":"https:\/\/agora.xtec.cat\/ceipjoanperich\/wp-json\/wp\/v2\/pages\/5637\/revisions"}],"predecessor-version":[{"id":10499,"href":"https:\/\/agora.xtec.cat\/ceipjoanperich\/wp-json\/wp\/v2\/pages\/5637\/revisions\/10499"}],"up":[{"embeddable":true,"href":"https:\/\/agora.xtec.cat\/ceipjoanperich\/wp-json\/wp\/v2\/pages\/7846"}],"wp:attachment":[{"href":"https:\/\/agora.xtec.cat\/ceipjoanperich\/wp-json\/wp\/v2\/media?parent=5637"}],"curies":[{"name":"wp","href":"https:\/\/api.w.org\/{rel}","templated":true}]}}