{"id":5200,"date":"2018-09-25T16:35:18","date_gmt":"2018-09-25T14:35:18","guid":{"rendered":"http:\/\/agora.xtec.cat\/ceipjoanperich\/?page_id=5200"},"modified":"2026-01-27T13:27:16","modified_gmt":"2026-01-27T12:27:16","slug":"educacio-fisica","status":"publish","type":"page","link":"https:\/\/agora.xtec.cat\/ceipjoanperich\/que-fem-a-educacio-primaria\/educacio-fisica\/","title":{"rendered":"Projecte Desp\u00edReptes Cooperatius"},"content":{"rendered":"<p>Aquest \u00e9s un projecte d&#8217;Educaci\u00f3 F\u00edsica on es treballa de forma cooperativa amb altres escoles de Sant Joan Desp\u00ed.<\/p>\n<p>Els alumnes de 4t experimenten reptes cooperatius a les classes d&#8217;EF, aprenent a desenvolupar-se amb aquesta metodologia, i posteriorment, n&#8217;inventen de nous per a compartir-los amb la resta d&#8217;escoles del projecte, provar-los i avaluar-los. Aix\u00ed, cada escola rep posteriorment el feedback dels nens i nenes que els han experimentat.<\/p>\n<p>A m\u00e9s a m\u00e9s, treballem aquest projecte des de lleng\u00fces a l&#8217;hora de pensar i inventar els reptes, i tamb\u00e9 des de pl\u00e0stica, on cada petit grup dissenya una samarreta.<\/p>\n<p>Aquest projecte el compartim amb les fam\u00edlies que aix\u00ed ho desitgin perqu\u00e8 puguin viure l&#8217;experi\u00e8ncia de com \u00e9s una classe de reptes, juntament amb els seus fills i filles.<\/p>\n<p>I, per a finalitzar, fem una Trobada cooperativa de totes les escoles participants per a con\u00e8ixer-nos en persona i experimentar un mat\u00ed de reptes cooperatius al Parc de la Fontsanta. En aquesta trobada comptem amb l&#8217;ajuda d&#8217;alumnes de 3r ESO de l&#8217;Institut Francesc Ferrer i Gu\u00e0rdia.<\/p>\n<p><a href=\"https:\/\/agora.xtec.cat\/ceipjoanperich\/wp-content\/uploads\/usu1151\/2023\/05\/1-4.jpg\"><img loading=\"lazy\" decoding=\"async\" class=\"alignleft size-full wp-image-9758\" src=\"https:\/\/agora.xtec.cat\/ceipjoanperich\/wp-content\/uploads\/usu1151\/2023\/05\/1-4.jpg\" alt=\"\" width=\"448\" height=\"252\" srcset=\"https:\/\/agora.xtec.cat\/ceipjoanperich\/wp-content\/uploads\/usu1151\/2023\/05\/1-4.jpg 448w, https:\/\/agora.xtec.cat\/ceipjoanperich\/wp-content\/uploads\/usu1151\/2023\/05\/1-4-300x169.jpg 300w\" sizes=\"auto, (max-width: 448px) 100vw, 448px\" \/><\/a> <a href=\"https:\/\/agora.xtec.cat\/ceipjoanperich\/wp-content\/uploads\/usu1151\/2023\/05\/2-4.jpg\"><img loading=\"lazy\" decoding=\"async\" class=\"alignleft size-large wp-image-9759\" src=\"https:\/\/agora.xtec.cat\/ceipjoanperich\/wp-content\/uploads\/usu1151\/2023\/05\/2-4.jpg\" alt=\"\" width=\"448\" height=\"252\" srcset=\"https:\/\/agora.xtec.cat\/ceipjoanperich\/wp-content\/uploads\/usu1151\/2023\/05\/2-4.jpg 448w, https:\/\/agora.xtec.cat\/ceipjoanperich\/wp-content\/uploads\/usu1151\/2023\/05\/2-4-300x169.jpg 300w\" sizes=\"auto, (max-width: 448px) 100vw, 448px\" \/><\/a> <a href=\"https:\/\/agora.xtec.cat\/ceipjoanperich\/wp-content\/uploads\/usu1151\/2023\/05\/3-4.jpg\"><img loading=\"lazy\" decoding=\"async\" class=\"alignleft size-large wp-image-9760\" src=\"https:\/\/agora.xtec.cat\/ceipjoanperich\/wp-content\/uploads\/usu1151\/2023\/05\/3-4.jpg\" alt=\"\" width=\"448\" height=\"252\" srcset=\"https:\/\/agora.xtec.cat\/ceipjoanperich\/wp-content\/uploads\/usu1151\/2023\/05\/3-4.jpg 448w, https:\/\/agora.xtec.cat\/ceipjoanperich\/wp-content\/uploads\/usu1151\/2023\/05\/3-4-300x169.jpg 300w\" sizes=\"auto, (max-width: 448px) 100vw, 448px\" \/><\/a> <a href=\"https:\/\/agora.xtec.cat\/ceipjoanperich\/wp-content\/uploads\/usu1151\/2023\/05\/4-4.jpg\"><img loading=\"lazy\" decoding=\"async\" class=\"alignleft size-large wp-image-9761\" src=\"https:\/\/agora.xtec.cat\/ceipjoanperich\/wp-content\/uploads\/usu1151\/2023\/05\/4-4.jpg\" alt=\"\" width=\"448\" height=\"252\" srcset=\"https:\/\/agora.xtec.cat\/ceipjoanperich\/wp-content\/uploads\/usu1151\/2023\/05\/4-4.jpg 448w, https:\/\/agora.xtec.cat\/ceipjoanperich\/wp-content\/uploads\/usu1151\/2023\/05\/4-4-300x169.jpg 300w\" sizes=\"auto, (max-width: 448px) 100vw, 448px\" \/><\/a> <a href=\"https:\/\/agora.xtec.cat\/ceipjoanperich\/wp-content\/uploads\/usu1151\/2023\/05\/5-4.jpg\"><img loading=\"lazy\" decoding=\"async\" class=\"alignleft size-large wp-image-9762\" src=\"https:\/\/agora.xtec.cat\/ceipjoanperich\/wp-content\/uploads\/usu1151\/2023\/05\/5-4.jpg\" alt=\"\" width=\"448\" height=\"336\" srcset=\"https:\/\/agora.xtec.cat\/ceipjoanperich\/wp-content\/uploads\/usu1151\/2023\/05\/5-4.jpg 448w, https:\/\/agora.xtec.cat\/ceipjoanperich\/wp-content\/uploads\/usu1151\/2023\/05\/5-4-300x225.jpg 300w, https:\/\/agora.xtec.cat\/ceipjoanperich\/wp-content\/uploads\/usu1151\/2023\/05\/5-4-200x150.jpg 200w\" sizes=\"auto, (max-width: 448px) 100vw, 448px\" \/><\/a><\/p>\n<p>&nbsp;<\/p>\n<p>&nbsp;<\/p>\n<p>&nbsp;<\/p>\n","protected":false},"excerpt":{"rendered":"<p>Aquest \u00e9s un projecte d&#8217;Educaci\u00f3 F\u00edsica on es treballa de forma cooperativa amb altres escoles de Sant Joan Desp\u00ed. Els alumnes de 4t experimenten reptes cooperatius a les classes d&#8217;EF, aprenent a desenvolupar-se amb aquesta metodologia, i posteriorment, n&#8217;inventen de nous per a compartir-los amb la resta d&#8217;escoles del projecte, provar-los i avaluar-los. Aix\u00ed, cada [&hellip;]<\/p>\n","protected":false},"author":1,"featured_media":0,"parent":7846,"menu_order":0,"comment_status":"closed","ping_status":"closed","template":"","meta":{"_bbp_topic_count":0,"_bbp_reply_count":0,"_bbp_total_topic_count":0,"_bbp_total_reply_count":0,"_bbp_voice_count":0,"_bbp_anonymous_reply_count":0,"_bbp_topic_count_hidden":0,"_bbp_reply_count_hidden":0,"_bbp_forum_subforum_count":0,"site-sidebar-layout":"default","site-content-layout":"","ast-site-content-layout":"default","site-content-style":"default","site-sidebar-style":"default","ast-global-header-display":"","ast-banner-title-visibility":"","ast-main-header-display":"","ast-hfb-above-header-display":"","ast-hfb-below-header-display":"","ast-hfb-mobile-header-display":"","site-post-title":"","ast-breadcrumbs-content":"","ast-featured-img":"","footer-sml-layout":"","theme-transparent-header-meta":"default","adv-header-id-meta":"","stick-header-meta":"","header-above-stick-meta":"","header-main-stick-meta":"","header-below-stick-meta":"","astra-migrate-meta-layouts":"set","ast-page-background-enabled":"default","ast-page-background-meta":{"desktop":{"background-color":"var(--ast-global-color-4)","background-image":"","background-repeat":"repeat","background-position":"center center","background-size":"auto","background-attachment":"scroll","background-type":"","background-media":"","overlay-type":"","overlay-color":"","overlay-opacity":"","overlay-gradient":""},"tablet":{"background-color":"","background-image":"","background-repeat":"repeat","background-position":"center center","background-size":"auto","background-attachment":"scroll","background-type":"","background-media":"","overlay-type":"","overlay-color":"","overlay-opacity":"","overlay-gradient":""},"mobile":{"background-color":"","background-image":"","background-repeat":"repeat","background-position":"center center","background-size":"auto","background-attachment":"scroll","background-type":"","background-media":"","overlay-type":"","overlay-color":"","overlay-opacity":"","overlay-gradient":""}},"ast-content-background-meta":{"desktop":{"background-color":"var(--ast-global-color-5)","background-image":"","background-repeat":"repeat","background-position":"center center","background-size":"auto","background-attachment":"scroll","background-type":"","background-media":"","overlay-type":"","overlay-color":"","overlay-opacity":"","overlay-gradient":""},"tablet":{"background-color":"var(--ast-global-color-5)","background-image":"","background-repeat":"repeat","background-position":"center center","background-size":"auto","background-attachment":"scroll","background-type":"","background-media":"","overlay-type":"","overlay-color":"","overlay-opacity":"","overlay-gradient":""},"mobile":{"background-color":"var(--ast-global-color-5)","background-image":"","background-repeat":"repeat","background-position":"center center","background-size":"auto","background-attachment":"scroll","background-type":"","background-media":"","overlay-type":"","overlay-color":"","overlay-opacity":"","overlay-gradient":""}},"footnotes":""},"class_list":["post-5200","page","type-page","status-publish","hentry"],"post_mailing_queue_ids":[],"_links":{"self":[{"href":"https:\/\/agora.xtec.cat\/ceipjoanperich\/wp-json\/wp\/v2\/pages\/5200","targetHints":{"allow":["GET"]}}],"collection":[{"href":"https:\/\/agora.xtec.cat\/ceipjoanperich\/wp-json\/wp\/v2\/pages"}],"about":[{"href":"https:\/\/agora.xtec.cat\/ceipjoanperich\/wp-json\/wp\/v2\/types\/page"}],"author":[{"embeddable":true,"href":"https:\/\/agora.xtec.cat\/ceipjoanperich\/wp-json\/wp\/v2\/users\/1"}],"replies":[{"embeddable":true,"href":"https:\/\/agora.xtec.cat\/ceipjoanperich\/wp-json\/wp\/v2\/comments?post=5200"}],"version-history":[{"count":4,"href":"https:\/\/agora.xtec.cat\/ceipjoanperich\/wp-json\/wp\/v2\/pages\/5200\/revisions"}],"predecessor-version":[{"id":10674,"href":"https:\/\/agora.xtec.cat\/ceipjoanperich\/wp-json\/wp\/v2\/pages\/5200\/revisions\/10674"}],"up":[{"embeddable":true,"href":"https:\/\/agora.xtec.cat\/ceipjoanperich\/wp-json\/wp\/v2\/pages\/7846"}],"wp:attachment":[{"href":"https:\/\/agora.xtec.cat\/ceipjoanperich\/wp-json\/wp\/v2\/media?parent=5200"}],"curies":[{"name":"wp","href":"https:\/\/api.w.org\/{rel}","templated":true}]}}