{"id":5157,"date":"2018-09-14T16:04:08","date_gmt":"2018-09-14T14:04:08","guid":{"rendered":"http:\/\/agora.xtec.cat\/ceipjoanperich\/?page_id=5157"},"modified":"2026-02-06T12:29:22","modified_gmt":"2026-02-06T11:29:22","slug":"normativa-del-centre","status":"publish","type":"page","link":"https:\/\/agora.xtec.cat\/ceipjoanperich\/lescola-2\/normativa-del-centre\/","title":{"rendered":"Normes de funcionament del centre"},"content":{"rendered":"<p><b>COMUNICACI\u00d3 DI\u00c0RIA AMB L\u2019ESCOLA: DINANTIA\u00a0<\/b><\/p>\n<p><span style=\"font-weight: 400;\">Totes les fam\u00edlies disposen de l\u2019app Dinantia per a la comunicaci\u00f3 fam\u00edlia-escola. Els mestres tenen un marge de resposta de 48 hores. Si hi ha alguna informaci\u00f3 urgent, es recomana trucar per tel\u00e8fon.<\/span><\/p>\n<p><span style=\"font-weight: 400;\">Per qualsevol incid\u00e8ncia, comentari, suggeriment \u2026 La persona a la qual us heu d\u2019adre\u00e7ar sempre, en primer lloc, \u00e9s la tutora del vostre\/a fill\/a. \u00c9s qui millor coneix l\u2019alumnat i millor us pot atendre.<\/span><\/p>\n<p><strong>\u00a0<\/strong><\/p>\n<p><a href=\"https:\/\/drive.google.com\/file\/d\/0B1r2gl8Y5sjNV2VhX1dHQXNxRHM\/view?usp=sharing&amp;resourcekey=0-DseTqGsln-WJoV8iOQrRXg\" target=\"_blank\" rel=\"noopener\"><b>SALUT<\/b><\/a><\/p>\n<p><span style=\"font-weight: 400;\">En el cas de malalties contagioses o parasitosis (polls o ll\u00e9menes), l\u2019alumne no podr\u00e0 romandre a l\u2019escola mentre no estigui solucionada la situaci\u00f3, per tal d\u2019evitar el contagi. La detecci\u00f3 d\u2019aquestes possibles situacions implicar\u00e0 un av\u00eds immediat a les fam\u00edlies per tal que recullin i puguin atendre degudament els seus fills\/es afectats.\u00a0<\/span><\/p>\n<p><span style=\"font-weight: 400;\">Recordeu que no es podr\u00e0 assistir a l\u2019escola amb febre. Despr\u00e9s d\u2019un proc\u00e9s febril, han de passar<\/span><b> 24 hores sense febre ni antit\u00e8rmic<\/b><span style=\"font-weight: 400;\"> per tal d\u2019incorporar-se de nou al grup<\/span><span style=\"font-weight: 400;\">.<\/span><\/p>\n<p>&nbsp;<\/p>\n<p><b>MATERIAL ESCOLAR<\/b><\/p>\n<p><span style=\"font-weight: 400;\">El material escolar \u00e9s socialitzat. L\u2019alumnat nom\u00e9s ha de portar:\u00a0<\/span><\/p>\n<ul>\n<li style=\"font-weight: 400;\" aria-level=\"1\"><span style=\"font-weight: 400;\">motxilla sense rodes<\/span><\/li>\n<li style=\"font-weight: 400;\" aria-level=\"1\"><span style=\"font-weight: 400;\">carmanyola amb esmorzar i un tovall\u00f3 de roba<\/span><\/li>\n<li style=\"font-weight: 400;\" aria-level=\"1\"><span style=\"font-weight: 400;\">ampolleta d\u2019aigua<\/span><\/li>\n<li style=\"font-weight: 400;\" aria-level=\"1\"><span style=\"font-weight: 400;\">bata\/samarreta gran per a les sessions d\u2019art\u00edstica<\/span><\/li>\n<\/ul>\n<p><span style=\"font-weight: 400;\">L\u2019escola no es fa responsable dels objectes ni de les robes que els infants portin de casa. Tot ha d\u2019anar marcat amb el nom i cognoms.\u00a0<\/span><\/p>\n<p><strong>\u00a0<\/strong><\/p>\n<p><b>DISPOSITIUS M\u00d2BILS<\/b><\/p>\n<p><span style=\"font-weight: 400;\">D&#8217;acord amb la normativa actual de la Generalitat de Catalunya, est\u00e0 prohibit l\u2019\u00fas de tel\u00e8fons m\u00f2bil i rellotges intel\u00b7ligents a l\u2019escola.<\/span><\/p>\n<p><span style=\"font-weight: 400;\">Aquesta indicaci\u00f3 es fa extensiva tant a l&#8217;horari lectiu com a l&#8217;horari no lectiu i afecta, per tant:\u00a0<\/span><\/p>\n<ul>\n<li style=\"font-weight: 400;\" aria-level=\"1\"><span style=\"font-weight: 400;\">les estones de benvinguda al mat\u00ed, abans d&#8217;iniciar-se les classes, i les entrades i sortides del centre;<\/span><\/li>\n<li style=\"font-weight: 400;\" aria-level=\"1\"><span style=\"font-weight: 400;\">les estones d\u2019esbarjo, la pausa al migdia als espais de menjador\u00a0<\/span><\/li>\n<li style=\"font-weight: 400;\" aria-level=\"1\"><span style=\"font-weight: 400;\">i les activitats extraescolars i complement\u00e0ries en qu\u00e8 participin alumnes d&#8217;educaci\u00f3 infantil i prim\u00e0ria.<\/span><\/li>\n<\/ul>\n<p><strong>\u00a0<\/strong><\/p>\n<p><b>ESMORZARS\u00a0<\/b><\/p>\n<p><span style=\"font-weight: 400;\">L\u2019esmorzar \u00e9s un dels \u00e0pats m\u00e9s importants del dia. Recomanem que es faci a casa per tal d\u2019afrontar la jornada escolar des del mat\u00ed. L\u2019alumnat pot portar un petit esmorzar, per a mig mat\u00ed, en contenidors reciclables, com petites carmanyoles o embolcalls reutilitzables, un petit tovall\u00f3 de roba i l\u2019ampolla d\u2019aigua. Tot ben marcat amb el nom.<\/span><\/p>\n<p><span style=\"font-weight: 400;\">Dimecres continua establert com el dia de la fruita.\u00a0<\/span><\/p>\n<p><span style=\"font-weight: 400;\">L\u2019escola participa en el Programa de Consum de fruites i verdures i una setmana al mes es reparteix fruita per esmorzar.<\/span><\/p>\n<p><span style=\"font-weight: 400;\">Recordeu que no est\u00e0 perm\u00e8s portar sucs, l\u00e0ctics ni pastisseria industrial.<\/span><\/p>\n<p><strong>\u00a0<\/strong><\/p>\n<p><b>ATENCI\u00d3 ALS AVISOS I TERMINIS ESTABLERTS<\/b><\/p>\n<p><span style=\"font-weight: 400;\">Preguem amb insist\u00e8ncia a les fam\u00edlies la necessitat d\u2019ajustar-se als terminis establerts per a fer les inscripcions, sol\u00b7licituds de serveis,\u00a0 pagaments, per raons \u00f2bvies d\u2019organitzaci\u00f3 i bon funcionament de l\u2019escola en general.\u00a0<\/span><\/p>\n<p><span style=\"font-weight: 400;\">En cas que necessiteu parlar d\u2019algun cas particular, us podeu dirigir a l\u2019Anna, com a secret\u00e0ria de l\u2019equip directiu, per tel\u00e8fon o via Dinantia.<\/span><\/p>\n<p><strong>\u00a0<\/strong><\/p>\n<p><b>NOTIFICACI\u00d3 ESCRITA DE CANVIS DE DOMICILI, TEL\u00c8FON I DADES BANC\u00c0RIES<\/b><\/p>\n<p><span style=\"font-weight: 400;\">En el cas de produir-se canvis de situacions familiars (domicili, tel\u00e8fons familiars i dades banc\u00e0ries) \u00e9s molt important que ho comuniqueu a l\u2019escola.\u00a0<\/span><\/p>\n<p><strong>\u00a0<\/strong><\/p>\n<p><span style=\"font-weight: 400;\">En el cas de canvi de les dades banc\u00e0ries, haureu d\u2019emplenar un nou document SEPA, que us enviarem des de secretaria un cop ens comuniqueu que voleu fer el canvi.<\/span><\/p>\n<p><strong>\u00a0<\/strong><\/p>\n<p><b>ENTRADES I SORTIDES<\/b><\/p>\n<p><span style=\"font-weight: 400;\">Sempre que entreu i sortiu de les instal\u00b7lacions del centre en horari lectiu, \u00e9s important tancar les portes de l\u2019escola per poder garantir la seguretat dels infants.\u00a0<\/span><\/p>\n<p>\u00c9s important respectar els horaris i ser puntuals a les entrades i sortides. Si alguna fam\u00edlia no arriba a recollir el seu fill\/a, s&#8217;esperar\u00e0 uns cinc minuts aproximadament i l&#8217;infant anir\u00e0 al servei d&#8217;acollida de Donavol.<\/p>\n<p><strong>\u00a0<\/strong><\/p>\n<p><b>DRETS D\u2019IMATGE<\/b><\/p>\n<p><span style=\"font-weight: 400;\">D\u2019acord amb l\u2019article 18.1 de la Constituci\u00f3 i regulat per la Llei 1\/1982,m de 5 de maig, sobre el dret a l\u2019honor, a la intimitat personal i familiar i a la pr\u00f2pia imatge, no es poden fer fotos dels infants a l\u2019escola. Nom\u00e9s el personal del centre est\u00e0 autoritzat per a realitzar gravacions i fotografies. <\/span><span style=\"font-weight: 400;\"><br \/>\n<\/span><span style=\"font-weight: 400;\">En el cas que alguna fam\u00edlia realitzi fotografies es considera que el tractament se circumscriu a activitats exclusivament personals o dom\u00e8stiques, les quals queden excloses de l&#8217;\u00e0mbit d&#8217;aplicaci\u00f3 de la normativa de protecci\u00f3 de dades. Els familiars han de tenir en compte que no poden publicar o difondre aquest tipus de dades personals a Internet, xarxes, blogs, etc., tret que hagin obtingut el consentiment de qui apareix a la gravaci\u00f3 o, si s\u00f3n menors de 14 anys, dels pares, mares o tutors legals.\u00a0<\/span><\/p>\n<p><strong>\u00a0<\/strong><\/p>\n<p><span style=\"font-weight: 400;\">El centre facilitar\u00e0 peri\u00f2dicament a les fam\u00edlies les imatges que es recullin de les diferents activitats acad\u00e8miques mitjan\u00e7ant un enlla\u00e7 per tal que les pugueu descarregar. <\/span><\/p>\n<p>&nbsp;<\/p>\n","protected":false},"excerpt":{"rendered":"<p>COMUNICACI\u00d3 DI\u00c0RIA AMB L\u2019ESCOLA: DINANTIA\u00a0 Totes les fam\u00edlies disposen de l\u2019app Dinantia per a la comunicaci\u00f3 fam\u00edlia-escola. Els mestres tenen un marge de resposta de 48 hores. Si hi ha alguna informaci\u00f3 urgent, es recomana trucar per tel\u00e8fon. Per qualsevol incid\u00e8ncia, comentari, suggeriment \u2026 La persona a la qual us heu d\u2019adre\u00e7ar sempre, en primer [&hellip;]<\/p>\n","protected":false},"author":1,"featured_media":0,"parent":3735,"menu_order":0,"comment_status":"closed","ping_status":"closed","template":"","meta":{"_bbp_topic_count":0,"_bbp_reply_count":0,"_bbp_total_topic_count":0,"_bbp_total_reply_count":0,"_bbp_voice_count":0,"_bbp_anonymous_reply_count":0,"_bbp_topic_count_hidden":0,"_bbp_reply_count_hidden":0,"_bbp_forum_subforum_count":0,"site-sidebar-layout":"default","site-content-layout":"","ast-site-content-layout":"default","site-content-style":"default","site-sidebar-style":"default","ast-global-header-display":"","ast-banner-title-visibility":"","ast-main-header-display":"","ast-hfb-above-header-display":"","ast-hfb-below-header-display":"","ast-hfb-mobile-header-display":"","site-post-title":"","ast-breadcrumbs-content":"","ast-featured-img":"","footer-sml-layout":"","theme-transparent-header-meta":"default","adv-header-id-meta":"","stick-header-meta":"","header-above-stick-meta":"","header-main-stick-meta":"","header-below-stick-meta":"","astra-migrate-meta-layouts":"set","ast-page-background-enabled":"default","ast-page-background-meta":{"desktop":{"background-color":"var(--ast-global-color-4)","background-image":"","background-repeat":"repeat","background-position":"center center","background-size":"auto","background-attachment":"scroll","background-type":"","background-media":"","overlay-type":"","overlay-color":"","overlay-opacity":"","overlay-gradient":""},"tablet":{"background-color":"","background-image":"","background-repeat":"repeat","background-position":"center center","background-size":"auto","background-attachment":"scroll","background-type":"","background-media":"","overlay-type":"","overlay-color":"","overlay-opacity":"","overlay-gradient":""},"mobile":{"background-color":"","background-image":"","background-repeat":"repeat","background-position":"center center","background-size":"auto","background-attachment":"scroll","background-type":"","background-media":"","overlay-type":"","overlay-color":"","overlay-opacity":"","overlay-gradient":""}},"ast-content-background-meta":{"desktop":{"background-color":"var(--ast-global-color-5)","background-image":"","background-repeat":"repeat","background-position":"center center","background-size":"auto","background-attachment":"scroll","background-type":"","background-media":"","overlay-type":"","overlay-color":"","overlay-opacity":"","overlay-gradient":""},"tablet":{"background-color":"var(--ast-global-color-5)","background-image":"","background-repeat":"repeat","background-position":"center center","background-size":"auto","background-attachment":"scroll","background-type":"","background-media":"","overlay-type":"","overlay-color":"","overlay-opacity":"","overlay-gradient":""},"mobile":{"background-color":"var(--ast-global-color-5)","background-image":"","background-repeat":"repeat","background-position":"center center","background-size":"auto","background-attachment":"scroll","background-type":"","background-media":"","overlay-type":"","overlay-color":"","overlay-opacity":"","overlay-gradient":""}},"footnotes":""},"class_list":["post-5157","page","type-page","status-publish","hentry"],"post_mailing_queue_ids":[],"_links":{"self":[{"href":"https:\/\/agora.xtec.cat\/ceipjoanperich\/wp-json\/wp\/v2\/pages\/5157","targetHints":{"allow":["GET"]}}],"collection":[{"href":"https:\/\/agora.xtec.cat\/ceipjoanperich\/wp-json\/wp\/v2\/pages"}],"about":[{"href":"https:\/\/agora.xtec.cat\/ceipjoanperich\/wp-json\/wp\/v2\/types\/page"}],"author":[{"embeddable":true,"href":"https:\/\/agora.xtec.cat\/ceipjoanperich\/wp-json\/wp\/v2\/users\/1"}],"replies":[{"embeddable":true,"href":"https:\/\/agora.xtec.cat\/ceipjoanperich\/wp-json\/wp\/v2\/comments?post=5157"}],"version-history":[{"count":6,"href":"https:\/\/agora.xtec.cat\/ceipjoanperich\/wp-json\/wp\/v2\/pages\/5157\/revisions"}],"predecessor-version":[{"id":10723,"href":"https:\/\/agora.xtec.cat\/ceipjoanperich\/wp-json\/wp\/v2\/pages\/5157\/revisions\/10723"}],"up":[{"embeddable":true,"href":"https:\/\/agora.xtec.cat\/ceipjoanperich\/wp-json\/wp\/v2\/pages\/3735"}],"wp:attachment":[{"href":"https:\/\/agora.xtec.cat\/ceipjoanperich\/wp-json\/wp\/v2\/media?parent=5157"}],"curies":[{"name":"wp","href":"https:\/\/api.w.org\/{rel}","templated":true}]}}