{"id":4081,"date":"2017-09-17T21:16:51","date_gmt":"2017-09-17T19:16:51","guid":{"rendered":"http:\/\/agora.xtec.cat\/ceipjoanperich\/?page_id=4081"},"modified":"2025-12-10T16:15:00","modified_gmt":"2025-12-10T15:15:00","slug":"equip-docent","status":"publish","type":"page","link":"https:\/\/agora.xtec.cat\/ceipjoanperich\/lescola-2\/equip-docent\/","title":{"rendered":"Professionals del centre"},"content":{"rendered":"<div class=\"page\" title=\"Page 3\">\n<div class=\"layoutArea\">\n<div class=\"column\">\n<p><strong><a href=\"https:\/\/agora.xtec.cat\/ceipjoanperich\/wp-content\/uploads\/usu1151\/2025\/12\/WhatsApp-Image-2025-12-10-at-16.12.17.jpeg\"><img loading=\"lazy\" decoding=\"async\" class=\"wp-image-10603 aligncenter\" src=\"https:\/\/agora.xtec.cat\/ceipjoanperich\/wp-content\/uploads\/usu1151\/2025\/12\/WhatsApp-Image-2025-12-10-at-16.12.17-1024x768.jpeg\" alt=\"\" width=\"595\" height=\"446\" srcset=\"https:\/\/agora.xtec.cat\/ceipjoanperich\/wp-content\/uploads\/usu1151\/2025\/12\/WhatsApp-Image-2025-12-10-at-16.12.17-1024x768.jpeg 1024w, https:\/\/agora.xtec.cat\/ceipjoanperich\/wp-content\/uploads\/usu1151\/2025\/12\/WhatsApp-Image-2025-12-10-at-16.12.17-300x225.jpeg 300w, https:\/\/agora.xtec.cat\/ceipjoanperich\/wp-content\/uploads\/usu1151\/2025\/12\/WhatsApp-Image-2025-12-10-at-16.12.17-768x576.jpeg 768w, https:\/\/agora.xtec.cat\/ceipjoanperich\/wp-content\/uploads\/usu1151\/2025\/12\/WhatsApp-Image-2025-12-10-at-16.12.17-1536x1152.jpeg 1536w, https:\/\/agora.xtec.cat\/ceipjoanperich\/wp-content\/uploads\/usu1151\/2025\/12\/WhatsApp-Image-2025-12-10-at-16.12.17.jpeg 2040w\" sizes=\"auto, (max-width: 595px) 100vw, 595px\" \/><\/a><\/strong><strong style=\"font-size: 16px;\">Equip Directiu<\/strong><\/p>\n<\/div>\n<\/div>\n<div class=\"layoutArea\">\n<div class=\"column\">\n<p><strong>Directora: <\/strong>Luc\u00eda S\u00e1nchez Forga<\/p>\n<p><strong>Cap d&#8217;estudis: <\/strong>M\u00edriam Caur\u00edn Fern\u00e1ndez<\/p>\n<p><strong>Secret\u00e0ria: <\/strong>Anna Torres Lliteras<\/p>\n<p><strong>Coordinadores d\u2019etapa<\/strong><\/p>\n<p><strong>Ed. Infantil:<\/strong> Teresa Gifreu<\/p>\n<p><strong>Ed. Prim\u00e0ria:<\/strong> Marina Doc\u00f3n<\/p>\n<p><strong>Tutories\u00a0<\/strong><\/p>\n<p><strong>I3 A:<\/strong> Aina Llop<\/p>\n<p><strong>I3 B:<\/strong> Jeniffer S\u00e1nchez<\/p>\n<p><strong>I4: <\/strong>Susana Gimenez<\/p>\n<p><strong>I5: <\/strong>Iolanda Romero<\/p>\n<p><strong>M\u00fasica Infantil:<\/strong> Andrea Mendoza<\/p>\n<p><strong>Llengua anglesa<\/strong>: Laia Marc\u00e9n<\/p>\n<p><strong>Suport: <\/strong>Teresa Gifreu i M\u00edriam Caur\u00edn<\/p>\n<p><strong>1r: <\/strong>Eva Risoto<\/p>\n<p><strong>2n: <\/strong>Marina Doc\u00f3n<\/p>\n<p><strong>3r: <\/strong>Minerva Gil<\/p>\n<p><strong>4t: <\/strong>Maria Jos\u00e9 Crespo<\/p>\n<p><strong>5\u00e8 A: <\/strong>Laia Andreu<\/p>\n<p><strong>5\u00e8 B: <\/strong>Nuria Soler<\/p>\n<p><strong>6\u00e8 A:<\/strong>Neus Sintes<\/p>\n<p><strong>6\u00e8 B<\/strong>: Anna Torres<\/p>\n<p><strong>Suport:<\/strong> M\u00edriam Caur\u00edn<\/p>\n<p><strong>Llengua Anglesa:\u00a0<\/strong>Cristina Mendiola i Laia Marc\u00e9n<\/p>\n<p><strong>Ed. F\u00edsica: <\/strong>Anna Torres i Raul Fern\u00e1ndez<\/p>\n<p><strong>Ed. Musical: <\/strong>Maria Jos\u00e9 Crespo i Andrea Mendoza<\/p>\n<p><strong>Ed. Especial: <\/strong>Anna Adillon<\/p>\n<p><strong>Tutora Aula d&#8217;Acollida:<\/strong> Lourdes Corcobado<\/p>\n<p><strong>EAP (Psic\u00f2loga):<\/strong> Pilar Ruiz<\/p>\n<p><strong>Vetlladora:<\/strong> Monica Olalla<\/p>\n<p><strong>Administrativa:<\/strong> Gemma Saludes<\/p>\n<p><strong>Conserge:<\/strong> Manel Canchal<\/p>\n<\/div>\n<\/div>\n<\/div>\n","protected":false},"excerpt":{"rendered":"<p>Equip Directiu Directora: Luc\u00eda S\u00e1nchez Forga Cap d&#8217;estudis: M\u00edriam Caur\u00edn Fern\u00e1ndez Secret\u00e0ria: Anna Torres Lliteras Coordinadores d\u2019etapa Ed. Infantil: Teresa Gifreu Ed. Prim\u00e0ria: Marina Doc\u00f3n Tutories\u00a0 I3 A: Aina Llop I3 B: Jeniffer S\u00e1nchez I4: Susana Gimenez I5: Iolanda Romero M\u00fasica Infantil: Andrea Mendoza Llengua anglesa: Laia Marc\u00e9n Suport: Teresa Gifreu i M\u00edriam Caur\u00edn 1r: [&hellip;]<\/p>\n","protected":false},"author":1,"featured_media":0,"parent":3735,"menu_order":0,"comment_status":"closed","ping_status":"closed","template":"","meta":{"_bbp_topic_count":0,"_bbp_reply_count":0,"_bbp_total_topic_count":0,"_bbp_total_reply_count":0,"_bbp_voice_count":0,"_bbp_anonymous_reply_count":0,"_bbp_topic_count_hidden":0,"_bbp_reply_count_hidden":0,"_bbp_forum_subforum_count":0,"site-sidebar-layout":"default","site-content-layout":"","ast-site-content-layout":"default","site-content-style":"default","site-sidebar-style":"default","ast-global-header-display":"","ast-banner-title-visibility":"","ast-main-header-display":"","ast-hfb-above-header-display":"","ast-hfb-below-header-display":"","ast-hfb-mobile-header-display":"","site-post-title":"","ast-breadcrumbs-content":"","ast-featured-img":"","footer-sml-layout":"","theme-transparent-header-meta":"default","adv-header-id-meta":"","stick-header-meta":"","header-above-stick-meta":"","header-main-stick-meta":"","header-below-stick-meta":"","astra-migrate-meta-layouts":"set","ast-page-background-enabled":"default","ast-page-background-meta":{"desktop":{"background-color":"var(--ast-global-color-4)","background-image":"","background-repeat":"repeat","background-position":"center center","background-size":"auto","background-attachment":"scroll","background-type":"","background-media":"","overlay-type":"","overlay-color":"","overlay-opacity":"","overlay-gradient":""},"tablet":{"background-color":"","background-image":"","background-repeat":"repeat","background-position":"center center","background-size":"auto","background-attachment":"scroll","background-type":"","background-media":"","overlay-type":"","overlay-color":"","overlay-opacity":"","overlay-gradient":""},"mobile":{"background-color":"","background-image":"","background-repeat":"repeat","background-position":"center center","background-size":"auto","background-attachment":"scroll","background-type":"","background-media":"","overlay-type":"","overlay-color":"","overlay-opacity":"","overlay-gradient":""}},"ast-content-background-meta":{"desktop":{"background-color":"var(--ast-global-color-5)","background-image":"","background-repeat":"repeat","background-position":"center center","background-size":"auto","background-attachment":"scroll","background-type":"","background-media":"","overlay-type":"","overlay-color":"","overlay-opacity":"","overlay-gradient":""},"tablet":{"background-color":"var(--ast-global-color-5)","background-image":"","background-repeat":"repeat","background-position":"center center","background-size":"auto","background-attachment":"scroll","background-type":"","background-media":"","overlay-type":"","overlay-color":"","overlay-opacity":"","overlay-gradient":""},"mobile":{"background-color":"var(--ast-global-color-5)","background-image":"","background-repeat":"repeat","background-position":"center center","background-size":"auto","background-attachment":"scroll","background-type":"","background-media":"","overlay-type":"","overlay-color":"","overlay-opacity":"","overlay-gradient":""}},"footnotes":""},"class_list":["post-4081","page","type-page","status-publish","hentry"],"post_mailing_queue_ids":[],"_links":{"self":[{"href":"https:\/\/agora.xtec.cat\/ceipjoanperich\/wp-json\/wp\/v2\/pages\/4081","targetHints":{"allow":["GET"]}}],"collection":[{"href":"https:\/\/agora.xtec.cat\/ceipjoanperich\/wp-json\/wp\/v2\/pages"}],"about":[{"href":"https:\/\/agora.xtec.cat\/ceipjoanperich\/wp-json\/wp\/v2\/types\/page"}],"author":[{"embeddable":true,"href":"https:\/\/agora.xtec.cat\/ceipjoanperich\/wp-json\/wp\/v2\/users\/1"}],"replies":[{"embeddable":true,"href":"https:\/\/agora.xtec.cat\/ceipjoanperich\/wp-json\/wp\/v2\/comments?post=4081"}],"version-history":[{"count":7,"href":"https:\/\/agora.xtec.cat\/ceipjoanperich\/wp-json\/wp\/v2\/pages\/4081\/revisions"}],"predecessor-version":[{"id":10605,"href":"https:\/\/agora.xtec.cat\/ceipjoanperich\/wp-json\/wp\/v2\/pages\/4081\/revisions\/10605"}],"up":[{"embeddable":true,"href":"https:\/\/agora.xtec.cat\/ceipjoanperich\/wp-json\/wp\/v2\/pages\/3735"}],"wp:attachment":[{"href":"https:\/\/agora.xtec.cat\/ceipjoanperich\/wp-json\/wp\/v2\/media?parent=4081"}],"curies":[{"name":"wp","href":"https:\/\/api.w.org\/{rel}","templated":true}]}}