{"id":28,"date":"2014-09-18T12:29:35","date_gmt":"2014-09-18T11:29:35","guid":{"rendered":"http:\/\/agora.xtec.cat\/ceipjoanperich\/?page_id=28"},"modified":"2026-01-22T13:38:20","modified_gmt":"2026-01-22T12:38:20","slug":"consell-escolar","status":"publish","type":"page","link":"https:\/\/agora.xtec.cat\/ceipjoanperich\/documents\/consell-escolar\/","title":{"rendered":"Consell escolar"},"content":{"rendered":"<table style=\"height: 1267px; width: 35.9593%;\">\n<tbody>\n<tr style=\"height: 31px;\">\n<td style=\"height: 31px; width: 100%;\" colspan=\"2\" width=\"489\"><strong>\u00d2rgans unipersonals<\/strong><\/td>\n<\/tr>\n<tr style=\"height: 31px;\">\n<td style=\"height: 31px; width: 53.7906%;\" width=\"149\"><strong>Presidenta<\/strong><\/td>\n<td style=\"height: 31px; width: 46.2094%;\" width=\"340\">Luc\u00eda S\u00e1nchez\u00a0 (presidenta)<\/td>\n<\/tr>\n<tr style=\"height: 31px;\">\n<td style=\"height: 31px; width: 53.7906%;\" width=\"149\"><strong>Cap d\u2019estudis<\/strong><\/td>\n<td style=\"height: 31px; width: 46.2094%;\" width=\"340\">M\u00edriam Caur\u00edn<\/td>\n<\/tr>\n<tr style=\"height: 31px;\">\n<td style=\"height: 31px; width: 53.7906%;\" width=\"149\"><strong>Secret\u00e0ria<\/strong><\/td>\n<td style=\"height: 31px; width: 46.2094%;\" width=\"340\">Anna Torres<\/td>\n<\/tr>\n<tr style=\"height: 31px;\">\n<td style=\"height: 31px; width: 100%;\" colspan=\"2\" width=\"489\"><strong>Sector mestres<\/strong><\/td>\n<\/tr>\n<tr style=\"height: 31px;\">\n<td style=\"height: 62px; width: 53.7906%;\" rowspan=\"3\" width=\"149\"><strong>Infantil<\/strong><\/td>\n<td style=\"height: 31px; width: 46.2094%;\" width=\"340\">Susana Gim\u00e9nez<\/td>\n<\/tr>\n<tr>\n<td style=\"width: 46.2094%;\">Aina Llop<\/td>\n<\/tr>\n<tr style=\"height: 31px;\">\n<td style=\"height: 31px; width: 46.2094%;\" width=\"340\">Teresa Gifreu<\/td>\n<\/tr>\n<tr style=\"height: 31px;\">\n<td style=\"height: 103px; width: 53.7906%;\" rowspan=\"3\" width=\"149\"><strong>Prim\u00e0ria<\/strong><\/td>\n<td style=\"height: 31px; width: 46.2094%;\" width=\"340\">Ma Jose Crespo<\/td>\n<\/tr>\n<tr style=\"height: 31px;\">\n<td style=\"height: 31px; width: 46.2094%;\" width=\"340\">Nuria Soler<\/td>\n<\/tr>\n<tr style=\"height: 31px;\">\n<td style=\"height: 10px; width: 46.2094%;\" width=\"340\">Marina Doc\u00f3n<\/td>\n<\/tr>\n<tr style=\"height: 31px;\">\n<td style=\"height: 31px; width: 100%;\" colspan=\"2\" width=\"489\"><strong>Sector fam\u00edlies<\/strong><\/td>\n<\/tr>\n<tr style=\"height: 31px;\">\n<td style=\"height: 153px; width: 53.7906%;\" rowspan=\"5\" width=\"149\"><strong>Fam\u00edlies<\/strong><\/td>\n<td style=\"height: 31px; width: 46.2094%;\" width=\"340\">\u00d2scar Grillo<\/td>\n<\/tr>\n<tr style=\"height: 31px;\">\n<td style=\"height: 31px; width: 46.2094%;\" width=\"340\">Laura L\u00f3pez<\/td>\n<\/tr>\n<tr style=\"height: 29px;\">\n<td style=\"height: 29px; width: 46.2094%;\">Al\u00edcia Domingo<\/td>\n<\/tr>\n<tr style=\"height: 31px;\">\n<td style=\"height: 31px; width: 46.2094%;\" width=\"340\">Inma Rodr\u00edguez<\/td>\n<\/tr>\n<tr style=\"height: 31px;\">\n<td style=\"height: 31px; width: 46.2094%;\" width=\"340\">Teresa S\u00e1nchez<\/td>\n<\/tr>\n<tr style=\"height: 31px;\">\n<td style=\"height: 31px; width: 53.7906%;\" width=\"149\"><strong>AFA<\/strong><\/td>\n<td style=\"height: 31px; width: 46.2094%;\" width=\"340\">Marta Mas\u00f3<\/td>\n<\/tr>\n<tr style=\"height: 31px;\">\n<td style=\"height: 31px; width: 100%;\" colspan=\"2\" width=\"489\"><strong>SECTOR PAS<\/strong><\/td>\n<\/tr>\n<tr style=\"height: 31px;\">\n<td style=\"height: 31px; width: 53.7906%;\" width=\"149\"><strong>Administrativa<\/strong><\/td>\n<td style=\"height: 31px; width: 46.2094%;\" width=\"340\">Gemma Saludes<\/td>\n<\/tr>\n<tr style=\"height: 33px;\">\n<td style=\"height: 33px; width: 53.7906%;\"><strong>AJUNTAMENT<\/strong><\/td>\n<td style=\"height: 33px; width: 46.2094%;\"><span style=\"font-weight: 400;\">Jose Carlos Garc\u00eda<\/span><\/td>\n<\/tr>\n<tr style=\"height: 31px;\">\n<td style=\"height: 31px; width: 100%;\" colspan=\"2\" width=\"489\"><strong>COMISSI\u00d3 PERMANENT<\/strong><\/td>\n<\/tr>\n<tr style=\"height: 31px;\">\n<td style=\"height: 31px; width: 53.7906%;\" width=\"149\"><strong>Directora<\/strong><\/td>\n<td style=\"height: 31px; width: 46.2094%;\" width=\"340\">Luc\u00eda S\u00e1nchez (presidenta)<\/td>\n<\/tr>\n<tr style=\"height: 31px;\">\n<td style=\"height: 31px; width: 53.7906%;\" width=\"149\"><strong>Cap d\u2019estudis<\/strong><\/td>\n<td style=\"height: 31px; width: 46.2094%;\" width=\"340\">M\u00edriam Caur\u00edn<\/td>\n<\/tr>\n<tr style=\"height: 31px;\">\n<td style=\"height: 31px; width: 53.7906%;\" width=\"149\"><strong>Secret\u00e0ria<\/strong><\/td>\n<td style=\"height: 31px; width: 46.2094%;\" width=\"340\">Anna Torres<\/td>\n<\/tr>\n<tr style=\"height: 31px;\">\n<td style=\"height: 31px; width: 53.7906%;\" width=\"149\"><strong>Mestres <\/strong><\/td>\n<td style=\"height: 31px; width: 46.2094%;\" width=\"340\">Marina Docon i Aina Llop<\/td>\n<\/tr>\n<tr style=\"height: 31px;\">\n<td style=\"height: 31px; width: 53.7906%;\" width=\"149\"><strong>Fam\u00edlies<\/strong><\/td>\n<td style=\"height: 31px; width: 46.2094%;\" width=\"340\">\u00d2scar Grillo i Laura L\u00f3pez<\/td>\n<\/tr>\n<tr style=\"height: 31px;\">\n<td style=\"height: 31px; width: 100%;\" colspan=\"2\" width=\"489\"><strong>COMISSI\u00d3 ECON\u00d2MICA<\/strong><\/td>\n<\/tr>\n<tr style=\"height: 31px;\">\n<td style=\"height: 31px; width: 53.7906%;\" width=\"149\"><strong>Directora<\/strong><\/td>\n<td style=\"height: 31px; width: 46.2094%;\" width=\"340\">Luc\u00eda S\u00e1nchez<\/td>\n<\/tr>\n<tr style=\"height: 31px;\">\n<td style=\"height: 31px; width: 53.7906%;\" width=\"149\"><strong>Secret\u00e0ria<\/strong><\/td>\n<td style=\"height: 31px; width: 46.2094%;\" width=\"340\">Anna Torres<\/td>\n<\/tr>\n<tr style=\"height: 31px;\">\n<td style=\"height: 31px; width: 53.7906%;\" width=\"149\"><strong>Mestres<\/strong><\/td>\n<td style=\"height: 31px; width: 46.2094%;\" width=\"340\">Teresa Gifreu<\/td>\n<\/tr>\n<tr style=\"height: 31px;\">\n<td style=\"height: 48px; width: 53.7906%;\" width=\"149\"><strong>Fam\u00edlies<\/strong><\/td>\n<td style=\"height: 48px; width: 46.2094%;\" width=\"340\">Marta Mas\u00f3 i Al\u00edcia Domingo<\/td>\n<\/tr>\n<tr style=\"height: 31px;\">\n<td style=\"height: 31px; width: 100%;\" colspan=\"2\" width=\"489\"><\/td>\n<\/tr>\n<tr style=\"height: 31px;\">\n<td style=\"height: 31px; width: 100%;\" colspan=\"2\" width=\"489\"><strong>COMISSI\u00d3 CONVIV\u00c8NCIA<\/strong><\/td>\n<\/tr>\n<tr style=\"height: 31px;\">\n<td style=\"height: 31px; width: 53.7906%;\" width=\"149\"><strong>Directora<\/strong><\/td>\n<td style=\"height: 31px; width: 46.2094%;\" width=\"340\">Luc\u00eda S\u00e1nchez<\/td>\n<\/tr>\n<tr style=\"height: 31px;\">\n<td style=\"height: 31px; width: 53.7906%;\" width=\"149\"><strong>Cap d\u2019estudis<\/strong><\/td>\n<td style=\"height: 31px; width: 46.2094%;\" width=\"340\">M\u00edriam Caur\u00edn<\/td>\n<\/tr>\n<tr style=\"height: 31px;\">\n<td style=\"height: 31px; width: 53.7906%;\" width=\"149\"><strong>Secret\u00e0ria<\/strong><\/td>\n<td style=\"height: 31px; width: 46.2094%;\" width=\"340\">Anna Torres<\/td>\n<\/tr>\n<tr style=\"height: 31px;\">\n<td style=\"height: 62px; width: 53.7906%;\" rowspan=\"2\" width=\"149\"><strong>Mestres<\/strong><\/td>\n<td style=\"height: 31px; width: 46.2094%;\" width=\"340\">Susana Gim\u00e9nez<\/td>\n<\/tr>\n<tr style=\"height: 31px;\">\n<td style=\"height: 31px; width: 46.2094%;\" width=\"340\">Nuria Soler<\/td>\n<\/tr>\n<tr style=\"height: 31px;\">\n<td style=\"height: 62px; width: 53.7906%;\" rowspan=\"2\" width=\"149\"><strong>Fam\u00edlies<\/strong><\/td>\n<td style=\"height: 31px; width: 46.2094%;\" width=\"340\">Inma Rodr\u00edguez<\/td>\n<\/tr>\n<tr style=\"height: 31px;\">\n<td style=\"height: 31px; width: 46.2094%;\" width=\"340\">Teresa S\u00e1nchez<\/td>\n<\/tr>\n<\/tbody>\n<\/table>\n<p><strong>Referent coeducaci\u00f3:<\/strong> M\u00edriam Caur\u00edn<\/p>\n<p><strong>Acords del Consell Escolar<\/strong><\/p>\n<p><a href=\"https:\/\/drive.google.com\/drive\/folders\/1aA_JJR2sdP1jFA2bqHIPddxchKKasL72\">Acords Consell Escolar Curs 25-26<\/a><\/p>\n<p><a href=\"https:\/\/drive.google.com\/drive\/folders\/1C9SMcZQ8g2oEIWdGfKzu6fyvwu2MsQ3t?usp=sharing\">Acords Consell Escolar Curs 24-25<\/a><\/p>\n<p><a href=\"https:\/\/drive.google.com\/drive\/folders\/1FWXy5Tx_G-4Ts1Vd3kiPOcS1o5OTFgsC?usp=sharing\">Acords Consell Escolar_Curs 23-24<\/a><\/p>\n<p><a href=\"https:\/\/drive.google.com\/file\/d\/1_FILXiXezU-s_55bgaILp-1ezLH5RZcN\/view?usp=sharing\">Acords Consell Escolar_Curs 22-23<\/a><\/p>\n<p><a href=\"https:\/\/drive.google.com\/drive\/folders\/15-DS_xAGf4baJ-SC_iWi3FSWeT71Qyjw?usp=sharing\">Acords Consell Escolar Curs 21-22<\/a><\/p>\n<p>&nbsp;<\/p>\n<p><!--a=1--><\/p>\n","protected":false},"excerpt":{"rendered":"<p>\u00d2rgans unipersonals Presidenta Luc\u00eda S\u00e1nchez\u00a0 (presidenta) Cap d\u2019estudis M\u00edriam Caur\u00edn Secret\u00e0ria Anna Torres Sector mestres Infantil Susana Gim\u00e9nez Aina Llop Teresa Gifreu Prim\u00e0ria Ma Jose Crespo Nuria Soler Marina Doc\u00f3n Sector fam\u00edlies Fam\u00edlies \u00d2scar Grillo Laura L\u00f3pez Al\u00edcia Domingo Inma Rodr\u00edguez Teresa S\u00e1nchez AFA Marta Mas\u00f3 SECTOR PAS Administrativa Gemma Saludes AJUNTAMENT Jose Carlos Garc\u00eda [&hellip;]<\/p>\n","protected":false},"author":1,"featured_media":0,"parent":3726,"menu_order":30,"comment_status":"closed","ping_status":"closed","template":"","meta":{"_bbp_topic_count":0,"_bbp_reply_count":0,"_bbp_total_topic_count":0,"_bbp_total_reply_count":0,"_bbp_voice_count":0,"_bbp_anonymous_reply_count":0,"_bbp_topic_count_hidden":0,"_bbp_reply_count_hidden":0,"_bbp_forum_subforum_count":0,"site-sidebar-layout":"default","site-content-layout":"","ast-site-content-layout":"default","site-content-style":"default","site-sidebar-style":"default","ast-global-header-display":"","ast-banner-title-visibility":"","ast-main-header-display":"","ast-hfb-above-header-display":"","ast-hfb-below-header-display":"","ast-hfb-mobile-header-display":"","site-post-title":"","ast-breadcrumbs-content":"","ast-featured-img":"","footer-sml-layout":"","theme-transparent-header-meta":"default","adv-header-id-meta":"","stick-header-meta":"","header-above-stick-meta":"","header-main-stick-meta":"","header-below-stick-meta":"","astra-migrate-meta-layouts":"set","ast-page-background-enabled":"default","ast-page-background-meta":{"desktop":{"background-color":"var(--ast-global-color-4)","background-image":"","background-repeat":"repeat","background-position":"center center","background-size":"auto","background-attachment":"scroll","background-type":"","background-media":"","overlay-type":"","overlay-color":"","overlay-opacity":"","overlay-gradient":""},"tablet":{"background-color":"","background-image":"","background-repeat":"repeat","background-position":"center center","background-size":"auto","background-attachment":"scroll","background-type":"","background-media":"","overlay-type":"","overlay-color":"","overlay-opacity":"","overlay-gradient":""},"mobile":{"background-color":"","background-image":"","background-repeat":"repeat","background-position":"center center","background-size":"auto","background-attachment":"scroll","background-type":"","background-media":"","overlay-type":"","overlay-color":"","overlay-opacity":"","overlay-gradient":""}},"ast-content-background-meta":{"desktop":{"background-color":"var(--ast-global-color-5)","background-image":"","background-repeat":"repeat","background-position":"center center","background-size":"auto","background-attachment":"scroll","background-type":"","background-media":"","overlay-type":"","overlay-color":"","overlay-opacity":"","overlay-gradient":""},"tablet":{"background-color":"var(--ast-global-color-5)","background-image":"","background-repeat":"repeat","background-position":"center center","background-size":"auto","background-attachment":"scroll","background-type":"","background-media":"","overlay-type":"","overlay-color":"","overlay-opacity":"","overlay-gradient":""},"mobile":{"background-color":"var(--ast-global-color-5)","background-image":"","background-repeat":"repeat","background-position":"center center","background-size":"auto","background-attachment":"scroll","background-type":"","background-media":"","overlay-type":"","overlay-color":"","overlay-opacity":"","overlay-gradient":""}},"footnotes":""},"class_list":["post-28","page","type-page","status-publish","hentry"],"post_mailing_queue_ids":[],"_links":{"self":[{"href":"https:\/\/agora.xtec.cat\/ceipjoanperich\/wp-json\/wp\/v2\/pages\/28","targetHints":{"allow":["GET"]}}],"collection":[{"href":"https:\/\/agora.xtec.cat\/ceipjoanperich\/wp-json\/wp\/v2\/pages"}],"about":[{"href":"https:\/\/agora.xtec.cat\/ceipjoanperich\/wp-json\/wp\/v2\/types\/page"}],"author":[{"embeddable":true,"href":"https:\/\/agora.xtec.cat\/ceipjoanperich\/wp-json\/wp\/v2\/users\/1"}],"replies":[{"embeddable":true,"href":"https:\/\/agora.xtec.cat\/ceipjoanperich\/wp-json\/wp\/v2\/comments?post=28"}],"version-history":[{"count":7,"href":"https:\/\/agora.xtec.cat\/ceipjoanperich\/wp-json\/wp\/v2\/pages\/28\/revisions"}],"predecessor-version":[{"id":10633,"href":"https:\/\/agora.xtec.cat\/ceipjoanperich\/wp-json\/wp\/v2\/pages\/28\/revisions\/10633"}],"up":[{"embeddable":true,"href":"https:\/\/agora.xtec.cat\/ceipjoanperich\/wp-json\/wp\/v2\/pages\/3726"}],"wp:attachment":[{"href":"https:\/\/agora.xtec.cat\/ceipjoanperich\/wp-json\/wp\/v2\/media?parent=28"}],"curies":[{"name":"wp","href":"https:\/\/api.w.org\/{rel}","templated":true}]}}