{"id":26,"date":"2014-09-18T12:24:32","date_gmt":"2014-09-18T11:24:32","guid":{"rendered":"http:\/\/agora.xtec.cat\/ceipjoanperich\/?page_id=26"},"modified":"2025-12-10T16:16:57","modified_gmt":"2025-12-10T15:16:57","slug":"historia","status":"publish","type":"page","link":"https:\/\/agora.xtec.cat\/ceipjoanperich\/lescola-2\/historia\/","title":{"rendered":"Hist\u00f2ria"},"content":{"rendered":"<table style=\"width: 24.9493%; height: 266px;\" border=\"0\" cellpadding=\"10\" align=\"left\">\n<tbody>\n<tr style=\"height: 164px;\">\n<td style=\"height: 164px; width: 100%;\">\n<div style=\"text-align: center;\"><a href=\"https:\/\/agora.xtec.cat\/ceipjoanperich\/wp-content\/uploads\/usu1151\/2022\/05\/historia-Perich.jpg\"><img loading=\"lazy\" decoding=\"async\" class=\"size-full wp-image-8967 aligncenter\" src=\"https:\/\/agora.xtec.cat\/ceipjoanperich\/wp-content\/uploads\/usu1151\/2022\/05\/historia-Perich.jpg\" alt=\"\" width=\"309\" height=\"163\" srcset=\"https:\/\/agora.xtec.cat\/ceipjoanperich\/wp-content\/uploads\/usu1151\/2022\/05\/historia-Perich.jpg 309w, https:\/\/agora.xtec.cat\/ceipjoanperich\/wp-content\/uploads\/usu1151\/2022\/05\/historia-Perich-300x158.jpg 300w\" sizes=\"auto, (max-width: 309px) 100vw, 309px\" \/><\/a><\/div>\n<div><\/div>\n<div style=\"text-align: center;\">El mestre Joan Perich Valls amb un grup d&#8217;alumnes de Sant Joan Desp\u00ed l&#8217;any 1920.<\/div>\n<\/td>\n<\/tr>\n<\/tbody>\n<\/table>\n<p>L&#8217;escola va ser constru\u00efda l&#8217;any 1974 i va comen\u00e7ar a funcionar el curs 1974-75. Rep el seu nom recordant el mestre Joan Perich Valls que entre els anys 1893 i 1925 treball\u00e0 a les escoles de nens de St. Joan Desp\u00ed.<\/p>\n<p>PERICH I VALLS, Joan (1866-1925). Natural de Gr\u00e0cia, Barcelona. Mestre. Va treballar a les escoles de nens de Sant Joan Desp\u00ed entre els anys 1893 i 1925. Aquesta tasca de mestre la va realitzar amb la seva dona, Gabriela de Fr\u00edgola, que ho fou a l&#8217;escola de nenes entre els anys 1886 i 1925. La seva mare, Eul\u00e0lia Valls i Farriols, era natural de Sant Boi de Llobregat. Una germana seva, Rosa Perich i Valls, tamb\u00e9 fou mestra. Cess\u00e0 del seu c\u00e0rrec de mestre de les escoles nacionals de Sant Joan Desp\u00ed el 31 d&#8217;agost de 1925 per ser destinat a Barcelona, per\u00f2 creiem que entre l&#8217;agost i el desembre d&#8217;aquell mateix any mor\u00ed.<\/p>\n<p>Ocupava la fam\u00edlia el primer pis dels habitatges per a mestres situats al carrer del Bon Viatge n\u00fam. 5.<\/p>\n<p>Malgrat els constants enfrontaments amb les autoritats locals per tal de millorar les condicions de seguretat i confort de les escoles, l&#8217;Ajuntament, i si m\u00e9s no, la junta Local de Primera Ensenyan\u00e7a, feu constar amb motiu de la seva marxa &#8220;el sentimiento general que reina en esta poblaci\u00f3n al perder con su cese a un maestro tan preclaro, como era D. Juan Perich y Valls&#8221;.<\/p>\n<p>Cal recordar-lo com a organitzador d&#8217;exposicions i treballs dels alumnes, ensems que de l&#8217;atorgament de premis, ja l&#8217;any 1914. El 1915 va organitzar l&#8217;escola nocturna d&#8217;adults, amb un grup de 25 alumnes, a la qual assistiren, com a conferenciants, t\u00e8cnics agr\u00edcoles i vitivin\u00edcoles.<\/p>\n<p>La seva milit\u00e0ncia per millorar l&#8217;escola p\u00fablica el dugu\u00e9 a defensar i exigir actuacions per tal de contribuir &#8220;al fomento de la educaci\u00f3n popular por el est\u00edmulo que despertar\u00e1 en los hombres del ma\u00f1ana&#8221;.<\/p>\n<p>La seva extensa activitat i les seves inquietuds pol\u00edtiques el dugueren a presidir el Sindicato Agr\u00edcola Oficial Despiense i sembla que tamb\u00e9 fou membre del Comit\u00e9 Democr\u00e1tico, cosa, per\u00f2, que caldr\u00e0 documentar.<\/p>\n<p>Home del seu temps, necessitava compartir les seves inquietuds i relacionar-se amb aquells que podien ser un model c\u00edvic i intel\u00b7lectual. Aix\u00ed, avui sabem que va mantenir correspond\u00e8ncia, entre el 1899 i el 1922, amb Miguel de Unamuno, per qui sembla que sentia un gran respecte i admiraci\u00f3.<\/p>\n<p>L&#8217;any 1973, en un ple municipal celebrat el 27 de desembre, el Consistori acord\u00e0 donar el nom de Joan Perich Valls a una escola de nova construcci\u00f3, mogut pel record d&#8217;aquell que &#8220;destac\u00f3 por su dedicaci\u00f3n profesional de manera ejemplar, al propio tiempo que puso a contribuci\u00f3n sus recursos personales en favor del Municipio, consiguiendo la visita de destacadas personalidades para mejorar aspectos fundamentales en orden al inter\u00e9s p\u00fablico municipal&#8221;.<\/p>\n","protected":false},"excerpt":{"rendered":"<p>El mestre Joan Perich Valls amb un grup d&#8217;alumnes de Sant Joan Desp\u00ed l&#8217;any 1920. L&#8217;escola va ser constru\u00efda l&#8217;any 1974 i va comen\u00e7ar a funcionar el curs 1974-75. Rep el seu nom recordant el mestre Joan Perich Valls que entre els anys 1893 i 1925 treball\u00e0 a les escoles de nens de St. Joan [&hellip;]<\/p>\n","protected":false},"author":1,"featured_media":0,"parent":3735,"menu_order":20,"comment_status":"closed","ping_status":"closed","template":"","meta":{"_bbp_topic_count":0,"_bbp_reply_count":0,"_bbp_total_topic_count":0,"_bbp_total_reply_count":0,"_bbp_voice_count":0,"_bbp_anonymous_reply_count":0,"_bbp_topic_count_hidden":0,"_bbp_reply_count_hidden":0,"_bbp_forum_subforum_count":0,"site-sidebar-layout":"default","site-content-layout":"","ast-site-content-layout":"default","site-content-style":"default","site-sidebar-style":"default","ast-global-header-display":"","ast-banner-title-visibility":"","ast-main-header-display":"","ast-hfb-above-header-display":"","ast-hfb-below-header-display":"","ast-hfb-mobile-header-display":"","site-post-title":"","ast-breadcrumbs-content":"","ast-featured-img":"","footer-sml-layout":"","theme-transparent-header-meta":"default","adv-header-id-meta":"","stick-header-meta":"","header-above-stick-meta":"","header-main-stick-meta":"","header-below-stick-meta":"","astra-migrate-meta-layouts":"set","ast-page-background-enabled":"default","ast-page-background-meta":{"desktop":{"background-color":"var(--ast-global-color-4)","background-image":"","background-repeat":"repeat","background-position":"center center","background-size":"auto","background-attachment":"scroll","background-type":"","background-media":"","overlay-type":"","overlay-color":"","overlay-opacity":"","overlay-gradient":""},"tablet":{"background-color":"","background-image":"","background-repeat":"repeat","background-position":"center center","background-size":"auto","background-attachment":"scroll","background-type":"","background-media":"","overlay-type":"","overlay-color":"","overlay-opacity":"","overlay-gradient":""},"mobile":{"background-color":"","background-image":"","background-repeat":"repeat","background-position":"center center","background-size":"auto","background-attachment":"scroll","background-type":"","background-media":"","overlay-type":"","overlay-color":"","overlay-opacity":"","overlay-gradient":""}},"ast-content-background-meta":{"desktop":{"background-color":"var(--ast-global-color-5)","background-image":"","background-repeat":"repeat","background-position":"center center","background-size":"auto","background-attachment":"scroll","background-type":"","background-media":"","overlay-type":"","overlay-color":"","overlay-opacity":"","overlay-gradient":""},"tablet":{"background-color":"var(--ast-global-color-5)","background-image":"","background-repeat":"repeat","background-position":"center center","background-size":"auto","background-attachment":"scroll","background-type":"","background-media":"","overlay-type":"","overlay-color":"","overlay-opacity":"","overlay-gradient":""},"mobile":{"background-color":"var(--ast-global-color-5)","background-image":"","background-repeat":"repeat","background-position":"center center","background-size":"auto","background-attachment":"scroll","background-type":"","background-media":"","overlay-type":"","overlay-color":"","overlay-opacity":"","overlay-gradient":""}},"footnotes":""},"class_list":["post-26","page","type-page","status-publish","hentry"],"post_mailing_queue_ids":[],"_links":{"self":[{"href":"https:\/\/agora.xtec.cat\/ceipjoanperich\/wp-json\/wp\/v2\/pages\/26","targetHints":{"allow":["GET"]}}],"collection":[{"href":"https:\/\/agora.xtec.cat\/ceipjoanperich\/wp-json\/wp\/v2\/pages"}],"about":[{"href":"https:\/\/agora.xtec.cat\/ceipjoanperich\/wp-json\/wp\/v2\/types\/page"}],"author":[{"embeddable":true,"href":"https:\/\/agora.xtec.cat\/ceipjoanperich\/wp-json\/wp\/v2\/users\/1"}],"replies":[{"embeddable":true,"href":"https:\/\/agora.xtec.cat\/ceipjoanperich\/wp-json\/wp\/v2\/comments?post=26"}],"version-history":[{"count":5,"href":"https:\/\/agora.xtec.cat\/ceipjoanperich\/wp-json\/wp\/v2\/pages\/26\/revisions"}],"predecessor-version":[{"id":10599,"href":"https:\/\/agora.xtec.cat\/ceipjoanperich\/wp-json\/wp\/v2\/pages\/26\/revisions\/10599"}],"up":[{"embeddable":true,"href":"https:\/\/agora.xtec.cat\/ceipjoanperich\/wp-json\/wp\/v2\/pages\/3735"}],"wp:attachment":[{"href":"https:\/\/agora.xtec.cat\/ceipjoanperich\/wp-json\/wp\/v2\/media?parent=26"}],"curies":[{"name":"wp","href":"https:\/\/api.w.org\/{rel}","templated":true}]}}