{"id":710,"date":"2017-01-19T15:47:05","date_gmt":"2017-01-19T14:47:05","guid":{"rendered":"http:\/\/agora.xtec.cat\/ceipjoanotalisanda\/?page_id=710"},"modified":"2024-01-18T15:16:37","modified_gmt":"2024-01-18T14:16:37","slug":"padrins-fillols","status":"publish","type":"page","link":"https:\/\/agora.xtec.cat\/ceipjoanotalisanda\/projectes\/padrins-fillols\/","title":{"rendered":"Apadrinament"},"content":{"rendered":"<p style=\"text-align: justify;\">Un dels projectes m\u00e9s arrelats dins de la nostra escola \u00e9s el Projecte d&#8217;apadrinament. Quan entren els nens i nenes per primera vegada a EI3, se&#8217;ls assigna un nen o nena de 4rt que ser\u00e0 el seu padr\u00ed o la seva padrina durant tota l&#8217;etapa d&#8217;Educaci\u00f3 Infantil. A partir d&#8217;aqu\u00ed, s&#8217;inicia una relaci\u00f3 molt especial basada en valors com la confian\u00e7a, el respecte, l&#8217;ajuda i la responsabilitat.<\/p>\n<p style=\"text-align: justify;\">Durant tot el curs es preparen i es realitzen activitats conjuntes com l&#8217;esmorzar de benvinguda, la sortida a buscar el ti\u00f3 o els ous de pasqua, fan lectures conjuntes i el dia de l&#8217;aniversari del fillol\/a, el padr\u00ed o padrina fa una corona i li regala.<\/p>\n<p style=\"text-align: center;\">\u00a0 \u00a0 \u00a0 \u00a0 \u00a0 \u00a0 \u00a0 \u00a0 \u00a0 \u00a0 \u00a0 \u00a0 \u00a0 \u00a0 \u00a0 \u00a0 \u00a0 \u00a0\u00a0<a href=\"http:\/\/agora.xtec.cat\/ceipjoanotalisanda\/wp-content\/uploads\/usu1478\/2017\/01\/IMG_1732.jpg\"><img loading=\"lazy\" decoding=\"async\" class=\"alignnone wp-image-757 aligncenter\" src=\"http:\/\/agora.xtec.cat\/ceipjoanotalisanda\/wp-content\/uploads\/usu1478\/2017\/01\/IMG_1732.jpg\" alt=\"img_1732\" width=\"453\" height=\"255\" srcset=\"https:\/\/agora.xtec.cat\/ceipjoanotalisanda\/wp-content\/uploads\/usu1478\/2017\/01\/IMG_1732.jpg 800w, https:\/\/agora.xtec.cat\/ceipjoanotalisanda\/wp-content\/uploads\/usu1478\/2017\/01\/IMG_1732-300x169.jpg 300w, https:\/\/agora.xtec.cat\/ceipjoanotalisanda\/wp-content\/uploads\/usu1478\/2017\/01\/IMG_1732-768x432.jpg 768w\" sizes=\"auto, (max-width: 453px) 100vw, 453px\" \/><\/a><\/p>\n<p><a href=\"https:\/\/agora.xtec.cat\/ceipjoanotalisanda\/wp-content\/uploads\/usu1478\/2024\/01\/IMG-20240118-WA0003.jpg\"><img loading=\"lazy\" decoding=\"async\" class=\"wp-image-19378 aligncenter\" src=\"https:\/\/agora.xtec.cat\/ceipjoanotalisanda\/wp-content\/uploads\/usu1478\/2024\/01\/IMG-20240118-WA0003-768x1024.jpg\" alt=\"\" width=\"472\" height=\"629\" srcset=\"https:\/\/agora.xtec.cat\/ceipjoanotalisanda\/wp-content\/uploads\/usu1478\/2024\/01\/IMG-20240118-WA0003-768x1024.jpg 768w, https:\/\/agora.xtec.cat\/ceipjoanotalisanda\/wp-content\/uploads\/usu1478\/2024\/01\/IMG-20240118-WA0003-225x300.jpg 225w, https:\/\/agora.xtec.cat\/ceipjoanotalisanda\/wp-content\/uploads\/usu1478\/2024\/01\/IMG-20240118-WA0003-1152x1536.jpg 1152w, https:\/\/agora.xtec.cat\/ceipjoanotalisanda\/wp-content\/uploads\/usu1478\/2024\/01\/IMG-20240118-WA0003.jpg 1536w\" sizes=\"auto, (max-width: 472px) 100vw, 472px\" \/><br \/>\n<\/a><a href=\"https:\/\/agora.xtec.cat\/ceipjoanotalisanda\/wp-content\/uploads\/usu1478\/2024\/01\/IMG-20240118-WA0004.jpg\"><img loading=\"lazy\" decoding=\"async\" class=\"aligncenter wp-image-19379\" src=\"https:\/\/agora.xtec.cat\/ceipjoanotalisanda\/wp-content\/uploads\/usu1478\/2024\/01\/IMG-20240118-WA0004-225x300.jpg\" alt=\"\" width=\"425\" height=\"567\" srcset=\"https:\/\/agora.xtec.cat\/ceipjoanotalisanda\/wp-content\/uploads\/usu1478\/2024\/01\/IMG-20240118-WA0004-225x300.jpg 225w, https:\/\/agora.xtec.cat\/ceipjoanotalisanda\/wp-content\/uploads\/usu1478\/2024\/01\/IMG-20240118-WA0004-768x1024.jpg 768w, https:\/\/agora.xtec.cat\/ceipjoanotalisanda\/wp-content\/uploads\/usu1478\/2024\/01\/IMG-20240118-WA0004-1152x1536.jpg 1152w, https:\/\/agora.xtec.cat\/ceipjoanotalisanda\/wp-content\/uploads\/usu1478\/2024\/01\/IMG-20240118-WA0004.jpg 1536w\" sizes=\"auto, (max-width: 425px) 100vw, 425px\" \/><\/a><\/p>\n<p style=\"text-align: center;\">\n","protected":false},"excerpt":{"rendered":"<p>Un dels projectes m\u00e9s arrelats dins de la nostra escola \u00e9s el Projecte d&#8217;apadrinament. Quan entren els nens i nenes per primera vegada a EI3, se&#8217;ls assigna un nen o nena de 4rt que ser\u00e0 el seu padr\u00ed o la seva padrina durant tota l&#8217;etapa&hellip;  <a href=\"https:\/\/agora.xtec.cat\/ceipjoanotalisanda\/projectes\/padrins-fillols\/\" title=\"Read Apadrinament\">Llegeix m\u00e9s\u00bb<\/a><\/p>\n","protected":false},"author":1,"featured_media":0,"parent":19196,"menu_order":1,"comment_status":"closed","ping_status":"closed","template":"page-templates\/side-menu.php","meta":{"_bbp_topic_count":0,"_bbp_reply_count":0,"_bbp_total_topic_count":0,"_bbp_total_reply_count":0,"_bbp_voice_count":0,"_bbp_anonymous_reply_count":0,"_bbp_topic_count_hidden":0,"_bbp_reply_count_hidden":0,"_bbp_forum_subforum_count":0,"footnotes":""},"class_list":["post-710","page","type-page","status-publish","hentry"],"post_mailing_queue_ids":[],"_links":{"self":[{"href":"https:\/\/agora.xtec.cat\/ceipjoanotalisanda\/wp-json\/wp\/v2\/pages\/710","targetHints":{"allow":["GET"]}}],"collection":[{"href":"https:\/\/agora.xtec.cat\/ceipjoanotalisanda\/wp-json\/wp\/v2\/pages"}],"about":[{"href":"https:\/\/agora.xtec.cat\/ceipjoanotalisanda\/wp-json\/wp\/v2\/types\/page"}],"author":[{"embeddable":true,"href":"https:\/\/agora.xtec.cat\/ceipjoanotalisanda\/wp-json\/wp\/v2\/users\/1"}],"replies":[{"embeddable":true,"href":"https:\/\/agora.xtec.cat\/ceipjoanotalisanda\/wp-json\/wp\/v2\/comments?post=710"}],"version-history":[{"count":7,"href":"https:\/\/agora.xtec.cat\/ceipjoanotalisanda\/wp-json\/wp\/v2\/pages\/710\/revisions"}],"predecessor-version":[{"id":19381,"href":"https:\/\/agora.xtec.cat\/ceipjoanotalisanda\/wp-json\/wp\/v2\/pages\/710\/revisions\/19381"}],"up":[{"embeddable":true,"href":"https:\/\/agora.xtec.cat\/ceipjoanotalisanda\/wp-json\/wp\/v2\/pages\/19196"}],"wp:attachment":[{"href":"https:\/\/agora.xtec.cat\/ceipjoanotalisanda\/wp-json\/wp\/v2\/media?parent=710"}],"curies":[{"name":"wp","href":"https:\/\/api.w.org\/{rel}","templated":true}]}}