{"id":19301,"date":"2024-01-15T22:56:59","date_gmt":"2024-01-15T21:56:59","guid":{"rendered":"https:\/\/agora.xtec.cat\/ceipjoanotalisanda\/?page_id=19301"},"modified":"2024-02-02T11:50:19","modified_gmt":"2024-02-02T10:50:19","slug":"centre-formador","status":"publish","type":"page","link":"https:\/\/agora.xtec.cat\/ceipjoanotalisanda\/projectes\/centre-formador\/","title":{"rendered":"Centre formador"},"content":{"rendered":"<p>L&#8217;escola est\u00e0 implicada en la formaci\u00f3 de futurs i futures mestres a trav\u00e9s del projecte de &#8220;Centres Formadors&#8221; del departament d&#8217;Educaci\u00f3 de la Generalitat de Catalunya. L&#8217;objectiu \u00e9s contribuir a la professionalitzaci\u00f3 de la doc\u00e8ncia i permetre als estudiants universitaris aplicar i complementar els coneixements adquirits en la seva formaci\u00f3 acad\u00e8mica.\u00a0 Actualment col\u00b7laborem amb la Universitat Aut\u00f2noma de Barcelona, la Universitat de la Rioja i la Universitat Camilo Jos\u00e9 Cela de Madrid (les dues darreres s\u00f3n a dist\u00e0ncia).<\/p>\n<p>Tamb\u00e9 participem conjuntament amb la UAB en el programa d&#8217;Erasmus E3 &#8220;<b>Empowering Education in Europe<\/b>&#8221; d&#8217;acollida d&#8217;alumnat de diverses universitats europees.<\/p>\n<p>Aqu\u00ed teniu unes practicants que us faran cinc c\u00e8ntims d ela seva experi\u00e8ncia&#8230;<\/p>\n<div><a href=\"https:\/\/drive.google.com\/file\/d\/1tXKPxgRa4yvNHg_6xM9XjszFOKusvD4e\/view?usp=sharing\">https:\/\/drive.google.com\/file\/d\/1tXKPxgRa4yvNHg_6xM9XjszFOKusvD4e\/view?usp=sharing<\/a><\/div>\n","protected":false},"excerpt":{"rendered":"<p>L&#8217;escola est\u00e0 implicada en la formaci\u00f3 de futurs i futures mestres a trav\u00e9s del projecte de &#8220;Centres Formadors&#8221; del departament d&#8217;Educaci\u00f3 de la Generalitat de Catalunya. L&#8217;objectiu \u00e9s contribuir a la professionalitzaci\u00f3 de la doc\u00e8ncia i permetre als estudiants universitaris aplicar i complementar els coneixements&hellip;  <a href=\"https:\/\/agora.xtec.cat\/ceipjoanotalisanda\/projectes\/centre-formador\/\" title=\"Read Centre formador\">Llegeix m\u00e9s\u00bb<\/a><\/p>\n","protected":false},"author":1,"featured_media":0,"parent":19196,"menu_order":0,"comment_status":"closed","ping_status":"closed","template":"","meta":{"_bbp_topic_count":0,"_bbp_reply_count":0,"_bbp_total_topic_count":0,"_bbp_total_reply_count":0,"_bbp_voice_count":0,"_bbp_anonymous_reply_count":0,"_bbp_topic_count_hidden":0,"_bbp_reply_count_hidden":0,"_bbp_forum_subforum_count":0,"footnotes":""},"class_list":["post-19301","page","type-page","status-publish","hentry"],"post_mailing_queue_ids":[],"_links":{"self":[{"href":"https:\/\/agora.xtec.cat\/ceipjoanotalisanda\/wp-json\/wp\/v2\/pages\/19301","targetHints":{"allow":["GET"]}}],"collection":[{"href":"https:\/\/agora.xtec.cat\/ceipjoanotalisanda\/wp-json\/wp\/v2\/pages"}],"about":[{"href":"https:\/\/agora.xtec.cat\/ceipjoanotalisanda\/wp-json\/wp\/v2\/types\/page"}],"author":[{"embeddable":true,"href":"https:\/\/agora.xtec.cat\/ceipjoanotalisanda\/wp-json\/wp\/v2\/users\/1"}],"replies":[{"embeddable":true,"href":"https:\/\/agora.xtec.cat\/ceipjoanotalisanda\/wp-json\/wp\/v2\/comments?post=19301"}],"version-history":[{"count":6,"href":"https:\/\/agora.xtec.cat\/ceipjoanotalisanda\/wp-json\/wp\/v2\/pages\/19301\/revisions"}],"predecessor-version":[{"id":19472,"href":"https:\/\/agora.xtec.cat\/ceipjoanotalisanda\/wp-json\/wp\/v2\/pages\/19301\/revisions\/19472"}],"up":[{"embeddable":true,"href":"https:\/\/agora.xtec.cat\/ceipjoanotalisanda\/wp-json\/wp\/v2\/pages\/19196"}],"wp:attachment":[{"href":"https:\/\/agora.xtec.cat\/ceipjoanotalisanda\/wp-json\/wp\/v2\/media?parent=19301"}],"curies":[{"name":"wp","href":"https:\/\/api.w.org\/{rel}","templated":true}]}}