{"id":19300,"date":"2024-01-15T22:56:59","date_gmt":"2024-01-15T21:56:59","guid":{"rendered":"https:\/\/agora.xtec.cat\/ceipjoanotalisanda\/?page_id=19300"},"modified":"2025-02-17T11:42:22","modified_gmt":"2025-02-17T10:42:22","slug":"capses-daprenentatge","status":"publish","type":"page","link":"https:\/\/agora.xtec.cat\/ceipjoanotalisanda\/projectes\/capses-daprenentatge\/","title":{"rendered":"Capses d&#8217;aprenentatge"},"content":{"rendered":"<p>Les capses d&#8217;aprenentatge \u00e9s una metodologia en qu\u00e8 l&#8217;alumnat treballa en petits grups de forma cooperativa i van resolent reptes que se&#8217;ls plantegen. Aquests reptes estan descrits per passos i l&#8217;alumnat els va descobrint dins la capsa a mesura que va avan\u00e7ant. Cada repte comporta un aprenentatge i l&#8217;alumnat els va descobrint de forma aut\u00f2noma amb l&#8217;ajuda de diferents materials.<\/p>\n<p>Aquestes capses poden ser de tem\u00e0tica molt diversa. Al llarg del curs 23-24 les vam comen\u00e7ar a introduir a 3r de prim\u00e0ria i durant el curs 24-25 les anirem introduint als diferents cursos de prim\u00e0ria.<\/p>\n","protected":false},"excerpt":{"rendered":"<p>Les capses d&#8217;aprenentatge \u00e9s una metodologia en qu\u00e8 l&#8217;alumnat treballa en petits grups de forma cooperativa i van resolent reptes que se&#8217;ls plantegen. Aquests reptes estan descrits per passos i l&#8217;alumnat els va descobrint dins la capsa a mesura que va avan\u00e7ant. Cada repte comporta&hellip;  <a href=\"https:\/\/agora.xtec.cat\/ceipjoanotalisanda\/projectes\/capses-daprenentatge\/\" title=\"Read Capses d&#8217;aprenentatge\">Llegeix m\u00e9s\u00bb<\/a><\/p>\n","protected":false},"author":1,"featured_media":0,"parent":19196,"menu_order":0,"comment_status":"closed","ping_status":"closed","template":"","meta":{"_bbp_topic_count":0,"_bbp_reply_count":0,"_bbp_total_topic_count":0,"_bbp_total_reply_count":0,"_bbp_voice_count":0,"_bbp_anonymous_reply_count":0,"_bbp_topic_count_hidden":0,"_bbp_reply_count_hidden":0,"_bbp_forum_subforum_count":0,"footnotes":""},"class_list":["post-19300","page","type-page","status-publish","hentry"],"post_mailing_queue_ids":[],"_links":{"self":[{"href":"https:\/\/agora.xtec.cat\/ceipjoanotalisanda\/wp-json\/wp\/v2\/pages\/19300","targetHints":{"allow":["GET"]}}],"collection":[{"href":"https:\/\/agora.xtec.cat\/ceipjoanotalisanda\/wp-json\/wp\/v2\/pages"}],"about":[{"href":"https:\/\/agora.xtec.cat\/ceipjoanotalisanda\/wp-json\/wp\/v2\/types\/page"}],"author":[{"embeddable":true,"href":"https:\/\/agora.xtec.cat\/ceipjoanotalisanda\/wp-json\/wp\/v2\/users\/1"}],"replies":[{"embeddable":true,"href":"https:\/\/agora.xtec.cat\/ceipjoanotalisanda\/wp-json\/wp\/v2\/comments?post=19300"}],"version-history":[{"count":3,"href":"https:\/\/agora.xtec.cat\/ceipjoanotalisanda\/wp-json\/wp\/v2\/pages\/19300\/revisions"}],"predecessor-version":[{"id":20820,"href":"https:\/\/agora.xtec.cat\/ceipjoanotalisanda\/wp-json\/wp\/v2\/pages\/19300\/revisions\/20820"}],"up":[{"embeddable":true,"href":"https:\/\/agora.xtec.cat\/ceipjoanotalisanda\/wp-json\/wp\/v2\/pages\/19196"}],"wp:attachment":[{"href":"https:\/\/agora.xtec.cat\/ceipjoanotalisanda\/wp-json\/wp\/v2\/media?parent=19300"}],"curies":[{"name":"wp","href":"https:\/\/api.w.org\/{rel}","templated":true}]}}