{"id":19293,"date":"2024-01-15T22:56:58","date_gmt":"2024-01-15T21:56:58","guid":{"rendered":"https:\/\/agora.xtec.cat\/ceipjoanotalisanda\/?page_id=19293"},"modified":"2025-02-17T11:39:26","modified_gmt":"2025-02-17T10:39:26","slug":"innovamat-2","status":"publish","type":"page","link":"https:\/\/agora.xtec.cat\/ceipjoanotalisanda\/projectes\/innovamat-2\/","title":{"rendered":"Innovamat"},"content":{"rendered":"<p>Ja fa 8 anys que a la nostra escola treballem les matem\u00e0tiques amb el m\u00e8tode Innovamat. La proposta d&#8217;Innovamat ajuda l&#8217;alumnat a entendre les matem\u00e0tiques de forma competencial.<\/p>\n<p><a href=\"https:\/\/innovamat.com\/ca\" target=\"_blank\" rel=\"noopener\"><img loading=\"lazy\" decoding=\"async\" class=\"aligncenter wp-image-19282 size-thumbnail\" src=\"https:\/\/agora.xtec.cat\/ceipjoanotalisanda\/wp-content\/uploads\/usu1478\/2024\/01\/innovamat-150x150.png\" alt=\"\" width=\"150\" height=\"150\" srcset=\"https:\/\/agora.xtec.cat\/ceipjoanotalisanda\/wp-content\/uploads\/usu1478\/2024\/01\/innovamat-150x150.png 150w, https:\/\/agora.xtec.cat\/ceipjoanotalisanda\/wp-content\/uploads\/usu1478\/2024\/01\/innovamat.png 225w\" sizes=\"auto, (max-width: 150px) 100vw, 150px\" \/><\/a><\/p>\n<p><a href=\"https:\/\/agora.xtec.cat\/ceipjoanotalisanda\/wp-content\/uploads\/usu1478\/2024\/01\/projecte-innovamat.jpg\"><img loading=\"lazy\" decoding=\"async\" class=\"aligncenter size-full wp-image-19335\" src=\"https:\/\/agora.xtec.cat\/ceipjoanotalisanda\/wp-content\/uploads\/usu1478\/2024\/01\/projecte-innovamat.jpg\" alt=\"\" width=\"646\" height=\"486\" srcset=\"https:\/\/agora.xtec.cat\/ceipjoanotalisanda\/wp-content\/uploads\/usu1478\/2024\/01\/projecte-innovamat.jpg 646w, https:\/\/agora.xtec.cat\/ceipjoanotalisanda\/wp-content\/uploads\/usu1478\/2024\/01\/projecte-innovamat-300x226.jpg 300w, https:\/\/agora.xtec.cat\/ceipjoanotalisanda\/wp-content\/uploads\/usu1478\/2024\/01\/projecte-innovamat-200x150.jpg 200w\" sizes=\"auto, (max-width: 646px) 100vw, 646px\" \/><\/a><\/p>\n<p><a href=\"https:\/\/agora.xtec.cat\/ceipjoanotalisanda\/wp-content\/uploads\/usu1478\/2024\/01\/projecte-innovamat2.jpg\"><img loading=\"lazy\" decoding=\"async\" class=\"aligncenter size-full wp-image-19334\" src=\"https:\/\/agora.xtec.cat\/ceipjoanotalisanda\/wp-content\/uploads\/usu1478\/2024\/01\/projecte-innovamat2.jpg\" alt=\"\" width=\"632\" height=\"492\" srcset=\"https:\/\/agora.xtec.cat\/ceipjoanotalisanda\/wp-content\/uploads\/usu1478\/2024\/01\/projecte-innovamat2.jpg 632w, https:\/\/agora.xtec.cat\/ceipjoanotalisanda\/wp-content\/uploads\/usu1478\/2024\/01\/projecte-innovamat2-300x234.jpg 300w\" sizes=\"auto, (max-width: 632px) 100vw, 632px\" \/><\/a><\/p>\n<p><a href=\"https:\/\/agora.xtec.cat\/ceipjoanotalisanda\/wp-content\/uploads\/usu1478\/2024\/01\/projecte-innovamat3.jpg\"><img loading=\"lazy\" decoding=\"async\" class=\"aligncenter size-full wp-image-19333\" src=\"https:\/\/agora.xtec.cat\/ceipjoanotalisanda\/wp-content\/uploads\/usu1478\/2024\/01\/projecte-innovamat3.jpg\" alt=\"\" width=\"594\" height=\"450\" srcset=\"https:\/\/agora.xtec.cat\/ceipjoanotalisanda\/wp-content\/uploads\/usu1478\/2024\/01\/projecte-innovamat3.jpg 594w, https:\/\/agora.xtec.cat\/ceipjoanotalisanda\/wp-content\/uploads\/usu1478\/2024\/01\/projecte-innovamat3-300x227.jpg 300w\" sizes=\"auto, (max-width: 594px) 100vw, 594px\" \/><\/a><\/p>\n<p><a href=\"https:\/\/agora.xtec.cat\/ceipjoanotalisanda\/wp-content\/uploads\/usu1478\/2024\/01\/projecte-innovamat4.jpg\"><img loading=\"lazy\" decoding=\"async\" class=\"aligncenter size-full wp-image-19332\" src=\"https:\/\/agora.xtec.cat\/ceipjoanotalisanda\/wp-content\/uploads\/usu1478\/2024\/01\/projecte-innovamat4.jpg\" alt=\"\" width=\"671\" height=\"474\" srcset=\"https:\/\/agora.xtec.cat\/ceipjoanotalisanda\/wp-content\/uploads\/usu1478\/2024\/01\/projecte-innovamat4.jpg 671w, https:\/\/agora.xtec.cat\/ceipjoanotalisanda\/wp-content\/uploads\/usu1478\/2024\/01\/projecte-innovamat4-300x212.jpg 300w\" sizes=\"auto, (max-width: 671px) 100vw, 671px\" \/><\/a><\/p>\n<p>&nbsp;<\/p>\n","protected":false},"excerpt":{"rendered":"<p>Ja fa 8 anys que a la nostra escola treballem les matem\u00e0tiques amb el m\u00e8tode Innovamat. La proposta d&#8217;Innovamat ajuda l&#8217;alumnat a entendre les matem\u00e0tiques de forma competencial.<br \/>\n<a href=\"https:\/\/innovamat.com\/ca\" target=\"_blank\" rel=\"noopener\"><\/a><br \/>\n<a href=\"https:\/\/agora.xtec.cat\/ceipjoanotalisanda\/wp-content\/uploads\/usu1478\/2024\/01\/projecte-innovamat.jpg\"><\/a><br \/>\n<a href=\"https:\/\/agora.xtec.cat\/ceipjoanotalisanda\/wp-content\/uploads\/usu1478\/2024\/01\/projecte-innovamat2.jpg\"><\/a><br \/>\n<a href=\"https:\/\/agora.xtec.cat\/ceipjoanotalisanda\/wp-content\/uploads\/usu1478\/2024\/01\/projecte-innovamat3.jpg\"><\/a><br \/>\n<a href=\"https:\/\/agora.xtec.cat\/ceipjoanotalisanda\/wp-content\/uploads\/usu1478\/2024\/01\/projecte-innovamat4.jpg\"><\/a><br \/>\n&nbsp;<\/p>\n","protected":false},"author":1,"featured_media":0,"parent":19196,"menu_order":0,"comment_status":"closed","ping_status":"closed","template":"","meta":{"_bbp_topic_count":0,"_bbp_reply_count":0,"_bbp_total_topic_count":0,"_bbp_total_reply_count":0,"_bbp_voice_count":0,"_bbp_anonymous_reply_count":0,"_bbp_topic_count_hidden":0,"_bbp_reply_count_hidden":0,"_bbp_forum_subforum_count":0,"footnotes":""},"class_list":["post-19293","page","type-page","status-publish","hentry"],"post_mailing_queue_ids":[],"_links":{"self":[{"href":"https:\/\/agora.xtec.cat\/ceipjoanotalisanda\/wp-json\/wp\/v2\/pages\/19293","targetHints":{"allow":["GET"]}}],"collection":[{"href":"https:\/\/agora.xtec.cat\/ceipjoanotalisanda\/wp-json\/wp\/v2\/pages"}],"about":[{"href":"https:\/\/agora.xtec.cat\/ceipjoanotalisanda\/wp-json\/wp\/v2\/types\/page"}],"author":[{"embeddable":true,"href":"https:\/\/agora.xtec.cat\/ceipjoanotalisanda\/wp-json\/wp\/v2\/users\/1"}],"replies":[{"embeddable":true,"href":"https:\/\/agora.xtec.cat\/ceipjoanotalisanda\/wp-json\/wp\/v2\/comments?post=19293"}],"version-history":[{"count":5,"href":"https:\/\/agora.xtec.cat\/ceipjoanotalisanda\/wp-json\/wp\/v2\/pages\/19293\/revisions"}],"predecessor-version":[{"id":20818,"href":"https:\/\/agora.xtec.cat\/ceipjoanotalisanda\/wp-json\/wp\/v2\/pages\/19293\/revisions\/20818"}],"up":[{"embeddable":true,"href":"https:\/\/agora.xtec.cat\/ceipjoanotalisanda\/wp-json\/wp\/v2\/pages\/19196"}],"wp:attachment":[{"href":"https:\/\/agora.xtec.cat\/ceipjoanotalisanda\/wp-json\/wp\/v2\/media?parent=19293"}],"curies":[{"name":"wp","href":"https:\/\/api.w.org\/{rel}","templated":true}]}}