{"id":8882,"date":"2020-02-06T10:10:24","date_gmt":"2020-02-06T09:10:24","guid":{"rendered":"http:\/\/agora.xtec.cat\/ceipjoanmaragall\/?page_id=8882"},"modified":"2024-11-14T10:37:06","modified_gmt":"2024-11-14T09:37:06","slug":"entretradis-2","status":"publish","type":"page","link":"https:\/\/agora.xtec.cat\/ceipjoanmaragall\/entretradis-2\/","title":{"rendered":"Entretradis"},"content":{"rendered":"<p><img loading=\"lazy\" decoding=\"async\" class=\"wp-image-9709 alignnone\" src=\"https:\/\/agora.xtec.cat\/ceipjoanmaragall\/wp-content\/uploads\/usu733\/2022\/09\/Unknown.png\" alt=\"\" width=\"97\" height=\"90\" \/>\u00a0 \u00a0 \u00a0<img loading=\"lazy\" decoding=\"async\" class=\"wp-image-9712 alignnone\" src=\"https:\/\/agora.xtec.cat\/ceipjoanmaragall\/wp-content\/uploads\/usu733\/2022\/09\/Unknown-1.png\" alt=\"\" width=\"105\" height=\"89\" \/><\/p>\n<p>Aquest projecte s\u2019emmarca dins el projecte <em>IntersECCions<\/em> i s\u2019est\u00e9n des de 3r fins a 6\u00e8. \u00c9s un projecte en qu\u00e8 treballem en xarxa amb d\u2019altres tres centres del municipi i que s\u2019anomena <em>EntreInstruments<\/em>. <em>EntreTradis<\/em> \u00e9s l\u2019abreviatura d\u2019\u201dEntreTradicions\u201d.<\/p>\n<p>Els nivells de Cicle Mitj\u00e0 i Superior de l\u2019escola comptem amb dos sessions de M\u00fasica. Una d\u2019elles es realitza amb la mestra especialista de l\u2019\u00e0rea de l\u2019escola i, a l\u2019altra, s\u2019implementa el projecte EntreTradis, encaminat a treballar instruments arrelats a la nostra cultura popular.<\/p>\n<p>Per tal d\u2019implementar el projecte venen dos mestres de l\u2019Escola d\u2019Arts en Viu de la ciutat i dividim cada grup-classe en tres subgrups:<\/p>\n<ol>\n<li>Gemma: gralla i flabiol<\/li>\n<li>Asier: violins<\/li>\n<li>Anna: caixa i timbals<\/li>\n<\/ol>\n<p>Aquesta projecte s\u2019est\u00e9n de manera setmanal durant tot el curs escolar.<\/p>\n<p>&nbsp;<\/p>\n<p><a href=\"https:\/\/agora.xtec.cat\/ceipjoanmaragall\/entretradis-2\/attachment\/img_3309\/\" rel=\"attachment wp-att-11100\"><img loading=\"lazy\" decoding=\"async\" class=\"size-medium wp-image-11100 alignnone\" src=\"https:\/\/agora.xtec.cat\/ceipjoanmaragall\/wp-content\/uploads\/usu733\/2024\/11\/IMG_3309-225x300.jpg\" alt=\"\" width=\"225\" height=\"300\" srcset=\"https:\/\/agora.xtec.cat\/ceipjoanmaragall\/wp-content\/uploads\/usu733\/2024\/11\/IMG_3309-225x300.jpg 225w, https:\/\/agora.xtec.cat\/ceipjoanmaragall\/wp-content\/uploads\/usu733\/2024\/11\/IMG_3309-768x1024.jpg 768w, https:\/\/agora.xtec.cat\/ceipjoanmaragall\/wp-content\/uploads\/usu733\/2024\/11\/IMG_3309-1152x1536.jpg 1152w, https:\/\/agora.xtec.cat\/ceipjoanmaragall\/wp-content\/uploads\/usu733\/2024\/11\/IMG_3309-1536x2048.jpg 1536w, https:\/\/agora.xtec.cat\/ceipjoanmaragall\/wp-content\/uploads\/usu733\/2024\/11\/IMG_3309-scaled.jpg 1920w\" sizes=\"auto, (max-width: 225px) 100vw, 225px\" \/> \u00a0 \u00a0<\/a><a href=\"https:\/\/agora.xtec.cat\/ceipjoanmaragall\/entretradis-2\/attachment\/img_3760\/\" rel=\"attachment wp-att-11102\"><img loading=\"lazy\" decoding=\"async\" class=\"size-medium wp-image-11102 alignnone\" src=\"https:\/\/agora.xtec.cat\/ceipjoanmaragall\/wp-content\/uploads\/usu733\/2024\/11\/IMG_3760-300x225.jpg\" alt=\"\" width=\"300\" height=\"225\" srcset=\"https:\/\/agora.xtec.cat\/ceipjoanmaragall\/wp-content\/uploads\/usu733\/2024\/11\/IMG_3760-300x225.jpg 300w, https:\/\/agora.xtec.cat\/ceipjoanmaragall\/wp-content\/uploads\/usu733\/2024\/11\/IMG_3760-1024x768.jpg 1024w, https:\/\/agora.xtec.cat\/ceipjoanmaragall\/wp-content\/uploads\/usu733\/2024\/11\/IMG_3760-768x576.jpg 768w, https:\/\/agora.xtec.cat\/ceipjoanmaragall\/wp-content\/uploads\/usu733\/2024\/11\/IMG_3760-1536x1152.jpg 1536w, https:\/\/agora.xtec.cat\/ceipjoanmaragall\/wp-content\/uploads\/usu733\/2024\/11\/IMG_3760-200x150.jpg 200w, https:\/\/agora.xtec.cat\/ceipjoanmaragall\/wp-content\/uploads\/usu733\/2024\/11\/IMG_3760-rotated.jpg 2016w\" sizes=\"auto, (max-width: 300px) 100vw, 300px\" \/><\/a><a href=\"https:\/\/agora.xtec.cat\/ceipjoanmaragall\/entretradis-2\/attachment\/img_3758\/\" rel=\"attachment wp-att-11101\"><img loading=\"lazy\" decoding=\"async\" class=\"size-medium wp-image-11101 alignleft\" src=\"https:\/\/agora.xtec.cat\/ceipjoanmaragall\/wp-content\/uploads\/usu733\/2024\/11\/IMG_3758-225x300.jpg\" alt=\"\" width=\"225\" height=\"300\" srcset=\"https:\/\/agora.xtec.cat\/ceipjoanmaragall\/wp-content\/uploads\/usu733\/2024\/11\/IMG_3758-225x300.jpg 225w, https:\/\/agora.xtec.cat\/ceipjoanmaragall\/wp-content\/uploads\/usu733\/2024\/11\/IMG_3758-768x1024.jpg 768w, https:\/\/agora.xtec.cat\/ceipjoanmaragall\/wp-content\/uploads\/usu733\/2024\/11\/IMG_3758-1152x1536.jpg 1152w, https:\/\/agora.xtec.cat\/ceipjoanmaragall\/wp-content\/uploads\/usu733\/2024\/11\/IMG_3758-rotated.jpg 1512w\" sizes=\"auto, (max-width: 225px) 100vw, 225px\" \/><\/a><\/p>\n<p>&nbsp;<\/p>\n<p>&nbsp;<\/p>\n","protected":false},"excerpt":{"rendered":"<p>\u00a0 \u00a0 \u00a0<br \/>\nAquest projecte s\u2019emmarca dins el projecte IntersECCions i s\u2019est\u00e9n des de 3r fins a 6\u00e8. \u00c9s un projecte en qu\u00e8 treballem en xarxa amb d\u2019altres tres centres del municipi i que s\u2019anomena EntreInstruments. EntreTradis \u00e9s l\u2019abreviatura d\u2019\u201dEntreTradicions\u201d.<br \/>\nEls nivells de Cicle Mitj\u00e0 i Superior&hellip;  <a href=\"https:\/\/agora.xtec.cat\/ceipjoanmaragall\/entretradis-2\/\" title=\"Read Entretradis\">Llegeix m\u00e9s\u00bb<\/a><\/p>\n","protected":false},"author":1,"featured_media":0,"parent":0,"menu_order":0,"comment_status":"closed","ping_status":"closed","template":"","meta":{"_bbp_topic_count":0,"_bbp_reply_count":0,"_bbp_total_topic_count":0,"_bbp_total_reply_count":0,"_bbp_voice_count":0,"_bbp_anonymous_reply_count":0,"_bbp_topic_count_hidden":0,"_bbp_reply_count_hidden":0,"_bbp_forum_subforum_count":0,"footnotes":""},"class_list":["post-8882","page","type-page","status-publish","hentry"],"post_mailing_queue_ids":[],"_links":{"self":[{"href":"https:\/\/agora.xtec.cat\/ceipjoanmaragall\/wp-json\/wp\/v2\/pages\/8882","targetHints":{"allow":["GET"]}}],"collection":[{"href":"https:\/\/agora.xtec.cat\/ceipjoanmaragall\/wp-json\/wp\/v2\/pages"}],"about":[{"href":"https:\/\/agora.xtec.cat\/ceipjoanmaragall\/wp-json\/wp\/v2\/types\/page"}],"author":[{"embeddable":true,"href":"https:\/\/agora.xtec.cat\/ceipjoanmaragall\/wp-json\/wp\/v2\/users\/1"}],"replies":[{"embeddable":true,"href":"https:\/\/agora.xtec.cat\/ceipjoanmaragall\/wp-json\/wp\/v2\/comments?post=8882"}],"version-history":[{"count":6,"href":"https:\/\/agora.xtec.cat\/ceipjoanmaragall\/wp-json\/wp\/v2\/pages\/8882\/revisions"}],"predecessor-version":[{"id":11105,"href":"https:\/\/agora.xtec.cat\/ceipjoanmaragall\/wp-json\/wp\/v2\/pages\/8882\/revisions\/11105"}],"wp:attachment":[{"href":"https:\/\/agora.xtec.cat\/ceipjoanmaragall\/wp-json\/wp\/v2\/media?parent=8882"}],"curies":[{"name":"wp","href":"https:\/\/api.w.org\/{rel}","templated":true}]}}