{"id":73,"date":"2021-09-13T09:01:51","date_gmt":"2021-09-13T07:01:51","guid":{"rendered":"http:\/\/agora.xtec.cat\/ceipjoanllongueras\/?page_id=73"},"modified":"2026-04-07T12:01:40","modified_gmt":"2026-04-07T10:01:40","slug":"menjador-escolar","status":"publish","type":"page","link":"https:\/\/agora.xtec.cat\/ceipjoanllongueras\/serveis\/menjador-escolar\/","title":{"rendered":"Menjador escolar curs 2025 &#8211; 2026"},"content":{"rendered":"<p>&nbsp;<\/p>\n<table style=\"width: 100%; border-collapse: collapse; border-style: solid; border-color: #0bd1e3; background-color: #1ddbcb;\">\n<tbody>\n<tr>\n<td style=\"width: 33.3333%;\"><\/td>\n<td style=\"width: 33.3333%;\">\n<h4 style=\"text-align: center;\">Abril<\/h4>\n<\/td>\n<td style=\"width: 33.3333%;\"><\/td>\n<\/tr>\n<tr>\n<td style=\"width: 33.3333%;\">\n<h4 style=\"text-align: center;\">MEN\u00da BASAL<\/h4>\n<p><a href=\"https:\/\/agora.xtec.cat\/ceipjoanllongueras\/wp-content\/uploads\/usu814\/2026\/04\/MENU-ABRIL-BASAL_.jpg\" target=\"_blank\" rel=\"noopener\"><img loading=\"lazy\" decoding=\"async\" class=\"alignright wp-image-7187 size-full\" src=\"https:\/\/agora.xtec.cat\/ceipjoanllongueras\/wp-content\/uploads\/usu814\/2026\/04\/MENU-ABRIL-BASAL_.jpg\" alt=\"\" width=\"1244\" height=\"1757\" srcset=\"https:\/\/agora.xtec.cat\/ceipjoanllongueras\/wp-content\/uploads\/usu814\/2026\/04\/MENU-ABRIL-BASAL_.jpg 1244w, https:\/\/agora.xtec.cat\/ceipjoanllongueras\/wp-content\/uploads\/usu814\/2026\/04\/MENU-ABRIL-BASAL_-212x300.jpg 212w, https:\/\/agora.xtec.cat\/ceipjoanllongueras\/wp-content\/uploads\/usu814\/2026\/04\/MENU-ABRIL-BASAL_-725x1024.jpg 725w, https:\/\/agora.xtec.cat\/ceipjoanllongueras\/wp-content\/uploads\/usu814\/2026\/04\/MENU-ABRIL-BASAL_-768x1085.jpg 768w, https:\/\/agora.xtec.cat\/ceipjoanllongueras\/wp-content\/uploads\/usu814\/2026\/04\/MENU-ABRIL-BASAL_-1088x1536.jpg 1088w\" sizes=\"auto, (max-width: 1244px) 100vw, 1244px\" \/><\/a><\/td>\n<td style=\"width: 33.3333%;\">\n<h4 style=\"text-align: center;\">MEN\u00da HALAL<\/h4>\n<p><a href=\"https:\/\/agora.xtec.cat\/ceipjoanllongueras\/wp-content\/uploads\/usu814\/2026\/04\/MENU-ABRIL-HALAL.jpg\" target=\"_blank\" rel=\"noopener\"><img loading=\"lazy\" decoding=\"async\" class=\"alignright wp-image-7188 size-full\" src=\"https:\/\/agora.xtec.cat\/ceipjoanllongueras\/wp-content\/uploads\/usu814\/2026\/04\/MENU-ABRIL-HALAL.jpg\" alt=\"\" width=\"1244\" height=\"1757\" srcset=\"https:\/\/agora.xtec.cat\/ceipjoanllongueras\/wp-content\/uploads\/usu814\/2026\/04\/MENU-ABRIL-HALAL.jpg 1244w, https:\/\/agora.xtec.cat\/ceipjoanllongueras\/wp-content\/uploads\/usu814\/2026\/04\/MENU-ABRIL-HALAL-212x300.jpg 212w, https:\/\/agora.xtec.cat\/ceipjoanllongueras\/wp-content\/uploads\/usu814\/2026\/04\/MENU-ABRIL-HALAL-725x1024.jpg 725w, https:\/\/agora.xtec.cat\/ceipjoanllongueras\/wp-content\/uploads\/usu814\/2026\/04\/MENU-ABRIL-HALAL-768x1085.jpg 768w, https:\/\/agora.xtec.cat\/ceipjoanllongueras\/wp-content\/uploads\/usu814\/2026\/04\/MENU-ABRIL-HALAL-1088x1536.jpg 1088w\" sizes=\"auto, (max-width: 1244px) 100vw, 1244px\" \/><\/a><\/td>\n<td style=\"width: 33.3333%;\">\n<h4 style=\"text-align: center;\">MEN\u00da<\/h4>\n<p><a href=\"https:\/\/agora.xtec.cat\/ceipjoanllongueras\/wp-content\/uploads\/usu814\/2026\/04\/MENU-ABRIL.jpg\" target=\"_blank\" rel=\"noopener\"><img loading=\"lazy\" decoding=\"async\" class=\"alignright wp-image-7186 size-full\" src=\"https:\/\/agora.xtec.cat\/ceipjoanllongueras\/wp-content\/uploads\/usu814\/2026\/04\/MENU-ABRIL.jpg\" alt=\"\" width=\"1244\" height=\"1757\" srcset=\"https:\/\/agora.xtec.cat\/ceipjoanllongueras\/wp-content\/uploads\/usu814\/2026\/04\/MENU-ABRIL.jpg 1244w, https:\/\/agora.xtec.cat\/ceipjoanllongueras\/wp-content\/uploads\/usu814\/2026\/04\/MENU-ABRIL-212x300.jpg 212w, https:\/\/agora.xtec.cat\/ceipjoanllongueras\/wp-content\/uploads\/usu814\/2026\/04\/MENU-ABRIL-725x1024.jpg 725w, https:\/\/agora.xtec.cat\/ceipjoanllongueras\/wp-content\/uploads\/usu814\/2026\/04\/MENU-ABRIL-768x1085.jpg 768w, https:\/\/agora.xtec.cat\/ceipjoanllongueras\/wp-content\/uploads\/usu814\/2026\/04\/MENU-ABRIL-1088x1536.jpg 1088w\" sizes=\"auto, (max-width: 1244px) 100vw, 1244px\" \/><\/a><\/td>\n<\/tr>\n<\/tbody>\n<\/table>\n<p>&nbsp;<\/p>\n<h3>Taller realitzat a l&#8217;espai migdia (Menjador)<\/h3>\n<div class=\"heyzine-flip\" style=\"max-width: 400px;\">\n<div class=\"container\">\n<div class=\"front fp-w fp-fh fp-h\" style=\"min-height: 350px; height: 350px;\">\n<p><a href=\"https:\/\/heyzine.com\/flip-book\/ceb707841e.html\"><img loading=\"lazy\" decoding=\"async\" class=\"img-front fp-thumb alignnone\" src=\"https:\/\/cdnc.heyzine.com\/flip-book\/cover\/ceb707841e.jpg\" alt=\"\" width=\"1400\" height=\"990\" \/><\/a><\/p>\n<p><span style=\"font-family: inherit; font-size: 1em;\">S.E.R.M.E.S. GRAMANET S.L. \/\u00a0 MONITORS\u00a0 SANED<\/span><\/p>\n<p><iframe loading=\"lazy\" src=\"https:\/\/www.youtube.com\/embed\/g6_JlE-ss4c\" width=\"420\" height=\"195\" frameborder=\"0\"><\/iframe><\/p>\n<p>A l&#8217;escola Joan Llongueras tenim la gran sort i meravell\u00f3s luxe de tenir <strong>un menjador amb cuina<\/strong> <strong>pr\u00f2pia.<\/strong> Est\u00e0 gestionat per l&#8217;empresa <strong>SERMES GRAMANET\u00a0 SL.<\/strong><\/p>\n<p style=\"text-align: left;\"><strong>El preu<\/strong> \u00e9s el fixat pel Departament d&#8217;Educaci\u00f3, que inclou el cost de l&#8217;\u00e0pat, el monitoratge i l&#8217;IVA. Enguany \u00e9s de 7<b>&#8217;54 \u20ac \/dia i<\/b> disposem de tres varietats diferents<b>.\u00a0<\/b><\/p>\n<p style=\"text-align: left;\">&#8211;\u00a0\u00a0 Men\u00fa general<\/p>\n<p style=\"text-align: left;\">&#8211;\u00a0 Men\u00fa sense carn<\/p>\n<p>\u00b4- Men\u00fa amb carn halal<\/p>\n<p style=\"text-align: left;\">&#8211;\u00a0 Dieta espec\u00edfica pels alumnes que ho necessitin: dieta tova, al\u00b7l\u00e8rgics&#8230;<\/p>\n<p>&nbsp;<\/p>\n<p style=\"text-align: left;\">El temps de migdia <strong>\u00e9s un servei no obligatori<\/strong> per als alumnes de l\u2019escola.<\/p>\n<p style=\"text-align: left;\">Durant el migdia hi ha una part d&#8217;alimentaci\u00f3 saludable i a m\u00e9s es fa activitats d&#8217;esbarjo dirigides i lliures.<\/p>\n<p style=\"text-align: left;\"><strong>Els tiquets de Menjador els heu de comprar directament al menjador els dimarts de 16.15h a 16.30h<\/strong>. Tamb\u00e9 es poden comprar per domiciliaci\u00f3 banc\u00e0ria parlant amb el senyor <strong>Ra\u00fal\u00a0<\/strong> responsable del Menjador.(<strong>telf 667680863)<\/strong><\/p>\n<p style=\"text-align: left;\">Els alumnes que es quedin al menjador hauran de dipositar els tiquets a la b\u00fastia de menjador a les 9h del mat\u00ed.<\/p>\n<p style=\"text-align: left;\">Els usuaris habituals del menjador, el dia que no es quedin a dinar, \u00e9s imprescindible que portin un nota signada pel pare, mare o tutor legal, per tal de poder sortir de l\u2019escola.<\/p>\n<p style=\"text-align: left;\">\n<\/div>\n<\/div>\n<\/div>\n","protected":false},"excerpt":{"rendered":"<p>&nbsp; Abril MEN\u00da BASAL MEN\u00da HALAL MEN\u00da &nbsp; Taller realitzat a l&#8217;espai migdia (Menjador) S.E.R.M.E.S. GRAMANET S.L. \/\u00a0 MONITORS\u00a0 SANED [&hellip;]<\/p>\n","protected":false},"author":1,"featured_media":0,"parent":66,"menu_order":30,"comment_status":"closed","ping_status":"closed","template":"","meta":{"_bbp_topic_count":0,"_bbp_reply_count":0,"_bbp_total_topic_count":0,"_bbp_total_reply_count":0,"_bbp_voice_count":0,"_bbp_anonymous_reply_count":0,"_bbp_topic_count_hidden":0,"_bbp_reply_count_hidden":0,"_bbp_forum_subforum_count":0,"site-sidebar-layout":"default","site-content-layout":"","ast-site-content-layout":"default","site-content-style":"default","site-sidebar-style":"default","ast-global-header-display":"","ast-banner-title-visibility":"","ast-main-header-display":"","ast-hfb-above-header-display":"","ast-hfb-below-header-display":"","ast-hfb-mobile-header-display":"","site-post-title":"","ast-breadcrumbs-content":"","ast-featured-img":"","footer-sml-layout":"","theme-transparent-header-meta":"default","adv-header-id-meta":"","stick-header-meta":"","header-above-stick-meta":"","header-main-stick-meta":"","header-below-stick-meta":"","astra-migrate-meta-layouts":"set","ast-page-background-enabled":"default","ast-page-background-meta":{"desktop":{"background-color":"var(--ast-global-color-4)","background-image":"","background-repeat":"repeat","background-position":"center center","background-size":"auto","background-attachment":"scroll","background-type":"","background-media":"","overlay-type":"","overlay-color":"","overlay-opacity":"","overlay-gradient":""},"tablet":{"background-color":"","background-image":"","background-repeat":"repeat","background-position":"center center","background-size":"auto","background-attachment":"scroll","background-type":"","background-media":"","overlay-type":"","overlay-color":"","overlay-opacity":"","overlay-gradient":""},"mobile":{"background-color":"","background-image":"","background-repeat":"repeat","background-position":"center center","background-size":"auto","background-attachment":"scroll","background-type":"","background-media":"","overlay-type":"","overlay-color":"","overlay-opacity":"","overlay-gradient":""}},"ast-content-background-meta":{"desktop":{"background-color":"var(--ast-global-color-5)","background-image":"","background-repeat":"repeat","background-position":"center center","background-size":"auto","background-attachment":"scroll","background-type":"","background-media":"","overlay-type":"","overlay-color":"","overlay-opacity":"","overlay-gradient":""},"tablet":{"background-color":"var(--ast-global-color-5)","background-image":"","background-repeat":"repeat","background-position":"center center","background-size":"auto","background-attachment":"scroll","background-type":"","background-media":"","overlay-type":"","overlay-color":"","overlay-opacity":"","overlay-gradient":""},"mobile":{"background-color":"var(--ast-global-color-5)","background-image":"","background-repeat":"repeat","background-position":"center center","background-size":"auto","background-attachment":"scroll","background-type":"","background-media":"","overlay-type":"","overlay-color":"","overlay-opacity":"","overlay-gradient":""}},"footnotes":""},"class_list":["post-73","page","type-page","status-publish","hentry"],"post_mailing_queue_ids":[],"_links":{"self":[{"href":"https:\/\/agora.xtec.cat\/ceipjoanllongueras\/wp-json\/wp\/v2\/pages\/73","targetHints":{"allow":["GET"]}}],"collection":[{"href":"https:\/\/agora.xtec.cat\/ceipjoanllongueras\/wp-json\/wp\/v2\/pages"}],"about":[{"href":"https:\/\/agora.xtec.cat\/ceipjoanllongueras\/wp-json\/wp\/v2\/types\/page"}],"author":[{"embeddable":true,"href":"https:\/\/agora.xtec.cat\/ceipjoanllongueras\/wp-json\/wp\/v2\/users\/1"}],"replies":[{"embeddable":true,"href":"https:\/\/agora.xtec.cat\/ceipjoanllongueras\/wp-json\/wp\/v2\/comments?post=73"}],"version-history":[{"count":9,"href":"https:\/\/agora.xtec.cat\/ceipjoanllongueras\/wp-json\/wp\/v2\/pages\/73\/revisions"}],"predecessor-version":[{"id":7189,"href":"https:\/\/agora.xtec.cat\/ceipjoanllongueras\/wp-json\/wp\/v2\/pages\/73\/revisions\/7189"}],"up":[{"embeddable":true,"href":"https:\/\/agora.xtec.cat\/ceipjoanllongueras\/wp-json\/wp\/v2\/pages\/66"}],"wp:attachment":[{"href":"https:\/\/agora.xtec.cat\/ceipjoanllongueras\/wp-json\/wp\/v2\/media?parent=73"}],"curies":[{"name":"wp","href":"https:\/\/api.w.org\/{rel}","templated":true}]}}