{"id":64,"date":"2014-09-18T12:39:08","date_gmt":"2014-09-18T11:39:08","guid":{"rendered":"http:\/\/agora.xtec.cat\/ceipjoanllongueras\/?page_id=64"},"modified":"2018-09-22T13:49:28","modified_gmt":"2018-09-22T11:49:28","slug":"projecte-educatiu","status":"publish","type":"page","link":"https:\/\/agora.xtec.cat\/ceipjoanllongueras\/projecte-educatiu\/","title":{"rendered":"Projecte educatiu"},"content":{"rendered":"<p>D&#8217;acord amb la <a title=\"Article 91 LEC\" href=\"http:\/\/www20.gencat.cat\/portal\/site\/portaljuridic\/menuitem.d15a4e5dfb99396dc366ec10b0c0e1a0\/?vgnextoid=b85297b5a87d6210VgnVCM1000000b0c1e0aRCRD&amp;vgnextchannel=b85297b5a87d6210VgnVCM1000000b0c1e0aRCRD&amp;vgnextfmt=default&amp;action=fitxa&amp;portalId=1&amp;documentId=480169&amp;newLang=ca_ES#fragment-1182442\" target=\"_blank\" rel=\"noopener\">Llei d&#8217;Educaci\u00f3 de Catalunya<\/a>, el projecte educatiu incorpora el car\u00e0cter propi del centre.<\/p>\n<p>El Centre Joan Llongueras ent\u00e9n l\u2019educaci\u00f3 com un proc\u00e9s global on els diferents continguts i procediments, s\u00f3n intercanviables i \u00fatils per a resoldre diferents situacions o reptes que es poden presentar en l\u2019\u00e0mbit escolar i en l\u2019entorn on es desenvolupin. La organitzaci\u00f3 de les activitats d\u2019aprenentatge ha d\u2019estar d\u2019acord amb aquesta filosofia.<\/p>\n<p>La organitzaci\u00f3 del treball a l\u2019escola ha de tenir present el curr\u00edculum, el moment maduratiu de l\u2019alumne i els espais disponibles i crear entorns i situacions d\u2019aprenentatge que permetin el desenvolupament de les capacitats i habilitats dels nens i nenes, que tingui present la seva diversitat i que parteixi dels seus interessos i motivacions en els diferents contextos educatius.<\/p>\n<p>La organitzaci\u00f3 de les activitats de l\u2019alumnat tamb\u00e9 ha de facilitar la relaci\u00f3 entre l&#8217;alumnat de diferents edats i diferents motivacions. Aquesta organitzaci\u00f3, que ha de ser oberta i flexible, s\u2019ha de reflectir en els horaris que han de ser entenedors pels alumnes i les seves fam\u00edlies.<\/p>\n<p>En base als aquests objectius generals del nostre projecte educatiu, formulem els criteris pedag\u00f2gics que regeixen i orienten la nostra activitat professional, dins de dos \u00e0mbits d\u2019actuaci\u00f3: el pedag\u00f2gic i el de la conviv\u00e8ncia.<\/p>\n<h5>\u00c0mbit pedag\u00f2gic<\/h5>\n<ul>\n<li><a href=\"https:\/\/agora.xtec.cat\/ceipjoanllongueras\/?page_id=2841&amp;preview=true\">Treball per projectes<\/a><\/li>\n<li>Agrupaments variables i treball cooperatiu<\/li>\n<li>Pla TAC<\/li>\n<li>Biblioteca escolar<\/li>\n<li>Festes d\u2019 escola\n<ul>\n<li>Castanyada, Santa Cec\u00edlia, Nadal,\u00a0 Dia de la Pau, Carnaval, Sant Jordi, Festes de maig i final de curs.<\/li>\n<\/ul>\n<\/li>\n<li>Projecte de reutilitzaci\u00f3 i socialitzaci\u00f3 de llibres<\/li>\n<li>Setmana cultural<\/li>\n<li>Assignatures en angl\u00e8s: arts &amp; crafts i angl\u00e8s<\/li>\n<li>Setmana Cultural<\/li>\n<li>Compet\u00e8ncia digital<\/li>\n<li>Ambients<\/li>\n<li>Capses d&#8217;aprenentatge<\/li>\n<\/ul>\n<h5>\u00c0mbit de conviv\u00e8ncia<\/h5>\n<ul>\n<li>Pla d\u2019acci\u00f3 tutorial<\/li>\n<li>Pla de participaci\u00f3 i cooperaci\u00f3 de l\u2019alumnat<\/li>\n<li>Pla d\u2019adaptaci\u00f3 de l\u2019alumnat<\/li>\n<li>Relaci\u00f3 amb les fam\u00edlies<\/li>\n<li>Mediaci\u00f3 escolar.<\/li>\n<\/ul>\n<p>&nbsp;<\/p>\n","protected":false},"excerpt":{"rendered":"<p>D&#8217;acord amb la Llei d&#8217;Educaci\u00f3 de Catalunya, el projecte educatiu incorpora el car\u00e0cter propi del centre. El Centre Joan Llongueras [&hellip;]<\/p>\n","protected":false},"author":1,"featured_media":0,"parent":0,"menu_order":0,"comment_status":"closed","ping_status":"closed","template":"page-templates\/side-menu.php","meta":{"_bbp_topic_count":0,"_bbp_reply_count":0,"_bbp_total_topic_count":0,"_bbp_total_reply_count":0,"_bbp_voice_count":0,"_bbp_anonymous_reply_count":0,"_bbp_topic_count_hidden":0,"_bbp_reply_count_hidden":0,"_bbp_forum_subforum_count":0,"site-sidebar-layout":"default","site-content-layout":"","ast-site-content-layout":"","site-content-style":"default","site-sidebar-style":"default","ast-global-header-display":"","ast-banner-title-visibility":"","ast-main-header-display":"","ast-hfb-above-header-display":"","ast-hfb-below-header-display":"","ast-hfb-mobile-header-display":"","site-post-title":"","ast-breadcrumbs-content":"","ast-featured-img":"","footer-sml-layout":"","theme-transparent-header-meta":"","adv-header-id-meta":"","stick-header-meta":"","header-above-stick-meta":"","header-main-stick-meta":"","header-below-stick-meta":"","astra-migrate-meta-layouts":"default","ast-page-background-enabled":"default","ast-page-background-meta":{"desktop":{"background-color":"var(--ast-global-color-4)","background-image":"","background-repeat":"repeat","background-position":"center center","background-size":"auto","background-attachment":"scroll","background-type":"","background-media":"","overlay-type":"","overlay-color":"","overlay-opacity":"","overlay-gradient":""},"tablet":{"background-color":"","background-image":"","background-repeat":"repeat","background-position":"center center","background-size":"auto","background-attachment":"scroll","background-type":"","background-media":"","overlay-type":"","overlay-color":"","overlay-opacity":"","overlay-gradient":""},"mobile":{"background-color":"","background-image":"","background-repeat":"repeat","background-position":"center center","background-size":"auto","background-attachment":"scroll","background-type":"","background-media":"","overlay-type":"","overlay-color":"","overlay-opacity":"","overlay-gradient":""}},"ast-content-background-meta":{"desktop":{"background-color":"var(--ast-global-color-5)","background-image":"","background-repeat":"repeat","background-position":"center center","background-size":"auto","background-attachment":"scroll","background-type":"","background-media":"","overlay-type":"","overlay-color":"","overlay-opacity":"","overlay-gradient":""},"tablet":{"background-color":"var(--ast-global-color-5)","background-image":"","background-repeat":"repeat","background-position":"center center","background-size":"auto","background-attachment":"scroll","background-type":"","background-media":"","overlay-type":"","overlay-color":"","overlay-opacity":"","overlay-gradient":""},"mobile":{"background-color":"var(--ast-global-color-5)","background-image":"","background-repeat":"repeat","background-position":"center center","background-size":"auto","background-attachment":"scroll","background-type":"","background-media":"","overlay-type":"","overlay-color":"","overlay-opacity":"","overlay-gradient":""}},"footnotes":""},"class_list":["post-64","page","type-page","status-publish","hentry"],"post_mailing_queue_ids":[],"_links":{"self":[{"href":"https:\/\/agora.xtec.cat\/ceipjoanllongueras\/wp-json\/wp\/v2\/pages\/64","targetHints":{"allow":["GET"]}}],"collection":[{"href":"https:\/\/agora.xtec.cat\/ceipjoanllongueras\/wp-json\/wp\/v2\/pages"}],"about":[{"href":"https:\/\/agora.xtec.cat\/ceipjoanllongueras\/wp-json\/wp\/v2\/types\/page"}],"author":[{"embeddable":true,"href":"https:\/\/agora.xtec.cat\/ceipjoanllongueras\/wp-json\/wp\/v2\/users\/1"}],"replies":[{"embeddable":true,"href":"https:\/\/agora.xtec.cat\/ceipjoanllongueras\/wp-json\/wp\/v2\/comments?post=64"}],"version-history":[{"count":4,"href":"https:\/\/agora.xtec.cat\/ceipjoanllongueras\/wp-json\/wp\/v2\/pages\/64\/revisions"}],"predecessor-version":[{"id":2928,"href":"https:\/\/agora.xtec.cat\/ceipjoanllongueras\/wp-json\/wp\/v2\/pages\/64\/revisions\/2928"}],"wp:attachment":[{"href":"https:\/\/agora.xtec.cat\/ceipjoanllongueras\/wp-json\/wp\/v2\/media?parent=64"}],"curies":[{"name":"wp","href":"https:\/\/api.w.org\/{rel}","templated":true}]}}