{"id":5801,"date":"2022-06-10T19:34:57","date_gmt":"2022-06-10T17:34:57","guid":{"rendered":"https:\/\/agora.xtec.cat\/ceipjoanllongueras\/?page_id=5801"},"modified":"2023-06-20T11:58:10","modified_gmt":"2023-06-20T09:58:10","slug":"festa-a-lescola","status":"publish","type":"page","link":"https:\/\/agora.xtec.cat\/ceipjoanllongueras\/festa-a-lescola\/","title":{"rendered":"FINAL DE CURS"},"content":{"rendered":"<h5>Festa d&#8217;estiu de l&#8217;escola:<\/h5>\n<p>El passat divendres 16 de juny de 9 a 13h vam celebrar la festa d&#8217;estiu de l&#8217;escola amb la col\u00b7laboraci\u00f3 de l&#8217;AMPA. Vam gaudir d&#8217;uns inflables i vam celebrar diversos tallers amb la col\u00b7laboraci\u00f3 dels mestres i les fam\u00edlies de l&#8217;escola.<\/p>\n<p><a href=\"https:\/\/agora.xtec.cat\/ceipjoanllongueras\/wp-content\/uploads\/usu814\/2023\/06\/Web1.jpg\"><img loading=\"lazy\" decoding=\"async\" class=\"alignnone size-thumbnail wp-image-6141\" src=\"https:\/\/agora.xtec.cat\/ceipjoanllongueras\/wp-content\/uploads\/usu814\/2023\/06\/Web1-150x150.jpg\" alt=\"\" width=\"150\" height=\"150\" \/><\/a> <a href=\"https:\/\/agora.xtec.cat\/ceipjoanllongueras\/wp-content\/uploads\/usu814\/2023\/06\/web3.jpg\"><img loading=\"lazy\" decoding=\"async\" class=\"alignnone size-thumbnail wp-image-6143\" src=\"https:\/\/agora.xtec.cat\/ceipjoanllongueras\/wp-content\/uploads\/usu814\/2023\/06\/web3-150x150.jpg\" alt=\"\" width=\"150\" height=\"150\" \/><\/a> <a href=\"https:\/\/agora.xtec.cat\/ceipjoanllongueras\/wp-content\/uploads\/usu814\/2023\/06\/Web2.jpg\"><img loading=\"lazy\" decoding=\"async\" class=\"alignnone size-thumbnail wp-image-6142\" src=\"https:\/\/agora.xtec.cat\/ceipjoanllongueras\/wp-content\/uploads\/usu814\/2023\/06\/Web2-150x150.jpg\" alt=\"\" width=\"150\" height=\"150\" \/><\/a><a style=\"color: #2795b6;\" href=\"https:\/\/agora.xtec.cat\/ceipjoanllongueras\/wp-content\/uploads\/usu814\/2022\/06\/1-reduida-scaled.jpg\"><img loading=\"lazy\" decoding=\"async\" class=\"alignleft size-medium wp-image-5805\" src=\"https:\/\/agora.xtec.cat\/ceipjoanllongueras\/wp-content\/uploads\/usu814\/2022\/06\/1-reduida-300x225.jpg\" alt=\"\" width=\"200\" height=\"150\" \/><\/a><\/p>\n<p>&nbsp;<\/p>\n<p>&nbsp;<\/p>\n<p><strong>DINAR de 6\u00e8 prim\u00e0ria:\u00a0<\/strong><\/p>\n<p>A les 14h al gimn\u00e0s es van els\/les alumnes de 6\u00e8 acompanyats d&#8217;alguns tutors que han tinguts els seus fills i filles al llarg de la seva l&#8217;escolaritzaci\u00f3 en la nostra escola i alguns mestres m\u00e9s que han sigut convidats a compartir-lo amb ells\/elles. Van dinar plegats i van fer festa fins a les 16.30 h. Les fam\u00edlies els van preparar una sorpresa i va ser un moment de compartir amb la resta.<\/p>\n<p><a href=\"https:\/\/agora.xtec.cat\/ceipjoanllongueras\/wp-content\/uploads\/usu814\/2023\/06\/Web.jpg\"><img loading=\"lazy\" decoding=\"async\" class=\"alignnone size-thumbnail wp-image-6148\" src=\"https:\/\/agora.xtec.cat\/ceipjoanllongueras\/wp-content\/uploads\/usu814\/2023\/06\/Web-150x150.jpg\" alt=\"\" width=\"150\" height=\"150\" \/><\/a><a href=\"https:\/\/agora.xtec.cat\/ceipjoanllongueras\/wp-content\/uploads\/usu814\/2023\/06\/Web23.jpg\"><img loading=\"lazy\" decoding=\"async\" class=\"alignnone size-thumbnail wp-image-6147\" src=\"https:\/\/agora.xtec.cat\/ceipjoanllongueras\/wp-content\/uploads\/usu814\/2023\/06\/Web23-150x150.jpg\" alt=\"\" width=\"150\" height=\"150\" \/><\/a><\/p>\n<p><strong>PARTIT de 6\u00e8 prim\u00e0ria contra mestres de l&#8217;escola: <\/strong><\/p>\n<p>El passat 19 de juny, els\/les alumnes de 6\u00e8 i els\/les mestres de l&#8217;escola vam disputar un partit de futbol. La resta d&#8217;alumnes de l&#8217;escola van estar veient-lo i animant els seus companys m\u00e9s grans. Despr\u00e9s d&#8217;una primera part molt igualada i, sota l&#8217;amena\u00e7a de pluja, els\/les mestres van acabar imposant-se per 6-4. Felicitem els\/les alumnes per la gran esportivitat i el moment que vam viure tots plegats.<\/p>\n<p><a href=\"https:\/\/agora.xtec.cat\/ceipjoanllongueras\/wp-content\/uploads\/usu814\/2023\/06\/8b7b24fd-9d93-43ea-b03a-6db66ba0bc0c.jpg\"><img loading=\"lazy\" decoding=\"async\" class=\"alignnone size-thumbnail wp-image-6149\" src=\"https:\/\/agora.xtec.cat\/ceipjoanllongueras\/wp-content\/uploads\/usu814\/2023\/06\/8b7b24fd-9d93-43ea-b03a-6db66ba0bc0c-150x150.jpg\" alt=\"\" width=\"150\" height=\"150\" \/><\/a> <a href=\"https:\/\/agora.xtec.cat\/ceipjoanllongueras\/wp-content\/uploads\/usu814\/2023\/06\/ba6b6584-ce80-4740-88e0-4782858c69ae.jpg\"><img loading=\"lazy\" decoding=\"async\" class=\"alignnone size-thumbnail wp-image-6150\" src=\"https:\/\/agora.xtec.cat\/ceipjoanllongueras\/wp-content\/uploads\/usu814\/2023\/06\/ba6b6584-ce80-4740-88e0-4782858c69ae-150x150.jpg\" alt=\"\" width=\"150\" height=\"150\" \/><\/a><\/p>\n<p><strong>JOCS ESPORTIUS:\u00a0<\/strong><\/p>\n<p>El dia 20 de juny, els\/les alumnes hem participat a diversos jocs esportius que han organitzat l&#8217;equip de mestres de l&#8217;escola. Ens ho hem passat molt b\u00e9.<\/p>\n<p><a href=\"https:\/\/agora.xtec.cat\/ceipjoanllongueras\/wp-content\/uploads\/usu814\/2023\/06\/DSC5110.jpg\"><img loading=\"lazy\" decoding=\"async\" class=\"alignnone size-thumbnail wp-image-6151\" src=\"https:\/\/agora.xtec.cat\/ceipjoanllongueras\/wp-content\/uploads\/usu814\/2023\/06\/DSC5110-150x150.jpg\" alt=\"\" width=\"150\" height=\"150\" \/><\/a> <a href=\"https:\/\/agora.xtec.cat\/ceipjoanllongueras\/wp-content\/uploads\/usu814\/2023\/06\/DSC5156.jpg\"><img loading=\"lazy\" decoding=\"async\" class=\"alignnone size-thumbnail wp-image-6152\" src=\"https:\/\/agora.xtec.cat\/ceipjoanllongueras\/wp-content\/uploads\/usu814\/2023\/06\/DSC5156-150x150.jpg\" alt=\"\" width=\"150\" height=\"150\" \/><\/a> <a href=\"https:\/\/agora.xtec.cat\/ceipjoanllongueras\/wp-content\/uploads\/usu814\/2023\/06\/DSC5096.jpg\"><img loading=\"lazy\" decoding=\"async\" class=\"alignnone size-thumbnail wp-image-6153\" src=\"https:\/\/agora.xtec.cat\/ceipjoanllongueras\/wp-content\/uploads\/usu814\/2023\/06\/DSC5096-150x150.jpg\" alt=\"\" width=\"150\" height=\"150\" \/><\/a> <a href=\"https:\/\/agora.xtec.cat\/ceipjoanllongueras\/wp-content\/uploads\/usu814\/2023\/06\/DSC5152.jpg\"><img loading=\"lazy\" decoding=\"async\" class=\"alignnone size-thumbnail wp-image-6154\" src=\"https:\/\/agora.xtec.cat\/ceipjoanllongueras\/wp-content\/uploads\/usu814\/2023\/06\/DSC5152-150x150.jpg\" alt=\"\" width=\"150\" height=\"150\" \/><\/a><\/p>\n<p>&nbsp;<\/p>\n","protected":false},"excerpt":{"rendered":"<p>Festa d&#8217;estiu de l&#8217;escola: El passat divendres 16 de juny de 9 a 13h vam celebrar la festa d&#8217;estiu de [&hellip;]<\/p>\n","protected":false},"author":1,"featured_media":0,"parent":0,"menu_order":0,"comment_status":"closed","ping_status":"closed","template":"","meta":{"_bbp_topic_count":0,"_bbp_reply_count":0,"_bbp_total_topic_count":0,"_bbp_total_reply_count":0,"_bbp_voice_count":0,"_bbp_anonymous_reply_count":0,"_bbp_topic_count_hidden":0,"_bbp_reply_count_hidden":0,"_bbp_forum_subforum_count":0,"site-sidebar-layout":"default","site-content-layout":"","ast-site-content-layout":"","site-content-style":"default","site-sidebar-style":"default","ast-global-header-display":"","ast-banner-title-visibility":"","ast-main-header-display":"","ast-hfb-above-header-display":"","ast-hfb-below-header-display":"","ast-hfb-mobile-header-display":"","site-post-title":"","ast-breadcrumbs-content":"","ast-featured-img":"","footer-sml-layout":"","theme-transparent-header-meta":"","adv-header-id-meta":"","stick-header-meta":"","header-above-stick-meta":"","header-main-stick-meta":"","header-below-stick-meta":"","astra-migrate-meta-layouts":"default","ast-page-background-enabled":"default","ast-page-background-meta":{"desktop":{"background-color":"var(--ast-global-color-4)","background-image":"","background-repeat":"repeat","background-position":"center center","background-size":"auto","background-attachment":"scroll","background-type":"","background-media":"","overlay-type":"","overlay-color":"","overlay-opacity":"","overlay-gradient":""},"tablet":{"background-color":"","background-image":"","background-repeat":"repeat","background-position":"center center","background-size":"auto","background-attachment":"scroll","background-type":"","background-media":"","overlay-type":"","overlay-color":"","overlay-opacity":"","overlay-gradient":""},"mobile":{"background-color":"","background-image":"","background-repeat":"repeat","background-position":"center center","background-size":"auto","background-attachment":"scroll","background-type":"","background-media":"","overlay-type":"","overlay-color":"","overlay-opacity":"","overlay-gradient":""}},"ast-content-background-meta":{"desktop":{"background-color":"var(--ast-global-color-5)","background-image":"","background-repeat":"repeat","background-position":"center center","background-size":"auto","background-attachment":"scroll","background-type":"","background-media":"","overlay-type":"","overlay-color":"","overlay-opacity":"","overlay-gradient":""},"tablet":{"background-color":"var(--ast-global-color-5)","background-image":"","background-repeat":"repeat","background-position":"center center","background-size":"auto","background-attachment":"scroll","background-type":"","background-media":"","overlay-type":"","overlay-color":"","overlay-opacity":"","overlay-gradient":""},"mobile":{"background-color":"var(--ast-global-color-5)","background-image":"","background-repeat":"repeat","background-position":"center center","background-size":"auto","background-attachment":"scroll","background-type":"","background-media":"","overlay-type":"","overlay-color":"","overlay-opacity":"","overlay-gradient":""}},"footnotes":""},"class_list":["post-5801","page","type-page","status-publish","hentry"],"post_mailing_queue_ids":[],"_links":{"self":[{"href":"https:\/\/agora.xtec.cat\/ceipjoanllongueras\/wp-json\/wp\/v2\/pages\/5801","targetHints":{"allow":["GET"]}}],"collection":[{"href":"https:\/\/agora.xtec.cat\/ceipjoanllongueras\/wp-json\/wp\/v2\/pages"}],"about":[{"href":"https:\/\/agora.xtec.cat\/ceipjoanllongueras\/wp-json\/wp\/v2\/types\/page"}],"author":[{"embeddable":true,"href":"https:\/\/agora.xtec.cat\/ceipjoanllongueras\/wp-json\/wp\/v2\/users\/1"}],"replies":[{"embeddable":true,"href":"https:\/\/agora.xtec.cat\/ceipjoanllongueras\/wp-json\/wp\/v2\/comments?post=5801"}],"version-history":[{"count":4,"href":"https:\/\/agora.xtec.cat\/ceipjoanllongueras\/wp-json\/wp\/v2\/pages\/5801\/revisions"}],"predecessor-version":[{"id":6155,"href":"https:\/\/agora.xtec.cat\/ceipjoanllongueras\/wp-json\/wp\/v2\/pages\/5801\/revisions\/6155"}],"wp:attachment":[{"href":"https:\/\/agora.xtec.cat\/ceipjoanllongueras\/wp-json\/wp\/v2\/media?parent=5801"}],"curies":[{"name":"wp","href":"https:\/\/api.w.org\/{rel}","templated":true}]}}