{"id":5486,"date":"2021-10-18T19:58:15","date_gmt":"2021-10-18T17:58:15","guid":{"rendered":"https:\/\/agora.xtec.cat\/ceipjoanllongueras\/?page_id=5486"},"modified":"2025-02-10T12:18:56","modified_gmt":"2025-02-10T11:18:56","slug":"badasport","status":"publish","type":"page","link":"https:\/\/agora.xtec.cat\/ceipjoanllongueras\/projecte-educatiu\/badasport\/","title":{"rendered":"Badasport"},"content":{"rendered":"<p><a href=\"https:\/\/agora.xtec.cat\/ceipjoanllongueras\/wp-content\/uploads\/usu814\/2023\/11\/badasport-23-24.jpg\" target=\"_blank\" rel=\"noopener\"><img loading=\"lazy\" decoding=\"async\" class=\"wp-image-6779 alignleft\" src=\"https:\/\/agora.xtec.cat\/ceipjoanllongueras\/wp-content\/uploads\/usu814\/2025\/02\/logo-png-1-en-positiu-300x300-1.png\" alt=\"\" width=\"153\" height=\"153\" srcset=\"https:\/\/agora.xtec.cat\/ceipjoanllongueras\/wp-content\/uploads\/usu814\/2025\/02\/logo-png-1-en-positiu-300x300-1.png 300w, https:\/\/agora.xtec.cat\/ceipjoanllongueras\/wp-content\/uploads\/usu814\/2025\/02\/logo-png-1-en-positiu-300x300-1-150x150.png 150w\" sizes=\"auto, (max-width: 153px) 100vw, 153px\" \/><\/a><\/p>\n<p>Com cada any participem al\u00a0<strong>Badasport<\/strong>, \u00e9s un conjunt de sis activitats: Badamotri 1r, Badaplatja [2n], Badajoc [3r], Badaorientaci\u00f3 [4t], Badatletisme [5\u00e8], Badacorfbol [6\u00e8]) que organitza el grup de treball de Mestres d\u2019educaci\u00f3 Educaci\u00f3 F\u00edsica de Badalona i Sant Adri\u00e0 de Besos.<\/p>\n<p>\u00c9s un projecte intercentres amb l\u2019objectiu de millorar la relaci\u00f3 dels infants de diferents escoles de Badalona i Sant Adri\u00e0 de Besos per potenciar actituds, valors i normes que s\u00f3n inherents a l\u2019activitat f\u00edsica.<\/p>\n","protected":false},"excerpt":{"rendered":"<p>Com cada any participem al\u00a0Badasport, \u00e9s un conjunt de sis activitats: Badamotri 1r, Badaplatja [2n], Badajoc [3r], Badaorientaci\u00f3 [4t], Badatletisme [&hellip;]<\/p>\n","protected":false},"author":1,"featured_media":0,"parent":64,"menu_order":7,"comment_status":"closed","ping_status":"closed","template":"","meta":{"_bbp_topic_count":0,"_bbp_reply_count":0,"_bbp_total_topic_count":0,"_bbp_total_reply_count":0,"_bbp_voice_count":0,"_bbp_anonymous_reply_count":0,"_bbp_topic_count_hidden":0,"_bbp_reply_count_hidden":0,"_bbp_forum_subforum_count":0,"site-sidebar-layout":"default","site-content-layout":"","ast-site-content-layout":"default","site-content-style":"default","site-sidebar-style":"default","ast-global-header-display":"","ast-banner-title-visibility":"","ast-main-header-display":"","ast-hfb-above-header-display":"","ast-hfb-below-header-display":"","ast-hfb-mobile-header-display":"","site-post-title":"","ast-breadcrumbs-content":"","ast-featured-img":"","footer-sml-layout":"","theme-transparent-header-meta":"default","adv-header-id-meta":"","stick-header-meta":"","header-above-stick-meta":"","header-main-stick-meta":"","header-below-stick-meta":"","astra-migrate-meta-layouts":"set","ast-page-background-enabled":"default","ast-page-background-meta":{"desktop":{"background-color":"var(--ast-global-color-4)","background-image":"","background-repeat":"repeat","background-position":"center center","background-size":"auto","background-attachment":"scroll","background-type":"","background-media":"","overlay-type":"","overlay-color":"","overlay-opacity":"","overlay-gradient":""},"tablet":{"background-color":"","background-image":"","background-repeat":"repeat","background-position":"center center","background-size":"auto","background-attachment":"scroll","background-type":"","background-media":"","overlay-type":"","overlay-color":"","overlay-opacity":"","overlay-gradient":""},"mobile":{"background-color":"","background-image":"","background-repeat":"repeat","background-position":"center center","background-size":"auto","background-attachment":"scroll","background-type":"","background-media":"","overlay-type":"","overlay-color":"","overlay-opacity":"","overlay-gradient":""}},"ast-content-background-meta":{"desktop":{"background-color":"var(--ast-global-color-5)","background-image":"","background-repeat":"repeat","background-position":"center center","background-size":"auto","background-attachment":"scroll","background-type":"","background-media":"","overlay-type":"","overlay-color":"","overlay-opacity":"","overlay-gradient":""},"tablet":{"background-color":"var(--ast-global-color-5)","background-image":"","background-repeat":"repeat","background-position":"center center","background-size":"auto","background-attachment":"scroll","background-type":"","background-media":"","overlay-type":"","overlay-color":"","overlay-opacity":"","overlay-gradient":""},"mobile":{"background-color":"var(--ast-global-color-5)","background-image":"","background-repeat":"repeat","background-position":"center center","background-size":"auto","background-attachment":"scroll","background-type":"","background-media":"","overlay-type":"","overlay-color":"","overlay-opacity":"","overlay-gradient":""}},"footnotes":""},"class_list":["post-5486","page","type-page","status-publish","hentry"],"post_mailing_queue_ids":[],"_links":{"self":[{"href":"https:\/\/agora.xtec.cat\/ceipjoanllongueras\/wp-json\/wp\/v2\/pages\/5486","targetHints":{"allow":["GET"]}}],"collection":[{"href":"https:\/\/agora.xtec.cat\/ceipjoanllongueras\/wp-json\/wp\/v2\/pages"}],"about":[{"href":"https:\/\/agora.xtec.cat\/ceipjoanllongueras\/wp-json\/wp\/v2\/types\/page"}],"author":[{"embeddable":true,"href":"https:\/\/agora.xtec.cat\/ceipjoanllongueras\/wp-json\/wp\/v2\/users\/1"}],"replies":[{"embeddable":true,"href":"https:\/\/agora.xtec.cat\/ceipjoanllongueras\/wp-json\/wp\/v2\/comments?post=5486"}],"version-history":[{"count":5,"href":"https:\/\/agora.xtec.cat\/ceipjoanllongueras\/wp-json\/wp\/v2\/pages\/5486\/revisions"}],"predecessor-version":[{"id":6780,"href":"https:\/\/agora.xtec.cat\/ceipjoanllongueras\/wp-json\/wp\/v2\/pages\/5486\/revisions\/6780"}],"up":[{"embeddable":true,"href":"https:\/\/agora.xtec.cat\/ceipjoanllongueras\/wp-json\/wp\/v2\/pages\/64"}],"wp:attachment":[{"href":"https:\/\/agora.xtec.cat\/ceipjoanllongueras\/wp-json\/wp\/v2\/media?parent=5486"}],"curies":[{"name":"wp","href":"https:\/\/api.w.org\/{rel}","templated":true}]}}